{"id":62,"date":"2010-11-30T17:00:11","date_gmt":"2010-11-30T17:00:11","guid":{"rendered":"http:\/\/r1.ufrrj.br\/wp\/sinteeg\/"},"modified":"2017-01-25T15:30:01","modified_gmt":"2017-01-25T17:30:01","slug":"legislacao-2","status":"publish","type":"page","link":"https:\/\/institucional.ufrrj.br\/dest\/estagio\/legislacao-2\/","title":{"rendered":"Legisla\u00e7\u00e3o"},"content":{"rendered":"<p><img loading=\"lazy\" decoding=\"async\" class=\"alignnone size-full wp-image-204\" src=\"https:\/\/institucional.ufrrj.br\/dest\/files\/2010\/11\/icon_pdf.gif\" alt=\"\" width=\"20\" height=\"20\" \/><span style=\"font-size: 16px\"> <a title=\"Lei 11.788 de 25 de setembro de 2008\" href=\"https:\/\/institucional.ufrrj.br\/dest\/files\/2013\/07\/lei11788.pdf\" target=\"_blank\">Lei 11.788 de 25 de setembro de 2008<\/a><\/span><\/p>\n<p><span style=\"font-size: 16px\"><img loading=\"lazy\" decoding=\"async\" class=\"alignnone size-full wp-image-204\" src=\"https:\/\/institucional.ufrrj.br\/dest\/files\/2010\/11\/icon_pdf.gif\" alt=\"\" width=\"20\" height=\"20\" \/> <\/span><span style=\"font-size: 16px\"><a href=\"https:\/\/institucional.ufrrj.br\/dest\/files\/2010\/11\/Delib-21-CEPE-2011.pdf\" target=\"_blank\">Delibera\u00e7\u00e3o 21 CEPE 2011<\/a><\/span><\/p>\n<p><a href=\"https:\/\/institucional.ufrrj.br\/dest\/files\/2010\/11\/Orienta\u00e7\u00e3o-Normativa-n\u00ba-4.pdf\"><span style=\"font-size: 16px\"><img loading=\"lazy\" decoding=\"async\" class=\"alignnone size-full wp-image-204\" src=\"https:\/\/institucional.ufrrj.br\/dest\/files\/2010\/11\/icon_pdf.gif\" alt=\"\" width=\"20\" height=\"20\" \/><\/span><\/a><a href=\"https:\/\/institucional.ufrrj.br\/dest\/files\/2010\/11\/Orienta\u00e7\u00e3o-Normativa-n\u00ba-2-de-24-de-junho-de-2016.pdf\" target=\"_blank\">Orienta\u00e7\u00e3o Normativa n\u00ba 2, de 24 de junho de 2016<\/a><\/p>\n<p><span style=\"font-size: 16px\"><img loading=\"lazy\" decoding=\"async\" class=\"alignnone size-full wp-image-204\" src=\"https:\/\/institucional.ufrrj.br\/dest\/files\/2010\/11\/icon_pdf.gif\" alt=\"\" width=\"20\" height=\"20\" \/> <a title=\"Cartilha Esclarecedora sobre a lei do Est\u00e1gio (Lei n\u00ba 11.788\/2008)\" href=\"https:\/\/institucional.ufrrj.br\/dest\/files\/2013\/07\/cartilha_lei_estagio.pdf\" target=\"_blank\">Cartilha Esclarecedora sobre a lei do Est\u00e1gio (Lei n\u00ba 11.788\/2008)<\/a><\/span><\/p>\n<p><span style=\"font-size: 16px\"><img loading=\"lazy\" decoding=\"async\" class=\"alignnone size-full wp-image-204\" src=\"https:\/\/institucional.ufrrj.br\/dest\/files\/2010\/11\/icon_pdf.gif\" alt=\"\" width=\"20\" height=\"20\" \/>\u00a0<\/span><span style=\"font-size: 16px\"><a href=\"https:\/\/institucional.ufrrj.br\/dest\/files\/2010\/11\/RESOLU\u00c7\u00c3O-CNE-CP-2-DE-19-DE-FEVEREIRO-DE-2002.1.pdf\" target=\"_blank\">Resolu\u00e7\u00e3o CNE-CP 2, de 19 de fevereiro de 2002.<\/a><\/span><\/p>\n","protected":false},"excerpt":{"rendered":"<p>Lei 11.788 de 25 de setembro de 2008 Delibera\u00e7\u00e3o 21 CEPE 2011 Orienta\u00e7\u00e3o Normativa n\u00ba 2, de 24 de junho <a class=\"read-more\" href=\"https:\/\/institucional.ufrrj.br\/dest\/estagio\/legislacao-2\/ \">&#8230; <i class=\"fa fa-long-arrow-right\"><\/i><\/a><\/p>\n","protected":false},"author":634,"featured_media":0,"parent":89,"menu_order":0,"comment_status":"open","ping_status":"open","template":"","meta":{"_acf_changed":false,"footnotes":"","_links_to":"","_links_to_target":""},"class_list":["post-62","page","type-page","status-publish","hentry"],"yoast_head":"<!-- This site is optimized with the Yoast SEO plugin v27.2 - https:\/\/yoast.com\/product\/yoast-seo-wordpress\/ -->\n<title>Legisla\u00e7\u00e3o - DEST - Divis\u00e3o de Est\u00e1gios<\/title>\n<meta name=\"robots\" content=\"index, follow, max-snippet:-1, max-image-preview:large, max-video-preview:-1\" \/>\n<link rel=\"canonical\" href=\"https:\/\/institucional.ufrrj.br\/dest\/estagio\/legislacao-2\/\" \/>\n<meta property=\"og:locale\" content=\"pt_BR\" \/>\n<meta property=\"og:type\" content=\"article\" \/>\n<meta property=\"og:title\" content=\"Legisla\u00e7\u00e3o - DEST - Divis\u00e3o de Est\u00e1gios\" \/>\n<meta property=\"og:description\" content=\"Lei 11.788 de 25 de setembro de 2008 Delibera\u00e7\u00e3o 21 CEPE 2011 Orienta\u00e7\u00e3o Normativa n\u00ba 2, de 24 de junho ...\" \/>\n<meta property=\"og:url\" content=\"https:\/\/institucional.ufrrj.br\/dest\/estagio\/legislacao-2\/\" \/>\n<meta property=\"og:site_name\" content=\"DEST - Divis\u00e3o de Est\u00e1gios\" \/>\n<meta property=\"article:modified_time\" content=\"2017-01-25T17:30:01+00:00\" \/>\n<meta property=\"og:image\" content=\"http:\/\/institucional.ufrrj.br\/dest\/files\/2010\/11\/icon_pdf.gif\" \/>\n<meta name=\"twitter:card\" content=\"summary_large_image\" \/>\n<script type=\"application\/ld+json\" class=\"yoast-schema-graph\">{\"@context\":\"https:\/\/schema.org\",\"@graph\":[{\"@type\":\"WebPage\",\"@id\":\"https:\/\/institucional.ufrrj.br\/dest\/estagio\/legislacao-2\/\",\"url\":\"https:\/\/institucional.ufrrj.br\/dest\/estagio\/legislacao-2\/\",\"name\":\"Legisla\u00e7\u00e3o - DEST - Divis\u00e3o de Est\u00e1gios\",\"isPartOf\":{\"@id\":\"https:\/\/institucional.ufrrj.br\/dest\/#website\"},\"primaryImageOfPage\":{\"@id\":\"https:\/\/institucional.ufrrj.br\/dest\/estagio\/legislacao-2\/#primaryimage\"},\"image\":{\"@id\":\"https:\/\/institucional.ufrrj.br\/dest\/estagio\/legislacao-2\/#primaryimage\"},\"thumbnailUrl\":\"http:\/\/institucional.ufrrj.br\/dest\/files\/2010\/11\/icon_pdf.gif\",\"datePublished\":\"2010-11-30T17:00:11+00:00\",\"dateModified\":\"2017-01-25T17:30:01+00:00\",\"breadcrumb\":{\"@id\":\"https:\/\/institucional.ufrrj.br\/dest\/estagio\/legislacao-2\/#breadcrumb\"},\"inLanguage\":\"pt-BR\",\"potentialAction\":[{\"@type\":\"ReadAction\",\"target\":[\"https:\/\/institucional.ufrrj.br\/dest\/estagio\/legislacao-2\/\"]}]},{\"@type\":\"ImageObject\",\"inLanguage\":\"pt-BR\",\"@id\":\"https:\/\/institucional.ufrrj.br\/dest\/estagio\/legislacao-2\/#primaryimage\",\"url\":\"http:\/\/institucional.ufrrj.br\/dest\/files\/2010\/11\/icon_pdf.gif\",\"contentUrl\":\"http:\/\/institucional.ufrrj.br\/dest\/files\/2010\/11\/icon_pdf.gif\"},{\"@type\":\"BreadcrumbList\",\"@id\":\"https:\/\/institucional.ufrrj.br\/dest\/estagio\/legislacao-2\/#breadcrumb\",\"itemListElement\":[{\"@type\":\"ListItem\",\"position\":1,\"name\":\"In\u00edcio\",\"item\":\"https:\/\/institucional.ufrrj.br\/dest\/\"},{\"@type\":\"ListItem\",\"position\":2,\"name\":\"Est\u00e1gio\",\"item\":\"https:\/\/institucional.ufrrj.br\/dest\/estagio\/\"},{\"@type\":\"ListItem\",\"position\":3,\"name\":\"Legisla\u00e7\u00e3o\"}]},{\"@type\":\"WebSite\",\"@id\":\"https:\/\/institucional.ufrrj.br\/dest\/#website\",\"url\":\"https:\/\/institucional.ufrrj.br\/dest\/\",\"name\":\"DEST - Divis\u00e3o de Est\u00e1gios\",\"description\":\"Divis\u00e3o de Est\u00e1gios\",\"potentialAction\":[{\"@type\":\"SearchAction\",\"target\":{\"@type\":\"EntryPoint\",\"urlTemplate\":\"https:\/\/institucional.ufrrj.br\/dest\/?s={search_term_string}\"},\"query-input\":{\"@type\":\"PropertyValueSpecification\",\"valueRequired\":true,\"valueName\":\"search_term_string\"}}],\"inLanguage\":\"pt-BR\"}]}<\/script>\n<!-- \/ Yoast SEO plugin. -->","yoast_head_json":{"title":"Legisla\u00e7\u00e3o - DEST - Divis\u00e3o de Est\u00e1gios","robots":{"index":"index","follow":"follow","max-snippet":"max-snippet:-1","max-image-preview":"max-image-preview:large","max-video-preview":"max-video-preview:-1"},"canonical":"https:\/\/institucional.ufrrj.br\/dest\/estagio\/legislacao-2\/","og_locale":"pt_BR","og_type":"article","og_title":"Legisla\u00e7\u00e3o - DEST - Divis\u00e3o de Est\u00e1gios","og_description":"Lei 11.788 de 25 de setembro de 2008 Delibera\u00e7\u00e3o 21 CEPE 2011 Orienta\u00e7\u00e3o Normativa n\u00ba 2, de 24 de junho ...","og_url":"https:\/\/institucional.ufrrj.br\/dest\/estagio\/legislacao-2\/","og_site_name":"DEST - Divis\u00e3o de Est\u00e1gios","article_modified_time":"2017-01-25T17:30:01+00:00","og_image":[{"url":"http:\/\/institucional.ufrrj.br\/dest\/files\/2010\/11\/icon_pdf.gif","type":"","width":"","height":""}],"twitter_card":"summary_large_image","schema":{"@context":"https:\/\/schema.org","@graph":[{"@type":"WebPage","@id":"https:\/\/institucional.ufrrj.br\/dest\/estagio\/legislacao-2\/","url":"https:\/\/institucional.ufrrj.br\/dest\/estagio\/legislacao-2\/","name":"Legisla\u00e7\u00e3o - DEST - Divis\u00e3o de Est\u00e1gios","isPartOf":{"@id":"https:\/\/institucional.ufrrj.br\/dest\/#website"},"primaryImageOfPage":{"@id":"https:\/\/institucional.ufrrj.br\/dest\/estagio\/legislacao-2\/#primaryimage"},"image":{"@id":"https:\/\/institucional.ufrrj.br\/dest\/estagio\/legislacao-2\/#primaryimage"},"thumbnailUrl":"http:\/\/institucional.ufrrj.br\/dest\/files\/2010\/11\/icon_pdf.gif","datePublished":"2010-11-30T17:00:11+00:00","dateModified":"2017-01-25T17:30:01+00:00","breadcrumb":{"@id":"https:\/\/institucional.ufrrj.br\/dest\/estagio\/legislacao-2\/#breadcrumb"},"inLanguage":"pt-BR","potentialAction":[{"@type":"ReadAction","target":["https:\/\/institucional.ufrrj.br\/dest\/estagio\/legislacao-2\/"]}]},{"@type":"ImageObject","inLanguage":"pt-BR","@id":"https:\/\/institucional.ufrrj.br\/dest\/estagio\/legislacao-2\/#primaryimage","url":"http:\/\/institucional.ufrrj.br\/dest\/files\/2010\/11\/icon_pdf.gif","contentUrl":"http:\/\/institucional.ufrrj.br\/dest\/files\/2010\/11\/icon_pdf.gif"},{"@type":"BreadcrumbList","@id":"https:\/\/institucional.ufrrj.br\/dest\/estagio\/legislacao-2\/#breadcrumb","itemListElement":[{"@type":"ListItem","position":1,"name":"In\u00edcio","item":"https:\/\/institucional.ufrrj.br\/dest\/"},{"@type":"ListItem","position":2,"name":"Est\u00e1gio","item":"https:\/\/institucional.ufrrj.br\/dest\/estagio\/"},{"@type":"ListItem","position":3,"name":"Legisla\u00e7\u00e3o"}]},{"@type":"WebSite","@id":"https:\/\/institucional.ufrrj.br\/dest\/#website","url":"https:\/\/institucional.ufrrj.br\/dest\/","name":"DEST - Divis\u00e3o de Est\u00e1gios","description":"Divis\u00e3o de Est\u00e1gios","potentialAction":[{"@type":"SearchAction","target":{"@type":"EntryPoint","urlTemplate":"https:\/\/institucional.ufrrj.br\/dest\/?s={search_term_string}"},"query-input":{"@type":"PropertyValueSpecification","valueRequired":true,"valueName":"search_term_string"}}],"inLanguage":"pt-BR"}]}},"acf":[],"_links":{"self":[{"href":"https:\/\/institucional.ufrrj.br\/dest\/wp-json\/wp\/v2\/pages\/62","targetHints":{"allow":["GET"]}}],"collection":[{"href":"https:\/\/institucional.ufrrj.br\/dest\/wp-json\/wp\/v2\/pages"}],"about":[{"href":"https:\/\/institucional.ufrrj.br\/dest\/wp-json\/wp\/v2\/types\/page"}],"author":[{"embeddable":true,"href":"https:\/\/institucional.ufrrj.br\/dest\/wp-json\/wp\/v2\/users\/634"}],"replies":[{"embeddable":true,"href":"https:\/\/institucional.ufrrj.br\/dest\/wp-json\/wp\/v2\/comments?post=62"}],"version-history":[{"count":12,"href":"https:\/\/institucional.ufrrj.br\/dest\/wp-json\/wp\/v2\/pages\/62\/revisions"}],"predecessor-version":[{"id":3601,"href":"https:\/\/institucional.ufrrj.br\/dest\/wp-json\/wp\/v2\/pages\/62\/revisions\/3601"}],"up":[{"embeddable":true,"href":"https:\/\/institucional.ufrrj.br\/dest\/wp-json\/wp\/v2\/pages\/89"}],"wp:attachment":[{"href":"https:\/\/institucional.ufrrj.br\/dest\/wp-json\/wp\/v2\/media?parent=62"}],"curies":[{"name":"wp","href":"https:\/\/api.w.org\/{rel}","templated":true}]}}