{"id":567,"date":"2011-05-10T17:46:00","date_gmt":"2011-05-10T17:46:00","guid":{"rendered":"http:\/\/r1.ufrrj.br\/wp\/sinteeg\/"},"modified":"2022-08-02T15:34:09","modified_gmt":"2022-08-02T18:34:09","slug":"documentos-necessarios","status":"publish","type":"page","link":"https:\/\/institucional.ufrrj.br\/dest\/empresa-conveniadas\/documentos-necessarios\/","title":{"rendered":"Documentos Necess\u00e1rios"},"content":{"rendered":"<p><strong>Documentos necess\u00e1rios para a celebra\u00e7\u00e3o de conv\u00eanios de est\u00e1gio junto \u00e0 UFRRJ:<\/strong><\/p>\n<p>&nbsp;<\/p>\n<p>1- Memorando expedido pelo(a) Coordenador(a) do Curso de Gradua\u00e7\u00e3o solicitando a celebra\u00e7\u00e3o do Conv\u00eanio de Est\u00e1gio com a empresa (Solicitado pelo aluno \u00e0 Coordena\u00e7\u00e3o do Curso);<\/p>\n<p>2- C\u00f3pia da c\u00e9dula de identidade e do CPF do(s) representante(s) da Institui\u00e7\u00e3o;<\/p>\n<p>3- C\u00f3pia do Ato Constitutivo, Estatuto ou Contrato Social em vigor, devidamente registrado, em se tratando de sociedades comerciais, e, no caso de sociedade por a\u00e7\u00f5es,\u00a0acompanhado de documentos de elei\u00e7\u00e3o de seus administradores;<\/p>\n<p>4- C\u00f3pia do Ato de posse\/nomea\u00e7\u00e3o do representante legal da Institui\u00e7\u00e3o (tratando-se de Institui\u00e7\u00f5es P\u00fablicas);<\/p>\n<p>5- Procura\u00e7\u00e3o (quando o nome do representante n\u00e3o constar no Contrato Social);<\/p>\n<p>6- Comprovante de Inscri\u00e7\u00e3o no CNPJ (<span style=\"color: #0000ff\"><a style=\"color: #0000ff\" href=\"http:\/\/www.receita.fazenda.gov.br\/\" target=\"_blank\" rel=\"noopener noreferrer\">www.receita.fazenda.gov.br<\/a><\/span>, Acessar Empresa, Cadastros, Comprovante de Inscri\u00e7\u00e3o e Situa\u00e7\u00e3o Cadastral no CNPJ, Acesso direto ou com senha espec\u00edfica);<\/p>\n<p>7- Minuta de conv\u00eanio (assinada eletronicamente);\u00a0<a href=\"https:\/\/institucional.ufrrj.br\/dest\/empresa-conveniadas\/minutas-de-convenio\/\" target=\"_blank\" rel=\"noopener noreferrer\"><span style=\"color: #0000ff\">https:\/\/institucional.ufrrj.br\/dest\/empresa-conveniadas\/minutas-de-convenio\/<\/span><\/a><\/p>\n<p>&nbsp;<\/p>\n<p>&nbsp;<\/p>\n<h4><strong>Para orienta\u00e7\u00f5es gerais, acesse: <\/strong><span style=\"color: #0000ff\"><a style=\"color: #0000ff\" href=\"https:\/\/institucional.ufrrj.br\/dest\/empresa-conveniadas\/orientacoes-para-convenios\/\">https:\/\/institucional.ufrrj.br\/dest\/empresa-conveniadas\/orientacoes-para-convenios\/<\/a><\/span><\/h4>\n<p>&nbsp;<\/p>\n<p>&nbsp;<\/p>\n<p>&nbsp;<\/p>\n<p>&nbsp;<\/p>\n<p>&nbsp;<\/p>\n<p>&nbsp;<\/p>\n","protected":false},"excerpt":{"rendered":"<p>Documentos necess\u00e1rios para a celebra\u00e7\u00e3o de conv\u00eanios de est\u00e1gio junto \u00e0 UFRRJ: &nbsp; 1- Memorando expedido pelo(a) Coordenador(a) do Curso <a class=\"read-more\" href=\"https:\/\/institucional.ufrrj.br\/dest\/empresa-conveniadas\/documentos-necessarios\/ \">&#8230; <i class=\"fa fa-long-arrow-right\"><\/i><\/a><\/p>\n","protected":false},"author":634,"featured_media":0,"parent":27,"menu_order":0,"comment_status":"open","ping_status":"open","template":"","meta":{"_acf_changed":false,"footnotes":"","_links_to":"","_links_to_target":""},"class_list":["post-567","page","type-page","status-publish","hentry"],"yoast_head":"<!-- This site is optimized with the Yoast SEO plugin v27.2 - https:\/\/yoast.com\/product\/yoast-seo-wordpress\/ -->\n<title>Documentos Necess\u00e1rios - DEST - Divis\u00e3o de Est\u00e1gios<\/title>\n<meta name=\"robots\" content=\"index, follow, max-snippet:-1, max-image-preview:large, max-video-preview:-1\" \/>\n<link rel=\"canonical\" href=\"https:\/\/institucional.ufrrj.br\/dest\/empresa-conveniadas\/documentos-necessarios\/\" \/>\n<meta property=\"og:locale\" content=\"pt_BR\" \/>\n<meta property=\"og:type\" content=\"article\" \/>\n<meta property=\"og:title\" content=\"Documentos Necess\u00e1rios - DEST - Divis\u00e3o de Est\u00e1gios\" \/>\n<meta property=\"og:description\" content=\"Documentos necess\u00e1rios para a celebra\u00e7\u00e3o de conv\u00eanios de est\u00e1gio junto \u00e0 UFRRJ: &nbsp; 1- Memorando expedido pelo(a) Coordenador(a) do Curso ...\" \/>\n<meta property=\"og:url\" content=\"https:\/\/institucional.ufrrj.br\/dest\/empresa-conveniadas\/documentos-necessarios\/\" \/>\n<meta property=\"og:site_name\" content=\"DEST - Divis\u00e3o de Est\u00e1gios\" \/>\n<meta property=\"article:modified_time\" content=\"2022-08-02T18:34:09+00:00\" \/>\n<meta name=\"twitter:card\" content=\"summary_large_image\" \/>\n<meta name=\"twitter:label1\" content=\"Est. tempo de leitura\" \/>\n\t<meta name=\"twitter:data1\" content=\"1 minuto\" \/>\n<script type=\"application\/ld+json\" class=\"yoast-schema-graph\">{\"@context\":\"https:\/\/schema.org\",\"@graph\":[{\"@type\":\"WebPage\",\"@id\":\"https:\/\/institucional.ufrrj.br\/dest\/empresa-conveniadas\/documentos-necessarios\/\",\"url\":\"https:\/\/institucional.ufrrj.br\/dest\/empresa-conveniadas\/documentos-necessarios\/\",\"name\":\"Documentos Necess\u00e1rios - DEST - Divis\u00e3o de Est\u00e1gios\",\"isPartOf\":{\"@id\":\"https:\/\/institucional.ufrrj.br\/dest\/#website\"},\"datePublished\":\"2011-05-10T17:46:00+00:00\",\"dateModified\":\"2022-08-02T18:34:09+00:00\",\"breadcrumb\":{\"@id\":\"https:\/\/institucional.ufrrj.br\/dest\/empresa-conveniadas\/documentos-necessarios\/#breadcrumb\"},\"inLanguage\":\"pt-BR\",\"potentialAction\":[{\"@type\":\"ReadAction\",\"target\":[\"https:\/\/institucional.ufrrj.br\/dest\/empresa-conveniadas\/documentos-necessarios\/\"]}]},{\"@type\":\"BreadcrumbList\",\"@id\":\"https:\/\/institucional.ufrrj.br\/dest\/empresa-conveniadas\/documentos-necessarios\/#breadcrumb\",\"itemListElement\":[{\"@type\":\"ListItem\",\"position\":1,\"name\":\"In\u00edcio\",\"item\":\"https:\/\/institucional.ufrrj.br\/dest\/\"},{\"@type\":\"ListItem\",\"position\":2,\"name\":\"Conv\u00eanios\",\"item\":\"https:\/\/institucional.ufrrj.br\/dest\/empresa-conveniadas\/\"},{\"@type\":\"ListItem\",\"position\":3,\"name\":\"Documentos Necess\u00e1rios\"}]},{\"@type\":\"WebSite\",\"@id\":\"https:\/\/institucional.ufrrj.br\/dest\/#website\",\"url\":\"https:\/\/institucional.ufrrj.br\/dest\/\",\"name\":\"DEST - Divis\u00e3o de Est\u00e1gios\",\"description\":\"Divis\u00e3o de Est\u00e1gios\",\"potentialAction\":[{\"@type\":\"SearchAction\",\"target\":{\"@type\":\"EntryPoint\",\"urlTemplate\":\"https:\/\/institucional.ufrrj.br\/dest\/?s={search_term_string}\"},\"query-input\":{\"@type\":\"PropertyValueSpecification\",\"valueRequired\":true,\"valueName\":\"search_term_string\"}}],\"inLanguage\":\"pt-BR\"}]}<\/script>\n<!-- \/ Yoast SEO plugin. -->","yoast_head_json":{"title":"Documentos Necess\u00e1rios - DEST - Divis\u00e3o de Est\u00e1gios","robots":{"index":"index","follow":"follow","max-snippet":"max-snippet:-1","max-image-preview":"max-image-preview:large","max-video-preview":"max-video-preview:-1"},"canonical":"https:\/\/institucional.ufrrj.br\/dest\/empresa-conveniadas\/documentos-necessarios\/","og_locale":"pt_BR","og_type":"article","og_title":"Documentos Necess\u00e1rios - DEST - Divis\u00e3o de Est\u00e1gios","og_description":"Documentos necess\u00e1rios para a celebra\u00e7\u00e3o de conv\u00eanios de est\u00e1gio junto \u00e0 UFRRJ: &nbsp; 1- Memorando expedido pelo(a) Coordenador(a) do Curso ...","og_url":"https:\/\/institucional.ufrrj.br\/dest\/empresa-conveniadas\/documentos-necessarios\/","og_site_name":"DEST - Divis\u00e3o de Est\u00e1gios","article_modified_time":"2022-08-02T18:34:09+00:00","twitter_card":"summary_large_image","twitter_misc":{"Est. tempo de leitura":"1 minuto"},"schema":{"@context":"https:\/\/schema.org","@graph":[{"@type":"WebPage","@id":"https:\/\/institucional.ufrrj.br\/dest\/empresa-conveniadas\/documentos-necessarios\/","url":"https:\/\/institucional.ufrrj.br\/dest\/empresa-conveniadas\/documentos-necessarios\/","name":"Documentos Necess\u00e1rios - DEST - Divis\u00e3o de Est\u00e1gios","isPartOf":{"@id":"https:\/\/institucional.ufrrj.br\/dest\/#website"},"datePublished":"2011-05-10T17:46:00+00:00","dateModified":"2022-08-02T18:34:09+00:00","breadcrumb":{"@id":"https:\/\/institucional.ufrrj.br\/dest\/empresa-conveniadas\/documentos-necessarios\/#breadcrumb"},"inLanguage":"pt-BR","potentialAction":[{"@type":"ReadAction","target":["https:\/\/institucional.ufrrj.br\/dest\/empresa-conveniadas\/documentos-necessarios\/"]}]},{"@type":"BreadcrumbList","@id":"https:\/\/institucional.ufrrj.br\/dest\/empresa-conveniadas\/documentos-necessarios\/#breadcrumb","itemListElement":[{"@type":"ListItem","position":1,"name":"In\u00edcio","item":"https:\/\/institucional.ufrrj.br\/dest\/"},{"@type":"ListItem","position":2,"name":"Conv\u00eanios","item":"https:\/\/institucional.ufrrj.br\/dest\/empresa-conveniadas\/"},{"@type":"ListItem","position":3,"name":"Documentos Necess\u00e1rios"}]},{"@type":"WebSite","@id":"https:\/\/institucional.ufrrj.br\/dest\/#website","url":"https:\/\/institucional.ufrrj.br\/dest\/","name":"DEST - Divis\u00e3o de Est\u00e1gios","description":"Divis\u00e3o de Est\u00e1gios","potentialAction":[{"@type":"SearchAction","target":{"@type":"EntryPoint","urlTemplate":"https:\/\/institucional.ufrrj.br\/dest\/?s={search_term_string}"},"query-input":{"@type":"PropertyValueSpecification","valueRequired":true,"valueName":"search_term_string"}}],"inLanguage":"pt-BR"}]}},"acf":[],"_links":{"self":[{"href":"https:\/\/institucional.ufrrj.br\/dest\/wp-json\/wp\/v2\/pages\/567","targetHints":{"allow":["GET"]}}],"collection":[{"href":"https:\/\/institucional.ufrrj.br\/dest\/wp-json\/wp\/v2\/pages"}],"about":[{"href":"https:\/\/institucional.ufrrj.br\/dest\/wp-json\/wp\/v2\/types\/page"}],"author":[{"embeddable":true,"href":"https:\/\/institucional.ufrrj.br\/dest\/wp-json\/wp\/v2\/users\/634"}],"replies":[{"embeddable":true,"href":"https:\/\/institucional.ufrrj.br\/dest\/wp-json\/wp\/v2\/comments?post=567"}],"version-history":[{"count":25,"href":"https:\/\/institucional.ufrrj.br\/dest\/wp-json\/wp\/v2\/pages\/567\/revisions"}],"predecessor-version":[{"id":9610,"href":"https:\/\/institucional.ufrrj.br\/dest\/wp-json\/wp\/v2\/pages\/567\/revisions\/9610"}],"up":[{"embeddable":true,"href":"https:\/\/institucional.ufrrj.br\/dest\/wp-json\/wp\/v2\/pages\/27"}],"wp:attachment":[{"href":"https:\/\/institucional.ufrrj.br\/dest\/wp-json\/wp\/v2\/media?parent=567"}],"curies":[{"name":"wp","href":"https:\/\/api.w.org\/{rel}","templated":true}]}}