{"id":30,"date":"2010-11-30T16:36:25","date_gmt":"2010-11-30T16:36:25","guid":{"rendered":"http:\/\/r1.ufrrj.br\/wp\/sinteeg\/"},"modified":"2016-05-10T19:40:48","modified_gmt":"2016-05-10T19:40:48","slug":"oportunidade-de-estagio","status":"publish","type":"page","link":"https:\/\/institucional.ufrrj.br\/dest\/oportunidade-de-estagio\/","title":{"rendered":"Oportunidades"},"content":{"rendered":"<p><a href=\"https:\/\/institucional.ufrrj.br\/dest\/files\/2010\/11\/Estagi\u00e1rio-de-Turismo.jpg\"><img loading=\"lazy\" decoding=\"async\" class=\"alignnone size-medium wp-image-2131\" src=\"https:\/\/institucional.ufrrj.br\/dest\/files\/2010\/11\/Estagi\u00e1rio-de-Turismo-300x300.jpg\" alt=\"Estagi\u00e1rio de Turismo\" width=\"300\" height=\"300\" srcset=\"https:\/\/institucional.ufrrj.br\/dest\/files\/2010\/11\/Estagi\u00e1rio-de-Turismo-300x300.jpg 300w, https:\/\/institucional.ufrrj.br\/dest\/files\/2010\/11\/Estagi\u00e1rio-de-Turismo-150x150.jpg 150w, https:\/\/institucional.ufrrj.br\/dest\/files\/2010\/11\/Estagi\u00e1rio-de-Turismo.jpg 606w\" sizes=\"auto, (max-width: 300px) 100vw, 300px\" \/><\/a><\/p>\n","protected":false},"excerpt":{"rendered":"","protected":false},"author":1,"featured_media":0,"parent":0,"menu_order":0,"comment_status":"closed","ping_status":"closed","template":"","meta":{"_acf_changed":false,"footnotes":"","_links_to":"","_links_to_target":""},"class_list":["post-30","page","type-page","status-publish","hentry"],"yoast_head":"<!-- This site is optimized with the Yoast SEO plugin v27.2 - https:\/\/yoast.com\/product\/yoast-seo-wordpress\/ -->\n<title>Oportunidades - DEST - Divis\u00e3o de Est\u00e1gios<\/title>\n<meta name=\"robots\" content=\"index, follow, max-snippet:-1, max-image-preview:large, max-video-preview:-1\" \/>\n<link rel=\"canonical\" href=\"https:\/\/institucional.ufrrj.br\/dest\/oportunidade-de-estagio\/\" \/>\n<meta property=\"og:locale\" content=\"pt_BR\" \/>\n<meta property=\"og:type\" content=\"article\" \/>\n<meta property=\"og:title\" content=\"Oportunidades - DEST - Divis\u00e3o de Est\u00e1gios\" \/>\n<meta property=\"og:url\" content=\"https:\/\/institucional.ufrrj.br\/dest\/oportunidade-de-estagio\/\" \/>\n<meta property=\"og:site_name\" content=\"DEST - Divis\u00e3o de Est\u00e1gios\" \/>\n<meta property=\"article:modified_time\" content=\"2016-05-10T19:40:48+00:00\" \/>\n<meta name=\"twitter:card\" content=\"summary_large_image\" \/>\n<script type=\"application\/ld+json\" class=\"yoast-schema-graph\">{\"@context\":\"https:\/\/schema.org\",\"@graph\":[{\"@type\":\"WebPage\",\"@id\":\"https:\/\/institucional.ufrrj.br\/dest\/oportunidade-de-estagio\/\",\"url\":\"https:\/\/institucional.ufrrj.br\/dest\/oportunidade-de-estagio\/\",\"name\":\"Oportunidades - DEST - Divis\u00e3o de Est\u00e1gios\",\"isPartOf\":{\"@id\":\"https:\/\/institucional.ufrrj.br\/dest\/#website\"},\"datePublished\":\"2010-11-30T16:36:25+00:00\",\"dateModified\":\"2016-05-10T19:40:48+00:00\",\"breadcrumb\":{\"@id\":\"https:\/\/institucional.ufrrj.br\/dest\/oportunidade-de-estagio\/#breadcrumb\"},\"inLanguage\":\"pt-BR\",\"potentialAction\":[{\"@type\":\"ReadAction\",\"target\":[\"https:\/\/institucional.ufrrj.br\/dest\/oportunidade-de-estagio\/\"]}]},{\"@type\":\"BreadcrumbList\",\"@id\":\"https:\/\/institucional.ufrrj.br\/dest\/oportunidade-de-estagio\/#breadcrumb\",\"itemListElement\":[{\"@type\":\"ListItem\",\"position\":1,\"name\":\"In\u00edcio\",\"item\":\"https:\/\/institucional.ufrrj.br\/dest\/\"},{\"@type\":\"ListItem\",\"position\":2,\"name\":\"Oportunidades\"}]},{\"@type\":\"WebSite\",\"@id\":\"https:\/\/institucional.ufrrj.br\/dest\/#website\",\"url\":\"https:\/\/institucional.ufrrj.br\/dest\/\",\"name\":\"DEST - Divis\u00e3o de Est\u00e1gios\",\"description\":\"Divis\u00e3o de Est\u00e1gios\",\"potentialAction\":[{\"@type\":\"SearchAction\",\"target\":{\"@type\":\"EntryPoint\",\"urlTemplate\":\"https:\/\/institucional.ufrrj.br\/dest\/?s={search_term_string}\"},\"query-input\":{\"@type\":\"PropertyValueSpecification\",\"valueRequired\":true,\"valueName\":\"search_term_string\"}}],\"inLanguage\":\"pt-BR\"}]}<\/script>\n<!-- \/ Yoast SEO plugin. -->","yoast_head_json":{"title":"Oportunidades - DEST - Divis\u00e3o de Est\u00e1gios","robots":{"index":"index","follow":"follow","max-snippet":"max-snippet:-1","max-image-preview":"max-image-preview:large","max-video-preview":"max-video-preview:-1"},"canonical":"https:\/\/institucional.ufrrj.br\/dest\/oportunidade-de-estagio\/","og_locale":"pt_BR","og_type":"article","og_title":"Oportunidades - DEST - Divis\u00e3o de Est\u00e1gios","og_url":"https:\/\/institucional.ufrrj.br\/dest\/oportunidade-de-estagio\/","og_site_name":"DEST - Divis\u00e3o de Est\u00e1gios","article_modified_time":"2016-05-10T19:40:48+00:00","twitter_card":"summary_large_image","schema":{"@context":"https:\/\/schema.org","@graph":[{"@type":"WebPage","@id":"https:\/\/institucional.ufrrj.br\/dest\/oportunidade-de-estagio\/","url":"https:\/\/institucional.ufrrj.br\/dest\/oportunidade-de-estagio\/","name":"Oportunidades - DEST - Divis\u00e3o de Est\u00e1gios","isPartOf":{"@id":"https:\/\/institucional.ufrrj.br\/dest\/#website"},"datePublished":"2010-11-30T16:36:25+00:00","dateModified":"2016-05-10T19:40:48+00:00","breadcrumb":{"@id":"https:\/\/institucional.ufrrj.br\/dest\/oportunidade-de-estagio\/#breadcrumb"},"inLanguage":"pt-BR","potentialAction":[{"@type":"ReadAction","target":["https:\/\/institucional.ufrrj.br\/dest\/oportunidade-de-estagio\/"]}]},{"@type":"BreadcrumbList","@id":"https:\/\/institucional.ufrrj.br\/dest\/oportunidade-de-estagio\/#breadcrumb","itemListElement":[{"@type":"ListItem","position":1,"name":"In\u00edcio","item":"https:\/\/institucional.ufrrj.br\/dest\/"},{"@type":"ListItem","position":2,"name":"Oportunidades"}]},{"@type":"WebSite","@id":"https:\/\/institucional.ufrrj.br\/dest\/#website","url":"https:\/\/institucional.ufrrj.br\/dest\/","name":"DEST - Divis\u00e3o de Est\u00e1gios","description":"Divis\u00e3o de Est\u00e1gios","potentialAction":[{"@type":"SearchAction","target":{"@type":"EntryPoint","urlTemplate":"https:\/\/institucional.ufrrj.br\/dest\/?s={search_term_string}"},"query-input":{"@type":"PropertyValueSpecification","valueRequired":true,"valueName":"search_term_string"}}],"inLanguage":"pt-BR"}]}},"acf":[],"_links":{"self":[{"href":"https:\/\/institucional.ufrrj.br\/dest\/wp-json\/wp\/v2\/pages\/30","targetHints":{"allow":["GET"]}}],"collection":[{"href":"https:\/\/institucional.ufrrj.br\/dest\/wp-json\/wp\/v2\/pages"}],"about":[{"href":"https:\/\/institucional.ufrrj.br\/dest\/wp-json\/wp\/v2\/types\/page"}],"author":[{"embeddable":true,"href":"https:\/\/institucional.ufrrj.br\/dest\/wp-json\/wp\/v2\/users\/1"}],"replies":[{"embeddable":true,"href":"https:\/\/institucional.ufrrj.br\/dest\/wp-json\/wp\/v2\/comments?post=30"}],"version-history":[{"count":6,"href":"https:\/\/institucional.ufrrj.br\/dest\/wp-json\/wp\/v2\/pages\/30\/revisions"}],"predecessor-version":[{"id":2133,"href":"https:\/\/institucional.ufrrj.br\/dest\/wp-json\/wp\/v2\/pages\/30\/revisions\/2133"}],"wp:attachment":[{"href":"https:\/\/institucional.ufrrj.br\/dest\/wp-json\/wp\/v2\/media?parent=30"}],"curies":[{"name":"wp","href":"https:\/\/api.w.org\/{rel}","templated":true}]}}