{"id":2533,"date":"2016-06-02T10:10:50","date_gmt":"2016-06-02T13:10:50","guid":{"rendered":"http:\/\/institucional.ufrrj.br\/dest\/?page_id=2533"},"modified":"2024-02-28T16:01:42","modified_gmt":"2024-02-28T19:01:42","slug":"orientacoes-para-estagio","status":"publish","type":"page","link":"https:\/\/institucional.ufrrj.br\/dest\/estagio\/orientacoes-para-estagio\/","title":{"rendered":"Orienta\u00e7\u00f5es para Est\u00e1gio"},"content":{"rendered":"<p><strong>EST\u00c1GIO OBRIGAT\u00d3RIO:<\/strong>\u00a0<span style=\"color: #0000ff\"><a style=\"color: #0000ff\" href=\"https:\/\/institucional.ufrrj.br\/dest\/2020\/09\/04\/orientacoes-aos-discentes-da-ufrrj-para-a-formalizacao-de-estagio-obrigatorio-interno-e-externo-com-a-emissao-de-termo-de-compromisso-de-estagio-durante-o-ece-estudos-continuados-emergenciai\/\">https:\/\/institucional.ufrrj.br\/dest\/2020\/09\/04\/orientacoes-aos-discentes-da-ufrrj-para-a-formalizacao-de-estagio-obrigatorio-interno-e-externo-com-a-emissao-de-termo-de-compromisso-de-estagio-durante-o-ece-estudos-continuados-emergenciai\/<\/a><\/span><\/p>\n<p>&nbsp;<\/p>\n<p><strong>EST\u00c1GIO N\u00c3O OBRIGAT\u00d3RIO:\u00a0<\/strong><span style=\"color: #0000ff\"><a style=\"color: #0000ff\" href=\"https:\/\/institucional.ufrrj.br\/dest\/2020\/06\/04\/orientacoes-para-a-realizacao-de-estagios-obrigatorio-nao-obrigatorios-externos-durante-a-pandemia-da-covid-19\/\">https:\/\/institucional.ufrrj.br\/dest\/2020\/06\/04\/orientacoes-para-a-realizacao-de-estagios-obrigatorio-nao-obrigatorios-externos-durante-a-pandemia-da-covid-19\/<\/a><\/span><\/p>\n<p>&nbsp;<\/p>\n<p>&nbsp;<\/p>\n<p>&nbsp;<\/p>\n","protected":false},"excerpt":{"rendered":"<p>EST\u00c1GIO OBRIGAT\u00d3RIO:\u00a0https:\/\/institucional.ufrrj.br\/dest\/2020\/09\/04\/orientacoes-aos-discentes-da-ufrrj-para-a-formalizacao-de-estagio-obrigatorio-interno-e-externo-com-a-emissao-de-termo-de-compromisso-de-estagio-durante-o-ece-estudos-continuados-emergenciai\/ &nbsp; EST\u00c1GIO N\u00c3O OBRIGAT\u00d3RIO:\u00a0https:\/\/institucional.ufrrj.br\/dest\/2020\/06\/04\/orientacoes-para-a-realizacao-de-estagios-obrigatorio-nao-obrigatorios-externos-durante-a-pandemia-da-covid-19\/ &nbsp; &nbsp; &nbsp;<\/p>\n","protected":false},"author":576,"featured_media":1551,"parent":89,"menu_order":0,"comment_status":"closed","ping_status":"closed","template":"","meta":{"_acf_changed":false,"footnotes":"","_links_to":"","_links_to_target":""},"class_list":["post-2533","page","type-page","status-publish","has-post-thumbnail","hentry"],"yoast_head":"<!-- This site is optimized with the Yoast SEO plugin v27.2 - https:\/\/yoast.com\/product\/yoast-seo-wordpress\/ -->\n<title>Orienta\u00e7\u00f5es para Est\u00e1gio - DEST - Divis\u00e3o de Est\u00e1gios<\/title>\n<meta name=\"robots\" content=\"index, follow, max-snippet:-1, max-image-preview:large, max-video-preview:-1\" \/>\n<link rel=\"canonical\" href=\"https:\/\/institucional.ufrrj.br\/dest\/estagio\/orientacoes-para-estagio\/\" \/>\n<meta property=\"og:locale\" content=\"pt_BR\" \/>\n<meta property=\"og:type\" content=\"article\" \/>\n<meta property=\"og:title\" content=\"Orienta\u00e7\u00f5es para Est\u00e1gio - DEST - Divis\u00e3o de Est\u00e1gios\" \/>\n<meta property=\"og:description\" content=\"EST\u00c1GIO OBRIGAT\u00d3RIO:\u00a0https:\/\/institucional.ufrrj.br\/dest\/2020\/09\/04\/orientacoes-aos-discentes-da-ufrrj-para-a-formalizacao-de-estagio-obrigatorio-interno-e-externo-com-a-emissao-de-termo-de-compromisso-de-estagio-durante-o-ece-estudos-continuados-emergenciai\/ &nbsp; EST\u00c1GIO N\u00c3O OBRIGAT\u00d3RIO:\u00a0https:\/\/institucional.ufrrj.br\/dest\/2020\/06\/04\/orientacoes-para-a-realizacao-de-estagios-obrigatorio-nao-obrigatorios-externos-durante-a-pandemia-da-covid-19\/ &nbsp; &nbsp; &nbsp;\" \/>\n<meta property=\"og:url\" content=\"https:\/\/institucional.ufrrj.br\/dest\/estagio\/orientacoes-para-estagio\/\" \/>\n<meta property=\"og:site_name\" content=\"DEST - Divis\u00e3o de Est\u00e1gios\" \/>\n<meta property=\"article:modified_time\" content=\"2024-02-28T19:01:42+00:00\" \/>\n<meta property=\"og:image\" content=\"https:\/\/institucional.ufrrj.br\/dest\/files\/2013\/10\/pdf.png\" \/>\n\t<meta property=\"og:image:width\" content=\"16\" \/>\n\t<meta property=\"og:image:height\" content=\"16\" \/>\n\t<meta property=\"og:image:type\" content=\"image\/png\" \/>\n<meta name=\"twitter:card\" content=\"summary_large_image\" \/>\n<script type=\"application\/ld+json\" class=\"yoast-schema-graph\">{\"@context\":\"https:\/\/schema.org\",\"@graph\":[{\"@type\":\"WebPage\",\"@id\":\"https:\/\/institucional.ufrrj.br\/dest\/estagio\/orientacoes-para-estagio\/\",\"url\":\"https:\/\/institucional.ufrrj.br\/dest\/estagio\/orientacoes-para-estagio\/\",\"name\":\"Orienta\u00e7\u00f5es para Est\u00e1gio - DEST - Divis\u00e3o de Est\u00e1gios\",\"isPartOf\":{\"@id\":\"https:\/\/institucional.ufrrj.br\/dest\/#website\"},\"primaryImageOfPage\":{\"@id\":\"https:\/\/institucional.ufrrj.br\/dest\/estagio\/orientacoes-para-estagio\/#primaryimage\"},\"image\":{\"@id\":\"https:\/\/institucional.ufrrj.br\/dest\/estagio\/orientacoes-para-estagio\/#primaryimage\"},\"thumbnailUrl\":\"https:\/\/institucional.ufrrj.br\/dest\/files\/2013\/10\/pdf.png\",\"datePublished\":\"2016-06-02T13:10:50+00:00\",\"dateModified\":\"2024-02-28T19:01:42+00:00\",\"breadcrumb\":{\"@id\":\"https:\/\/institucional.ufrrj.br\/dest\/estagio\/orientacoes-para-estagio\/#breadcrumb\"},\"inLanguage\":\"pt-BR\",\"potentialAction\":[{\"@type\":\"ReadAction\",\"target\":[\"https:\/\/institucional.ufrrj.br\/dest\/estagio\/orientacoes-para-estagio\/\"]}]},{\"@type\":\"ImageObject\",\"inLanguage\":\"pt-BR\",\"@id\":\"https:\/\/institucional.ufrrj.br\/dest\/estagio\/orientacoes-para-estagio\/#primaryimage\",\"url\":\"https:\/\/institucional.ufrrj.br\/dest\/files\/2013\/10\/pdf.png\",\"contentUrl\":\"https:\/\/institucional.ufrrj.br\/dest\/files\/2013\/10\/pdf.png\",\"width\":16,\"height\":16},{\"@type\":\"BreadcrumbList\",\"@id\":\"https:\/\/institucional.ufrrj.br\/dest\/estagio\/orientacoes-para-estagio\/#breadcrumb\",\"itemListElement\":[{\"@type\":\"ListItem\",\"position\":1,\"name\":\"In\u00edcio\",\"item\":\"https:\/\/institucional.ufrrj.br\/dest\/\"},{\"@type\":\"ListItem\",\"position\":2,\"name\":\"Est\u00e1gio\",\"item\":\"https:\/\/institucional.ufrrj.br\/dest\/estagio\/\"},{\"@type\":\"ListItem\",\"position\":3,\"name\":\"Orienta\u00e7\u00f5es para Est\u00e1gio\"}]},{\"@type\":\"WebSite\",\"@id\":\"https:\/\/institucional.ufrrj.br\/dest\/#website\",\"url\":\"https:\/\/institucional.ufrrj.br\/dest\/\",\"name\":\"DEST - Divis\u00e3o de Est\u00e1gios\",\"description\":\"Divis\u00e3o de Est\u00e1gios\",\"potentialAction\":[{\"@type\":\"SearchAction\",\"target\":{\"@type\":\"EntryPoint\",\"urlTemplate\":\"https:\/\/institucional.ufrrj.br\/dest\/?s={search_term_string}\"},\"query-input\":{\"@type\":\"PropertyValueSpecification\",\"valueRequired\":true,\"valueName\":\"search_term_string\"}}],\"inLanguage\":\"pt-BR\"}]}<\/script>\n<!-- \/ Yoast SEO plugin. -->","yoast_head_json":{"title":"Orienta\u00e7\u00f5es para Est\u00e1gio - DEST - Divis\u00e3o de Est\u00e1gios","robots":{"index":"index","follow":"follow","max-snippet":"max-snippet:-1","max-image-preview":"max-image-preview:large","max-video-preview":"max-video-preview:-1"},"canonical":"https:\/\/institucional.ufrrj.br\/dest\/estagio\/orientacoes-para-estagio\/","og_locale":"pt_BR","og_type":"article","og_title":"Orienta\u00e7\u00f5es para Est\u00e1gio - DEST - Divis\u00e3o de Est\u00e1gios","og_description":"EST\u00c1GIO OBRIGAT\u00d3RIO:\u00a0https:\/\/institucional.ufrrj.br\/dest\/2020\/09\/04\/orientacoes-aos-discentes-da-ufrrj-para-a-formalizacao-de-estagio-obrigatorio-interno-e-externo-com-a-emissao-de-termo-de-compromisso-de-estagio-durante-o-ece-estudos-continuados-emergenciai\/ &nbsp; EST\u00c1GIO N\u00c3O OBRIGAT\u00d3RIO:\u00a0https:\/\/institucional.ufrrj.br\/dest\/2020\/06\/04\/orientacoes-para-a-realizacao-de-estagios-obrigatorio-nao-obrigatorios-externos-durante-a-pandemia-da-covid-19\/ &nbsp; &nbsp; &nbsp;","og_url":"https:\/\/institucional.ufrrj.br\/dest\/estagio\/orientacoes-para-estagio\/","og_site_name":"DEST - Divis\u00e3o de Est\u00e1gios","article_modified_time":"2024-02-28T19:01:42+00:00","og_image":[{"width":16,"height":16,"url":"https:\/\/institucional.ufrrj.br\/dest\/files\/2013\/10\/pdf.png","type":"image\/png"}],"twitter_card":"summary_large_image","schema":{"@context":"https:\/\/schema.org","@graph":[{"@type":"WebPage","@id":"https:\/\/institucional.ufrrj.br\/dest\/estagio\/orientacoes-para-estagio\/","url":"https:\/\/institucional.ufrrj.br\/dest\/estagio\/orientacoes-para-estagio\/","name":"Orienta\u00e7\u00f5es para Est\u00e1gio - DEST - Divis\u00e3o de Est\u00e1gios","isPartOf":{"@id":"https:\/\/institucional.ufrrj.br\/dest\/#website"},"primaryImageOfPage":{"@id":"https:\/\/institucional.ufrrj.br\/dest\/estagio\/orientacoes-para-estagio\/#primaryimage"},"image":{"@id":"https:\/\/institucional.ufrrj.br\/dest\/estagio\/orientacoes-para-estagio\/#primaryimage"},"thumbnailUrl":"https:\/\/institucional.ufrrj.br\/dest\/files\/2013\/10\/pdf.png","datePublished":"2016-06-02T13:10:50+00:00","dateModified":"2024-02-28T19:01:42+00:00","breadcrumb":{"@id":"https:\/\/institucional.ufrrj.br\/dest\/estagio\/orientacoes-para-estagio\/#breadcrumb"},"inLanguage":"pt-BR","potentialAction":[{"@type":"ReadAction","target":["https:\/\/institucional.ufrrj.br\/dest\/estagio\/orientacoes-para-estagio\/"]}]},{"@type":"ImageObject","inLanguage":"pt-BR","@id":"https:\/\/institucional.ufrrj.br\/dest\/estagio\/orientacoes-para-estagio\/#primaryimage","url":"https:\/\/institucional.ufrrj.br\/dest\/files\/2013\/10\/pdf.png","contentUrl":"https:\/\/institucional.ufrrj.br\/dest\/files\/2013\/10\/pdf.png","width":16,"height":16},{"@type":"BreadcrumbList","@id":"https:\/\/institucional.ufrrj.br\/dest\/estagio\/orientacoes-para-estagio\/#breadcrumb","itemListElement":[{"@type":"ListItem","position":1,"name":"In\u00edcio","item":"https:\/\/institucional.ufrrj.br\/dest\/"},{"@type":"ListItem","position":2,"name":"Est\u00e1gio","item":"https:\/\/institucional.ufrrj.br\/dest\/estagio\/"},{"@type":"ListItem","position":3,"name":"Orienta\u00e7\u00f5es para Est\u00e1gio"}]},{"@type":"WebSite","@id":"https:\/\/institucional.ufrrj.br\/dest\/#website","url":"https:\/\/institucional.ufrrj.br\/dest\/","name":"DEST - Divis\u00e3o de Est\u00e1gios","description":"Divis\u00e3o de Est\u00e1gios","potentialAction":[{"@type":"SearchAction","target":{"@type":"EntryPoint","urlTemplate":"https:\/\/institucional.ufrrj.br\/dest\/?s={search_term_string}"},"query-input":{"@type":"PropertyValueSpecification","valueRequired":true,"valueName":"search_term_string"}}],"inLanguage":"pt-BR"}]}},"acf":[],"_links":{"self":[{"href":"https:\/\/institucional.ufrrj.br\/dest\/wp-json\/wp\/v2\/pages\/2533","targetHints":{"allow":["GET"]}}],"collection":[{"href":"https:\/\/institucional.ufrrj.br\/dest\/wp-json\/wp\/v2\/pages"}],"about":[{"href":"https:\/\/institucional.ufrrj.br\/dest\/wp-json\/wp\/v2\/types\/page"}],"author":[{"embeddable":true,"href":"https:\/\/institucional.ufrrj.br\/dest\/wp-json\/wp\/v2\/users\/576"}],"replies":[{"embeddable":true,"href":"https:\/\/institucional.ufrrj.br\/dest\/wp-json\/wp\/v2\/comments?post=2533"}],"version-history":[{"count":11,"href":"https:\/\/institucional.ufrrj.br\/dest\/wp-json\/wp\/v2\/pages\/2533\/revisions"}],"predecessor-version":[{"id":11634,"href":"https:\/\/institucional.ufrrj.br\/dest\/wp-json\/wp\/v2\/pages\/2533\/revisions\/11634"}],"up":[{"embeddable":true,"href":"https:\/\/institucional.ufrrj.br\/dest\/wp-json\/wp\/v2\/pages\/89"}],"wp:featuredmedia":[{"embeddable":true,"href":"https:\/\/institucional.ufrrj.br\/dest\/wp-json\/wp\/v2\/media\/1551"}],"wp:attachment":[{"href":"https:\/\/institucional.ufrrj.br\/dest\/wp-json\/wp\/v2\/media?parent=2533"}],"curies":[{"name":"wp","href":"https:\/\/api.w.org\/{rel}","templated":true}]}}