{"id":13,"date":"2022-06-20T09:12:48","date_gmt":"2022-06-20T12:12:48","guid":{"rendered":"https:\/\/institucional.ufrrj.br\/cprg\/?page_id=13"},"modified":"2025-03-10T09:52:08","modified_gmt":"2025-03-10T12:52:08","slug":"13-2","status":"publish","type":"page","link":"https:\/\/institucional.ufrrj.br\/cprg\/","title":{"rendered":"Home"},"content":{"rendered":"\n<p class=\" eplus-wrapper\">P\u00e1gina criada pela Pr\u00f3-Reitoria de Gradua\u00e7\u00e3o com intuito de receber os Recursos do resultado preliminar do Ed. 09\/2025 \u2013 Processo seletivo para acesso ao curso de gradua\u00e7\u00e3o em Ci\u00eancia de dados 2025.1<\/p>\n\n\n\n<p class=\" eplus-wrapper\"><\/p>\n\n\n\n<a class=\"btn btn-primary btn-lg text-white\" role=\"button\" href=\"https:\/\/institucional.ufrrj.br\/cprg\/interposicao-de-recursos-ao-resultado-preliminar-do-processo-seletivo-para-acesso-ao-curso-de-graduacao-em-ciencia-de-dados-2025-1\/\">Recurso ao resultado preliminar do Ed. 09\/2025 \u2013 Processo seletivo para acesso ao curso de gradua\u00e7\u00e3o em Ci\u00eancia de dados 2025.1\n<\/strong><\/a>\n\n\n\n<p class=\" eplus-wrapper\"><\/p>\n\n\n\n<p class=\" eplus-wrapper\"><\/p>\n\n\n\n<p class=\" eplus-wrapper\"><\/p>\n\n\n\n<p class=\" eplus-wrapper\"><\/p>\n","protected":false},"excerpt":{"rendered":"<p>P\u00e1gina criada pela Pr\u00f3-Reitoria de Gradua\u00e7\u00e3o com intuito de receber os Recursos do resultado preliminar do Ed. 09\/2025 \u2013 Processo <a class=\"read-more\" href=\"https:\/\/institucional.ufrrj.br\/cprg\/ \" >&#8230; <span class=\"font-italic\">leia mais <i class=\"fas fa-angle-right\"><\/i><\/span><\/a><\/p>\n","protected":false},"author":810,"featured_media":0,"parent":0,"menu_order":0,"comment_status":"closed","ping_status":"closed","template":"","meta":{"_acf_changed":false,"footnotes":""},"class_list":["post-13","page","type-page","status-publish","hentry"],"yoast_head":"<!-- This site is optimized with the Yoast SEO plugin v27.2 - https:\/\/yoast.com\/product\/yoast-seo-wordpress\/ -->\n<title>Home - Recurso ao resultado da 1\u00ba fase do processo seletivo do edital de vagas residuais<\/title>\n<meta name=\"robots\" content=\"index, follow, max-snippet:-1, max-image-preview:large, max-video-preview:-1\" \/>\n<link rel=\"canonical\" href=\"https:\/\/institucional.ufrrj.br\/cprg\/\" \/>\n<meta property=\"og:locale\" content=\"pt_BR\" \/>\n<meta property=\"og:type\" content=\"article\" \/>\n<meta property=\"og:title\" content=\"Home - Recurso ao resultado da 1\u00ba fase do processo seletivo do edital de vagas residuais\" \/>\n<meta property=\"og:description\" content=\"P\u00e1gina criada pela Pr\u00f3-Reitoria de Gradua\u00e7\u00e3o com intuito de receber os Recursos do resultado preliminar do Ed. 09\/2025 \u2013 Processo ... leia mais\" \/>\n<meta property=\"og:url\" content=\"https:\/\/institucional.ufrrj.br\/cprg\/\" \/>\n<meta property=\"og:site_name\" content=\"Recurso ao resultado da 1\u00ba fase do processo seletivo do edital de vagas residuais\" \/>\n<meta property=\"article:modified_time\" content=\"2025-03-10T12:52:08+00:00\" \/>\n<meta name=\"twitter:card\" content=\"summary_large_image\" \/>\n<meta name=\"twitter:label1\" content=\"Est. tempo de leitura\" \/>\n\t<meta name=\"twitter:data1\" content=\"1 minuto\" \/>\n<script type=\"application\/ld+json\" class=\"yoast-schema-graph\">{\"@context\":\"https:\/\/schema.org\",\"@graph\":[{\"@type\":\"WebPage\",\"@id\":\"https:\/\/institucional.ufrrj.br\/cprg\/\",\"url\":\"https:\/\/institucional.ufrrj.br\/cprg\/\",\"name\":\"Home - Recurso ao resultado da 1\u00ba fase do processo seletivo do edital de vagas residuais\",\"isPartOf\":{\"@id\":\"https:\/\/institucional.ufrrj.br\/cprg\/#website\"},\"datePublished\":\"2022-06-20T12:12:48+00:00\",\"dateModified\":\"2025-03-10T12:52:08+00:00\",\"breadcrumb\":{\"@id\":\"https:\/\/institucional.ufrrj.br\/cprg\/#breadcrumb\"},\"inLanguage\":\"pt-BR\",\"potentialAction\":[{\"@type\":\"ReadAction\",\"target\":[\"https:\/\/institucional.ufrrj.br\/cprg\/\"]}]},{\"@type\":\"BreadcrumbList\",\"@id\":\"https:\/\/institucional.ufrrj.br\/cprg\/#breadcrumb\",\"itemListElement\":[{\"@type\":\"ListItem\",\"position\":1,\"name\":\"In\u00edcio\",\"item\":\"https:\/\/institucional.ufrrj.br\/cprg\/\"},{\"@type\":\"ListItem\",\"position\":2,\"name\":\"Home\"}]},{\"@type\":\"WebSite\",\"@id\":\"https:\/\/institucional.ufrrj.br\/cprg\/#website\",\"url\":\"https:\/\/institucional.ufrrj.br\/cprg\/\",\"name\":\"Recurso ao resultado da 1\u00ba fase do processo seletivo do edital de vagas residuais\",\"description\":\"\",\"potentialAction\":[{\"@type\":\"SearchAction\",\"target\":{\"@type\":\"EntryPoint\",\"urlTemplate\":\"https:\/\/institucional.ufrrj.br\/cprg\/?s={search_term_string}\"},\"query-input\":{\"@type\":\"PropertyValueSpecification\",\"valueRequired\":true,\"valueName\":\"search_term_string\"}}],\"inLanguage\":\"pt-BR\"}]}<\/script>\n<!-- \/ Yoast SEO plugin. -->","yoast_head_json":{"title":"Home - Recurso ao resultado da 1\u00ba fase do processo seletivo do edital de vagas residuais","robots":{"index":"index","follow":"follow","max-snippet":"max-snippet:-1","max-image-preview":"max-image-preview:large","max-video-preview":"max-video-preview:-1"},"canonical":"https:\/\/institucional.ufrrj.br\/cprg\/","og_locale":"pt_BR","og_type":"article","og_title":"Home - Recurso ao resultado da 1\u00ba fase do processo seletivo do edital de vagas residuais","og_description":"P\u00e1gina criada pela Pr\u00f3-Reitoria de Gradua\u00e7\u00e3o com intuito de receber os Recursos do resultado preliminar do Ed. 09\/2025 \u2013 Processo ... leia mais","og_url":"https:\/\/institucional.ufrrj.br\/cprg\/","og_site_name":"Recurso ao resultado da 1\u00ba fase do processo seletivo do edital de vagas residuais","article_modified_time":"2025-03-10T12:52:08+00:00","twitter_card":"summary_large_image","twitter_misc":{"Est. tempo de leitura":"1 minuto"},"schema":{"@context":"https:\/\/schema.org","@graph":[{"@type":"WebPage","@id":"https:\/\/institucional.ufrrj.br\/cprg\/","url":"https:\/\/institucional.ufrrj.br\/cprg\/","name":"Home - Recurso ao resultado da 1\u00ba fase do processo seletivo do edital de vagas residuais","isPartOf":{"@id":"https:\/\/institucional.ufrrj.br\/cprg\/#website"},"datePublished":"2022-06-20T12:12:48+00:00","dateModified":"2025-03-10T12:52:08+00:00","breadcrumb":{"@id":"https:\/\/institucional.ufrrj.br\/cprg\/#breadcrumb"},"inLanguage":"pt-BR","potentialAction":[{"@type":"ReadAction","target":["https:\/\/institucional.ufrrj.br\/cprg\/"]}]},{"@type":"BreadcrumbList","@id":"https:\/\/institucional.ufrrj.br\/cprg\/#breadcrumb","itemListElement":[{"@type":"ListItem","position":1,"name":"In\u00edcio","item":"https:\/\/institucional.ufrrj.br\/cprg\/"},{"@type":"ListItem","position":2,"name":"Home"}]},{"@type":"WebSite","@id":"https:\/\/institucional.ufrrj.br\/cprg\/#website","url":"https:\/\/institucional.ufrrj.br\/cprg\/","name":"Recurso ao resultado da 1\u00ba fase do processo seletivo do edital de vagas residuais","description":"","potentialAction":[{"@type":"SearchAction","target":{"@type":"EntryPoint","urlTemplate":"https:\/\/institucional.ufrrj.br\/cprg\/?s={search_term_string}"},"query-input":{"@type":"PropertyValueSpecification","valueRequired":true,"valueName":"search_term_string"}}],"inLanguage":"pt-BR"}]}},"acf":[],"_links":{"self":[{"href":"https:\/\/institucional.ufrrj.br\/cprg\/wp-json\/wp\/v2\/pages\/13","targetHints":{"allow":["GET"]}}],"collection":[{"href":"https:\/\/institucional.ufrrj.br\/cprg\/wp-json\/wp\/v2\/pages"}],"about":[{"href":"https:\/\/institucional.ufrrj.br\/cprg\/wp-json\/wp\/v2\/types\/page"}],"author":[{"embeddable":true,"href":"https:\/\/institucional.ufrrj.br\/cprg\/wp-json\/wp\/v2\/users\/810"}],"replies":[{"embeddable":true,"href":"https:\/\/institucional.ufrrj.br\/cprg\/wp-json\/wp\/v2\/comments?post=13"}],"version-history":[{"count":64,"href":"https:\/\/institucional.ufrrj.br\/cprg\/wp-json\/wp\/v2\/pages\/13\/revisions"}],"predecessor-version":[{"id":208,"href":"https:\/\/institucional.ufrrj.br\/cprg\/wp-json\/wp\/v2\/pages\/13\/revisions\/208"}],"wp:attachment":[{"href":"https:\/\/institucional.ufrrj.br\/cprg\/wp-json\/wp\/v2\/media?parent=13"}],"curies":[{"name":"wp","href":"https:\/\/api.w.org\/{rel}","templated":true}]}}