{"id":309,"date":"2021-06-23T10:12:17","date_gmt":"2021-06-23T13:12:17","guid":{"rendered":"http:\/\/institucional.ufrrj.br\/cpiepe\/?page_id=309"},"modified":"2021-06-23T10:12:54","modified_gmt":"2021-06-23T13:12:54","slug":"noticias","status":"publish","type":"page","link":"https:\/\/institucional.ufrrj.br\/cpiepe\/noticias\/","title":{"rendered":"Not\u00edcias"},"content":{"rendered":"","protected":false},"excerpt":{"rendered":"","protected":false},"author":634,"featured_media":0,"parent":0,"menu_order":0,"comment_status":"closed","ping_status":"closed","template":"","meta":{"footnotes":""},"class_list":["post-309","page","type-page","status-publish","hentry"],"yoast_head":"<!-- This site is optimized with the Yoast SEO plugin v27.2 - https:\/\/yoast.com\/product\/yoast-seo-wordpress\/ -->\n<title>Not\u00edcias - Coordena\u00e7\u00e3o de Produ\u00e7\u00e3o Integrada ao Ensino Pesquisa e Extens\u00e3o<\/title>\n<meta name=\"robots\" content=\"index, follow, max-snippet:-1, max-image-preview:large, max-video-preview:-1\" \/>\n<link rel=\"canonical\" href=\"https:\/\/institucional.ufrrj.br\/cpiepe\/noticias\/\" \/>\n<meta property=\"og:locale\" content=\"pt_BR\" \/>\n<meta property=\"og:type\" content=\"article\" \/>\n<meta property=\"og:title\" content=\"Not\u00edcias - Coordena\u00e7\u00e3o de Produ\u00e7\u00e3o Integrada ao Ensino Pesquisa e Extens\u00e3o\" \/>\n<meta property=\"og:url\" content=\"https:\/\/institucional.ufrrj.br\/cpiepe\/noticias\/\" \/>\n<meta property=\"og:site_name\" content=\"Coordena\u00e7\u00e3o de Produ\u00e7\u00e3o Integrada ao Ensino Pesquisa e Extens\u00e3o\" \/>\n<meta property=\"article:modified_time\" content=\"2021-06-23T13:12:54+00:00\" \/>\n<meta name=\"twitter:card\" content=\"summary_large_image\" \/>\n<script type=\"application\/ld+json\" class=\"yoast-schema-graph\">{\"@context\":\"https:\/\/schema.org\",\"@graph\":[{\"@type\":\"WebPage\",\"@id\":\"https:\/\/institucional.ufrrj.br\/cpiepe\/noticias\/\",\"url\":\"https:\/\/institucional.ufrrj.br\/cpiepe\/noticias\/\",\"name\":\"Not\u00edcias - Coordena\u00e7\u00e3o de Produ\u00e7\u00e3o Integrada ao Ensino Pesquisa e Extens\u00e3o\",\"isPartOf\":{\"@id\":\"https:\/\/institucional.ufrrj.br\/cpiepe\/#website\"},\"datePublished\":\"2021-06-23T13:12:17+00:00\",\"dateModified\":\"2021-06-23T13:12:54+00:00\",\"breadcrumb\":{\"@id\":\"https:\/\/institucional.ufrrj.br\/cpiepe\/noticias\/#breadcrumb\"},\"inLanguage\":\"pt-BR\",\"potentialAction\":[{\"@type\":\"ReadAction\",\"target\":[\"https:\/\/institucional.ufrrj.br\/cpiepe\/noticias\/\"]}]},{\"@type\":\"BreadcrumbList\",\"@id\":\"https:\/\/institucional.ufrrj.br\/cpiepe\/noticias\/#breadcrumb\",\"itemListElement\":[{\"@type\":\"ListItem\",\"position\":1,\"name\":\"In\u00edcio\",\"item\":\"https:\/\/institucional.ufrrj.br\/cpiepe\/\"},{\"@type\":\"ListItem\",\"position\":2,\"name\":\"Not\u00edcias\"}]},{\"@type\":\"WebSite\",\"@id\":\"https:\/\/institucional.ufrrj.br\/cpiepe\/#website\",\"url\":\"https:\/\/institucional.ufrrj.br\/cpiepe\/\",\"name\":\"Coordena\u00e7\u00e3o de Produ\u00e7\u00e3o Integrada ao Ensino Pesquisa e Extens\u00e3o\",\"description\":\"S\u00f3 mais um site institucional.ufrrj.br\",\"potentialAction\":[{\"@type\":\"SearchAction\",\"target\":{\"@type\":\"EntryPoint\",\"urlTemplate\":\"https:\/\/institucional.ufrrj.br\/cpiepe\/?s={search_term_string}\"},\"query-input\":{\"@type\":\"PropertyValueSpecification\",\"valueRequired\":true,\"valueName\":\"search_term_string\"}}],\"inLanguage\":\"pt-BR\"}]}<\/script>\n<!-- \/ Yoast SEO plugin. -->","yoast_head_json":{"title":"Not\u00edcias - Coordena\u00e7\u00e3o de Produ\u00e7\u00e3o Integrada ao Ensino Pesquisa e Extens\u00e3o","robots":{"index":"index","follow":"follow","max-snippet":"max-snippet:-1","max-image-preview":"max-image-preview:large","max-video-preview":"max-video-preview:-1"},"canonical":"https:\/\/institucional.ufrrj.br\/cpiepe\/noticias\/","og_locale":"pt_BR","og_type":"article","og_title":"Not\u00edcias - Coordena\u00e7\u00e3o de Produ\u00e7\u00e3o Integrada ao Ensino Pesquisa e Extens\u00e3o","og_url":"https:\/\/institucional.ufrrj.br\/cpiepe\/noticias\/","og_site_name":"Coordena\u00e7\u00e3o de Produ\u00e7\u00e3o Integrada ao Ensino Pesquisa e Extens\u00e3o","article_modified_time":"2021-06-23T13:12:54+00:00","twitter_card":"summary_large_image","schema":{"@context":"https:\/\/schema.org","@graph":[{"@type":"WebPage","@id":"https:\/\/institucional.ufrrj.br\/cpiepe\/noticias\/","url":"https:\/\/institucional.ufrrj.br\/cpiepe\/noticias\/","name":"Not\u00edcias - Coordena\u00e7\u00e3o de Produ\u00e7\u00e3o Integrada ao Ensino Pesquisa e Extens\u00e3o","isPartOf":{"@id":"https:\/\/institucional.ufrrj.br\/cpiepe\/#website"},"datePublished":"2021-06-23T13:12:17+00:00","dateModified":"2021-06-23T13:12:54+00:00","breadcrumb":{"@id":"https:\/\/institucional.ufrrj.br\/cpiepe\/noticias\/#breadcrumb"},"inLanguage":"pt-BR","potentialAction":[{"@type":"ReadAction","target":["https:\/\/institucional.ufrrj.br\/cpiepe\/noticias\/"]}]},{"@type":"BreadcrumbList","@id":"https:\/\/institucional.ufrrj.br\/cpiepe\/noticias\/#breadcrumb","itemListElement":[{"@type":"ListItem","position":1,"name":"In\u00edcio","item":"https:\/\/institucional.ufrrj.br\/cpiepe\/"},{"@type":"ListItem","position":2,"name":"Not\u00edcias"}]},{"@type":"WebSite","@id":"https:\/\/institucional.ufrrj.br\/cpiepe\/#website","url":"https:\/\/institucional.ufrrj.br\/cpiepe\/","name":"Coordena\u00e7\u00e3o de Produ\u00e7\u00e3o Integrada ao Ensino Pesquisa e Extens\u00e3o","description":"S\u00f3 mais um site institucional.ufrrj.br","potentialAction":[{"@type":"SearchAction","target":{"@type":"EntryPoint","urlTemplate":"https:\/\/institucional.ufrrj.br\/cpiepe\/?s={search_term_string}"},"query-input":{"@type":"PropertyValueSpecification","valueRequired":true,"valueName":"search_term_string"}}],"inLanguage":"pt-BR"}]}},"_links":{"self":[{"href":"https:\/\/institucional.ufrrj.br\/cpiepe\/wp-json\/wp\/v2\/pages\/309","targetHints":{"allow":["GET"]}}],"collection":[{"href":"https:\/\/institucional.ufrrj.br\/cpiepe\/wp-json\/wp\/v2\/pages"}],"about":[{"href":"https:\/\/institucional.ufrrj.br\/cpiepe\/wp-json\/wp\/v2\/types\/page"}],"author":[{"embeddable":true,"href":"https:\/\/institucional.ufrrj.br\/cpiepe\/wp-json\/wp\/v2\/users\/634"}],"replies":[{"embeddable":true,"href":"https:\/\/institucional.ufrrj.br\/cpiepe\/wp-json\/wp\/v2\/comments?post=309"}],"version-history":[{"count":1,"href":"https:\/\/institucional.ufrrj.br\/cpiepe\/wp-json\/wp\/v2\/pages\/309\/revisions"}],"predecessor-version":[{"id":312,"href":"https:\/\/institucional.ufrrj.br\/cpiepe\/wp-json\/wp\/v2\/pages\/309\/revisions\/312"}],"wp:attachment":[{"href":"https:\/\/institucional.ufrrj.br\/cpiepe\/wp-json\/wp\/v2\/media?parent=309"}],"curies":[{"name":"wp","href":"https:\/\/api.w.org\/{rel}","templated":true}]}}