{"id":63,"date":"2024-06-25T11:43:17","date_gmt":"2024-06-25T14:43:17","guid":{"rendered":"https:\/\/institucional.ufrrj.br\/cpid\/?page_id=63"},"modified":"2024-08-28T22:44:19","modified_gmt":"2024-08-29T01:44:19","slug":"por-uma-rural-antirracista","status":"publish","type":"page","link":"https:\/\/institucional.ufrrj.br\/cpid\/por-uma-rural-antirracista\/","title":{"rendered":"Por uma Rural antirracista"},"content":{"rendered":"\n<div style=\"height:100px\" aria-hidden=\"true\" class=\" wp-block-spacer eplus-wrapper\"><\/div>\n\n\n\n<div class=\"wp-block-columns eplus-wrapper is-layout-flex wp-container-core-columns-is-layout-28f84493 wp-block-columns-is-layout-flex\">\n<div class=\"wp-block-column eplus-wrapper is-layout-flow wp-block-column-is-layout-flow\" style=\"flex-basis:20%\"><div class=\"wp-block-image \">\n<figure class=\"aligncenter size-full is-resized eplus-wrapper\"><img loading=\"lazy\" decoding=\"async\" src=\"https:\/\/institucional.ufrrj.br\/cpid\/files\/2024\/08\/antirrascista.jpg\" alt=\"\" class=\"wp-image-125\" width=\"309\" height=\"309\" srcset=\"https:\/\/institucional.ufrrj.br\/cpid\/files\/2024\/08\/antirrascista.jpg 617w, https:\/\/institucional.ufrrj.br\/cpid\/files\/2024\/08\/antirrascista-300x300.jpg 300w, https:\/\/institucional.ufrrj.br\/cpid\/files\/2024\/08\/antirrascista-150x150.jpg 150w, https:\/\/institucional.ufrrj.br\/cpid\/files\/2024\/08\/antirrascista-200x200.jpg 200w, https:\/\/institucional.ufrrj.br\/cpid\/files\/2024\/08\/antirrascista-70x70.jpg 70w\" sizes=\"auto, (max-width: 309px) 100vw, 309px\" \/><figcaption class=\"wp-element-caption\">Logomarca da Campanha<\/figcaption><\/figure>\n<\/div><\/div>\n\n\n\n<div class=\"wp-block-column eplus-wrapper is-layout-flow wp-block-column-is-layout-flow\">\n<p class=\" eplus-wrapper\">A finalidade \u00e9 fomentar o debate sobre as rela\u00e7\u00f5es \u00e9tnico raciais, al\u00e9m de promover atividades de cunho antirracista, envolvendo tanto a pauta da popula\u00e7\u00e3o negra, como tamb\u00e9m as quest\u00f5es atinentes aos povos origin\u00e1rios. A Campanha Por uma Rural Antirracista acontece de 1\u00b0 a 30 de novembro.<\/p>\n\n\n\n<figure class=\" wp-block-image size-large is-resized eplus-wrapper\"><a href=\"https:\/\/www.instagram.com\/rural.antirracista?igsh=bnJzaGV0eWdvZXA0\" target=\"_blank\" rel=\"noreferrer noopener\"><img loading=\"lazy\" decoding=\"async\" src=\"https:\/\/institucional.ufrrj.br\/cpid\/files\/2024\/08\/ig-4-1024x986.png\" alt=\"\" class=\"wp-image-114\" width=\"108\" height=\"104\" srcset=\"https:\/\/institucional.ufrrj.br\/cpid\/files\/2024\/08\/ig-4-1024x986.png 1024w, https:\/\/institucional.ufrrj.br\/cpid\/files\/2024\/08\/ig-4-300x289.png 300w, https:\/\/institucional.ufrrj.br\/cpid\/files\/2024\/08\/ig-4-768x739.png 768w, https:\/\/institucional.ufrrj.br\/cpid\/files\/2024\/08\/ig-4-73x70.png 73w, https:\/\/institucional.ufrrj.br\/cpid\/files\/2024\/08\/ig-4.png 1122w\" sizes=\"auto, (max-width: 108px) 100vw, 108px\" \/><\/a><\/figure>\n<\/div>\n<\/div>\n","protected":false},"excerpt":{"rendered":"<p>A finalidade \u00e9 fomentar o debate sobre as rela\u00e7\u00f5es \u00e9tnico raciais, al\u00e9m de promover atividades de cunho antirracista, envolvendo tanto a pauta [&hellip;]<\/p>\n","protected":false},"author":853,"featured_media":0,"parent":0,"menu_order":0,"comment_status":"closed","ping_status":"closed","template":"","meta":{"_acf_changed":false,"footnotes":""},"class_list":["post-63","page","type-page","status-publish","hentry"],"yoast_head":"<!-- This site is optimized with the Yoast SEO plugin v27.2 - https:\/\/yoast.com\/product\/yoast-seo-wordpress\/ -->\n<title>Por uma Rural antirracista - Coordena\u00e7\u00e3o da Pol\u00edtica Institucional pela Diversidade, G\u00eanero, Etnia\/ra\u00e7a e Inclus\u00e3o<\/title>\n<meta name=\"robots\" content=\"index, follow, max-snippet:-1, max-image-preview:large, max-video-preview:-1\" \/>\n<link rel=\"canonical\" href=\"https:\/\/institucional.ufrrj.br\/cpid\/por-uma-rural-antirracista\/\" \/>\n<meta property=\"og:locale\" content=\"pt_BR\" \/>\n<meta property=\"og:type\" content=\"article\" \/>\n<meta property=\"og:title\" content=\"Por uma Rural antirracista - Coordena\u00e7\u00e3o da Pol\u00edtica Institucional pela Diversidade, G\u00eanero, Etnia\/ra\u00e7a e Inclus\u00e3o\" \/>\n<meta property=\"og:description\" content=\"A finalidade \u00e9 fomentar o debate sobre as rela\u00e7\u00f5es \u00e9tnico raciais, al\u00e9m de promover atividades de cunho antirracista, envolvendo tanto a pauta [&hellip;]\" \/>\n<meta property=\"og:url\" content=\"https:\/\/institucional.ufrrj.br\/cpid\/por-uma-rural-antirracista\/\" \/>\n<meta property=\"og:site_name\" content=\"Coordena\u00e7\u00e3o da Pol\u00edtica Institucional pela Diversidade, G\u00eanero, Etnia\/ra\u00e7a e Inclus\u00e3o\" \/>\n<meta property=\"article:modified_time\" content=\"2024-08-29T01:44:19+00:00\" \/>\n<meta property=\"og:image\" content=\"https:\/\/institucional.ufrrj.br\/cpid\/files\/2024\/08\/antirrascista.jpg\" \/>\n<meta name=\"twitter:card\" content=\"summary_large_image\" \/>\n<meta name=\"twitter:label1\" content=\"Est. tempo de leitura\" \/>\n\t<meta name=\"twitter:data1\" content=\"1 minuto\" \/>\n<script type=\"application\/ld+json\" class=\"yoast-schema-graph\">{\"@context\":\"https:\/\/schema.org\",\"@graph\":[{\"@type\":\"WebPage\",\"@id\":\"https:\/\/institucional.ufrrj.br\/cpid\/por-uma-rural-antirracista\/\",\"url\":\"https:\/\/institucional.ufrrj.br\/cpid\/por-uma-rural-antirracista\/\",\"name\":\"Por uma Rural antirracista - Coordena\u00e7\u00e3o da Pol\u00edtica Institucional pela Diversidade, G\u00eanero, Etnia\/ra\u00e7a e Inclus\u00e3o\",\"isPartOf\":{\"@id\":\"https:\/\/institucional.ufrrj.br\/cpid\/#website\"},\"primaryImageOfPage\":{\"@id\":\"https:\/\/institucional.ufrrj.br\/cpid\/por-uma-rural-antirracista\/#primaryimage\"},\"image\":{\"@id\":\"https:\/\/institucional.ufrrj.br\/cpid\/por-uma-rural-antirracista\/#primaryimage\"},\"thumbnailUrl\":\"https:\/\/institucional.ufrrj.br\/cpid\/files\/2024\/08\/antirrascista.jpg\",\"datePublished\":\"2024-06-25T14:43:17+00:00\",\"dateModified\":\"2024-08-29T01:44:19+00:00\",\"breadcrumb\":{\"@id\":\"https:\/\/institucional.ufrrj.br\/cpid\/por-uma-rural-antirracista\/#breadcrumb\"},\"inLanguage\":\"pt-BR\",\"potentialAction\":[{\"@type\":\"ReadAction\",\"target\":[\"https:\/\/institucional.ufrrj.br\/cpid\/por-uma-rural-antirracista\/\"]}]},{\"@type\":\"ImageObject\",\"inLanguage\":\"pt-BR\",\"@id\":\"https:\/\/institucional.ufrrj.br\/cpid\/por-uma-rural-antirracista\/#primaryimage\",\"url\":\"https:\/\/institucional.ufrrj.br\/cpid\/files\/2024\/08\/antirrascista.jpg\",\"contentUrl\":\"https:\/\/institucional.ufrrj.br\/cpid\/files\/2024\/08\/antirrascista.jpg\",\"width\":617,\"height\":617},{\"@type\":\"BreadcrumbList\",\"@id\":\"https:\/\/institucional.ufrrj.br\/cpid\/por-uma-rural-antirracista\/#breadcrumb\",\"itemListElement\":[{\"@type\":\"ListItem\",\"position\":1,\"name\":\"In\u00edcio\",\"item\":\"https:\/\/institucional.ufrrj.br\/cpid\/\"},{\"@type\":\"ListItem\",\"position\":2,\"name\":\"Por uma Rural antirracista\"}]},{\"@type\":\"WebSite\",\"@id\":\"https:\/\/institucional.ufrrj.br\/cpid\/#website\",\"url\":\"https:\/\/institucional.ufrrj.br\/cpid\/\",\"name\":\"Coordena\u00e7\u00e3o da Pol\u00edtica Institucional pela Diversidade, G\u00eanero, Etnia\/ra\u00e7a e Inclus\u00e3o\",\"description\":\"\",\"potentialAction\":[{\"@type\":\"SearchAction\",\"target\":{\"@type\":\"EntryPoint\",\"urlTemplate\":\"https:\/\/institucional.ufrrj.br\/cpid\/?s={search_term_string}\"},\"query-input\":{\"@type\":\"PropertyValueSpecification\",\"valueRequired\":true,\"valueName\":\"search_term_string\"}}],\"inLanguage\":\"pt-BR\"}]}<\/script>\n<!-- \/ Yoast SEO plugin. -->","yoast_head_json":{"title":"Por uma Rural antirracista - Coordena\u00e7\u00e3o da Pol\u00edtica Institucional pela Diversidade, G\u00eanero, Etnia\/ra\u00e7a e Inclus\u00e3o","robots":{"index":"index","follow":"follow","max-snippet":"max-snippet:-1","max-image-preview":"max-image-preview:large","max-video-preview":"max-video-preview:-1"},"canonical":"https:\/\/institucional.ufrrj.br\/cpid\/por-uma-rural-antirracista\/","og_locale":"pt_BR","og_type":"article","og_title":"Por uma Rural antirracista - Coordena\u00e7\u00e3o da Pol\u00edtica Institucional pela Diversidade, G\u00eanero, Etnia\/ra\u00e7a e Inclus\u00e3o","og_description":"A finalidade \u00e9 fomentar o debate sobre as rela\u00e7\u00f5es \u00e9tnico raciais, al\u00e9m de promover atividades de cunho antirracista, envolvendo tanto a pauta [&hellip;]","og_url":"https:\/\/institucional.ufrrj.br\/cpid\/por-uma-rural-antirracista\/","og_site_name":"Coordena\u00e7\u00e3o da Pol\u00edtica Institucional pela Diversidade, G\u00eanero, Etnia\/ra\u00e7a e Inclus\u00e3o","article_modified_time":"2024-08-29T01:44:19+00:00","og_image":[{"url":"https:\/\/institucional.ufrrj.br\/cpid\/files\/2024\/08\/antirrascista.jpg","type":"","width":"","height":""}],"twitter_card":"summary_large_image","twitter_misc":{"Est. tempo de leitura":"1 minuto"},"schema":{"@context":"https:\/\/schema.org","@graph":[{"@type":"WebPage","@id":"https:\/\/institucional.ufrrj.br\/cpid\/por-uma-rural-antirracista\/","url":"https:\/\/institucional.ufrrj.br\/cpid\/por-uma-rural-antirracista\/","name":"Por uma Rural antirracista - Coordena\u00e7\u00e3o da Pol\u00edtica Institucional pela Diversidade, G\u00eanero, Etnia\/ra\u00e7a e Inclus\u00e3o","isPartOf":{"@id":"https:\/\/institucional.ufrrj.br\/cpid\/#website"},"primaryImageOfPage":{"@id":"https:\/\/institucional.ufrrj.br\/cpid\/por-uma-rural-antirracista\/#primaryimage"},"image":{"@id":"https:\/\/institucional.ufrrj.br\/cpid\/por-uma-rural-antirracista\/#primaryimage"},"thumbnailUrl":"https:\/\/institucional.ufrrj.br\/cpid\/files\/2024\/08\/antirrascista.jpg","datePublished":"2024-06-25T14:43:17+00:00","dateModified":"2024-08-29T01:44:19+00:00","breadcrumb":{"@id":"https:\/\/institucional.ufrrj.br\/cpid\/por-uma-rural-antirracista\/#breadcrumb"},"inLanguage":"pt-BR","potentialAction":[{"@type":"ReadAction","target":["https:\/\/institucional.ufrrj.br\/cpid\/por-uma-rural-antirracista\/"]}]},{"@type":"ImageObject","inLanguage":"pt-BR","@id":"https:\/\/institucional.ufrrj.br\/cpid\/por-uma-rural-antirracista\/#primaryimage","url":"https:\/\/institucional.ufrrj.br\/cpid\/files\/2024\/08\/antirrascista.jpg","contentUrl":"https:\/\/institucional.ufrrj.br\/cpid\/files\/2024\/08\/antirrascista.jpg","width":617,"height":617},{"@type":"BreadcrumbList","@id":"https:\/\/institucional.ufrrj.br\/cpid\/por-uma-rural-antirracista\/#breadcrumb","itemListElement":[{"@type":"ListItem","position":1,"name":"In\u00edcio","item":"https:\/\/institucional.ufrrj.br\/cpid\/"},{"@type":"ListItem","position":2,"name":"Por uma Rural antirracista"}]},{"@type":"WebSite","@id":"https:\/\/institucional.ufrrj.br\/cpid\/#website","url":"https:\/\/institucional.ufrrj.br\/cpid\/","name":"Coordena\u00e7\u00e3o da Pol\u00edtica Institucional pela Diversidade, G\u00eanero, Etnia\/ra\u00e7a e Inclus\u00e3o","description":"","potentialAction":[{"@type":"SearchAction","target":{"@type":"EntryPoint","urlTemplate":"https:\/\/institucional.ufrrj.br\/cpid\/?s={search_term_string}"},"query-input":{"@type":"PropertyValueSpecification","valueRequired":true,"valueName":"search_term_string"}}],"inLanguage":"pt-BR"}]}},"acf":[],"_links":{"self":[{"href":"https:\/\/institucional.ufrrj.br\/cpid\/wp-json\/wp\/v2\/pages\/63","targetHints":{"allow":["GET"]}}],"collection":[{"href":"https:\/\/institucional.ufrrj.br\/cpid\/wp-json\/wp\/v2\/pages"}],"about":[{"href":"https:\/\/institucional.ufrrj.br\/cpid\/wp-json\/wp\/v2\/types\/page"}],"author":[{"embeddable":true,"href":"https:\/\/institucional.ufrrj.br\/cpid\/wp-json\/wp\/v2\/users\/853"}],"replies":[{"embeddable":true,"href":"https:\/\/institucional.ufrrj.br\/cpid\/wp-json\/wp\/v2\/comments?post=63"}],"version-history":[{"count":17,"href":"https:\/\/institucional.ufrrj.br\/cpid\/wp-json\/wp\/v2\/pages\/63\/revisions"}],"predecessor-version":[{"id":458,"href":"https:\/\/institucional.ufrrj.br\/cpid\/wp-json\/wp\/v2\/pages\/63\/revisions\/458"}],"wp:attachment":[{"href":"https:\/\/institucional.ufrrj.br\/cpid\/wp-json\/wp\/v2\/media?parent=63"}],"curies":[{"name":"wp","href":"https:\/\/api.w.org\/{rel}","templated":true}]}}