{"id":60,"date":"2024-06-25T11:37:56","date_gmt":"2024-06-25T14:37:56","guid":{"rendered":"https:\/\/institucional.ufrrj.br\/cpid\/?page_id=60"},"modified":"2024-08-27T12:33:17","modified_gmt":"2024-08-27T15:33:17","slug":"orgulhe-se-rural","status":"publish","type":"page","link":"https:\/\/institucional.ufrrj.br\/cpid\/orgulhe-se-rural\/","title":{"rendered":"Orgulhe-se! Rural"},"content":{"rendered":"<div class=\"wp-block-image \">\n<figure class=\"alignleft size-full is-resized eplus-wrapper\"><img loading=\"lazy\" decoding=\"async\" src=\"https:\/\/institucional.ufrrj.br\/cpid\/files\/2024\/08\/orgulhe.se_-3.jpg\" alt=\"\" class=\"wp-image-109\" width=\"388\" height=\"388\" srcset=\"https:\/\/institucional.ufrrj.br\/cpid\/files\/2024\/08\/orgulhe.se_-3.jpg 500w, https:\/\/institucional.ufrrj.br\/cpid\/files\/2024\/08\/orgulhe.se_-3-300x300.jpg 300w, https:\/\/institucional.ufrrj.br\/cpid\/files\/2024\/08\/orgulhe.se_-3-150x150.jpg 150w, https:\/\/institucional.ufrrj.br\/cpid\/files\/2024\/08\/orgulhe.se_-3-200x200.jpg 200w, https:\/\/institucional.ufrrj.br\/cpid\/files\/2024\/08\/orgulhe.se_-3-70x70.jpg 70w\" sizes=\"auto, (max-width: 388px) 100vw, 388px\" \/><figcaption class=\"wp-element-caption\">Logomarca da Campanha<\/figcaption><\/figure>\n<\/div>\n\n\n<p class=\" eplus-wrapper\"><\/p>\n\n\n\n<div class=\"wp-block-group eplus-wrapper\"><div class=\"wp-block-group__inner-container is-layout-constrained wp-block-group-is-layout-constrained\">\n<p class=\" has-text-align-left eplus-wrapper\">A finalidade \u00e9 promover a discuss\u00e3o em torno da cidadania da popula\u00e7\u00e3o LGBTQIA+ (l\u00e9sbicas, gays, bissexuais, travestis, transexuais, queers, intersexos e assexuais), al\u00e9m da sensibiliza\u00e7\u00e3o para a desconstru\u00e7\u00e3o de preconceitos e estere\u00f3tipos. A Campanha Orgulhe-se: LGBTQIA+ RURAL \u00e9 permanente e acontece de 1\u00ba a 30 de junho (M\u00eas do Orgulho LGBTQIA+).<\/p>\n\n\n\n<p class=\" eplus-wrapper\"><\/p>\n<\/div><\/div>\n\n\n\n<figure class=\" wp-block-image size-large is-resized eplus-wrapper\"><a href=\"https:\/\/www.instagram.com\/orgulhese.ufrrj?igsh=MTBoaHhnNWtmbGF1aQ==\" target=\"_blank\" rel=\"noreferrer noopener\"><img loading=\"lazy\" decoding=\"async\" src=\"https:\/\/institucional.ufrrj.br\/cpid\/files\/2024\/08\/ig-4-1024x986.png\" alt=\"\" class=\"wp-image-114\" width=\"92\" height=\"88\" srcset=\"https:\/\/institucional.ufrrj.br\/cpid\/files\/2024\/08\/ig-4-1024x986.png 1024w, https:\/\/institucional.ufrrj.br\/cpid\/files\/2024\/08\/ig-4-300x289.png 300w, https:\/\/institucional.ufrrj.br\/cpid\/files\/2024\/08\/ig-4-768x739.png 768w, https:\/\/institucional.ufrrj.br\/cpid\/files\/2024\/08\/ig-4-73x70.png 73w, https:\/\/institucional.ufrrj.br\/cpid\/files\/2024\/08\/ig-4.png 1122w\" sizes=\"auto, (max-width: 92px) 100vw, 92px\" \/><\/a><\/figure>\n\n\n\n<p class=\" eplus-wrapper\"><\/p>\n","protected":false},"excerpt":{"rendered":"<p>A finalidade \u00e9 promover a discuss\u00e3o em torno da cidadania da popula\u00e7\u00e3o LGBTQIA+ (l\u00e9sbicas, gays, bissexuais, travestis, transexuais, queers, intersexos e assexuais), [&hellip;]<\/p>\n","protected":false},"author":853,"featured_media":0,"parent":0,"menu_order":0,"comment_status":"closed","ping_status":"closed","template":"","meta":{"_acf_changed":false,"footnotes":""},"class_list":["post-60","page","type-page","status-publish","hentry"],"yoast_head":"<!-- This site is optimized with the Yoast SEO plugin v27.2 - https:\/\/yoast.com\/product\/yoast-seo-wordpress\/ -->\n<title>Orgulhe-se! Rural - Coordena\u00e7\u00e3o da Pol\u00edtica Institucional pela Diversidade, G\u00eanero, Etnia\/ra\u00e7a e Inclus\u00e3o<\/title>\n<meta name=\"robots\" content=\"index, follow, max-snippet:-1, max-image-preview:large, max-video-preview:-1\" \/>\n<link rel=\"canonical\" href=\"https:\/\/institucional.ufrrj.br\/cpid\/orgulhe-se-rural\/\" \/>\n<meta property=\"og:locale\" content=\"pt_BR\" \/>\n<meta property=\"og:type\" content=\"article\" \/>\n<meta property=\"og:title\" content=\"Orgulhe-se! Rural - Coordena\u00e7\u00e3o da Pol\u00edtica Institucional pela Diversidade, G\u00eanero, Etnia\/ra\u00e7a e Inclus\u00e3o\" \/>\n<meta property=\"og:description\" content=\"A finalidade \u00e9 promover a discuss\u00e3o em torno da cidadania da popula\u00e7\u00e3o LGBTQIA+ (l\u00e9sbicas, gays, bissexuais, travestis, transexuais, queers, intersexos e assexuais), [&hellip;]\" \/>\n<meta property=\"og:url\" content=\"https:\/\/institucional.ufrrj.br\/cpid\/orgulhe-se-rural\/\" \/>\n<meta property=\"og:site_name\" content=\"Coordena\u00e7\u00e3o da Pol\u00edtica Institucional pela Diversidade, G\u00eanero, Etnia\/ra\u00e7a e Inclus\u00e3o\" \/>\n<meta property=\"article:modified_time\" content=\"2024-08-27T15:33:17+00:00\" \/>\n<meta property=\"og:image\" content=\"https:\/\/institucional.ufrrj.br\/cpid\/files\/2024\/08\/orgulhe.se_-3.jpg\" \/>\n<meta name=\"twitter:card\" content=\"summary_large_image\" \/>\n<meta name=\"twitter:label1\" content=\"Est. tempo de leitura\" \/>\n\t<meta name=\"twitter:data1\" content=\"1 minuto\" \/>\n<script type=\"application\/ld+json\" class=\"yoast-schema-graph\">{\"@context\":\"https:\/\/schema.org\",\"@graph\":[{\"@type\":\"WebPage\",\"@id\":\"https:\/\/institucional.ufrrj.br\/cpid\/orgulhe-se-rural\/\",\"url\":\"https:\/\/institucional.ufrrj.br\/cpid\/orgulhe-se-rural\/\",\"name\":\"Orgulhe-se! Rural - Coordena\u00e7\u00e3o da Pol\u00edtica Institucional pela Diversidade, G\u00eanero, Etnia\/ra\u00e7a e Inclus\u00e3o\",\"isPartOf\":{\"@id\":\"https:\/\/institucional.ufrrj.br\/cpid\/#website\"},\"primaryImageOfPage\":{\"@id\":\"https:\/\/institucional.ufrrj.br\/cpid\/orgulhe-se-rural\/#primaryimage\"},\"image\":{\"@id\":\"https:\/\/institucional.ufrrj.br\/cpid\/orgulhe-se-rural\/#primaryimage\"},\"thumbnailUrl\":\"https:\/\/institucional.ufrrj.br\/cpid\/files\/2024\/08\/orgulhe.se_-3.jpg\",\"datePublished\":\"2024-06-25T14:37:56+00:00\",\"dateModified\":\"2024-08-27T15:33:17+00:00\",\"breadcrumb\":{\"@id\":\"https:\/\/institucional.ufrrj.br\/cpid\/orgulhe-se-rural\/#breadcrumb\"},\"inLanguage\":\"pt-BR\",\"potentialAction\":[{\"@type\":\"ReadAction\",\"target\":[\"https:\/\/institucional.ufrrj.br\/cpid\/orgulhe-se-rural\/\"]}]},{\"@type\":\"ImageObject\",\"inLanguage\":\"pt-BR\",\"@id\":\"https:\/\/institucional.ufrrj.br\/cpid\/orgulhe-se-rural\/#primaryimage\",\"url\":\"https:\/\/institucional.ufrrj.br\/cpid\/files\/2024\/08\/orgulhe.se_-3.jpg\",\"contentUrl\":\"https:\/\/institucional.ufrrj.br\/cpid\/files\/2024\/08\/orgulhe.se_-3.jpg\",\"width\":500,\"height\":500},{\"@type\":\"BreadcrumbList\",\"@id\":\"https:\/\/institucional.ufrrj.br\/cpid\/orgulhe-se-rural\/#breadcrumb\",\"itemListElement\":[{\"@type\":\"ListItem\",\"position\":1,\"name\":\"In\u00edcio\",\"item\":\"https:\/\/institucional.ufrrj.br\/cpid\/\"},{\"@type\":\"ListItem\",\"position\":2,\"name\":\"Orgulhe-se! Rural\"}]},{\"@type\":\"WebSite\",\"@id\":\"https:\/\/institucional.ufrrj.br\/cpid\/#website\",\"url\":\"https:\/\/institucional.ufrrj.br\/cpid\/\",\"name\":\"Coordena\u00e7\u00e3o da Pol\u00edtica Institucional pela Diversidade, G\u00eanero, Etnia\/ra\u00e7a e Inclus\u00e3o\",\"description\":\"\",\"potentialAction\":[{\"@type\":\"SearchAction\",\"target\":{\"@type\":\"EntryPoint\",\"urlTemplate\":\"https:\/\/institucional.ufrrj.br\/cpid\/?s={search_term_string}\"},\"query-input\":{\"@type\":\"PropertyValueSpecification\",\"valueRequired\":true,\"valueName\":\"search_term_string\"}}],\"inLanguage\":\"pt-BR\"}]}<\/script>\n<!-- \/ Yoast SEO plugin. -->","yoast_head_json":{"title":"Orgulhe-se! Rural - Coordena\u00e7\u00e3o da Pol\u00edtica Institucional pela Diversidade, G\u00eanero, Etnia\/ra\u00e7a e Inclus\u00e3o","robots":{"index":"index","follow":"follow","max-snippet":"max-snippet:-1","max-image-preview":"max-image-preview:large","max-video-preview":"max-video-preview:-1"},"canonical":"https:\/\/institucional.ufrrj.br\/cpid\/orgulhe-se-rural\/","og_locale":"pt_BR","og_type":"article","og_title":"Orgulhe-se! Rural - Coordena\u00e7\u00e3o da Pol\u00edtica Institucional pela Diversidade, G\u00eanero, Etnia\/ra\u00e7a e Inclus\u00e3o","og_description":"A finalidade \u00e9 promover a discuss\u00e3o em torno da cidadania da popula\u00e7\u00e3o LGBTQIA+ (l\u00e9sbicas, gays, bissexuais, travestis, transexuais, queers, intersexos e assexuais), [&hellip;]","og_url":"https:\/\/institucional.ufrrj.br\/cpid\/orgulhe-se-rural\/","og_site_name":"Coordena\u00e7\u00e3o da Pol\u00edtica Institucional pela Diversidade, G\u00eanero, Etnia\/ra\u00e7a e Inclus\u00e3o","article_modified_time":"2024-08-27T15:33:17+00:00","og_image":[{"url":"https:\/\/institucional.ufrrj.br\/cpid\/files\/2024\/08\/orgulhe.se_-3.jpg","type":"","width":"","height":""}],"twitter_card":"summary_large_image","twitter_misc":{"Est. tempo de leitura":"1 minuto"},"schema":{"@context":"https:\/\/schema.org","@graph":[{"@type":"WebPage","@id":"https:\/\/institucional.ufrrj.br\/cpid\/orgulhe-se-rural\/","url":"https:\/\/institucional.ufrrj.br\/cpid\/orgulhe-se-rural\/","name":"Orgulhe-se! Rural - Coordena\u00e7\u00e3o da Pol\u00edtica Institucional pela Diversidade, G\u00eanero, Etnia\/ra\u00e7a e Inclus\u00e3o","isPartOf":{"@id":"https:\/\/institucional.ufrrj.br\/cpid\/#website"},"primaryImageOfPage":{"@id":"https:\/\/institucional.ufrrj.br\/cpid\/orgulhe-se-rural\/#primaryimage"},"image":{"@id":"https:\/\/institucional.ufrrj.br\/cpid\/orgulhe-se-rural\/#primaryimage"},"thumbnailUrl":"https:\/\/institucional.ufrrj.br\/cpid\/files\/2024\/08\/orgulhe.se_-3.jpg","datePublished":"2024-06-25T14:37:56+00:00","dateModified":"2024-08-27T15:33:17+00:00","breadcrumb":{"@id":"https:\/\/institucional.ufrrj.br\/cpid\/orgulhe-se-rural\/#breadcrumb"},"inLanguage":"pt-BR","potentialAction":[{"@type":"ReadAction","target":["https:\/\/institucional.ufrrj.br\/cpid\/orgulhe-se-rural\/"]}]},{"@type":"ImageObject","inLanguage":"pt-BR","@id":"https:\/\/institucional.ufrrj.br\/cpid\/orgulhe-se-rural\/#primaryimage","url":"https:\/\/institucional.ufrrj.br\/cpid\/files\/2024\/08\/orgulhe.se_-3.jpg","contentUrl":"https:\/\/institucional.ufrrj.br\/cpid\/files\/2024\/08\/orgulhe.se_-3.jpg","width":500,"height":500},{"@type":"BreadcrumbList","@id":"https:\/\/institucional.ufrrj.br\/cpid\/orgulhe-se-rural\/#breadcrumb","itemListElement":[{"@type":"ListItem","position":1,"name":"In\u00edcio","item":"https:\/\/institucional.ufrrj.br\/cpid\/"},{"@type":"ListItem","position":2,"name":"Orgulhe-se! Rural"}]},{"@type":"WebSite","@id":"https:\/\/institucional.ufrrj.br\/cpid\/#website","url":"https:\/\/institucional.ufrrj.br\/cpid\/","name":"Coordena\u00e7\u00e3o da Pol\u00edtica Institucional pela Diversidade, G\u00eanero, Etnia\/ra\u00e7a e Inclus\u00e3o","description":"","potentialAction":[{"@type":"SearchAction","target":{"@type":"EntryPoint","urlTemplate":"https:\/\/institucional.ufrrj.br\/cpid\/?s={search_term_string}"},"query-input":{"@type":"PropertyValueSpecification","valueRequired":true,"valueName":"search_term_string"}}],"inLanguage":"pt-BR"}]}},"acf":[],"_links":{"self":[{"href":"https:\/\/institucional.ufrrj.br\/cpid\/wp-json\/wp\/v2\/pages\/60","targetHints":{"allow":["GET"]}}],"collection":[{"href":"https:\/\/institucional.ufrrj.br\/cpid\/wp-json\/wp\/v2\/pages"}],"about":[{"href":"https:\/\/institucional.ufrrj.br\/cpid\/wp-json\/wp\/v2\/types\/page"}],"author":[{"embeddable":true,"href":"https:\/\/institucional.ufrrj.br\/cpid\/wp-json\/wp\/v2\/users\/853"}],"replies":[{"embeddable":true,"href":"https:\/\/institucional.ufrrj.br\/cpid\/wp-json\/wp\/v2\/comments?post=60"}],"version-history":[{"count":6,"href":"https:\/\/institucional.ufrrj.br\/cpid\/wp-json\/wp\/v2\/pages\/60\/revisions"}],"predecessor-version":[{"id":250,"href":"https:\/\/institucional.ufrrj.br\/cpid\/wp-json\/wp\/v2\/pages\/60\/revisions\/250"}],"wp:attachment":[{"href":"https:\/\/institucional.ufrrj.br\/cpid\/wp-json\/wp\/v2\/media?parent=60"}],"curies":[{"name":"wp","href":"https:\/\/api.w.org\/{rel}","templated":true}]}}