{"id":56,"date":"2024-06-25T11:32:40","date_gmt":"2024-06-25T14:32:40","guid":{"rendered":"https:\/\/institucional.ufrrj.br\/cpid\/?page_id=56"},"modified":"2024-12-05T07:09:26","modified_gmt":"2024-12-05T10:09:26","slug":"documentos-oficiais","status":"publish","type":"page","link":"https:\/\/institucional.ufrrj.br\/cpid\/documentos-oficiais\/","title":{"rendered":"Documentos oficiais"},"content":{"rendered":"\n<p class=\" eplus-wrapper\"><strong><a href=\"https:\/\/institucional.ufrrj.br\/soc\/files\/2024\/09\/Delib-492-CEPE-2024.pdf\" target=\"_blank\" rel=\"noreferrer noopener\">DELIBERA\u00c7\u00c3O N\u00ba 492\/2024 &#8211; SAOC (12.28.01.03) <\/a><\/strong> &#8211; Aprova\u00e7\u00e3o das normas e regulamenta\u00e7\u00e3o da reserva de vagas de pessoas transexuais e travestis nas Pol\u00edticas de A\u00e7\u00f5es Afirmativas no \u00e2mbito dos cursos de gradua\u00e7\u00e3o da UFRRJ.<\/p>\n\n\n\n<p class=\" eplus-wrapper\"><strong><a href=\"https:\/\/sipac.ufrrj.br\/sipac\/protocolo\/memorando_eletronico\/memorando_eletronico.jsf?idMemorandoEletronico=1664601&amp;sr=true\" target=\"_blank\" rel=\"noreferrer noopener\">MEMORANDO CIRCULAR N\u00ba 23\/2024 &#8211; CPID<\/a><\/strong> &#8211; Servi\u00e7os de Apoio Psicol\u00f3gico e Social \u00e0 comunidade da UFRRJ.<\/p>\n\n\n\n<p class=\" eplus-wrapper\"><strong><a href=\"https:\/\/portal.ufrrj.br\/wp-content\/uploads\/2023\/11\/DELIBERACAO-No-556-2023-SAOC.pdf\">DELIBERA\u00c7\u00c3O N\u00ba 556 \/ <\/a><a href=\"https:\/\/portal.ufrrj.br\/wp-content\/uploads\/2023\/11\/DELIBERACAO-No-556-2023-SAOC.pdf\" target=\"_blank\" rel=\"noreferrer noopener\">2023 <\/a><a href=\"https:\/\/portal.ufrrj.br\/wp-content\/uploads\/2023\/11\/DELIBERACAO-No-556-2023-SAOC.pdf\">&#8211; SAOC (12.28.01.03)<\/a><\/strong> &#8211; Normas para Regulamenta\u00e7\u00e3o das A\u00e7\u00f5es Afirmativas nos Cursos e Programas Stricto SENSU da UFRRJ.<\/p>\n\n\n\n<p class=\" eplus-wrapper\"><a href=\"https:\/\/institucional.ufrrj.br\/soc\/files\/2024\/07\/Delibe-370-CONSU-2024.pdf\" target=\"_blank\" rel=\"noreferrer noopener\"><strong>DELIBERA\u00c7\u00c3O N\u00ba 370 \u2013 CONSU (12.28.01.03)<\/strong><\/a> &#8211; Cartilha de Preven\u00e7\u00e3o a Viol\u00eancia elaborada pela Comiss\u00e3o Permanente da CPID.<\/p>\n\n\n\n<p class=\" eplus-wrapper\"><strong><a href=\"https:\/\/institucional.ufrrj.br\/soc\/files\/2024\/02\/Delib-83-CEPE-2024.pdf\" target=\"_blank\" rel=\"noreferrer noopener\">DELIBERA\u00c7\u00c3O <\/a><a href=\"https:\/\/institucional.ufrrj.br\/soc\/files\/2024\/02\/Delib-83-CEPE-2024.pdf\">N\u00ba 83 \/ 2024 \u2013 SAOC (12.28.01.03)<\/a><\/strong> &#8211; Aprova\u00e7\u00e3o da agenda Institucional de Campanhas Permanentes.<\/p>\n\n\n\n<p class=\" eplus-wrapper\"><strong><a href=\"https:\/\/portal.ufrrj.br\/wp-content\/uploads\/2023\/07\/2.-Delib-430-CONSU-2021-Politica-de-acolhimento-as-pessoas-em-situacao-de-violencia-2021-1.pdf\" target=\"_blank\" rel=\"noreferrer noopener\">DELIBERA\u00c7\u00c3O <\/a><a href=\"https:\/\/portal.ufrrj.br\/wp-content\/uploads\/2023\/07\/2.-Delib-430-CONSU-2021-Politica-de-acolhimento-as-pessoas-em-situacao-de-violencia-2021-1.pdf\">N\u00ba 430 \/ 2021 &#8211; SAOC (12.28.01.03)<\/a><\/strong> &#8211; Pol\u00edtica de Acolhimento \u00e0s Pessoas em situa\u00e7\u00e3o de viol\u00eancia e Promo\u00e7\u00e3o da Equidade na UFRRJ<\/p>\n\n\n\n<p class=\" eplus-wrapper\"><strong><a href=\"https:\/\/institucional.ufrrj.br\/soc\/files\/2023\/02\/Delib-22-CONSU-2023.pdf\" target=\"_blank\" rel=\"noreferrer noopener\">DELIBERA\u00c7\u00c3O N\u00ba 22 \/ 2023 &#8211; SAOC (12.28.01.03).<\/a><\/strong> Normas que disp\u00f5em sobre o uso do nome social e sinaliza\u00e7\u00e3o de banheiros e vesti\u00e1rios, cuja finalidade \u00e9 a inclus\u00e3o e garantia de perman\u00eancia de pessoas transexuais, travestis e transg\u00eaneros na UFRRJ.<\/p>\n","protected":false},"excerpt":{"rendered":"<p>DELIBERA\u00c7\u00c3O N\u00ba 492\/2024 &#8211; SAOC (12.28.01.03) &#8211; Aprova\u00e7\u00e3o das normas e regulamenta\u00e7\u00e3o da reserva de vagas de pessoas transexuais e travestis nas [&hellip;]<\/p>\n","protected":false},"author":853,"featured_media":0,"parent":0,"menu_order":0,"comment_status":"closed","ping_status":"closed","template":"","meta":{"_acf_changed":false,"footnotes":""},"class_list":["post-56","page","type-page","status-publish","hentry"],"yoast_head":"<!-- This site is optimized with the Yoast SEO plugin v27.2 - https:\/\/yoast.com\/product\/yoast-seo-wordpress\/ -->\n<title>Documentos oficiais - Coordena\u00e7\u00e3o da Pol\u00edtica Institucional pela Diversidade, G\u00eanero, Etnia\/ra\u00e7a e Inclus\u00e3o<\/title>\n<meta name=\"robots\" content=\"index, follow, max-snippet:-1, max-image-preview:large, max-video-preview:-1\" \/>\n<link rel=\"canonical\" href=\"https:\/\/institucional.ufrrj.br\/cpid\/documentos-oficiais\/\" \/>\n<meta property=\"og:locale\" content=\"pt_BR\" \/>\n<meta property=\"og:type\" content=\"article\" \/>\n<meta property=\"og:title\" content=\"Documentos oficiais - Coordena\u00e7\u00e3o da Pol\u00edtica Institucional pela Diversidade, G\u00eanero, Etnia\/ra\u00e7a e Inclus\u00e3o\" \/>\n<meta property=\"og:description\" content=\"DELIBERA\u00c7\u00c3O N\u00ba 492\/2024 &#8211; SAOC (12.28.01.03) &#8211; Aprova\u00e7\u00e3o das normas e regulamenta\u00e7\u00e3o da reserva de vagas de pessoas transexuais e travestis nas [&hellip;]\" \/>\n<meta property=\"og:url\" content=\"https:\/\/institucional.ufrrj.br\/cpid\/documentos-oficiais\/\" \/>\n<meta property=\"og:site_name\" content=\"Coordena\u00e7\u00e3o da Pol\u00edtica Institucional pela Diversidade, G\u00eanero, Etnia\/ra\u00e7a e Inclus\u00e3o\" \/>\n<meta property=\"article:modified_time\" content=\"2024-12-05T10:09:26+00:00\" \/>\n<meta name=\"twitter:card\" content=\"summary_large_image\" \/>\n<meta name=\"twitter:label1\" content=\"Est. tempo de leitura\" \/>\n\t<meta name=\"twitter:data1\" content=\"1 minuto\" \/>\n<script type=\"application\/ld+json\" class=\"yoast-schema-graph\">{\"@context\":\"https:\/\/schema.org\",\"@graph\":[{\"@type\":\"WebPage\",\"@id\":\"https:\/\/institucional.ufrrj.br\/cpid\/documentos-oficiais\/\",\"url\":\"https:\/\/institucional.ufrrj.br\/cpid\/documentos-oficiais\/\",\"name\":\"Documentos oficiais - Coordena\u00e7\u00e3o da Pol\u00edtica Institucional pela Diversidade, G\u00eanero, Etnia\/ra\u00e7a e Inclus\u00e3o\",\"isPartOf\":{\"@id\":\"https:\/\/institucional.ufrrj.br\/cpid\/#website\"},\"datePublished\":\"2024-06-25T14:32:40+00:00\",\"dateModified\":\"2024-12-05T10:09:26+00:00\",\"breadcrumb\":{\"@id\":\"https:\/\/institucional.ufrrj.br\/cpid\/documentos-oficiais\/#breadcrumb\"},\"inLanguage\":\"pt-BR\",\"potentialAction\":[{\"@type\":\"ReadAction\",\"target\":[\"https:\/\/institucional.ufrrj.br\/cpid\/documentos-oficiais\/\"]}]},{\"@type\":\"BreadcrumbList\",\"@id\":\"https:\/\/institucional.ufrrj.br\/cpid\/documentos-oficiais\/#breadcrumb\",\"itemListElement\":[{\"@type\":\"ListItem\",\"position\":1,\"name\":\"In\u00edcio\",\"item\":\"https:\/\/institucional.ufrrj.br\/cpid\/\"},{\"@type\":\"ListItem\",\"position\":2,\"name\":\"Documentos oficiais\"}]},{\"@type\":\"WebSite\",\"@id\":\"https:\/\/institucional.ufrrj.br\/cpid\/#website\",\"url\":\"https:\/\/institucional.ufrrj.br\/cpid\/\",\"name\":\"Coordena\u00e7\u00e3o da Pol\u00edtica Institucional pela Diversidade, G\u00eanero, Etnia\/ra\u00e7a e Inclus\u00e3o\",\"description\":\"\",\"potentialAction\":[{\"@type\":\"SearchAction\",\"target\":{\"@type\":\"EntryPoint\",\"urlTemplate\":\"https:\/\/institucional.ufrrj.br\/cpid\/?s={search_term_string}\"},\"query-input\":{\"@type\":\"PropertyValueSpecification\",\"valueRequired\":true,\"valueName\":\"search_term_string\"}}],\"inLanguage\":\"pt-BR\"}]}<\/script>\n<!-- \/ Yoast SEO plugin. -->","yoast_head_json":{"title":"Documentos oficiais - Coordena\u00e7\u00e3o da Pol\u00edtica Institucional pela Diversidade, G\u00eanero, Etnia\/ra\u00e7a e Inclus\u00e3o","robots":{"index":"index","follow":"follow","max-snippet":"max-snippet:-1","max-image-preview":"max-image-preview:large","max-video-preview":"max-video-preview:-1"},"canonical":"https:\/\/institucional.ufrrj.br\/cpid\/documentos-oficiais\/","og_locale":"pt_BR","og_type":"article","og_title":"Documentos oficiais - Coordena\u00e7\u00e3o da Pol\u00edtica Institucional pela Diversidade, G\u00eanero, Etnia\/ra\u00e7a e Inclus\u00e3o","og_description":"DELIBERA\u00c7\u00c3O N\u00ba 492\/2024 &#8211; SAOC (12.28.01.03) &#8211; Aprova\u00e7\u00e3o das normas e regulamenta\u00e7\u00e3o da reserva de vagas de pessoas transexuais e travestis nas [&hellip;]","og_url":"https:\/\/institucional.ufrrj.br\/cpid\/documentos-oficiais\/","og_site_name":"Coordena\u00e7\u00e3o da Pol\u00edtica Institucional pela Diversidade, G\u00eanero, Etnia\/ra\u00e7a e Inclus\u00e3o","article_modified_time":"2024-12-05T10:09:26+00:00","twitter_card":"summary_large_image","twitter_misc":{"Est. tempo de leitura":"1 minuto"},"schema":{"@context":"https:\/\/schema.org","@graph":[{"@type":"WebPage","@id":"https:\/\/institucional.ufrrj.br\/cpid\/documentos-oficiais\/","url":"https:\/\/institucional.ufrrj.br\/cpid\/documentos-oficiais\/","name":"Documentos oficiais - Coordena\u00e7\u00e3o da Pol\u00edtica Institucional pela Diversidade, G\u00eanero, Etnia\/ra\u00e7a e Inclus\u00e3o","isPartOf":{"@id":"https:\/\/institucional.ufrrj.br\/cpid\/#website"},"datePublished":"2024-06-25T14:32:40+00:00","dateModified":"2024-12-05T10:09:26+00:00","breadcrumb":{"@id":"https:\/\/institucional.ufrrj.br\/cpid\/documentos-oficiais\/#breadcrumb"},"inLanguage":"pt-BR","potentialAction":[{"@type":"ReadAction","target":["https:\/\/institucional.ufrrj.br\/cpid\/documentos-oficiais\/"]}]},{"@type":"BreadcrumbList","@id":"https:\/\/institucional.ufrrj.br\/cpid\/documentos-oficiais\/#breadcrumb","itemListElement":[{"@type":"ListItem","position":1,"name":"In\u00edcio","item":"https:\/\/institucional.ufrrj.br\/cpid\/"},{"@type":"ListItem","position":2,"name":"Documentos oficiais"}]},{"@type":"WebSite","@id":"https:\/\/institucional.ufrrj.br\/cpid\/#website","url":"https:\/\/institucional.ufrrj.br\/cpid\/","name":"Coordena\u00e7\u00e3o da Pol\u00edtica Institucional pela Diversidade, G\u00eanero, Etnia\/ra\u00e7a e Inclus\u00e3o","description":"","potentialAction":[{"@type":"SearchAction","target":{"@type":"EntryPoint","urlTemplate":"https:\/\/institucional.ufrrj.br\/cpid\/?s={search_term_string}"},"query-input":{"@type":"PropertyValueSpecification","valueRequired":true,"valueName":"search_term_string"}}],"inLanguage":"pt-BR"}]}},"acf":[],"_links":{"self":[{"href":"https:\/\/institucional.ufrrj.br\/cpid\/wp-json\/wp\/v2\/pages\/56","targetHints":{"allow":["GET"]}}],"collection":[{"href":"https:\/\/institucional.ufrrj.br\/cpid\/wp-json\/wp\/v2\/pages"}],"about":[{"href":"https:\/\/institucional.ufrrj.br\/cpid\/wp-json\/wp\/v2\/types\/page"}],"author":[{"embeddable":true,"href":"https:\/\/institucional.ufrrj.br\/cpid\/wp-json\/wp\/v2\/users\/853"}],"replies":[{"embeddable":true,"href":"https:\/\/institucional.ufrrj.br\/cpid\/wp-json\/wp\/v2\/comments?post=56"}],"version-history":[{"count":10,"href":"https:\/\/institucional.ufrrj.br\/cpid\/wp-json\/wp\/v2\/pages\/56\/revisions"}],"predecessor-version":[{"id":472,"href":"https:\/\/institucional.ufrrj.br\/cpid\/wp-json\/wp\/v2\/pages\/56\/revisions\/472"}],"wp:attachment":[{"href":"https:\/\/institucional.ufrrj.br\/cpid\/wp-json\/wp\/v2\/media?parent=56"}],"curies":[{"name":"wp","href":"https:\/\/api.w.org\/{rel}","templated":true}]}}