{"id":26,"date":"2024-06-25T10:14:42","date_gmt":"2024-06-25T13:14:42","guid":{"rendered":"https:\/\/institucional.ufrrj.br\/cpid\/?page_id=26"},"modified":"2024-08-27T12:32:41","modified_gmt":"2024-08-27T15:32:41","slug":"mulheridades","status":"publish","type":"page","link":"https:\/\/institucional.ufrrj.br\/cpid\/campanhas\/mulheridades\/","title":{"rendered":"Mulheridades"},"content":{"rendered":"\n<p class=\" eplus-wrapper\"><\/p>\n\n\n<div class=\"wp-block-image \">\n<figure class=\"alignleft size-full is-resized eplus-wrapper\"><img loading=\"lazy\" decoding=\"async\" src=\"https:\/\/institucional.ufrrj.br\/cpid\/files\/2024\/08\/mulher.jpg\" alt=\"\" class=\"wp-image-103\" width=\"278\" height=\"278\" srcset=\"https:\/\/institucional.ufrrj.br\/cpid\/files\/2024\/08\/mulher.jpg 640w, https:\/\/institucional.ufrrj.br\/cpid\/files\/2024\/08\/mulher-300x300.jpg 300w, https:\/\/institucional.ufrrj.br\/cpid\/files\/2024\/08\/mulher-150x150.jpg 150w, https:\/\/institucional.ufrrj.br\/cpid\/files\/2024\/08\/mulher-200x200.jpg 200w, https:\/\/institucional.ufrrj.br\/cpid\/files\/2024\/08\/mulher-70x70.jpg 70w\" sizes=\"auto, (max-width: 278px) 100vw, 278px\" \/><figcaption class=\"wp-element-caption\">Logomarca da Campanha<\/figcaption><\/figure>\n<\/div>\n\n\n<p class=\" eplus-wrapper\">O objetivo \u00e9 fomentar o debate em torno da luta pela igualdade de g\u00eanero e tamb\u00e9m a luta contra a viol\u00eancia contra as mulheres. A Campanha Mulheridades \u00e9 permanente na institui\u00e7\u00e3o e acontece nos per\u00edodos de 1\u00ba a 31 de mar\u00e7o (M\u00eas das Mulheres) e de 1\u00ba a 31 de agosto (Agosto Lil\u00e1s).<\/p>\n\n\n\n<figure class=\" wp-block-image size-large is-resized eplus-wrapper\"><a href=\"https:\/\/www.instagram.com\/mulheridades.ufrrj\/\" target=\"_blank\" rel=\"noreferrer noopener\"><img loading=\"lazy\" decoding=\"async\" src=\"https:\/\/institucional.ufrrj.br\/cpid\/files\/2024\/08\/ig-3-1024x986.png\" alt=\"\" class=\"wp-image-100\" width=\"80\" height=\"76\" srcset=\"https:\/\/institucional.ufrrj.br\/cpid\/files\/2024\/08\/ig-3-1024x986.png 1024w, https:\/\/institucional.ufrrj.br\/cpid\/files\/2024\/08\/ig-3-300x289.png 300w, https:\/\/institucional.ufrrj.br\/cpid\/files\/2024\/08\/ig-3-768x739.png 768w, https:\/\/institucional.ufrrj.br\/cpid\/files\/2024\/08\/ig-3-73x70.png 73w, https:\/\/institucional.ufrrj.br\/cpid\/files\/2024\/08\/ig-3.png 1122w\" sizes=\"auto, (max-width: 80px) 100vw, 80px\" \/><\/a><\/figure>\n\n\n\n<p class=\" eplus-wrapper\"><\/p>\n","protected":false},"excerpt":{"rendered":"<p>O objetivo \u00e9 fomentar o debate em torno da luta pela igualdade de g\u00eanero e tamb\u00e9m a luta contra a viol\u00eancia contra [&hellip;]<\/p>\n","protected":false},"author":634,"featured_media":0,"parent":24,"menu_order":0,"comment_status":"closed","ping_status":"closed","template":"","meta":{"_acf_changed":false,"footnotes":""},"class_list":["post-26","page","type-page","status-publish","hentry"],"yoast_head":"<!-- This site is optimized with the Yoast SEO plugin v27.2 - https:\/\/yoast.com\/product\/yoast-seo-wordpress\/ -->\n<title>Mulheridades - Coordena\u00e7\u00e3o da Pol\u00edtica Institucional pela Diversidade, G\u00eanero, Etnia\/ra\u00e7a e Inclus\u00e3o<\/title>\n<meta name=\"robots\" content=\"index, follow, max-snippet:-1, max-image-preview:large, max-video-preview:-1\" \/>\n<link rel=\"canonical\" href=\"https:\/\/institucional.ufrrj.br\/cpid\/campanhas\/mulheridades\/\" \/>\n<meta property=\"og:locale\" content=\"pt_BR\" \/>\n<meta property=\"og:type\" content=\"article\" \/>\n<meta property=\"og:title\" content=\"Mulheridades - Coordena\u00e7\u00e3o da Pol\u00edtica Institucional pela Diversidade, G\u00eanero, Etnia\/ra\u00e7a e Inclus\u00e3o\" \/>\n<meta property=\"og:description\" content=\"O objetivo \u00e9 fomentar o debate em torno da luta pela igualdade de g\u00eanero e tamb\u00e9m a luta contra a viol\u00eancia contra [&hellip;]\" \/>\n<meta property=\"og:url\" content=\"https:\/\/institucional.ufrrj.br\/cpid\/campanhas\/mulheridades\/\" \/>\n<meta property=\"og:site_name\" content=\"Coordena\u00e7\u00e3o da Pol\u00edtica Institucional pela Diversidade, G\u00eanero, Etnia\/ra\u00e7a e Inclus\u00e3o\" \/>\n<meta property=\"article:modified_time\" content=\"2024-08-27T15:32:41+00:00\" \/>\n<meta property=\"og:image\" content=\"https:\/\/institucional.ufrrj.br\/cpid\/files\/2024\/08\/mulher.jpg\" \/>\n<meta name=\"twitter:card\" content=\"summary_large_image\" \/>\n<meta name=\"twitter:label1\" content=\"Est. tempo de leitura\" \/>\n\t<meta name=\"twitter:data1\" content=\"1 minuto\" \/>\n<script type=\"application\/ld+json\" class=\"yoast-schema-graph\">{\"@context\":\"https:\/\/schema.org\",\"@graph\":[{\"@type\":\"WebPage\",\"@id\":\"https:\/\/institucional.ufrrj.br\/cpid\/campanhas\/mulheridades\/\",\"url\":\"https:\/\/institucional.ufrrj.br\/cpid\/campanhas\/mulheridades\/\",\"name\":\"Mulheridades - Coordena\u00e7\u00e3o da Pol\u00edtica Institucional pela Diversidade, G\u00eanero, Etnia\/ra\u00e7a e Inclus\u00e3o\",\"isPartOf\":{\"@id\":\"https:\/\/institucional.ufrrj.br\/cpid\/#website\"},\"primaryImageOfPage\":{\"@id\":\"https:\/\/institucional.ufrrj.br\/cpid\/campanhas\/mulheridades\/#primaryimage\"},\"image\":{\"@id\":\"https:\/\/institucional.ufrrj.br\/cpid\/campanhas\/mulheridades\/#primaryimage\"},\"thumbnailUrl\":\"https:\/\/institucional.ufrrj.br\/cpid\/files\/2024\/08\/mulher.jpg\",\"datePublished\":\"2024-06-25T13:14:42+00:00\",\"dateModified\":\"2024-08-27T15:32:41+00:00\",\"breadcrumb\":{\"@id\":\"https:\/\/institucional.ufrrj.br\/cpid\/campanhas\/mulheridades\/#breadcrumb\"},\"inLanguage\":\"pt-BR\",\"potentialAction\":[{\"@type\":\"ReadAction\",\"target\":[\"https:\/\/institucional.ufrrj.br\/cpid\/campanhas\/mulheridades\/\"]}]},{\"@type\":\"ImageObject\",\"inLanguage\":\"pt-BR\",\"@id\":\"https:\/\/institucional.ufrrj.br\/cpid\/campanhas\/mulheridades\/#primaryimage\",\"url\":\"https:\/\/institucional.ufrrj.br\/cpid\/files\/2024\/08\/mulher.jpg\",\"contentUrl\":\"https:\/\/institucional.ufrrj.br\/cpid\/files\/2024\/08\/mulher.jpg\",\"width\":640,\"height\":640},{\"@type\":\"BreadcrumbList\",\"@id\":\"https:\/\/institucional.ufrrj.br\/cpid\/campanhas\/mulheridades\/#breadcrumb\",\"itemListElement\":[{\"@type\":\"ListItem\",\"position\":1,\"name\":\"In\u00edcio\",\"item\":\"https:\/\/institucional.ufrrj.br\/cpid\/\"},{\"@type\":\"ListItem\",\"position\":2,\"name\":\"Campanhas\",\"item\":\"https:\/\/institucional.ufrrj.br\/cpid\/campanhas\/\"},{\"@type\":\"ListItem\",\"position\":3,\"name\":\"Mulheridades\"}]},{\"@type\":\"WebSite\",\"@id\":\"https:\/\/institucional.ufrrj.br\/cpid\/#website\",\"url\":\"https:\/\/institucional.ufrrj.br\/cpid\/\",\"name\":\"Coordena\u00e7\u00e3o da Pol\u00edtica Institucional pela Diversidade, G\u00eanero, Etnia\/ra\u00e7a e Inclus\u00e3o\",\"description\":\"\",\"potentialAction\":[{\"@type\":\"SearchAction\",\"target\":{\"@type\":\"EntryPoint\",\"urlTemplate\":\"https:\/\/institucional.ufrrj.br\/cpid\/?s={search_term_string}\"},\"query-input\":{\"@type\":\"PropertyValueSpecification\",\"valueRequired\":true,\"valueName\":\"search_term_string\"}}],\"inLanguage\":\"pt-BR\"}]}<\/script>\n<!-- \/ Yoast SEO plugin. -->","yoast_head_json":{"title":"Mulheridades - Coordena\u00e7\u00e3o da Pol\u00edtica Institucional pela Diversidade, G\u00eanero, Etnia\/ra\u00e7a e Inclus\u00e3o","robots":{"index":"index","follow":"follow","max-snippet":"max-snippet:-1","max-image-preview":"max-image-preview:large","max-video-preview":"max-video-preview:-1"},"canonical":"https:\/\/institucional.ufrrj.br\/cpid\/campanhas\/mulheridades\/","og_locale":"pt_BR","og_type":"article","og_title":"Mulheridades - Coordena\u00e7\u00e3o da Pol\u00edtica Institucional pela Diversidade, G\u00eanero, Etnia\/ra\u00e7a e Inclus\u00e3o","og_description":"O objetivo \u00e9 fomentar o debate em torno da luta pela igualdade de g\u00eanero e tamb\u00e9m a luta contra a viol\u00eancia contra [&hellip;]","og_url":"https:\/\/institucional.ufrrj.br\/cpid\/campanhas\/mulheridades\/","og_site_name":"Coordena\u00e7\u00e3o da Pol\u00edtica Institucional pela Diversidade, G\u00eanero, Etnia\/ra\u00e7a e Inclus\u00e3o","article_modified_time":"2024-08-27T15:32:41+00:00","og_image":[{"url":"https:\/\/institucional.ufrrj.br\/cpid\/files\/2024\/08\/mulher.jpg","type":"","width":"","height":""}],"twitter_card":"summary_large_image","twitter_misc":{"Est. tempo de leitura":"1 minuto"},"schema":{"@context":"https:\/\/schema.org","@graph":[{"@type":"WebPage","@id":"https:\/\/institucional.ufrrj.br\/cpid\/campanhas\/mulheridades\/","url":"https:\/\/institucional.ufrrj.br\/cpid\/campanhas\/mulheridades\/","name":"Mulheridades - Coordena\u00e7\u00e3o da Pol\u00edtica Institucional pela Diversidade, G\u00eanero, Etnia\/ra\u00e7a e Inclus\u00e3o","isPartOf":{"@id":"https:\/\/institucional.ufrrj.br\/cpid\/#website"},"primaryImageOfPage":{"@id":"https:\/\/institucional.ufrrj.br\/cpid\/campanhas\/mulheridades\/#primaryimage"},"image":{"@id":"https:\/\/institucional.ufrrj.br\/cpid\/campanhas\/mulheridades\/#primaryimage"},"thumbnailUrl":"https:\/\/institucional.ufrrj.br\/cpid\/files\/2024\/08\/mulher.jpg","datePublished":"2024-06-25T13:14:42+00:00","dateModified":"2024-08-27T15:32:41+00:00","breadcrumb":{"@id":"https:\/\/institucional.ufrrj.br\/cpid\/campanhas\/mulheridades\/#breadcrumb"},"inLanguage":"pt-BR","potentialAction":[{"@type":"ReadAction","target":["https:\/\/institucional.ufrrj.br\/cpid\/campanhas\/mulheridades\/"]}]},{"@type":"ImageObject","inLanguage":"pt-BR","@id":"https:\/\/institucional.ufrrj.br\/cpid\/campanhas\/mulheridades\/#primaryimage","url":"https:\/\/institucional.ufrrj.br\/cpid\/files\/2024\/08\/mulher.jpg","contentUrl":"https:\/\/institucional.ufrrj.br\/cpid\/files\/2024\/08\/mulher.jpg","width":640,"height":640},{"@type":"BreadcrumbList","@id":"https:\/\/institucional.ufrrj.br\/cpid\/campanhas\/mulheridades\/#breadcrumb","itemListElement":[{"@type":"ListItem","position":1,"name":"In\u00edcio","item":"https:\/\/institucional.ufrrj.br\/cpid\/"},{"@type":"ListItem","position":2,"name":"Campanhas","item":"https:\/\/institucional.ufrrj.br\/cpid\/campanhas\/"},{"@type":"ListItem","position":3,"name":"Mulheridades"}]},{"@type":"WebSite","@id":"https:\/\/institucional.ufrrj.br\/cpid\/#website","url":"https:\/\/institucional.ufrrj.br\/cpid\/","name":"Coordena\u00e7\u00e3o da Pol\u00edtica Institucional pela Diversidade, G\u00eanero, Etnia\/ra\u00e7a e Inclus\u00e3o","description":"","potentialAction":[{"@type":"SearchAction","target":{"@type":"EntryPoint","urlTemplate":"https:\/\/institucional.ufrrj.br\/cpid\/?s={search_term_string}"},"query-input":{"@type":"PropertyValueSpecification","valueRequired":true,"valueName":"search_term_string"}}],"inLanguage":"pt-BR"}]}},"acf":[],"_links":{"self":[{"href":"https:\/\/institucional.ufrrj.br\/cpid\/wp-json\/wp\/v2\/pages\/26","targetHints":{"allow":["GET"]}}],"collection":[{"href":"https:\/\/institucional.ufrrj.br\/cpid\/wp-json\/wp\/v2\/pages"}],"about":[{"href":"https:\/\/institucional.ufrrj.br\/cpid\/wp-json\/wp\/v2\/types\/page"}],"author":[{"embeddable":true,"href":"https:\/\/institucional.ufrrj.br\/cpid\/wp-json\/wp\/v2\/users\/634"}],"replies":[{"embeddable":true,"href":"https:\/\/institucional.ufrrj.br\/cpid\/wp-json\/wp\/v2\/comments?post=26"}],"version-history":[{"count":9,"href":"https:\/\/institucional.ufrrj.br\/cpid\/wp-json\/wp\/v2\/pages\/26\/revisions"}],"predecessor-version":[{"id":249,"href":"https:\/\/institucional.ufrrj.br\/cpid\/wp-json\/wp\/v2\/pages\/26\/revisions\/249"}],"up":[{"embeddable":true,"href":"https:\/\/institucional.ufrrj.br\/cpid\/wp-json\/wp\/v2\/pages\/24"}],"wp:attachment":[{"href":"https:\/\/institucional.ufrrj.br\/cpid\/wp-json\/wp\/v2\/media?parent=26"}],"curies":[{"name":"wp","href":"https:\/\/api.w.org\/{rel}","templated":true}]}}