{"id":20,"date":"2024-06-25T10:06:28","date_gmt":"2024-06-25T13:06:28","guid":{"rendered":"https:\/\/institucional.ufrrj.br\/cpid\/?page_id=20"},"modified":"2026-01-12T15:42:10","modified_gmt":"2026-01-12T18:42:10","slug":"apresentacao","status":"publish","type":"page","link":"https:\/\/institucional.ufrrj.br\/cpid\/apresentacao\/","title":{"rendered":"Apresenta\u00e7\u00e3o"},"content":{"rendered":"\n<div class=\"wp-block-group eplus-wrapper is-content-justification-right is-nowrap is-layout-flex wp-container-core-group-is-layout-17124a9a wp-block-group-is-layout-flex\">\n<div class=\"wp-block-group eplus-wrapper\"><div class=\"wp-block-group__inner-container is-layout-constrained wp-block-group-is-layout-constrained\">\n<div class=\"wp-block-group eplus-wrapper is-content-justification-right is-nowrap is-layout-flex wp-container-core-group-is-layout-17124a9a wp-block-group-is-layout-flex\">\n<div class=\"wp-block-columns eplus-wrapper is-layout-flex wp-container-core-columns-is-layout-28f84493 wp-block-columns-is-layout-flex\">\n<div class=\"wp-block-column eplus-wrapper is-layout-flow wp-block-column-is-layout-flow\" style=\"flex-basis:50%\">\n<div class=\"wp-block-columns eplus-wrapper is-layout-flex wp-container-core-columns-is-layout-28f84493 wp-block-columns-is-layout-flex\">\n<div class=\"wp-block-column eplus-wrapper is-layout-flow wp-block-column-is-layout-flow\" style=\"flex-basis:100%\">\n<figure class=\"wp-block-gallery has-nested-images columns-default is-cropped eplus-wrapper wp-block-gallery-1 is-layout-flex wp-block-gallery-is-layout-flex\">\n<figure class=\"wp-block-image size-full is-style-rounded eplus-wrapper\"><img loading=\"lazy\" decoding=\"async\" width=\"391\" height=\"346\" data-id=\"443\" src=\"https:\/\/institucional.ufrrj.br\/cpid\/files\/2024\/09\/CPID.png\" alt=\"\" class=\"wp-image-443\" srcset=\"https:\/\/institucional.ufrrj.br\/cpid\/files\/2024\/09\/CPID.png 391w, https:\/\/institucional.ufrrj.br\/cpid\/files\/2024\/09\/CPID-300x265.png 300w, https:\/\/institucional.ufrrj.br\/cpid\/files\/2024\/09\/CPID-79x70.png 79w\" sizes=\"auto, (max-width: 391px) 100vw, 391px\" \/><figcaption class=\"wp-element-caption\">Logomarca Oficial<\/figcaption><\/figure>\n<\/figure>\n<\/div>\n<\/div>\n<\/div>\n\n\n\n<div class=\"wp-block-column eplus-wrapper is-layout-flow wp-block-column-is-layout-flow\" style=\"flex-basis:50%\">\n<div class=\"wp-block-group eplus-wrapper\"><div class=\"wp-block-group__inner-container is-layout-constrained wp-block-group-is-layout-constrained\">\n<p class=\"has-text-align-center eplus-wrapper\"><mark style=\"background-color:#ffffff\" class=\"has-inline-color has-vivid-cyan-blue-color\">A Comiss\u00e3o Permanente da Pol\u00edtica Institucional pela Diversidade, G\u00eanero, Etnia\/Ra\u00e7a e Inclus\u00e3o da Universidade Federal Rural do Rio de Janeiro (UFRRJ), institu\u00edda pela portaria 6517 de 03 de dezembro de 2021, a partir da Delibera\u00e7\u00e3o N\u00ba 430 \/ 2021 \u2013 SAOC, de 08 de novembro de 2021, nasce de um hist\u00f3rico de lutas da comunidade acad\u00eamica em prol de uma universidade mais justa e equ\u00e2nime.<br>Nossa miss\u00e3o \u00e9 criar um ambiente universit\u00e1rio onde todos se sintam acolhidos e respeitados, celebrando a riqueza das diferen\u00e7as. Aqui, acreditamos que a diversidade \u00e9 a base para o crescimento e a inova\u00e7\u00e3o. Trabalhamos de modo a promover a igualdade de g\u00eanero, a valoriza\u00e7\u00e3o das diversas etnias e ra\u00e7as, e a inclus\u00e3o de todas as pessoas, garantindo que a UFRRJ seja um espa\u00e7o de aprendizado acess\u00edvel e justo para todos. Explore nosso site para descobrir mais sobre nossos projetos, iniciativas e como voc\u00ea pode contribuir para uma universidade mais inclusiva, segura e igualit\u00e1ria.<\/mark><\/p>\n<\/div><\/div>\n<\/div>\n<\/div>\n<\/div>\n<\/div><\/div>\n<\/div>\n\n\n\n<hr class=\"wp-block-separator has-alpha-channel-opacity is-style-wide eplus-wrapper\"\/>\n\n\n\n<div style=\"height:100px\" aria-hidden=\"true\" class=\"wp-block-spacer eplus-wrapper\"><\/div>\n\n\n\n<div class=\"wp-block-columns eplus-wrapper is-layout-flex wp-container-core-columns-is-layout-28f84493 wp-block-columns-is-layout-flex\">\n<div class=\"wp-block-column eplus-wrapper is-layout-flow wp-block-column-is-layout-flow\" style=\"flex-basis:100%\">\n<div class=\"wp-block-columns eplus-wrapper is-layout-flex wp-container-core-columns-is-layout-28f84493 wp-block-columns-is-layout-flex\">\n<div class=\"wp-block-column eplus-wrapper is-layout-flow wp-block-column-is-layout-flow\">\n<p class=\"has-text-align-right eplus-wrapper\">A viol\u00eancia de g\u00eanero, a cultura do estupro, a impunidade infelizmente s\u00e3o mazelas sociais que assolam o Brasil. E entre 2015 e 2017, na Rural, diversos casos de viol\u00eancia sexual aconteceram no campus. Mulheres, meninas, alunas, organizadas em coletivos reivindicaram provid\u00eancias mais efetivas. Assim, desde 2015, a UFRRJ, atendendo a essas reivindica\u00e7\u00f5es, iniciou a discuss\u00e3o de uma pol\u00edtica de acolhimento a pessoas em situa\u00e7\u00e3o de viol\u00eancias.&nbsp;A atual Pr\u00f3-reitora de Assuntos Estudantis Juliana Arruda foi muito importante nesse processo.<\/p>\n\n\n\n<p class=\"has-text-align-right eplus-wrapper\">Como resultado desse debate que envolveu todos os segmentos da comunidade universit\u00e1ria, em 2019, foi aprovada a Pol\u00edtica de Acolhimento \u00e0s Pessoas em Situa\u00e7\u00e3o de Viol\u00eancias. Essa delibera\u00e7\u00e3o foi atualizada em 2021, com a cria\u00e7\u00e3o da Comiss\u00e3o Permanente da Pol\u00edtica Institucional pela Diversidade, G\u00eanero, Etnia\/Ra\u00e7a e Inclus\u00e3o (CPID) e com a cria\u00e7\u00e3o da Comiss\u00e3o Permanente de Preven\u00e7\u00e3o \u00e0 Viol\u00eancia (CPPV).&nbsp;A Professora do curso de jornalismo Fafate Costa foi a primeira coordenadora da CPID e foi ela que delineou a delibera\u00e7\u00e3o 430 que foi aprovada em novembro de 2021 no CONSU.<br><\/p>\n<\/div>\n\n\n\n<div class=\"wp-block-column eplus-wrapper is-layout-flow wp-block-column-is-layout-flow\">\n<p class=\"eplus-wrapper\">Em 2022, a CPID iniciou as suas a\u00e7\u00f5es de humaniza\u00e7\u00e3o, de luta contra o racismo, sexismo, ass\u00e9dios, LGBTIfobia com atividades de forma\u00e7\u00e3o, campanhas de preven\u00e7\u00e3o \u00e0 viol\u00eancia, como curso Diversidade e Inclus\u00e3o para servidores, servidoras e guardas universit\u00e1rios. E as campanhas Institucionais: Mulheridades, Orgulhe-se! LGBTQIAP+ Rural, Setembro Amarelo e Por uma Rural Antirracista.&nbsp;Mobilizamos tanta gente, aprendemos tanto com grupos e coletivos de diferentes \u00e1reas e perspectivas, mas que estavam todos e todas em prol de uma Rural mais humana.<br><br>E n\u00e3o paramos por a\u00ed: fizemos articula\u00e7\u00f5es importantes que nos propiciaram levar para aprova\u00e7\u00e3o delibera\u00e7\u00e3o que atualizou uso de nome social para pessoas trans, al\u00e9m do uso do banheiro de acordo com a identidade de g\u00eanero autodeclarada e a cria\u00e7\u00e3o do banheiro neutro.<br>Entre 2021 e 2022 a professora Joyce Alves foi vice coordenadora da CPID. E em 2023 assumiu a coordena\u00e7\u00e3o da CPID, sendo a vice coordenadora a Profa. do Instituto de Tr\u00eas Rios Diana Ramos.<br><\/p>\n<\/div>\n<\/div>\n<\/div>\n<\/div>\n\n\n\n<hr class=\"wp-block-separator has-alpha-channel-opacity is-style-wide eplus-wrapper\"\/>\n\n\n\n<div style=\"height:100px\" aria-hidden=\"true\" class=\"wp-block-spacer eplus-wrapper\"><\/div>\n\n\n\n<div class=\"wp-block-columns eplus-wrapper is-layout-flex wp-container-core-columns-is-layout-28f84493 wp-block-columns-is-layout-flex\">\n<div class=\"wp-block-column eplus-wrapper is-layout-flow wp-block-column-is-layout-flow\">\n<p class=\"has-text-align-center eplus-wrapper\"><strong>Uma das nossas mais lindas fa\u00e7anhas foi conseguir aprovar, com a articula\u00e7\u00e3o com a PROPPG, a regulamenta\u00e7\u00e3o da cota para pessoas transexuais, travestis, quilombolas e refugiadas na P\u00f3s-gradua\u00e7\u00e3o. \u00c9 sempre bom lembrar que a Rural foi pioneira nessa a\u00e7\u00e3o afirmativa no Estado do Rio de Janeiro. E em rela\u00e7\u00e3o \u00e0s cotas n\u00e3o paramos: conseguimos tamb\u00e9m aprovar em Set\/2024 que a reserva de vagas para pessoas trans seja garantida tamb\u00e9m na gradua\u00e7\u00e3o.<br>Nossas lutas levaram tamb\u00e9m a aprova\u00e7\u00e3o dos protocolos de den\u00fancias e de viol\u00eancia sexual da UFRRJ, al\u00e9m de uma cartilha de preven\u00e7\u00e3o \u00e0s viol\u00eancias, elaborados pela CPID e CPPV. Trata-se de um marco na nossa Universidade para a pol\u00edtica de acolhimento e para o combate \u00e0s diversas viol\u00eancias.<\/strong><\/p>\n<\/div>\n<\/div>\n\n\n\n<div class=\"wp-block-columns eplus-wrapper is-layout-flex wp-container-core-columns-is-layout-28f84493 wp-block-columns-is-layout-flex\">\n<div class=\"wp-block-column eplus-wrapper is-layout-flow wp-block-column-is-layout-flow\">\n<p class=\"has-text-align-right eplus-wrapper\">Os protocolos foram elaborados em di\u00e1logo com v\u00e1rios setores e com todos os segmentos da universidade (docentes, discentes e t\u00e9cnicos), que pretendem simplificar e agilizar a din\u00e2mica da den\u00fancia; al\u00e9m de propor acolhimento da\/o denunciante, e acompanhamento da den\u00fancia.<br>Fizemos muito, com quase nenhum recurso e sem estrutura; e faremos mais porque queremos a Rural sintonizada nas diretrizes dos Direitos Humanos e no bem viver.<br><\/p>\n<\/div>\n\n\n\n<div class=\"wp-block-column eplus-wrapper is-layout-flow wp-block-column-is-layout-flow\">\n<p class=\"eplus-wrapper\">A CPID agradece aos, bolsistas, a todos os membros da CPPV, a toda a administra\u00e7\u00e3o central, em especial ao magn\u00edfico reitor Roberto Rodrigues, a todos os grupos, coletivos, associa\u00e7\u00f5es que contribu\u00edram para a constru\u00e7\u00e3o dessa importante pol\u00edtica, que visa propor a\u00e7\u00f5es efetivas de combate e preven\u00e7\u00e3o \u00e0s mais diversas viol\u00eancias, com vistas a uma Rural pautada pela cultura de paz.<\/p>\n\n\n\n<p><\/p>\n<\/div>\n<\/div>\n\n\n\n<div class=\"wp-block-group has-white-color has-vivid-green-cyan-background-color has-text-color has-background has-link-color wp-elements-73a3568252a4a29789dd9c0de432af7e\"><div class=\"wp-block-group__inner-container is-layout-constrained wp-block-group-is-layout-constrained\">\n<h2 class=\"wp-block-heading has-text-align-center\">Comiss\u00e3o da Pol\u00edtica Institucional pela Diversidade,<br>G\u00eanero, Etnia\/Ra\u00e7a e Inclus\u00e3o<\/h2>\n<\/div><\/div>\n\n\n\n<p><\/p>\n","protected":false},"excerpt":{"rendered":"<p>A Comiss\u00e3o Permanente da Pol\u00edtica Institucional pela Diversidade, G\u00eanero, Etnia\/Ra\u00e7a e Inclus\u00e3o da Universidade Federal Rural do Rio de Janeiro (UFRRJ), institu\u00edda [&hellip;]<\/p>\n","protected":false},"author":865,"featured_media":0,"parent":0,"menu_order":0,"comment_status":"closed","ping_status":"closed","template":"","meta":{"_acf_changed":false,"footnotes":""},"class_list":["post-20","page","type-page","status-publish","hentry"],"yoast_head":"<!-- This site is optimized with the Yoast SEO plugin v27.2 - https:\/\/yoast.com\/product\/yoast-seo-wordpress\/ -->\n<title>Apresenta\u00e7\u00e3o - Coordena\u00e7\u00e3o da Pol\u00edtica Institucional pela Diversidade, G\u00eanero, Etnia\/ra\u00e7a e Inclus\u00e3o<\/title>\n<meta name=\"robots\" content=\"index, follow, max-snippet:-1, max-image-preview:large, max-video-preview:-1\" \/>\n<link rel=\"canonical\" href=\"https:\/\/institucional.ufrrj.br\/cpid\/apresentacao\/\" \/>\n<meta property=\"og:locale\" content=\"pt_BR\" \/>\n<meta property=\"og:type\" content=\"article\" \/>\n<meta property=\"og:title\" content=\"Apresenta\u00e7\u00e3o - Coordena\u00e7\u00e3o da Pol\u00edtica Institucional pela Diversidade, G\u00eanero, Etnia\/ra\u00e7a e Inclus\u00e3o\" \/>\n<meta property=\"og:description\" content=\"A Comiss\u00e3o Permanente da Pol\u00edtica Institucional pela Diversidade, G\u00eanero, Etnia\/Ra\u00e7a e Inclus\u00e3o da Universidade Federal Rural do Rio de Janeiro (UFRRJ), institu\u00edda [&hellip;]\" \/>\n<meta property=\"og:url\" content=\"https:\/\/institucional.ufrrj.br\/cpid\/apresentacao\/\" \/>\n<meta property=\"og:site_name\" content=\"Coordena\u00e7\u00e3o da Pol\u00edtica Institucional pela Diversidade, G\u00eanero, Etnia\/ra\u00e7a e Inclus\u00e3o\" \/>\n<meta property=\"article:modified_time\" content=\"2026-01-12T18:42:10+00:00\" \/>\n<meta property=\"og:image\" content=\"https:\/\/institucional.ufrrj.br\/cpid\/files\/2024\/09\/CPID.png\" \/>\n\t<meta property=\"og:image:width\" content=\"391\" \/>\n\t<meta property=\"og:image:height\" content=\"346\" \/>\n\t<meta property=\"og:image:type\" content=\"image\/png\" \/>\n<meta name=\"twitter:card\" content=\"summary_large_image\" \/>\n<meta name=\"twitter:label1\" content=\"Est. tempo de leitura\" \/>\n\t<meta name=\"twitter:data1\" content=\"5 minutos\" \/>\n<script type=\"application\/ld+json\" class=\"yoast-schema-graph\">{\"@context\":\"https:\/\/schema.org\",\"@graph\":[{\"@type\":\"WebPage\",\"@id\":\"https:\/\/institucional.ufrrj.br\/cpid\/apresentacao\/\",\"url\":\"https:\/\/institucional.ufrrj.br\/cpid\/apresentacao\/\",\"name\":\"Apresenta\u00e7\u00e3o - Coordena\u00e7\u00e3o da Pol\u00edtica Institucional pela Diversidade, G\u00eanero, Etnia\/ra\u00e7a e Inclus\u00e3o\",\"isPartOf\":{\"@id\":\"https:\/\/institucional.ufrrj.br\/cpid\/#website\"},\"primaryImageOfPage\":{\"@id\":\"https:\/\/institucional.ufrrj.br\/cpid\/apresentacao\/#primaryimage\"},\"image\":{\"@id\":\"https:\/\/institucional.ufrrj.br\/cpid\/apresentacao\/#primaryimage\"},\"thumbnailUrl\":\"https:\/\/institucional.ufrrj.br\/cpid\/files\/2024\/09\/CPID.png\",\"datePublished\":\"2024-06-25T13:06:28+00:00\",\"dateModified\":\"2026-01-12T18:42:10+00:00\",\"breadcrumb\":{\"@id\":\"https:\/\/institucional.ufrrj.br\/cpid\/apresentacao\/#breadcrumb\"},\"inLanguage\":\"pt-BR\",\"potentialAction\":[{\"@type\":\"ReadAction\",\"target\":[\"https:\/\/institucional.ufrrj.br\/cpid\/apresentacao\/\"]}]},{\"@type\":\"ImageObject\",\"inLanguage\":\"pt-BR\",\"@id\":\"https:\/\/institucional.ufrrj.br\/cpid\/apresentacao\/#primaryimage\",\"url\":\"https:\/\/institucional.ufrrj.br\/cpid\/files\/2024\/09\/CPID.png\",\"contentUrl\":\"https:\/\/institucional.ufrrj.br\/cpid\/files\/2024\/09\/CPID.png\",\"width\":391,\"height\":346},{\"@type\":\"BreadcrumbList\",\"@id\":\"https:\/\/institucional.ufrrj.br\/cpid\/apresentacao\/#breadcrumb\",\"itemListElement\":[{\"@type\":\"ListItem\",\"position\":1,\"name\":\"In\u00edcio\",\"item\":\"https:\/\/institucional.ufrrj.br\/cpid\/\"},{\"@type\":\"ListItem\",\"position\":2,\"name\":\"Apresenta\u00e7\u00e3o\"}]},{\"@type\":\"WebSite\",\"@id\":\"https:\/\/institucional.ufrrj.br\/cpid\/#website\",\"url\":\"https:\/\/institucional.ufrrj.br\/cpid\/\",\"name\":\"Coordena\u00e7\u00e3o da Pol\u00edtica Institucional pela Diversidade, G\u00eanero, Etnia\/ra\u00e7a e Inclus\u00e3o\",\"description\":\"\",\"potentialAction\":[{\"@type\":\"SearchAction\",\"target\":{\"@type\":\"EntryPoint\",\"urlTemplate\":\"https:\/\/institucional.ufrrj.br\/cpid\/?s={search_term_string}\"},\"query-input\":{\"@type\":\"PropertyValueSpecification\",\"valueRequired\":true,\"valueName\":\"search_term_string\"}}],\"inLanguage\":\"pt-BR\"}]}<\/script>\n<!-- \/ Yoast SEO plugin. -->","yoast_head_json":{"title":"Apresenta\u00e7\u00e3o - Coordena\u00e7\u00e3o da Pol\u00edtica Institucional pela Diversidade, G\u00eanero, Etnia\/ra\u00e7a e Inclus\u00e3o","robots":{"index":"index","follow":"follow","max-snippet":"max-snippet:-1","max-image-preview":"max-image-preview:large","max-video-preview":"max-video-preview:-1"},"canonical":"https:\/\/institucional.ufrrj.br\/cpid\/apresentacao\/","og_locale":"pt_BR","og_type":"article","og_title":"Apresenta\u00e7\u00e3o - Coordena\u00e7\u00e3o da Pol\u00edtica Institucional pela Diversidade, G\u00eanero, Etnia\/ra\u00e7a e Inclus\u00e3o","og_description":"A Comiss\u00e3o Permanente da Pol\u00edtica Institucional pela Diversidade, G\u00eanero, Etnia\/Ra\u00e7a e Inclus\u00e3o da Universidade Federal Rural do Rio de Janeiro (UFRRJ), institu\u00edda [&hellip;]","og_url":"https:\/\/institucional.ufrrj.br\/cpid\/apresentacao\/","og_site_name":"Coordena\u00e7\u00e3o da Pol\u00edtica Institucional pela Diversidade, G\u00eanero, Etnia\/ra\u00e7a e Inclus\u00e3o","article_modified_time":"2026-01-12T18:42:10+00:00","og_image":[{"width":391,"height":346,"url":"https:\/\/institucional.ufrrj.br\/cpid\/files\/2024\/09\/CPID.png","type":"image\/png"}],"twitter_card":"summary_large_image","twitter_misc":{"Est. tempo de leitura":"5 minutos"},"schema":{"@context":"https:\/\/schema.org","@graph":[{"@type":"WebPage","@id":"https:\/\/institucional.ufrrj.br\/cpid\/apresentacao\/","url":"https:\/\/institucional.ufrrj.br\/cpid\/apresentacao\/","name":"Apresenta\u00e7\u00e3o - Coordena\u00e7\u00e3o da Pol\u00edtica Institucional pela Diversidade, G\u00eanero, Etnia\/ra\u00e7a e Inclus\u00e3o","isPartOf":{"@id":"https:\/\/institucional.ufrrj.br\/cpid\/#website"},"primaryImageOfPage":{"@id":"https:\/\/institucional.ufrrj.br\/cpid\/apresentacao\/#primaryimage"},"image":{"@id":"https:\/\/institucional.ufrrj.br\/cpid\/apresentacao\/#primaryimage"},"thumbnailUrl":"https:\/\/institucional.ufrrj.br\/cpid\/files\/2024\/09\/CPID.png","datePublished":"2024-06-25T13:06:28+00:00","dateModified":"2026-01-12T18:42:10+00:00","breadcrumb":{"@id":"https:\/\/institucional.ufrrj.br\/cpid\/apresentacao\/#breadcrumb"},"inLanguage":"pt-BR","potentialAction":[{"@type":"ReadAction","target":["https:\/\/institucional.ufrrj.br\/cpid\/apresentacao\/"]}]},{"@type":"ImageObject","inLanguage":"pt-BR","@id":"https:\/\/institucional.ufrrj.br\/cpid\/apresentacao\/#primaryimage","url":"https:\/\/institucional.ufrrj.br\/cpid\/files\/2024\/09\/CPID.png","contentUrl":"https:\/\/institucional.ufrrj.br\/cpid\/files\/2024\/09\/CPID.png","width":391,"height":346},{"@type":"BreadcrumbList","@id":"https:\/\/institucional.ufrrj.br\/cpid\/apresentacao\/#breadcrumb","itemListElement":[{"@type":"ListItem","position":1,"name":"In\u00edcio","item":"https:\/\/institucional.ufrrj.br\/cpid\/"},{"@type":"ListItem","position":2,"name":"Apresenta\u00e7\u00e3o"}]},{"@type":"WebSite","@id":"https:\/\/institucional.ufrrj.br\/cpid\/#website","url":"https:\/\/institucional.ufrrj.br\/cpid\/","name":"Coordena\u00e7\u00e3o da Pol\u00edtica Institucional pela Diversidade, G\u00eanero, Etnia\/ra\u00e7a e Inclus\u00e3o","description":"","potentialAction":[{"@type":"SearchAction","target":{"@type":"EntryPoint","urlTemplate":"https:\/\/institucional.ufrrj.br\/cpid\/?s={search_term_string}"},"query-input":{"@type":"PropertyValueSpecification","valueRequired":true,"valueName":"search_term_string"}}],"inLanguage":"pt-BR"}]}},"acf":[],"_links":{"self":[{"href":"https:\/\/institucional.ufrrj.br\/cpid\/wp-json\/wp\/v2\/pages\/20","targetHints":{"allow":["GET"]}}],"collection":[{"href":"https:\/\/institucional.ufrrj.br\/cpid\/wp-json\/wp\/v2\/pages"}],"about":[{"href":"https:\/\/institucional.ufrrj.br\/cpid\/wp-json\/wp\/v2\/types\/page"}],"author":[{"embeddable":true,"href":"https:\/\/institucional.ufrrj.br\/cpid\/wp-json\/wp\/v2\/users\/865"}],"replies":[{"embeddable":true,"href":"https:\/\/institucional.ufrrj.br\/cpid\/wp-json\/wp\/v2\/comments?post=20"}],"version-history":[{"count":1,"href":"https:\/\/institucional.ufrrj.br\/cpid\/wp-json\/wp\/v2\/pages\/20\/revisions"}],"predecessor-version":[{"id":481,"href":"https:\/\/institucional.ufrrj.br\/cpid\/wp-json\/wp\/v2\/pages\/20\/revisions\/481"}],"wp:attachment":[{"href":"https:\/\/institucional.ufrrj.br\/cpid\/wp-json\/wp\/v2\/media?parent=20"}],"curies":[{"name":"wp","href":"https:\/\/api.w.org\/{rel}","templated":true}]}}