{"id":67,"date":"2011-01-10T11:41:43","date_gmt":"2011-01-10T11:41:43","guid":{"rendered":"http:\/\/r1.ufrrj.br\/wp\/arii\/"},"modified":"2026-04-08T14:20:16","modified_gmt":"2026-04-08T17:20:16","slug":"apresentacao-3","status":"publish","type":"page","link":"https:\/\/institucional.ufrrj.br\/corin\/apresentacao-3\/","title":{"rendered":"Quem somos"},"content":{"rendered":"\n<p>A CORIN, vinculada \u00e0 Pr\u00f3-Reitoria de Pesquisa, P\u00f3s-Gradua\u00e7\u00e3o e Inova\u00e7\u00e3o da UFRRJ, \u00e9 o \u00f3rg\u00e3o respons\u00e1vel por coordenar, supervisionar, assessorar e oferecer suporte operacional na celebra\u00e7\u00e3o de parcerias e acordos de coopera\u00e7\u00e3o com institui\u00e7\u00f5es nacionais e internacionais.<\/p>\n\n\n\n<p>Sua atua\u00e7\u00e3o abrange desde a promo\u00e7\u00e3o da mobilidade acad\u00eamica e t\u00e9cnica de estudantes, docentes e servidores t\u00e9cnico-administrativos, at\u00e9 a implementa\u00e7\u00e3o de pol\u00edticas de internacionaliza\u00e7\u00e3o da universidade, fortalecendo interc\u00e2mbios acad\u00eamicos, cient\u00edficos e culturais.<\/p>\n\n\n\n<p>Al\u00e9m disso, a CORIN funciona como porta de entrada para parcerias estrat\u00e9gicas, articulando rela\u00e7\u00f5es institucionais, apoiando a comunidade acad\u00eamica e executando a pol\u00edtica de internacionaliza\u00e7\u00e3o da UFRRJ, com impacto direto no desenvolvimento institucional e regional.<\/p>\n\n\n\n<p><\/p>\n","protected":false},"excerpt":{"rendered":"<p>A CORIN, vinculada \u00e0 Pr\u00f3-Reitoria de Pesquisa, P\u00f3s-Gradua\u00e7\u00e3o e Inova\u00e7\u00e3o da UFRRJ, \u00e9 o \u00f3rg\u00e3o respons\u00e1vel por coordenar, supervisionar, assessorar e oferecer [&hellip;]<\/p>\n","protected":false},"author":83,"featured_media":0,"parent":0,"menu_order":0,"comment_status":"open","ping_status":"open","template":"","meta":{"_acf_changed":false,"footnotes":"","_links_to":"","_links_to_target":""},"class_list":["post-67","page","type-page","status-publish","hentry"],"yoast_head":"<!-- This site is optimized with the Yoast SEO plugin v27.2 - https:\/\/yoast.com\/product\/yoast-seo-wordpress\/ -->\n<title>Quem somos - CORIN<\/title>\n<meta name=\"robots\" content=\"index, follow, max-snippet:-1, max-image-preview:large, max-video-preview:-1\" \/>\n<link rel=\"canonical\" href=\"https:\/\/institucional.ufrrj.br\/corin\/apresentacao-3\/\" \/>\n<meta property=\"og:locale\" content=\"pt_BR\" \/>\n<meta property=\"og:type\" content=\"article\" \/>\n<meta property=\"og:title\" content=\"Quem somos - CORIN\" \/>\n<meta property=\"og:description\" content=\"A CORIN, vinculada \u00e0 Pr\u00f3-Reitoria de Pesquisa, P\u00f3s-Gradua\u00e7\u00e3o e Inova\u00e7\u00e3o da UFRRJ, \u00e9 o \u00f3rg\u00e3o respons\u00e1vel por coordenar, supervisionar, assessorar e oferecer [&hellip;]\" \/>\n<meta property=\"og:url\" content=\"https:\/\/institucional.ufrrj.br\/corin\/apresentacao-3\/\" \/>\n<meta property=\"og:site_name\" content=\"CORIN\" \/>\n<meta property=\"article:modified_time\" content=\"2026-04-08T17:20:16+00:00\" \/>\n<meta name=\"twitter:card\" content=\"summary_large_image\" \/>\n<meta name=\"twitter:label1\" content=\"Est. tempo de leitura\" \/>\n\t<meta name=\"twitter:data1\" content=\"1 minuto\" \/>\n<script type=\"application\/ld+json\" class=\"yoast-schema-graph\">{\"@context\":\"https:\/\/schema.org\",\"@graph\":[{\"@type\":\"WebPage\",\"@id\":\"https:\/\/institucional.ufrrj.br\/corin\/apresentacao-3\/\",\"url\":\"https:\/\/institucional.ufrrj.br\/corin\/apresentacao-3\/\",\"name\":\"Quem somos - CORIN\",\"isPartOf\":{\"@id\":\"https:\/\/institucional.ufrrj.br\/corin\/#website\"},\"datePublished\":\"2011-01-10T11:41:43+00:00\",\"dateModified\":\"2026-04-08T17:20:16+00:00\",\"breadcrumb\":{\"@id\":\"https:\/\/institucional.ufrrj.br\/corin\/apresentacao-3\/#breadcrumb\"},\"inLanguage\":\"pt-BR\",\"potentialAction\":[{\"@type\":\"ReadAction\",\"target\":[\"https:\/\/institucional.ufrrj.br\/corin\/apresentacao-3\/\"]}]},{\"@type\":\"BreadcrumbList\",\"@id\":\"https:\/\/institucional.ufrrj.br\/corin\/apresentacao-3\/#breadcrumb\",\"itemListElement\":[{\"@type\":\"ListItem\",\"position\":1,\"name\":\"In\u00edcio\",\"item\":\"https:\/\/institucional.ufrrj.br\/corin\/\"},{\"@type\":\"ListItem\",\"position\":2,\"name\":\"Quem somos\"}]},{\"@type\":\"WebSite\",\"@id\":\"https:\/\/institucional.ufrrj.br\/corin\/#website\",\"url\":\"https:\/\/institucional.ufrrj.br\/corin\/\",\"name\":\"CORIN\",\"description\":\"Coordenadoria de Rela\u00e7\u00f5es Internacionais e Interinstitucionais\",\"potentialAction\":[{\"@type\":\"SearchAction\",\"target\":{\"@type\":\"EntryPoint\",\"urlTemplate\":\"https:\/\/institucional.ufrrj.br\/corin\/?s={search_term_string}\"},\"query-input\":{\"@type\":\"PropertyValueSpecification\",\"valueRequired\":true,\"valueName\":\"search_term_string\"}}],\"inLanguage\":\"pt-BR\"}]}<\/script>\n<!-- \/ Yoast SEO plugin. -->","yoast_head_json":{"title":"Quem somos - CORIN","robots":{"index":"index","follow":"follow","max-snippet":"max-snippet:-1","max-image-preview":"max-image-preview:large","max-video-preview":"max-video-preview:-1"},"canonical":"https:\/\/institucional.ufrrj.br\/corin\/apresentacao-3\/","og_locale":"pt_BR","og_type":"article","og_title":"Quem somos - CORIN","og_description":"A CORIN, vinculada \u00e0 Pr\u00f3-Reitoria de Pesquisa, P\u00f3s-Gradua\u00e7\u00e3o e Inova\u00e7\u00e3o da UFRRJ, \u00e9 o \u00f3rg\u00e3o respons\u00e1vel por coordenar, supervisionar, assessorar e oferecer [&hellip;]","og_url":"https:\/\/institucional.ufrrj.br\/corin\/apresentacao-3\/","og_site_name":"CORIN","article_modified_time":"2026-04-08T17:20:16+00:00","twitter_card":"summary_large_image","twitter_misc":{"Est. tempo de leitura":"1 minuto"},"schema":{"@context":"https:\/\/schema.org","@graph":[{"@type":"WebPage","@id":"https:\/\/institucional.ufrrj.br\/corin\/apresentacao-3\/","url":"https:\/\/institucional.ufrrj.br\/corin\/apresentacao-3\/","name":"Quem somos - CORIN","isPartOf":{"@id":"https:\/\/institucional.ufrrj.br\/corin\/#website"},"datePublished":"2011-01-10T11:41:43+00:00","dateModified":"2026-04-08T17:20:16+00:00","breadcrumb":{"@id":"https:\/\/institucional.ufrrj.br\/corin\/apresentacao-3\/#breadcrumb"},"inLanguage":"pt-BR","potentialAction":[{"@type":"ReadAction","target":["https:\/\/institucional.ufrrj.br\/corin\/apresentacao-3\/"]}]},{"@type":"BreadcrumbList","@id":"https:\/\/institucional.ufrrj.br\/corin\/apresentacao-3\/#breadcrumb","itemListElement":[{"@type":"ListItem","position":1,"name":"In\u00edcio","item":"https:\/\/institucional.ufrrj.br\/corin\/"},{"@type":"ListItem","position":2,"name":"Quem somos"}]},{"@type":"WebSite","@id":"https:\/\/institucional.ufrrj.br\/corin\/#website","url":"https:\/\/institucional.ufrrj.br\/corin\/","name":"CORIN","description":"Coordenadoria de Rela\u00e7\u00f5es Internacionais e Interinstitucionais","potentialAction":[{"@type":"SearchAction","target":{"@type":"EntryPoint","urlTemplate":"https:\/\/institucional.ufrrj.br\/corin\/?s={search_term_string}"},"query-input":{"@type":"PropertyValueSpecification","valueRequired":true,"valueName":"search_term_string"}}],"inLanguage":"pt-BR"}]}},"acf":[],"_links":{"self":[{"href":"https:\/\/institucional.ufrrj.br\/corin\/wp-json\/wp\/v2\/pages\/67","targetHints":{"allow":["GET"]}}],"collection":[{"href":"https:\/\/institucional.ufrrj.br\/corin\/wp-json\/wp\/v2\/pages"}],"about":[{"href":"https:\/\/institucional.ufrrj.br\/corin\/wp-json\/wp\/v2\/types\/page"}],"author":[{"embeddable":true,"href":"https:\/\/institucional.ufrrj.br\/corin\/wp-json\/wp\/v2\/users\/83"}],"replies":[{"embeddable":true,"href":"https:\/\/institucional.ufrrj.br\/corin\/wp-json\/wp\/v2\/comments?post=67"}],"version-history":[{"count":1,"href":"https:\/\/institucional.ufrrj.br\/corin\/wp-json\/wp\/v2\/pages\/67\/revisions"}],"predecessor-version":[{"id":7040,"href":"https:\/\/institucional.ufrrj.br\/corin\/wp-json\/wp\/v2\/pages\/67\/revisions\/7040"}],"wp:attachment":[{"href":"https:\/\/institucional.ufrrj.br\/corin\/wp-json\/wp\/v2\/media?parent=67"}],"curies":[{"name":"wp","href":"https:\/\/api.w.org\/{rel}","templated":true}]}}