{"id":6640,"date":"2025-11-03T16:40:46","date_gmt":"2025-11-03T19:40:46","guid":{"rendered":"https:\/\/institucional.ufrrj.br\/corin\/?page_id=6640"},"modified":"2025-11-03T16:53:03","modified_gmt":"2025-11-03T19:53:03","slug":"politica-institucional-e-plano-de-internacionalizacao","status":"publish","type":"page","link":"https:\/\/institucional.ufrrj.br\/corin\/politica-institucional-e-plano-de-internacionalizacao\/","title":{"rendered":"Pol\u00edtica e Plano Institucional de Internacionaliza\u00e7\u00e3o"},"content":{"rendered":"\n<p><a href=\"https:\/\/drive.google.com\/file\/d\/10bEmodowdKx32Ij61p7z-ko-qT-RZECO\/view?usp=sharing\"><strong>POL\u00cdTICA E PLANO INSTITUCIONAL DE INTERNACIONALIZA\u00c7\u00c3O DA UFRRJ 2025-2030<\/strong><\/a><\/p>\n\n\n\n<p><a href=\"https:\/\/portal.ufrrj.br\/wp-content\/uploads\/2021\/12\/PLANO-DE-INTERNACIONALIZACAO_APROVADO-CONSU-29_11_2021.pdf\"><strong>PLANO INSTITUCIONAL DE INTERNACIONALIZA\u00c7\u00c3O DA UFRRJ 2021-2025<\/strong><\/a><\/p>\n\n\n\n<p><a href=\"https:\/\/institucional.ufrrj.br\/soc\/files\/2018\/01\/Delib077CONSU2017.pdf\"><strong>PLANO INSTITUCIONAL DE INTERNACIONALIZA\u00c7\u00c3O UFRRJ&nbsp;<\/strong><strong>2017-2020<\/strong><\/a><\/p>\n","protected":false},"excerpt":{"rendered":"<p>POL\u00cdTICA E PLANO INSTITUCIONAL DE INTERNACIONALIZA\u00c7\u00c3O DA UFRRJ 2025-2030 PLANO INSTITUCIONAL DE INTERNACIONALIZA\u00c7\u00c3O DA UFRRJ 2021-2025 PLANO INSTITUCIONAL DE INTERNACIONALIZA\u00c7\u00c3O UFRRJ&nbsp;2017-2020<\/p>\n","protected":false},"author":850,"featured_media":0,"parent":0,"menu_order":0,"comment_status":"closed","ping_status":"closed","template":"","meta":{"_acf_changed":false,"footnotes":"","_links_to":"","_links_to_target":""},"class_list":["post-6640","page","type-page","status-publish","hentry"],"yoast_head":"<!-- This site is optimized with the Yoast SEO plugin v27.2 - https:\/\/yoast.com\/product\/yoast-seo-wordpress\/ -->\n<title>Pol\u00edtica e Plano Institucional de Internacionaliza\u00e7\u00e3o - CORIN<\/title>\n<meta name=\"robots\" content=\"index, follow, max-snippet:-1, max-image-preview:large, max-video-preview:-1\" \/>\n<link rel=\"canonical\" href=\"https:\/\/institucional.ufrrj.br\/corin\/politica-institucional-e-plano-de-internacionalizacao\/\" \/>\n<meta property=\"og:locale\" content=\"pt_BR\" \/>\n<meta property=\"og:type\" content=\"article\" \/>\n<meta property=\"og:title\" content=\"Pol\u00edtica e Plano Institucional de Internacionaliza\u00e7\u00e3o - CORIN\" \/>\n<meta property=\"og:description\" content=\"POL\u00cdTICA E PLANO INSTITUCIONAL DE INTERNACIONALIZA\u00c7\u00c3O DA UFRRJ 2025-2030 PLANO INSTITUCIONAL DE INTERNACIONALIZA\u00c7\u00c3O DA UFRRJ 2021-2025 PLANO INSTITUCIONAL DE INTERNACIONALIZA\u00c7\u00c3O UFRRJ&nbsp;2017-2020\" \/>\n<meta property=\"og:url\" content=\"https:\/\/institucional.ufrrj.br\/corin\/politica-institucional-e-plano-de-internacionalizacao\/\" \/>\n<meta property=\"og:site_name\" content=\"CORIN\" \/>\n<meta property=\"article:modified_time\" content=\"2025-11-03T19:53:03+00:00\" \/>\n<meta name=\"twitter:card\" content=\"summary_large_image\" \/>\n<script type=\"application\/ld+json\" class=\"yoast-schema-graph\">{\"@context\":\"https:\/\/schema.org\",\"@graph\":[{\"@type\":\"WebPage\",\"@id\":\"https:\/\/institucional.ufrrj.br\/corin\/politica-institucional-e-plano-de-internacionalizacao\/\",\"url\":\"https:\/\/institucional.ufrrj.br\/corin\/politica-institucional-e-plano-de-internacionalizacao\/\",\"name\":\"Pol\u00edtica e Plano Institucional de Internacionaliza\u00e7\u00e3o - CORIN\",\"isPartOf\":{\"@id\":\"https:\/\/institucional.ufrrj.br\/corin\/#website\"},\"datePublished\":\"2025-11-03T19:40:46+00:00\",\"dateModified\":\"2025-11-03T19:53:03+00:00\",\"breadcrumb\":{\"@id\":\"https:\/\/institucional.ufrrj.br\/corin\/politica-institucional-e-plano-de-internacionalizacao\/#breadcrumb\"},\"inLanguage\":\"pt-BR\",\"potentialAction\":[{\"@type\":\"ReadAction\",\"target\":[\"https:\/\/institucional.ufrrj.br\/corin\/politica-institucional-e-plano-de-internacionalizacao\/\"]}]},{\"@type\":\"BreadcrumbList\",\"@id\":\"https:\/\/institucional.ufrrj.br\/corin\/politica-institucional-e-plano-de-internacionalizacao\/#breadcrumb\",\"itemListElement\":[{\"@type\":\"ListItem\",\"position\":1,\"name\":\"In\u00edcio\",\"item\":\"https:\/\/institucional.ufrrj.br\/corin\/\"},{\"@type\":\"ListItem\",\"position\":2,\"name\":\"Pol\u00edtica e Plano Institucional de Internacionaliza\u00e7\u00e3o\"}]},{\"@type\":\"WebSite\",\"@id\":\"https:\/\/institucional.ufrrj.br\/corin\/#website\",\"url\":\"https:\/\/institucional.ufrrj.br\/corin\/\",\"name\":\"CORIN\",\"description\":\"Coordenadoria de Rela\u00e7\u00f5es Internacionais e Interinstitucionais\",\"potentialAction\":[{\"@type\":\"SearchAction\",\"target\":{\"@type\":\"EntryPoint\",\"urlTemplate\":\"https:\/\/institucional.ufrrj.br\/corin\/?s={search_term_string}\"},\"query-input\":{\"@type\":\"PropertyValueSpecification\",\"valueRequired\":true,\"valueName\":\"search_term_string\"}}],\"inLanguage\":\"pt-BR\"}]}<\/script>\n<!-- \/ Yoast SEO plugin. -->","yoast_head_json":{"title":"Pol\u00edtica e Plano Institucional de Internacionaliza\u00e7\u00e3o - CORIN","robots":{"index":"index","follow":"follow","max-snippet":"max-snippet:-1","max-image-preview":"max-image-preview:large","max-video-preview":"max-video-preview:-1"},"canonical":"https:\/\/institucional.ufrrj.br\/corin\/politica-institucional-e-plano-de-internacionalizacao\/","og_locale":"pt_BR","og_type":"article","og_title":"Pol\u00edtica e Plano Institucional de Internacionaliza\u00e7\u00e3o - CORIN","og_description":"POL\u00cdTICA E PLANO INSTITUCIONAL DE INTERNACIONALIZA\u00c7\u00c3O DA UFRRJ 2025-2030 PLANO INSTITUCIONAL DE INTERNACIONALIZA\u00c7\u00c3O DA UFRRJ 2021-2025 PLANO INSTITUCIONAL DE INTERNACIONALIZA\u00c7\u00c3O UFRRJ&nbsp;2017-2020","og_url":"https:\/\/institucional.ufrrj.br\/corin\/politica-institucional-e-plano-de-internacionalizacao\/","og_site_name":"CORIN","article_modified_time":"2025-11-03T19:53:03+00:00","twitter_card":"summary_large_image","schema":{"@context":"https:\/\/schema.org","@graph":[{"@type":"WebPage","@id":"https:\/\/institucional.ufrrj.br\/corin\/politica-institucional-e-plano-de-internacionalizacao\/","url":"https:\/\/institucional.ufrrj.br\/corin\/politica-institucional-e-plano-de-internacionalizacao\/","name":"Pol\u00edtica e Plano Institucional de Internacionaliza\u00e7\u00e3o - CORIN","isPartOf":{"@id":"https:\/\/institucional.ufrrj.br\/corin\/#website"},"datePublished":"2025-11-03T19:40:46+00:00","dateModified":"2025-11-03T19:53:03+00:00","breadcrumb":{"@id":"https:\/\/institucional.ufrrj.br\/corin\/politica-institucional-e-plano-de-internacionalizacao\/#breadcrumb"},"inLanguage":"pt-BR","potentialAction":[{"@type":"ReadAction","target":["https:\/\/institucional.ufrrj.br\/corin\/politica-institucional-e-plano-de-internacionalizacao\/"]}]},{"@type":"BreadcrumbList","@id":"https:\/\/institucional.ufrrj.br\/corin\/politica-institucional-e-plano-de-internacionalizacao\/#breadcrumb","itemListElement":[{"@type":"ListItem","position":1,"name":"In\u00edcio","item":"https:\/\/institucional.ufrrj.br\/corin\/"},{"@type":"ListItem","position":2,"name":"Pol\u00edtica e Plano Institucional de Internacionaliza\u00e7\u00e3o"}]},{"@type":"WebSite","@id":"https:\/\/institucional.ufrrj.br\/corin\/#website","url":"https:\/\/institucional.ufrrj.br\/corin\/","name":"CORIN","description":"Coordenadoria de Rela\u00e7\u00f5es Internacionais e Interinstitucionais","potentialAction":[{"@type":"SearchAction","target":{"@type":"EntryPoint","urlTemplate":"https:\/\/institucional.ufrrj.br\/corin\/?s={search_term_string}"},"query-input":{"@type":"PropertyValueSpecification","valueRequired":true,"valueName":"search_term_string"}}],"inLanguage":"pt-BR"}]}},"acf":[],"_links":{"self":[{"href":"https:\/\/institucional.ufrrj.br\/corin\/wp-json\/wp\/v2\/pages\/6640","targetHints":{"allow":["GET"]}}],"collection":[{"href":"https:\/\/institucional.ufrrj.br\/corin\/wp-json\/wp\/v2\/pages"}],"about":[{"href":"https:\/\/institucional.ufrrj.br\/corin\/wp-json\/wp\/v2\/types\/page"}],"author":[{"embeddable":true,"href":"https:\/\/institucional.ufrrj.br\/corin\/wp-json\/wp\/v2\/users\/850"}],"replies":[{"embeddable":true,"href":"https:\/\/institucional.ufrrj.br\/corin\/wp-json\/wp\/v2\/comments?post=6640"}],"version-history":[{"count":2,"href":"https:\/\/institucional.ufrrj.br\/corin\/wp-json\/wp\/v2\/pages\/6640\/revisions"}],"predecessor-version":[{"id":6648,"href":"https:\/\/institucional.ufrrj.br\/corin\/wp-json\/wp\/v2\/pages\/6640\/revisions\/6648"}],"wp:attachment":[{"href":"https:\/\/institucional.ufrrj.br\/corin\/wp-json\/wp\/v2\/media?parent=6640"}],"curies":[{"name":"wp","href":"https:\/\/api.w.org\/{rel}","templated":true}]}}