{"id":6621,"date":"2025-11-03T16:10:35","date_gmt":"2025-11-03T19:10:35","guid":{"rendered":"https:\/\/institucional.ufrrj.br\/corin\/?page_id=6621"},"modified":"2025-11-03T16:13:46","modified_gmt":"2025-11-03T19:13:46","slug":"pos-graduacao","status":"publish","type":"page","link":"https:\/\/institucional.ufrrj.br\/corin\/pos-graduacao\/","title":{"rendered":"P\u00f3s-gradua\u00e7\u00e3o"},"content":{"rendered":"\n<p><br>O procedimento padr\u00e3o para recep\u00e7\u00e3o de estudantes internacionais em atividades acad\u00eamicas de p\u00f3s-gradua\u00e7\u00e3o de curta ou m\u00e9dia dura\u00e7\u00e3o busca garantir a regularidade administrativa e acad\u00eamica da perman\u00eancia do estudante, em conformidade com a legisla\u00e7\u00e3o brasileira e com as normas internas da UFRRJ. Para tal, o discente de p\u00f3s-gradua\u00e7\u00e3o deve providenciar a seguinte documenta\u00e7\u00e3o:<\/p>\n\n\n\n<p>Informa\u00e7\u00f5es Pessoais:<\/p>\n\n\n\n<ul class=\"wp-block-list\">\n<li>C\u00f3pia do passaporte.<\/li>\n\n\n\n<li>Seguro sa\u00fade (para todo o tempo de mobilidade).<\/li>\n<\/ul>\n\n\n\n<p>Informa\u00e7\u00f5es Acad\u00eamicas:<\/p>\n\n\n\n<ul class=\"wp-block-list\">\n<li>Declara\u00e7\u00e3o de matr\u00edcula do PPG da Universidade de origem.<\/li>\n<\/ul>\n\n\n\n<p>Informa\u00e7\u00f5es da Mobilidade:<\/p>\n\n\n\n<ul class=\"wp-block-list\">\n<li>Carta de anu\u00eancia do orientador da Universidade de origem.<\/li>\n\n\n\n<li>Carta de aceite do orientador da Universidade Federal Rural do Rio de Janeiro, atestada pela coordena\u00e7\u00e3o do PPG.<\/li>\n\n\n\n<li>Plano de trabalho (Times New Roman; 1,5 pt; com o m\u00e1ximo de 2 laudas) contendo breve descri\u00e7\u00e3o das atividades previstas, assinado pelo estudante e orientadores (da Universidade de origem e da UFRRJ)<\/li>\n\n\n\n<li>Declara\u00e7\u00e3o de Responsabilidade e Compromisso do Estudante Visitante Estrangeiro \u2013 PROPPG (documento dispon\u00edvel no SIPAC \u2013 FORMUL\u00c1RIO \u2013 DECLARA\u00c7\u00c3O DE RESPONSABILIDADE E COMPROMISSO DO ESTUDANTE VISITANTE DE P\u00d3S-GRADUA\u00c7\u00c3O (CORIN)) assinada pelo estudante, orientador e coordenador do PPG da UFRRJ.<\/li>\n<\/ul>\n\n\n\n<p>O(a) professor(a) da UFRRJ respons\u00e1vel por receber o(a) discente dever\u00e1 abrir processo por meio do formul\u00e1rio \u201cFormul\u00e1rio de Abertura \u2013 Mobilidade Acad\u00eamica para Estudantes Visitantes Estrangeiros de P\u00f3s-Gradua\u00e7\u00e3o na UFRRJ (CORIN)\u201d, anexando a documenta\u00e7\u00e3o supracitada, e encaminh\u00e1-lo \u00e0 CORIN, que ser\u00e1 respons\u00e1vel pelo devido tr\u00e2mite junto \u00e0 PROPPG.<\/p>\n\n\n\n<p>Enviar a documenta\u00e7\u00e3o para e-mail&nbsp;<a href=\"mailto:acordos.corin@ufrrj.br\">acordos.corin@ufrrj.br<\/a>&nbsp;solicitando a mobilidade.<\/p>\n\n\n\n<p><object data=\"https:\/\/institucional.ufrrj.br\/corin\/files\/2024\/07\/ufrrj-formulario-para-mobilidade-de-estrangeiros-1.pdf_20240709_122703_0000.pdf\" type=\"application\/pdf\"><\/object><a href=\"https:\/\/institucional.ufrrj.br\/corin\/files\/2024\/07\/ufrrj-formulario-para-mobilidade-de-estrangeiros-1.pdf_20240709_122703_0000.pdf\">ufrrj-formulario-para-mobilidade-de-estrangeiros-1.pdf_20240709_122703_0000<\/a><a href=\"https:\/\/institucional.ufrrj.br\/corin\/files\/2024\/07\/ufrrj-formulario-para-mobilidade-de-estrangeiros-1.pdf_20240709_122703_0000.pdf\">Baixar<\/a><a><\/a><\/p>\n","protected":false},"excerpt":{"rendered":"<p>O procedimento padr\u00e3o para recep\u00e7\u00e3o de estudantes internacionais em atividades acad\u00eamicas de p\u00f3s-gradua\u00e7\u00e3o de curta ou m\u00e9dia dura\u00e7\u00e3o busca garantir a regularidade [&hellip;]<\/p>\n","protected":false},"author":850,"featured_media":0,"parent":0,"menu_order":0,"comment_status":"closed","ping_status":"closed","template":"","meta":{"_acf_changed":false,"footnotes":"","_links_to":"","_links_to_target":""},"class_list":["post-6621","page","type-page","status-publish","hentry"],"yoast_head":"<!-- This site is optimized with the Yoast SEO plugin v27.2 - https:\/\/yoast.com\/product\/yoast-seo-wordpress\/ -->\n<title>P\u00f3s-gradua\u00e7\u00e3o - CORIN<\/title>\n<meta name=\"robots\" content=\"index, follow, max-snippet:-1, max-image-preview:large, max-video-preview:-1\" \/>\n<link rel=\"canonical\" href=\"https:\/\/institucional.ufrrj.br\/corin\/pos-graduacao\/\" \/>\n<meta property=\"og:locale\" content=\"pt_BR\" \/>\n<meta property=\"og:type\" content=\"article\" \/>\n<meta property=\"og:title\" content=\"P\u00f3s-gradua\u00e7\u00e3o - CORIN\" \/>\n<meta property=\"og:description\" content=\"O procedimento padr\u00e3o para recep\u00e7\u00e3o de estudantes internacionais em atividades acad\u00eamicas de p\u00f3s-gradua\u00e7\u00e3o de curta ou m\u00e9dia dura\u00e7\u00e3o busca garantir a regularidade [&hellip;]\" \/>\n<meta property=\"og:url\" content=\"https:\/\/institucional.ufrrj.br\/corin\/pos-graduacao\/\" \/>\n<meta property=\"og:site_name\" content=\"CORIN\" \/>\n<meta property=\"article:modified_time\" content=\"2025-11-03T19:13:46+00:00\" \/>\n<meta name=\"twitter:card\" content=\"summary_large_image\" \/>\n<meta name=\"twitter:label1\" content=\"Est. tempo de leitura\" \/>\n\t<meta name=\"twitter:data1\" content=\"1 minuto\" \/>\n<script type=\"application\/ld+json\" class=\"yoast-schema-graph\">{\"@context\":\"https:\/\/schema.org\",\"@graph\":[{\"@type\":\"WebPage\",\"@id\":\"https:\/\/institucional.ufrrj.br\/corin\/pos-graduacao\/\",\"url\":\"https:\/\/institucional.ufrrj.br\/corin\/pos-graduacao\/\",\"name\":\"P\u00f3s-gradua\u00e7\u00e3o - CORIN\",\"isPartOf\":{\"@id\":\"https:\/\/institucional.ufrrj.br\/corin\/#website\"},\"datePublished\":\"2025-11-03T19:10:35+00:00\",\"dateModified\":\"2025-11-03T19:13:46+00:00\",\"breadcrumb\":{\"@id\":\"https:\/\/institucional.ufrrj.br\/corin\/pos-graduacao\/#breadcrumb\"},\"inLanguage\":\"pt-BR\",\"potentialAction\":[{\"@type\":\"ReadAction\",\"target\":[\"https:\/\/institucional.ufrrj.br\/corin\/pos-graduacao\/\"]}]},{\"@type\":\"BreadcrumbList\",\"@id\":\"https:\/\/institucional.ufrrj.br\/corin\/pos-graduacao\/#breadcrumb\",\"itemListElement\":[{\"@type\":\"ListItem\",\"position\":1,\"name\":\"In\u00edcio\",\"item\":\"https:\/\/institucional.ufrrj.br\/corin\/\"},{\"@type\":\"ListItem\",\"position\":2,\"name\":\"P\u00f3s-gradua\u00e7\u00e3o\"}]},{\"@type\":\"WebSite\",\"@id\":\"https:\/\/institucional.ufrrj.br\/corin\/#website\",\"url\":\"https:\/\/institucional.ufrrj.br\/corin\/\",\"name\":\"CORIN\",\"description\":\"Coordenadoria de Rela\u00e7\u00f5es Internacionais e Interinstitucionais\",\"potentialAction\":[{\"@type\":\"SearchAction\",\"target\":{\"@type\":\"EntryPoint\",\"urlTemplate\":\"https:\/\/institucional.ufrrj.br\/corin\/?s={search_term_string}\"},\"query-input\":{\"@type\":\"PropertyValueSpecification\",\"valueRequired\":true,\"valueName\":\"search_term_string\"}}],\"inLanguage\":\"pt-BR\"}]}<\/script>\n<!-- \/ Yoast SEO plugin. -->","yoast_head_json":{"title":"P\u00f3s-gradua\u00e7\u00e3o - CORIN","robots":{"index":"index","follow":"follow","max-snippet":"max-snippet:-1","max-image-preview":"max-image-preview:large","max-video-preview":"max-video-preview:-1"},"canonical":"https:\/\/institucional.ufrrj.br\/corin\/pos-graduacao\/","og_locale":"pt_BR","og_type":"article","og_title":"P\u00f3s-gradua\u00e7\u00e3o - CORIN","og_description":"O procedimento padr\u00e3o para recep\u00e7\u00e3o de estudantes internacionais em atividades acad\u00eamicas de p\u00f3s-gradua\u00e7\u00e3o de curta ou m\u00e9dia dura\u00e7\u00e3o busca garantir a regularidade [&hellip;]","og_url":"https:\/\/institucional.ufrrj.br\/corin\/pos-graduacao\/","og_site_name":"CORIN","article_modified_time":"2025-11-03T19:13:46+00:00","twitter_card":"summary_large_image","twitter_misc":{"Est. tempo de leitura":"1 minuto"},"schema":{"@context":"https:\/\/schema.org","@graph":[{"@type":"WebPage","@id":"https:\/\/institucional.ufrrj.br\/corin\/pos-graduacao\/","url":"https:\/\/institucional.ufrrj.br\/corin\/pos-graduacao\/","name":"P\u00f3s-gradua\u00e7\u00e3o - CORIN","isPartOf":{"@id":"https:\/\/institucional.ufrrj.br\/corin\/#website"},"datePublished":"2025-11-03T19:10:35+00:00","dateModified":"2025-11-03T19:13:46+00:00","breadcrumb":{"@id":"https:\/\/institucional.ufrrj.br\/corin\/pos-graduacao\/#breadcrumb"},"inLanguage":"pt-BR","potentialAction":[{"@type":"ReadAction","target":["https:\/\/institucional.ufrrj.br\/corin\/pos-graduacao\/"]}]},{"@type":"BreadcrumbList","@id":"https:\/\/institucional.ufrrj.br\/corin\/pos-graduacao\/#breadcrumb","itemListElement":[{"@type":"ListItem","position":1,"name":"In\u00edcio","item":"https:\/\/institucional.ufrrj.br\/corin\/"},{"@type":"ListItem","position":2,"name":"P\u00f3s-gradua\u00e7\u00e3o"}]},{"@type":"WebSite","@id":"https:\/\/institucional.ufrrj.br\/corin\/#website","url":"https:\/\/institucional.ufrrj.br\/corin\/","name":"CORIN","description":"Coordenadoria de Rela\u00e7\u00f5es Internacionais e Interinstitucionais","potentialAction":[{"@type":"SearchAction","target":{"@type":"EntryPoint","urlTemplate":"https:\/\/institucional.ufrrj.br\/corin\/?s={search_term_string}"},"query-input":{"@type":"PropertyValueSpecification","valueRequired":true,"valueName":"search_term_string"}}],"inLanguage":"pt-BR"}]}},"acf":[],"_links":{"self":[{"href":"https:\/\/institucional.ufrrj.br\/corin\/wp-json\/wp\/v2\/pages\/6621","targetHints":{"allow":["GET"]}}],"collection":[{"href":"https:\/\/institucional.ufrrj.br\/corin\/wp-json\/wp\/v2\/pages"}],"about":[{"href":"https:\/\/institucional.ufrrj.br\/corin\/wp-json\/wp\/v2\/types\/page"}],"author":[{"embeddable":true,"href":"https:\/\/institucional.ufrrj.br\/corin\/wp-json\/wp\/v2\/users\/850"}],"replies":[{"embeddable":true,"href":"https:\/\/institucional.ufrrj.br\/corin\/wp-json\/wp\/v2\/comments?post=6621"}],"version-history":[{"count":2,"href":"https:\/\/institucional.ufrrj.br\/corin\/wp-json\/wp\/v2\/pages\/6621\/revisions"}],"predecessor-version":[{"id":6626,"href":"https:\/\/institucional.ufrrj.br\/corin\/wp-json\/wp\/v2\/pages\/6621\/revisions\/6626"}],"wp:attachment":[{"href":"https:\/\/institucional.ufrrj.br\/corin\/wp-json\/wp\/v2\/media?parent=6621"}],"curies":[{"name":"wp","href":"https:\/\/api.w.org\/{rel}","templated":true}]}}