{"id":6618,"date":"2025-11-03T16:09:39","date_gmt":"2025-11-03T19:09:39","guid":{"rendered":"https:\/\/institucional.ufrrj.br\/corin\/?page_id=6618"},"modified":"2025-11-03T16:12:28","modified_gmt":"2025-11-03T19:12:28","slug":"graduacao","status":"publish","type":"page","link":"https:\/\/institucional.ufrrj.br\/corin\/graduacao\/","title":{"rendered":"Gradua\u00e7\u00e3o"},"content":{"rendered":"\n<p>O(a) discente de gradua\u00e7\u00e3o de uma universidade estrangeira parceira poder\u00e1 realizar parte de seus estudos na UFRRJ. Para tal deve providenciar a seguinte documenta\u00e7\u00e3o:<\/p>\n\n\n\n<ul class=\"wp-block-list\">\n<li>Informa\u00e7\u00f5es Pessoais: C\u00f3pia do passaporte, seguro sa\u00fade (para todo o tempo de mobilidade) e certificado m\u00e9dico.<\/li>\n<\/ul>\n\n\n\n<ul class=\"wp-block-list\">\n<li>Informa\u00e7\u00f5es Acad\u00eamicas: Hist\u00f3rico escolar contendo nome do coordenador e curso de gradua\u00e7\u00e3o.<\/li>\n<\/ul>\n\n\n\n<ul class=\"wp-block-list\">\n<li>Informa\u00e7\u00f5es da Mobilidade: Formul\u00e1rio para inscri\u00e7\u00e3o em Mobilidade Acad\u00eamica Internacional (PROGRAD) (dispon\u00edvel abaixo) devidamente preenchido e assinado pelo discente, coordenador de curso e pelo escrit\u00f3rio de Rela\u00e7\u00f5es Internacionais da Universidade estrangeira.<\/li>\n<\/ul>\n\n\n\n<ul class=\"wp-block-list\">\n<li>Carta de inten\u00e7\u00e3o do discente devidamente assinada pelo mesmo.<\/li>\n<\/ul>\n\n\n\n<ul class=\"wp-block-list\">\n<li>Carta de aceite da UFRRJ, devidamente assinada pelo(a) coordenador(a) do curso e\/ou orientador(a) (nos casos de est\u00e1gio curricular), al\u00e9m da assinatura da CORIN.<\/li>\n<\/ul>\n\n\n\n<p>A documenta\u00e7\u00e3o dever\u00e1 ser enviada para o e-mail acordos.corin@ufrrj.br, juntamente com a solicita\u00e7\u00e3o de mobilidade. <\/p>\n\n\n\n<p>A CORIN ser\u00e1 respons\u00e1vel pela abertura do processo de mobilidade acad\u00eamica, que ser\u00e1 encaminhado \u00e0 PROGRAD, bem como pela interlocu\u00e7\u00e3o com o(a) discente para avaliar, em conjunto com a PROAES, a possibilidade de acesso ao restaurante universit\u00e1rio e aos alojamento.<\/p>\n\n\n\n<div data-wp-interactive=\"core\/file\" class=\"wp-block-file aligncenter\"><object data-wp-bind--hidden=\"!state.hasPdfPreview\" hidden class=\"wp-block-file__embed\" data=\"https:\/\/institucional.ufrrj.br\/corin\/files\/2024\/07\/ufrrj-formulario-para-mobilidade-de-estrangeiros-1.pdf_20240709_122703_0000.pdf\" type=\"application\/pdf\" style=\"width:100%;height:460px\" aria-label=\"Incorporado de ufrrj-formulario-para-mobilidade-de-estrangeiros-1.pdf_20240709_122703_0000.\"><\/object><a id=\"wp-block-file--media-6bd8df92-3710-4c67-8db8-34e46bfd4f28\" href=\"https:\/\/institucional.ufrrj.br\/corin\/files\/2024\/07\/ufrrj-formulario-para-mobilidade-de-estrangeiros-1.pdf_20240709_122703_0000.pdf\">ufrrj-formulario-para-mobilidade-de-estrangeiros-1.pdf_20240709_122703_0000<\/a><a href=\"https:\/\/institucional.ufrrj.br\/corin\/files\/2024\/07\/ufrrj-formulario-para-mobilidade-de-estrangeiros-1.pdf_20240709_122703_0000.pdf\" class=\"wp-block-file__button wp-element-button\" download aria-describedby=\"wp-block-file--media-6bd8df92-3710-4c67-8db8-34e46bfd4f28\">Baixar<\/a><\/div>\n","protected":false},"excerpt":{"rendered":"<p>O(a) discente de gradua\u00e7\u00e3o de uma universidade estrangeira parceira poder\u00e1 realizar parte de seus estudos na UFRRJ. Para tal deve providenciar a [&hellip;]<\/p>\n","protected":false},"author":850,"featured_media":0,"parent":0,"menu_order":0,"comment_status":"closed","ping_status":"closed","template":"","meta":{"_acf_changed":false,"footnotes":"","_links_to":"","_links_to_target":""},"class_list":["post-6618","page","type-page","status-publish","hentry"],"yoast_head":"<!-- This site is optimized with the Yoast SEO plugin v27.2 - https:\/\/yoast.com\/product\/yoast-seo-wordpress\/ -->\n<title>Gradua\u00e7\u00e3o - CORIN<\/title>\n<meta name=\"robots\" content=\"index, follow, max-snippet:-1, max-image-preview:large, max-video-preview:-1\" \/>\n<link rel=\"canonical\" href=\"https:\/\/institucional.ufrrj.br\/corin\/graduacao\/\" \/>\n<meta property=\"og:locale\" content=\"pt_BR\" \/>\n<meta property=\"og:type\" content=\"article\" \/>\n<meta property=\"og:title\" content=\"Gradua\u00e7\u00e3o - CORIN\" \/>\n<meta property=\"og:description\" content=\"O(a) discente de gradua\u00e7\u00e3o de uma universidade estrangeira parceira poder\u00e1 realizar parte de seus estudos na UFRRJ. Para tal deve providenciar a [&hellip;]\" \/>\n<meta property=\"og:url\" content=\"https:\/\/institucional.ufrrj.br\/corin\/graduacao\/\" \/>\n<meta property=\"og:site_name\" content=\"CORIN\" \/>\n<meta property=\"article:modified_time\" content=\"2025-11-03T19:12:28+00:00\" \/>\n<meta name=\"twitter:card\" content=\"summary_large_image\" \/>\n<meta name=\"twitter:label1\" content=\"Est. tempo de leitura\" \/>\n\t<meta name=\"twitter:data1\" content=\"1 minuto\" \/>\n<script type=\"application\/ld+json\" class=\"yoast-schema-graph\">{\"@context\":\"https:\/\/schema.org\",\"@graph\":[{\"@type\":\"WebPage\",\"@id\":\"https:\/\/institucional.ufrrj.br\/corin\/graduacao\/\",\"url\":\"https:\/\/institucional.ufrrj.br\/corin\/graduacao\/\",\"name\":\"Gradua\u00e7\u00e3o - CORIN\",\"isPartOf\":{\"@id\":\"https:\/\/institucional.ufrrj.br\/corin\/#website\"},\"datePublished\":\"2025-11-03T19:09:39+00:00\",\"dateModified\":\"2025-11-03T19:12:28+00:00\",\"breadcrumb\":{\"@id\":\"https:\/\/institucional.ufrrj.br\/corin\/graduacao\/#breadcrumb\"},\"inLanguage\":\"pt-BR\",\"potentialAction\":[{\"@type\":\"ReadAction\",\"target\":[\"https:\/\/institucional.ufrrj.br\/corin\/graduacao\/\"]}]},{\"@type\":\"BreadcrumbList\",\"@id\":\"https:\/\/institucional.ufrrj.br\/corin\/graduacao\/#breadcrumb\",\"itemListElement\":[{\"@type\":\"ListItem\",\"position\":1,\"name\":\"In\u00edcio\",\"item\":\"https:\/\/institucional.ufrrj.br\/corin\/\"},{\"@type\":\"ListItem\",\"position\":2,\"name\":\"Gradua\u00e7\u00e3o\"}]},{\"@type\":\"WebSite\",\"@id\":\"https:\/\/institucional.ufrrj.br\/corin\/#website\",\"url\":\"https:\/\/institucional.ufrrj.br\/corin\/\",\"name\":\"CORIN\",\"description\":\"Coordenadoria de Rela\u00e7\u00f5es Internacionais e Interinstitucionais\",\"potentialAction\":[{\"@type\":\"SearchAction\",\"target\":{\"@type\":\"EntryPoint\",\"urlTemplate\":\"https:\/\/institucional.ufrrj.br\/corin\/?s={search_term_string}\"},\"query-input\":{\"@type\":\"PropertyValueSpecification\",\"valueRequired\":true,\"valueName\":\"search_term_string\"}}],\"inLanguage\":\"pt-BR\"}]}<\/script>\n<!-- \/ Yoast SEO plugin. -->","yoast_head_json":{"title":"Gradua\u00e7\u00e3o - CORIN","robots":{"index":"index","follow":"follow","max-snippet":"max-snippet:-1","max-image-preview":"max-image-preview:large","max-video-preview":"max-video-preview:-1"},"canonical":"https:\/\/institucional.ufrrj.br\/corin\/graduacao\/","og_locale":"pt_BR","og_type":"article","og_title":"Gradua\u00e7\u00e3o - CORIN","og_description":"O(a) discente de gradua\u00e7\u00e3o de uma universidade estrangeira parceira poder\u00e1 realizar parte de seus estudos na UFRRJ. Para tal deve providenciar a [&hellip;]","og_url":"https:\/\/institucional.ufrrj.br\/corin\/graduacao\/","og_site_name":"CORIN","article_modified_time":"2025-11-03T19:12:28+00:00","twitter_card":"summary_large_image","twitter_misc":{"Est. tempo de leitura":"1 minuto"},"schema":{"@context":"https:\/\/schema.org","@graph":[{"@type":"WebPage","@id":"https:\/\/institucional.ufrrj.br\/corin\/graduacao\/","url":"https:\/\/institucional.ufrrj.br\/corin\/graduacao\/","name":"Gradua\u00e7\u00e3o - CORIN","isPartOf":{"@id":"https:\/\/institucional.ufrrj.br\/corin\/#website"},"datePublished":"2025-11-03T19:09:39+00:00","dateModified":"2025-11-03T19:12:28+00:00","breadcrumb":{"@id":"https:\/\/institucional.ufrrj.br\/corin\/graduacao\/#breadcrumb"},"inLanguage":"pt-BR","potentialAction":[{"@type":"ReadAction","target":["https:\/\/institucional.ufrrj.br\/corin\/graduacao\/"]}]},{"@type":"BreadcrumbList","@id":"https:\/\/institucional.ufrrj.br\/corin\/graduacao\/#breadcrumb","itemListElement":[{"@type":"ListItem","position":1,"name":"In\u00edcio","item":"https:\/\/institucional.ufrrj.br\/corin\/"},{"@type":"ListItem","position":2,"name":"Gradua\u00e7\u00e3o"}]},{"@type":"WebSite","@id":"https:\/\/institucional.ufrrj.br\/corin\/#website","url":"https:\/\/institucional.ufrrj.br\/corin\/","name":"CORIN","description":"Coordenadoria de Rela\u00e7\u00f5es Internacionais e Interinstitucionais","potentialAction":[{"@type":"SearchAction","target":{"@type":"EntryPoint","urlTemplate":"https:\/\/institucional.ufrrj.br\/corin\/?s={search_term_string}"},"query-input":{"@type":"PropertyValueSpecification","valueRequired":true,"valueName":"search_term_string"}}],"inLanguage":"pt-BR"}]}},"acf":[],"_links":{"self":[{"href":"https:\/\/institucional.ufrrj.br\/corin\/wp-json\/wp\/v2\/pages\/6618","targetHints":{"allow":["GET"]}}],"collection":[{"href":"https:\/\/institucional.ufrrj.br\/corin\/wp-json\/wp\/v2\/pages"}],"about":[{"href":"https:\/\/institucional.ufrrj.br\/corin\/wp-json\/wp\/v2\/types\/page"}],"author":[{"embeddable":true,"href":"https:\/\/institucional.ufrrj.br\/corin\/wp-json\/wp\/v2\/users\/850"}],"replies":[{"embeddable":true,"href":"https:\/\/institucional.ufrrj.br\/corin\/wp-json\/wp\/v2\/comments?post=6618"}],"version-history":[{"count":2,"href":"https:\/\/institucional.ufrrj.br\/corin\/wp-json\/wp\/v2\/pages\/6618\/revisions"}],"predecessor-version":[{"id":6625,"href":"https:\/\/institucional.ufrrj.br\/corin\/wp-json\/wp\/v2\/pages\/6618\/revisions\/6625"}],"wp:attachment":[{"href":"https:\/\/institucional.ufrrj.br\/corin\/wp-json\/wp\/v2\/media?parent=6618"}],"curies":[{"name":"wp","href":"https:\/\/api.w.org\/{rel}","templated":true}]}}