{"id":6354,"date":"2025-06-25T16:23:02","date_gmt":"2025-06-25T19:23:02","guid":{"rendered":"https:\/\/institucional.ufrrj.br\/corin\/?page_id=6354"},"modified":"2025-06-25T16:28:57","modified_gmt":"2025-06-25T19:28:57","slug":"politicas","status":"publish","type":"page","link":"https:\/\/institucional.ufrrj.br\/corin\/politicas\/","title":{"rendered":"Pol\u00edticas"},"content":{"rendered":"\n<p>Delibera\u00e7\u00e3o N\u00ba40, de 02 de agosto de 2018. <\/p>\n\n\n\n<p><a href=\"https:\/\/institucional.ufrrj.br\/soc\/files\/2018\/08\/Delib040CONSU2018.pdf\">https:\/\/institucional.ufrrj.br\/soc\/files\/2018\/08\/Delib040CONSU2018.pdf<\/a><\/p>\n","protected":false},"excerpt":{"rendered":"<p>Delibera\u00e7\u00e3o N\u00ba40, de 02 de agosto de 2018. https:\/\/institucional.ufrrj.br\/soc\/files\/2018\/08\/Delib040CONSU2018.pdf<\/p>\n","protected":false},"author":850,"featured_media":0,"parent":0,"menu_order":0,"comment_status":"closed","ping_status":"closed","template":"","meta":{"_acf_changed":false,"footnotes":"","_links_to":"","_links_to_target":""},"class_list":["post-6354","page","type-page","status-publish","hentry"],"yoast_head":"<!-- This site is optimized with the Yoast SEO plugin v27.2 - https:\/\/yoast.com\/product\/yoast-seo-wordpress\/ -->\n<title>Pol\u00edticas - CORIN<\/title>\n<meta name=\"robots\" content=\"index, follow, max-snippet:-1, max-image-preview:large, max-video-preview:-1\" \/>\n<link rel=\"canonical\" href=\"https:\/\/institucional.ufrrj.br\/corin\/politicas\/\" \/>\n<meta property=\"og:locale\" content=\"pt_BR\" \/>\n<meta property=\"og:type\" content=\"article\" \/>\n<meta property=\"og:title\" content=\"Pol\u00edticas - CORIN\" \/>\n<meta property=\"og:description\" content=\"Delibera\u00e7\u00e3o N\u00ba40, de 02 de agosto de 2018. https:\/\/institucional.ufrrj.br\/soc\/files\/2018\/08\/Delib040CONSU2018.pdf\" \/>\n<meta property=\"og:url\" content=\"https:\/\/institucional.ufrrj.br\/corin\/politicas\/\" \/>\n<meta property=\"og:site_name\" content=\"CORIN\" \/>\n<meta property=\"article:modified_time\" content=\"2025-06-25T19:28:57+00:00\" \/>\n<meta name=\"twitter:card\" content=\"summary_large_image\" \/>\n<script type=\"application\/ld+json\" class=\"yoast-schema-graph\">{\"@context\":\"https:\/\/schema.org\",\"@graph\":[{\"@type\":\"WebPage\",\"@id\":\"https:\/\/institucional.ufrrj.br\/corin\/politicas\/\",\"url\":\"https:\/\/institucional.ufrrj.br\/corin\/politicas\/\",\"name\":\"Pol\u00edticas - CORIN\",\"isPartOf\":{\"@id\":\"https:\/\/institucional.ufrrj.br\/corin\/#website\"},\"datePublished\":\"2025-06-25T19:23:02+00:00\",\"dateModified\":\"2025-06-25T19:28:57+00:00\",\"breadcrumb\":{\"@id\":\"https:\/\/institucional.ufrrj.br\/corin\/politicas\/#breadcrumb\"},\"inLanguage\":\"pt-BR\",\"potentialAction\":[{\"@type\":\"ReadAction\",\"target\":[\"https:\/\/institucional.ufrrj.br\/corin\/politicas\/\"]}]},{\"@type\":\"BreadcrumbList\",\"@id\":\"https:\/\/institucional.ufrrj.br\/corin\/politicas\/#breadcrumb\",\"itemListElement\":[{\"@type\":\"ListItem\",\"position\":1,\"name\":\"In\u00edcio\",\"item\":\"https:\/\/institucional.ufrrj.br\/corin\/\"},{\"@type\":\"ListItem\",\"position\":2,\"name\":\"Pol\u00edticas\"}]},{\"@type\":\"WebSite\",\"@id\":\"https:\/\/institucional.ufrrj.br\/corin\/#website\",\"url\":\"https:\/\/institucional.ufrrj.br\/corin\/\",\"name\":\"CORIN\",\"description\":\"Coordenadoria de Rela\u00e7\u00f5es Internacionais e Interinstitucionais\",\"potentialAction\":[{\"@type\":\"SearchAction\",\"target\":{\"@type\":\"EntryPoint\",\"urlTemplate\":\"https:\/\/institucional.ufrrj.br\/corin\/?s={search_term_string}\"},\"query-input\":{\"@type\":\"PropertyValueSpecification\",\"valueRequired\":true,\"valueName\":\"search_term_string\"}}],\"inLanguage\":\"pt-BR\"}]}<\/script>\n<!-- \/ Yoast SEO plugin. -->","yoast_head_json":{"title":"Pol\u00edticas - CORIN","robots":{"index":"index","follow":"follow","max-snippet":"max-snippet:-1","max-image-preview":"max-image-preview:large","max-video-preview":"max-video-preview:-1"},"canonical":"https:\/\/institucional.ufrrj.br\/corin\/politicas\/","og_locale":"pt_BR","og_type":"article","og_title":"Pol\u00edticas - CORIN","og_description":"Delibera\u00e7\u00e3o N\u00ba40, de 02 de agosto de 2018. https:\/\/institucional.ufrrj.br\/soc\/files\/2018\/08\/Delib040CONSU2018.pdf","og_url":"https:\/\/institucional.ufrrj.br\/corin\/politicas\/","og_site_name":"CORIN","article_modified_time":"2025-06-25T19:28:57+00:00","twitter_card":"summary_large_image","schema":{"@context":"https:\/\/schema.org","@graph":[{"@type":"WebPage","@id":"https:\/\/institucional.ufrrj.br\/corin\/politicas\/","url":"https:\/\/institucional.ufrrj.br\/corin\/politicas\/","name":"Pol\u00edticas - CORIN","isPartOf":{"@id":"https:\/\/institucional.ufrrj.br\/corin\/#website"},"datePublished":"2025-06-25T19:23:02+00:00","dateModified":"2025-06-25T19:28:57+00:00","breadcrumb":{"@id":"https:\/\/institucional.ufrrj.br\/corin\/politicas\/#breadcrumb"},"inLanguage":"pt-BR","potentialAction":[{"@type":"ReadAction","target":["https:\/\/institucional.ufrrj.br\/corin\/politicas\/"]}]},{"@type":"BreadcrumbList","@id":"https:\/\/institucional.ufrrj.br\/corin\/politicas\/#breadcrumb","itemListElement":[{"@type":"ListItem","position":1,"name":"In\u00edcio","item":"https:\/\/institucional.ufrrj.br\/corin\/"},{"@type":"ListItem","position":2,"name":"Pol\u00edticas"}]},{"@type":"WebSite","@id":"https:\/\/institucional.ufrrj.br\/corin\/#website","url":"https:\/\/institucional.ufrrj.br\/corin\/","name":"CORIN","description":"Coordenadoria de Rela\u00e7\u00f5es Internacionais e Interinstitucionais","potentialAction":[{"@type":"SearchAction","target":{"@type":"EntryPoint","urlTemplate":"https:\/\/institucional.ufrrj.br\/corin\/?s={search_term_string}"},"query-input":{"@type":"PropertyValueSpecification","valueRequired":true,"valueName":"search_term_string"}}],"inLanguage":"pt-BR"}]}},"acf":[],"_links":{"self":[{"href":"https:\/\/institucional.ufrrj.br\/corin\/wp-json\/wp\/v2\/pages\/6354","targetHints":{"allow":["GET"]}}],"collection":[{"href":"https:\/\/institucional.ufrrj.br\/corin\/wp-json\/wp\/v2\/pages"}],"about":[{"href":"https:\/\/institucional.ufrrj.br\/corin\/wp-json\/wp\/v2\/types\/page"}],"author":[{"embeddable":true,"href":"https:\/\/institucional.ufrrj.br\/corin\/wp-json\/wp\/v2\/users\/850"}],"replies":[{"embeddable":true,"href":"https:\/\/institucional.ufrrj.br\/corin\/wp-json\/wp\/v2\/comments?post=6354"}],"version-history":[{"count":2,"href":"https:\/\/institucional.ufrrj.br\/corin\/wp-json\/wp\/v2\/pages\/6354\/revisions"}],"predecessor-version":[{"id":6358,"href":"https:\/\/institucional.ufrrj.br\/corin\/wp-json\/wp\/v2\/pages\/6354\/revisions\/6358"}],"wp:attachment":[{"href":"https:\/\/institucional.ufrrj.br\/corin\/wp-json\/wp\/v2\/media?parent=6354"}],"curies":[{"name":"wp","href":"https:\/\/api.w.org\/{rel}","templated":true}]}}