{"id":6116,"date":"2025-05-23T13:27:52","date_gmt":"2025-05-23T16:27:52","guid":{"rendered":"https:\/\/institucional.ufrrj.br\/corin\/?page_id=6116"},"modified":"2026-04-13T01:12:07","modified_gmt":"2026-04-13T04:12:07","slug":"nucleo-de-acolhimento-aos-visitantes-estrangeiro-nave","status":"publish","type":"page","link":"https:\/\/institucional.ufrrj.br\/corin\/nucleo-de-acolhimento-aos-visitantes-estrangeiro-nave\/","title":{"rendered":"N\u00facleo de Acolhimento aos Visitantes Estrangeiro \u2013 NAVE"},"content":{"rendered":"\n<p>O N\u00facleo de Acolhimento aos Visitantes Estrangeiros (NAVE) \u00e9 um projeto de extens\u00e3o da CORIN\/PROPPGI criado com o objetivo de fortalecer a internacionaliza\u00e7\u00e3o da UFRRJ por meio da acolhida de visitantes estrangeiros. <\/p>\n\n\n\n<p>A iniciativa busca especialmente promover a integra\u00e7\u00e3o dos estudantes internacionais que chegam na UFRRJ, no \u00e2mbito da gradua\u00e7\u00e3o e da p\u00f3s- gradua\u00e7\u00e3o, \u00e0 comunidade universit\u00e1ria.<\/p>\n\n\n\n<p>O NAVE atua na recep\u00e7\u00e3o e no acompanhamento, oferecendo suporte para sua adapta\u00e7\u00e3o ao ambiente acad\u00eamico, \u00e0 cultura brasileira e ao cotidiano da universidade, contribuindo para uma experi\u00eancia de interc\u00e2mbio mais integrada e significativa.<\/p>\n\n\n\n<p class=\"eplus-wrapper\"><\/p>\n\n\n\n<p class=\"eplus-wrapper\"><\/p>\n","protected":false},"excerpt":{"rendered":"<p>O N\u00facleo de Acolhimento aos Visitantes Estrangeiros (NAVE) \u00e9 um projeto de extens\u00e3o da CORIN\/PROPPGI criado com o objetivo de fortalecer a [&hellip;]<\/p>\n","protected":false},"author":634,"featured_media":0,"parent":0,"menu_order":0,"comment_status":"closed","ping_status":"closed","template":"","meta":{"_acf_changed":false,"footnotes":"","_links_to":"","_links_to_target":""},"class_list":["post-6116","page","type-page","status-publish","hentry"],"yoast_head":"<!-- This site is optimized with the Yoast SEO plugin v27.2 - https:\/\/yoast.com\/product\/yoast-seo-wordpress\/ -->\n<title>N\u00facleo de Acolhimento aos Visitantes Estrangeiro \u2013 NAVE - CORIN<\/title>\n<meta name=\"robots\" content=\"index, follow, max-snippet:-1, max-image-preview:large, max-video-preview:-1\" \/>\n<link rel=\"canonical\" href=\"https:\/\/institucional.ufrrj.br\/corin\/nucleo-de-acolhimento-aos-visitantes-estrangeiro-nave\/\" \/>\n<meta property=\"og:locale\" content=\"pt_BR\" \/>\n<meta property=\"og:type\" content=\"article\" \/>\n<meta property=\"og:title\" content=\"N\u00facleo de Acolhimento aos Visitantes Estrangeiro \u2013 NAVE - CORIN\" \/>\n<meta property=\"og:description\" content=\"O N\u00facleo de Acolhimento aos Visitantes Estrangeiros (NAVE) \u00e9 um projeto de extens\u00e3o da CORIN\/PROPPGI criado com o objetivo de fortalecer a [&hellip;]\" \/>\n<meta property=\"og:url\" content=\"https:\/\/institucional.ufrrj.br\/corin\/nucleo-de-acolhimento-aos-visitantes-estrangeiro-nave\/\" \/>\n<meta property=\"og:site_name\" content=\"CORIN\" \/>\n<meta property=\"article:modified_time\" content=\"2026-04-13T04:12:07+00:00\" \/>\n<meta name=\"twitter:card\" content=\"summary_large_image\" \/>\n<meta name=\"twitter:label1\" content=\"Est. tempo de leitura\" \/>\n\t<meta name=\"twitter:data1\" content=\"1 minuto\" \/>\n<script type=\"application\/ld+json\" class=\"yoast-schema-graph\">{\"@context\":\"https:\/\/schema.org\",\"@graph\":[{\"@type\":\"WebPage\",\"@id\":\"https:\/\/institucional.ufrrj.br\/corin\/nucleo-de-acolhimento-aos-visitantes-estrangeiro-nave\/\",\"url\":\"https:\/\/institucional.ufrrj.br\/corin\/nucleo-de-acolhimento-aos-visitantes-estrangeiro-nave\/\",\"name\":\"N\u00facleo de Acolhimento aos Visitantes Estrangeiro \u2013 NAVE - CORIN\",\"isPartOf\":{\"@id\":\"https:\/\/institucional.ufrrj.br\/corin\/#website\"},\"datePublished\":\"2025-05-23T16:27:52+00:00\",\"dateModified\":\"2026-04-13T04:12:07+00:00\",\"breadcrumb\":{\"@id\":\"https:\/\/institucional.ufrrj.br\/corin\/nucleo-de-acolhimento-aos-visitantes-estrangeiro-nave\/#breadcrumb\"},\"inLanguage\":\"pt-BR\",\"potentialAction\":[{\"@type\":\"ReadAction\",\"target\":[\"https:\/\/institucional.ufrrj.br\/corin\/nucleo-de-acolhimento-aos-visitantes-estrangeiro-nave\/\"]}]},{\"@type\":\"BreadcrumbList\",\"@id\":\"https:\/\/institucional.ufrrj.br\/corin\/nucleo-de-acolhimento-aos-visitantes-estrangeiro-nave\/#breadcrumb\",\"itemListElement\":[{\"@type\":\"ListItem\",\"position\":1,\"name\":\"In\u00edcio\",\"item\":\"https:\/\/institucional.ufrrj.br\/corin\/\"},{\"@type\":\"ListItem\",\"position\":2,\"name\":\"N\u00facleo de Acolhimento aos Visitantes Estrangeiro \u2013 NAVE\"}]},{\"@type\":\"WebSite\",\"@id\":\"https:\/\/institucional.ufrrj.br\/corin\/#website\",\"url\":\"https:\/\/institucional.ufrrj.br\/corin\/\",\"name\":\"CORIN\",\"description\":\"Coordenadoria de Rela\u00e7\u00f5es Internacionais e Interinstitucionais\",\"potentialAction\":[{\"@type\":\"SearchAction\",\"target\":{\"@type\":\"EntryPoint\",\"urlTemplate\":\"https:\/\/institucional.ufrrj.br\/corin\/?s={search_term_string}\"},\"query-input\":{\"@type\":\"PropertyValueSpecification\",\"valueRequired\":true,\"valueName\":\"search_term_string\"}}],\"inLanguage\":\"pt-BR\"}]}<\/script>\n<!-- \/ Yoast SEO plugin. -->","yoast_head_json":{"title":"N\u00facleo de Acolhimento aos Visitantes Estrangeiro \u2013 NAVE - CORIN","robots":{"index":"index","follow":"follow","max-snippet":"max-snippet:-1","max-image-preview":"max-image-preview:large","max-video-preview":"max-video-preview:-1"},"canonical":"https:\/\/institucional.ufrrj.br\/corin\/nucleo-de-acolhimento-aos-visitantes-estrangeiro-nave\/","og_locale":"pt_BR","og_type":"article","og_title":"N\u00facleo de Acolhimento aos Visitantes Estrangeiro \u2013 NAVE - CORIN","og_description":"O N\u00facleo de Acolhimento aos Visitantes Estrangeiros (NAVE) \u00e9 um projeto de extens\u00e3o da CORIN\/PROPPGI criado com o objetivo de fortalecer a [&hellip;]","og_url":"https:\/\/institucional.ufrrj.br\/corin\/nucleo-de-acolhimento-aos-visitantes-estrangeiro-nave\/","og_site_name":"CORIN","article_modified_time":"2026-04-13T04:12:07+00:00","twitter_card":"summary_large_image","twitter_misc":{"Est. tempo de leitura":"1 minuto"},"schema":{"@context":"https:\/\/schema.org","@graph":[{"@type":"WebPage","@id":"https:\/\/institucional.ufrrj.br\/corin\/nucleo-de-acolhimento-aos-visitantes-estrangeiro-nave\/","url":"https:\/\/institucional.ufrrj.br\/corin\/nucleo-de-acolhimento-aos-visitantes-estrangeiro-nave\/","name":"N\u00facleo de Acolhimento aos Visitantes Estrangeiro \u2013 NAVE - CORIN","isPartOf":{"@id":"https:\/\/institucional.ufrrj.br\/corin\/#website"},"datePublished":"2025-05-23T16:27:52+00:00","dateModified":"2026-04-13T04:12:07+00:00","breadcrumb":{"@id":"https:\/\/institucional.ufrrj.br\/corin\/nucleo-de-acolhimento-aos-visitantes-estrangeiro-nave\/#breadcrumb"},"inLanguage":"pt-BR","potentialAction":[{"@type":"ReadAction","target":["https:\/\/institucional.ufrrj.br\/corin\/nucleo-de-acolhimento-aos-visitantes-estrangeiro-nave\/"]}]},{"@type":"BreadcrumbList","@id":"https:\/\/institucional.ufrrj.br\/corin\/nucleo-de-acolhimento-aos-visitantes-estrangeiro-nave\/#breadcrumb","itemListElement":[{"@type":"ListItem","position":1,"name":"In\u00edcio","item":"https:\/\/institucional.ufrrj.br\/corin\/"},{"@type":"ListItem","position":2,"name":"N\u00facleo de Acolhimento aos Visitantes Estrangeiro \u2013 NAVE"}]},{"@type":"WebSite","@id":"https:\/\/institucional.ufrrj.br\/corin\/#website","url":"https:\/\/institucional.ufrrj.br\/corin\/","name":"CORIN","description":"Coordenadoria de Rela\u00e7\u00f5es Internacionais e Interinstitucionais","potentialAction":[{"@type":"SearchAction","target":{"@type":"EntryPoint","urlTemplate":"https:\/\/institucional.ufrrj.br\/corin\/?s={search_term_string}"},"query-input":{"@type":"PropertyValueSpecification","valueRequired":true,"valueName":"search_term_string"}}],"inLanguage":"pt-BR"}]}},"acf":[],"_links":{"self":[{"href":"https:\/\/institucional.ufrrj.br\/corin\/wp-json\/wp\/v2\/pages\/6116","targetHints":{"allow":["GET"]}}],"collection":[{"href":"https:\/\/institucional.ufrrj.br\/corin\/wp-json\/wp\/v2\/pages"}],"about":[{"href":"https:\/\/institucional.ufrrj.br\/corin\/wp-json\/wp\/v2\/types\/page"}],"author":[{"embeddable":true,"href":"https:\/\/institucional.ufrrj.br\/corin\/wp-json\/wp\/v2\/users\/634"}],"replies":[{"embeddable":true,"href":"https:\/\/institucional.ufrrj.br\/corin\/wp-json\/wp\/v2\/comments?post=6116"}],"version-history":[{"count":1,"href":"https:\/\/institucional.ufrrj.br\/corin\/wp-json\/wp\/v2\/pages\/6116\/revisions"}],"predecessor-version":[{"id":7053,"href":"https:\/\/institucional.ufrrj.br\/corin\/wp-json\/wp\/v2\/pages\/6116\/revisions\/7053"}],"wp:attachment":[{"href":"https:\/\/institucional.ufrrj.br\/corin\/wp-json\/wp\/v2\/media?parent=6116"}],"curies":[{"name":"wp","href":"https:\/\/api.w.org\/{rel}","templated":true}]}}