{"id":5849,"date":"2025-03-31T12:31:55","date_gmt":"2025-03-31T15:31:55","guid":{"rendered":"https:\/\/institucional.ufrrj.br\/corin\/?page_id=5849"},"modified":"2025-05-27T14:22:44","modified_gmt":"2025-05-27T17:22:44","slug":"atendimento-ao-publico-corin","status":"publish","type":"page","link":"https:\/\/institucional.ufrrj.br\/corin\/atendimento-ao-publico-corin\/","title":{"rendered":"ATENDIMENTO AO P\u00daBLICO \u2013 CORIN"},"content":{"rendered":"\n<p class=\" eplus-wrapper\">O atendimento da Coordenadoria de Rela\u00e7\u00f5es Internacionais e Interinstitucionais (Corin), em decorr\u00eancia da implementa\u00e7\u00e3o do Programa de Gest\u00e3o de Desempenho (PGD), est\u00e1 sendo realizado de forma h\u00edbrida \u2013 remoto e presencialmente.<\/p>\n\n\n\n<p class=\" eplus-wrapper\">Confira na planilha a escala de trabalho presencial :<\/p>\n\n\n\n<p class=\" eplus-wrapper\"><a href=\"https:\/\/docs.google.com\/document\/d\/1els9w7LyEhJhZ1Z1JWV0hIjINqjteYNS\/edit?usp=sharing&amp;ouid=100288007943746847121&amp;rtpof=true&amp;sd=true\">https:\/\/docs.google.com\/document\/d\/1els9w7LyEhJhZ1Z1JWV0hIjINqjteYNS\/edit?usp=sharing&amp;ouid=100288007943746847121&amp;rtpof=true&amp;sd=true<\/a><\/p>\n\n\n\n<p class=\" eplus-wrapper\">Abaixo, acesse a lista completa dos canais de contato:<\/p>\n\n\n\n<p class=\" eplus-wrapper\">E-mails:<\/p>\n\n\n\n<p class=\" eplus-wrapper\">N\u00facleo de Acordos : <a href=\"mailto:acordos.corin@ufrrj.br\">acordos.corin@ufrrj.br<\/a><\/p>\n\n\n\n<p class=\" eplus-wrapper\">N\u00facleo de Internacionaliza\u00e7\u00e3o e Mobilidade: <a href=\"mailto:corin@ufrrj.br\">corin@ufrrj.br<\/a><\/p>\n\n\n\n<p class=\" eplus-wrapper\">Telefone: (21) 2681-4621<br>Whatsapp: (21) 2681-4621<br>Redes sociais: Instagram \u2013 <a href=\"https:\/\/www.instagram.com\/corin_ufrrj\/\">corin_ufrrj<\/a> | Facebook \u2013 Coordenadoria de Rela\u00e7\u00f5es Internacionais e Interinstitucionais <\/p>\n","protected":false},"excerpt":{"rendered":"<p>O atendimento da Coordenadoria de Rela\u00e7\u00f5es Internacionais e Interinstitucionais (Corin), em decorr\u00eancia da implementa\u00e7\u00e3o do Programa de Gest\u00e3o de Desempenho (PGD), est\u00e1 [&hellip;]<\/p>\n","protected":false},"author":850,"featured_media":0,"parent":0,"menu_order":0,"comment_status":"closed","ping_status":"closed","template":"","meta":{"_acf_changed":false,"footnotes":"","_links_to":"","_links_to_target":""},"class_list":["post-5849","page","type-page","status-publish","hentry"],"yoast_head":"<!-- This site is optimized with the Yoast SEO plugin v27.2 - https:\/\/yoast.com\/product\/yoast-seo-wordpress\/ -->\n<title>ATENDIMENTO AO P\u00daBLICO \u2013 CORIN - CORIN<\/title>\n<meta name=\"robots\" content=\"index, follow, max-snippet:-1, max-image-preview:large, max-video-preview:-1\" \/>\n<link rel=\"canonical\" href=\"https:\/\/institucional.ufrrj.br\/corin\/atendimento-ao-publico-corin\/\" \/>\n<meta property=\"og:locale\" content=\"pt_BR\" \/>\n<meta property=\"og:type\" content=\"article\" \/>\n<meta property=\"og:title\" content=\"ATENDIMENTO AO P\u00daBLICO \u2013 CORIN - CORIN\" \/>\n<meta property=\"og:description\" content=\"O atendimento da Coordenadoria de Rela\u00e7\u00f5es Internacionais e Interinstitucionais (Corin), em decorr\u00eancia da implementa\u00e7\u00e3o do Programa de Gest\u00e3o de Desempenho (PGD), est\u00e1 [&hellip;]\" \/>\n<meta property=\"og:url\" content=\"https:\/\/institucional.ufrrj.br\/corin\/atendimento-ao-publico-corin\/\" \/>\n<meta property=\"og:site_name\" content=\"CORIN\" \/>\n<meta property=\"article:modified_time\" content=\"2025-05-27T17:22:44+00:00\" \/>\n<meta name=\"twitter:card\" content=\"summary_large_image\" \/>\n<meta name=\"twitter:label1\" content=\"Est. tempo de leitura\" \/>\n\t<meta name=\"twitter:data1\" content=\"1 minuto\" \/>\n<script type=\"application\/ld+json\" class=\"yoast-schema-graph\">{\"@context\":\"https:\/\/schema.org\",\"@graph\":[{\"@type\":\"WebPage\",\"@id\":\"https:\/\/institucional.ufrrj.br\/corin\/atendimento-ao-publico-corin\/\",\"url\":\"https:\/\/institucional.ufrrj.br\/corin\/atendimento-ao-publico-corin\/\",\"name\":\"ATENDIMENTO AO P\u00daBLICO \u2013 CORIN - CORIN\",\"isPartOf\":{\"@id\":\"https:\/\/institucional.ufrrj.br\/corin\/#website\"},\"datePublished\":\"2025-03-31T15:31:55+00:00\",\"dateModified\":\"2025-05-27T17:22:44+00:00\",\"breadcrumb\":{\"@id\":\"https:\/\/institucional.ufrrj.br\/corin\/atendimento-ao-publico-corin\/#breadcrumb\"},\"inLanguage\":\"pt-BR\",\"potentialAction\":[{\"@type\":\"ReadAction\",\"target\":[\"https:\/\/institucional.ufrrj.br\/corin\/atendimento-ao-publico-corin\/\"]}]},{\"@type\":\"BreadcrumbList\",\"@id\":\"https:\/\/institucional.ufrrj.br\/corin\/atendimento-ao-publico-corin\/#breadcrumb\",\"itemListElement\":[{\"@type\":\"ListItem\",\"position\":1,\"name\":\"In\u00edcio\",\"item\":\"https:\/\/institucional.ufrrj.br\/corin\/\"},{\"@type\":\"ListItem\",\"position\":2,\"name\":\"ATENDIMENTO AO P\u00daBLICO \u2013 CORIN\"}]},{\"@type\":\"WebSite\",\"@id\":\"https:\/\/institucional.ufrrj.br\/corin\/#website\",\"url\":\"https:\/\/institucional.ufrrj.br\/corin\/\",\"name\":\"CORIN\",\"description\":\"Coordenadoria de Rela\u00e7\u00f5es Internacionais e Interinstitucionais\",\"potentialAction\":[{\"@type\":\"SearchAction\",\"target\":{\"@type\":\"EntryPoint\",\"urlTemplate\":\"https:\/\/institucional.ufrrj.br\/corin\/?s={search_term_string}\"},\"query-input\":{\"@type\":\"PropertyValueSpecification\",\"valueRequired\":true,\"valueName\":\"search_term_string\"}}],\"inLanguage\":\"pt-BR\"}]}<\/script>\n<!-- \/ Yoast SEO plugin. -->","yoast_head_json":{"title":"ATENDIMENTO AO P\u00daBLICO \u2013 CORIN - CORIN","robots":{"index":"index","follow":"follow","max-snippet":"max-snippet:-1","max-image-preview":"max-image-preview:large","max-video-preview":"max-video-preview:-1"},"canonical":"https:\/\/institucional.ufrrj.br\/corin\/atendimento-ao-publico-corin\/","og_locale":"pt_BR","og_type":"article","og_title":"ATENDIMENTO AO P\u00daBLICO \u2013 CORIN - CORIN","og_description":"O atendimento da Coordenadoria de Rela\u00e7\u00f5es Internacionais e Interinstitucionais (Corin), em decorr\u00eancia da implementa\u00e7\u00e3o do Programa de Gest\u00e3o de Desempenho (PGD), est\u00e1 [&hellip;]","og_url":"https:\/\/institucional.ufrrj.br\/corin\/atendimento-ao-publico-corin\/","og_site_name":"CORIN","article_modified_time":"2025-05-27T17:22:44+00:00","twitter_card":"summary_large_image","twitter_misc":{"Est. tempo de leitura":"1 minuto"},"schema":{"@context":"https:\/\/schema.org","@graph":[{"@type":"WebPage","@id":"https:\/\/institucional.ufrrj.br\/corin\/atendimento-ao-publico-corin\/","url":"https:\/\/institucional.ufrrj.br\/corin\/atendimento-ao-publico-corin\/","name":"ATENDIMENTO AO P\u00daBLICO \u2013 CORIN - CORIN","isPartOf":{"@id":"https:\/\/institucional.ufrrj.br\/corin\/#website"},"datePublished":"2025-03-31T15:31:55+00:00","dateModified":"2025-05-27T17:22:44+00:00","breadcrumb":{"@id":"https:\/\/institucional.ufrrj.br\/corin\/atendimento-ao-publico-corin\/#breadcrumb"},"inLanguage":"pt-BR","potentialAction":[{"@type":"ReadAction","target":["https:\/\/institucional.ufrrj.br\/corin\/atendimento-ao-publico-corin\/"]}]},{"@type":"BreadcrumbList","@id":"https:\/\/institucional.ufrrj.br\/corin\/atendimento-ao-publico-corin\/#breadcrumb","itemListElement":[{"@type":"ListItem","position":1,"name":"In\u00edcio","item":"https:\/\/institucional.ufrrj.br\/corin\/"},{"@type":"ListItem","position":2,"name":"ATENDIMENTO AO P\u00daBLICO \u2013 CORIN"}]},{"@type":"WebSite","@id":"https:\/\/institucional.ufrrj.br\/corin\/#website","url":"https:\/\/institucional.ufrrj.br\/corin\/","name":"CORIN","description":"Coordenadoria de Rela\u00e7\u00f5es Internacionais e Interinstitucionais","potentialAction":[{"@type":"SearchAction","target":{"@type":"EntryPoint","urlTemplate":"https:\/\/institucional.ufrrj.br\/corin\/?s={search_term_string}"},"query-input":{"@type":"PropertyValueSpecification","valueRequired":true,"valueName":"search_term_string"}}],"inLanguage":"pt-BR"}]}},"acf":[],"_links":{"self":[{"href":"https:\/\/institucional.ufrrj.br\/corin\/wp-json\/wp\/v2\/pages\/5849","targetHints":{"allow":["GET"]}}],"collection":[{"href":"https:\/\/institucional.ufrrj.br\/corin\/wp-json\/wp\/v2\/pages"}],"about":[{"href":"https:\/\/institucional.ufrrj.br\/corin\/wp-json\/wp\/v2\/types\/page"}],"author":[{"embeddable":true,"href":"https:\/\/institucional.ufrrj.br\/corin\/wp-json\/wp\/v2\/users\/850"}],"replies":[{"embeddable":true,"href":"https:\/\/institucional.ufrrj.br\/corin\/wp-json\/wp\/v2\/comments?post=5849"}],"version-history":[{"count":1,"href":"https:\/\/institucional.ufrrj.br\/corin\/wp-json\/wp\/v2\/pages\/5849\/revisions"}],"predecessor-version":[{"id":5850,"href":"https:\/\/institucional.ufrrj.br\/corin\/wp-json\/wp\/v2\/pages\/5849\/revisions\/5850"}],"wp:attachment":[{"href":"https:\/\/institucional.ufrrj.br\/corin\/wp-json\/wp\/v2\/media?parent=5849"}],"curies":[{"name":"wp","href":"https:\/\/api.w.org\/{rel}","templated":true}]}}