{"id":3829,"date":"2022-10-07T11:39:31","date_gmt":"2022-10-07T14:39:31","guid":{"rendered":"https:\/\/institucional.ufrrj.br\/corin\/?page_id=3829"},"modified":"2025-05-23T14:44:23","modified_gmt":"2025-05-23T17:44:23","slug":"extratos-ate-agosto-de-2022","status":"publish","type":"page","link":"https:\/\/institucional.ufrrj.br\/corin\/extratos-ate-agosto-de-2022\/","title":{"rendered":"Extratos at\u00e9 agosto de 2022"},"content":{"rendered":"\n<p class=\" eplus-wrapper\"><a href=\"https:\/\/institucional.ufrrj.br\/corin\/files\/2022\/10\/Convenios.pdf\">Conv\u00eanios<\/a><\/p>\n\n\n\n<p class=\" eplus-wrapper\"><a href=\"https:\/\/institucional.ufrrj.br\/corin\/files\/2022\/10\/Contratos-com-a-Fapur.pdf\">Contratos celebrados com a Fapur<\/a><\/p>\n\n\n\n<p class=\" eplus-wrapper\"><a href=\"https:\/\/institucional.ufrrj.br\/corin\/files\/2022\/10\/Termo-de-Execucao-Descentralizada.pdf\">Termo de Execu\u00e7\u00e3o Descentralizada<\/a><\/p>\n","protected":false},"excerpt":{"rendered":"<p>Conv\u00eanios Contratos celebrados com a Fapur Termo de Execu\u00e7\u00e3o Descentralizada<\/p>\n","protected":false},"author":818,"featured_media":0,"parent":0,"menu_order":0,"comment_status":"closed","ping_status":"closed","template":"","meta":{"_acf_changed":false,"footnotes":"","_links_to":"","_links_to_target":""},"class_list":["post-3829","page","type-page","status-publish","hentry"],"yoast_head":"<!-- This site is optimized with the Yoast SEO plugin v27.2 - https:\/\/yoast.com\/product\/yoast-seo-wordpress\/ -->\n<title>Extratos at\u00e9 agosto de 2022 - CORIN<\/title>\n<meta name=\"robots\" content=\"index, follow, max-snippet:-1, max-image-preview:large, max-video-preview:-1\" \/>\n<link rel=\"canonical\" href=\"https:\/\/institucional.ufrrj.br\/corin\/extratos-ate-agosto-de-2022\/\" \/>\n<meta property=\"og:locale\" content=\"pt_BR\" \/>\n<meta property=\"og:type\" content=\"article\" \/>\n<meta property=\"og:title\" content=\"Extratos at\u00e9 agosto de 2022 - CORIN\" \/>\n<meta property=\"og:description\" content=\"Conv\u00eanios Contratos celebrados com a Fapur Termo de Execu\u00e7\u00e3o Descentralizada\" \/>\n<meta property=\"og:url\" content=\"https:\/\/institucional.ufrrj.br\/corin\/extratos-ate-agosto-de-2022\/\" \/>\n<meta property=\"og:site_name\" content=\"CORIN\" \/>\n<meta property=\"article:modified_time\" content=\"2025-05-23T17:44:23+00:00\" \/>\n<meta name=\"twitter:card\" content=\"summary_large_image\" \/>\n<meta name=\"twitter:label1\" content=\"Est. tempo de leitura\" \/>\n\t<meta name=\"twitter:data1\" content=\"1 minuto\" \/>\n<script type=\"application\/ld+json\" class=\"yoast-schema-graph\">{\"@context\":\"https:\/\/schema.org\",\"@graph\":[{\"@type\":\"WebPage\",\"@id\":\"https:\/\/institucional.ufrrj.br\/corin\/extratos-ate-agosto-de-2022\/\",\"url\":\"https:\/\/institucional.ufrrj.br\/corin\/extratos-ate-agosto-de-2022\/\",\"name\":\"Extratos at\u00e9 agosto de 2022 - CORIN\",\"isPartOf\":{\"@id\":\"https:\/\/institucional.ufrrj.br\/corin\/#website\"},\"datePublished\":\"2022-10-07T14:39:31+00:00\",\"dateModified\":\"2025-05-23T17:44:23+00:00\",\"breadcrumb\":{\"@id\":\"https:\/\/institucional.ufrrj.br\/corin\/extratos-ate-agosto-de-2022\/#breadcrumb\"},\"inLanguage\":\"pt-BR\",\"potentialAction\":[{\"@type\":\"ReadAction\",\"target\":[\"https:\/\/institucional.ufrrj.br\/corin\/extratos-ate-agosto-de-2022\/\"]}]},{\"@type\":\"BreadcrumbList\",\"@id\":\"https:\/\/institucional.ufrrj.br\/corin\/extratos-ate-agosto-de-2022\/#breadcrumb\",\"itemListElement\":[{\"@type\":\"ListItem\",\"position\":1,\"name\":\"In\u00edcio\",\"item\":\"https:\/\/institucional.ufrrj.br\/corin\/\"},{\"@type\":\"ListItem\",\"position\":2,\"name\":\"Extratos at\u00e9 agosto de 2022\"}]},{\"@type\":\"WebSite\",\"@id\":\"https:\/\/institucional.ufrrj.br\/corin\/#website\",\"url\":\"https:\/\/institucional.ufrrj.br\/corin\/\",\"name\":\"CORIN\",\"description\":\"Coordenadoria de Rela\u00e7\u00f5es Internacionais e Interinstitucionais\",\"potentialAction\":[{\"@type\":\"SearchAction\",\"target\":{\"@type\":\"EntryPoint\",\"urlTemplate\":\"https:\/\/institucional.ufrrj.br\/corin\/?s={search_term_string}\"},\"query-input\":{\"@type\":\"PropertyValueSpecification\",\"valueRequired\":true,\"valueName\":\"search_term_string\"}}],\"inLanguage\":\"pt-BR\"}]}<\/script>\n<!-- \/ Yoast SEO plugin. -->","yoast_head_json":{"title":"Extratos at\u00e9 agosto de 2022 - CORIN","robots":{"index":"index","follow":"follow","max-snippet":"max-snippet:-1","max-image-preview":"max-image-preview:large","max-video-preview":"max-video-preview:-1"},"canonical":"https:\/\/institucional.ufrrj.br\/corin\/extratos-ate-agosto-de-2022\/","og_locale":"pt_BR","og_type":"article","og_title":"Extratos at\u00e9 agosto de 2022 - CORIN","og_description":"Conv\u00eanios Contratos celebrados com a Fapur Termo de Execu\u00e7\u00e3o Descentralizada","og_url":"https:\/\/institucional.ufrrj.br\/corin\/extratos-ate-agosto-de-2022\/","og_site_name":"CORIN","article_modified_time":"2025-05-23T17:44:23+00:00","twitter_card":"summary_large_image","twitter_misc":{"Est. tempo de leitura":"1 minuto"},"schema":{"@context":"https:\/\/schema.org","@graph":[{"@type":"WebPage","@id":"https:\/\/institucional.ufrrj.br\/corin\/extratos-ate-agosto-de-2022\/","url":"https:\/\/institucional.ufrrj.br\/corin\/extratos-ate-agosto-de-2022\/","name":"Extratos at\u00e9 agosto de 2022 - CORIN","isPartOf":{"@id":"https:\/\/institucional.ufrrj.br\/corin\/#website"},"datePublished":"2022-10-07T14:39:31+00:00","dateModified":"2025-05-23T17:44:23+00:00","breadcrumb":{"@id":"https:\/\/institucional.ufrrj.br\/corin\/extratos-ate-agosto-de-2022\/#breadcrumb"},"inLanguage":"pt-BR","potentialAction":[{"@type":"ReadAction","target":["https:\/\/institucional.ufrrj.br\/corin\/extratos-ate-agosto-de-2022\/"]}]},{"@type":"BreadcrumbList","@id":"https:\/\/institucional.ufrrj.br\/corin\/extratos-ate-agosto-de-2022\/#breadcrumb","itemListElement":[{"@type":"ListItem","position":1,"name":"In\u00edcio","item":"https:\/\/institucional.ufrrj.br\/corin\/"},{"@type":"ListItem","position":2,"name":"Extratos at\u00e9 agosto de 2022"}]},{"@type":"WebSite","@id":"https:\/\/institucional.ufrrj.br\/corin\/#website","url":"https:\/\/institucional.ufrrj.br\/corin\/","name":"CORIN","description":"Coordenadoria de Rela\u00e7\u00f5es Internacionais e Interinstitucionais","potentialAction":[{"@type":"SearchAction","target":{"@type":"EntryPoint","urlTemplate":"https:\/\/institucional.ufrrj.br\/corin\/?s={search_term_string}"},"query-input":{"@type":"PropertyValueSpecification","valueRequired":true,"valueName":"search_term_string"}}],"inLanguage":"pt-BR"}]}},"acf":[],"_links":{"self":[{"href":"https:\/\/institucional.ufrrj.br\/corin\/wp-json\/wp\/v2\/pages\/3829","targetHints":{"allow":["GET"]}}],"collection":[{"href":"https:\/\/institucional.ufrrj.br\/corin\/wp-json\/wp\/v2\/pages"}],"about":[{"href":"https:\/\/institucional.ufrrj.br\/corin\/wp-json\/wp\/v2\/types\/page"}],"author":[{"embeddable":true,"href":"https:\/\/institucional.ufrrj.br\/corin\/wp-json\/wp\/v2\/users\/818"}],"replies":[{"embeddable":true,"href":"https:\/\/institucional.ufrrj.br\/corin\/wp-json\/wp\/v2\/comments?post=3829"}],"version-history":[{"count":3,"href":"https:\/\/institucional.ufrrj.br\/corin\/wp-json\/wp\/v2\/pages\/3829\/revisions"}],"predecessor-version":[{"id":6149,"href":"https:\/\/institucional.ufrrj.br\/corin\/wp-json\/wp\/v2\/pages\/3829\/revisions\/6149"}],"wp:attachment":[{"href":"https:\/\/institucional.ufrrj.br\/corin\/wp-json\/wp\/v2\/media?parent=3829"}],"curies":[{"name":"wp","href":"https:\/\/api.w.org\/{rel}","templated":true}]}}