{"id":3803,"date":"2022-10-07T09:48:34","date_gmt":"2022-10-07T12:48:34","guid":{"rendered":"https:\/\/institucional.ufrrj.br\/corin\/?page_id=3803"},"modified":"2022-10-07T10:06:25","modified_gmt":"2022-10-07T13:06:25","slug":"cotutela","status":"publish","type":"page","link":"https:\/\/institucional.ufrrj.br\/corin\/cotutela\/","title":{"rendered":"Cotutela"},"content":{"rendered":"\n<p>A cotutela \u00e9 uma modalidade pela qual o estudante de mestrado ou doutorado realiza um trabalho de pesquisa em qualquer campo do conhecimento dirigido conjuntamente por dois orientadores, um de cada institui\u00e7\u00e3o participante. Ao final dos trabalhos, o aluno receber\u00e1 o grau de mestre ou doutor pelas duas universidades.<\/p>\n\n\n\n<p>Acesse a <a href=\"https:\/\/institucional.ufrrj.br\/corin\/files\/2022\/10\/8-Deliberacao-CEPE-no-193-2019-Normas-Gerais-para-o-Regime-de-Cotutela-e-Titulacao-Simultanea-na-Pos-Graduacao.pdf\">Delibera\u00e7\u00e3o n.\u00ba 193, de 12 de Dezembro de 2019<\/a> para saber mais.<\/p>\n","protected":false},"excerpt":{"rendered":"<p>A cotutela \u00e9 uma modalidade pela qual o estudante de mestrado ou doutorado realiza um trabalho de pesquisa em qualquer campo do [&hellip;]<\/p>\n","protected":false},"author":818,"featured_media":0,"parent":0,"menu_order":0,"comment_status":"closed","ping_status":"closed","template":"","meta":{"_acf_changed":false,"footnotes":"","_links_to":"","_links_to_target":""},"class_list":["post-3803","page","type-page","status-publish","hentry"],"yoast_head":"<!-- This site is optimized with the Yoast SEO plugin v27.2 - https:\/\/yoast.com\/product\/yoast-seo-wordpress\/ -->\n<title>Cotutela - CORIN<\/title>\n<meta name=\"robots\" content=\"index, follow, max-snippet:-1, max-image-preview:large, max-video-preview:-1\" \/>\n<link rel=\"canonical\" href=\"https:\/\/institucional.ufrrj.br\/corin\/cotutela\/\" \/>\n<meta property=\"og:locale\" content=\"pt_BR\" \/>\n<meta property=\"og:type\" content=\"article\" \/>\n<meta property=\"og:title\" content=\"Cotutela - CORIN\" \/>\n<meta property=\"og:description\" content=\"A cotutela \u00e9 uma modalidade pela qual o estudante de mestrado ou doutorado realiza um trabalho de pesquisa em qualquer campo do [&hellip;]\" \/>\n<meta property=\"og:url\" content=\"https:\/\/institucional.ufrrj.br\/corin\/cotutela\/\" \/>\n<meta property=\"og:site_name\" content=\"CORIN\" \/>\n<meta property=\"article:modified_time\" content=\"2022-10-07T13:06:25+00:00\" \/>\n<meta name=\"twitter:card\" content=\"summary_large_image\" \/>\n<meta name=\"twitter:label1\" content=\"Est. tempo de leitura\" \/>\n\t<meta name=\"twitter:data1\" content=\"1 minuto\" \/>\n<script type=\"application\/ld+json\" class=\"yoast-schema-graph\">{\"@context\":\"https:\/\/schema.org\",\"@graph\":[{\"@type\":\"WebPage\",\"@id\":\"https:\/\/institucional.ufrrj.br\/corin\/cotutela\/\",\"url\":\"https:\/\/institucional.ufrrj.br\/corin\/cotutela\/\",\"name\":\"Cotutela - CORIN\",\"isPartOf\":{\"@id\":\"https:\/\/institucional.ufrrj.br\/corin\/#website\"},\"datePublished\":\"2022-10-07T12:48:34+00:00\",\"dateModified\":\"2022-10-07T13:06:25+00:00\",\"breadcrumb\":{\"@id\":\"https:\/\/institucional.ufrrj.br\/corin\/cotutela\/#breadcrumb\"},\"inLanguage\":\"pt-BR\",\"potentialAction\":[{\"@type\":\"ReadAction\",\"target\":[\"https:\/\/institucional.ufrrj.br\/corin\/cotutela\/\"]}]},{\"@type\":\"BreadcrumbList\",\"@id\":\"https:\/\/institucional.ufrrj.br\/corin\/cotutela\/#breadcrumb\",\"itemListElement\":[{\"@type\":\"ListItem\",\"position\":1,\"name\":\"In\u00edcio\",\"item\":\"https:\/\/institucional.ufrrj.br\/corin\/\"},{\"@type\":\"ListItem\",\"position\":2,\"name\":\"Cotutela\"}]},{\"@type\":\"WebSite\",\"@id\":\"https:\/\/institucional.ufrrj.br\/corin\/#website\",\"url\":\"https:\/\/institucional.ufrrj.br\/corin\/\",\"name\":\"CORIN\",\"description\":\"Coordenadoria de Rela\u00e7\u00f5es Internacionais e Interinstitucionais\",\"potentialAction\":[{\"@type\":\"SearchAction\",\"target\":{\"@type\":\"EntryPoint\",\"urlTemplate\":\"https:\/\/institucional.ufrrj.br\/corin\/?s={search_term_string}\"},\"query-input\":{\"@type\":\"PropertyValueSpecification\",\"valueRequired\":true,\"valueName\":\"search_term_string\"}}],\"inLanguage\":\"pt-BR\"}]}<\/script>\n<!-- \/ Yoast SEO plugin. -->","yoast_head_json":{"title":"Cotutela - CORIN","robots":{"index":"index","follow":"follow","max-snippet":"max-snippet:-1","max-image-preview":"max-image-preview:large","max-video-preview":"max-video-preview:-1"},"canonical":"https:\/\/institucional.ufrrj.br\/corin\/cotutela\/","og_locale":"pt_BR","og_type":"article","og_title":"Cotutela - CORIN","og_description":"A cotutela \u00e9 uma modalidade pela qual o estudante de mestrado ou doutorado realiza um trabalho de pesquisa em qualquer campo do [&hellip;]","og_url":"https:\/\/institucional.ufrrj.br\/corin\/cotutela\/","og_site_name":"CORIN","article_modified_time":"2022-10-07T13:06:25+00:00","twitter_card":"summary_large_image","twitter_misc":{"Est. tempo de leitura":"1 minuto"},"schema":{"@context":"https:\/\/schema.org","@graph":[{"@type":"WebPage","@id":"https:\/\/institucional.ufrrj.br\/corin\/cotutela\/","url":"https:\/\/institucional.ufrrj.br\/corin\/cotutela\/","name":"Cotutela - CORIN","isPartOf":{"@id":"https:\/\/institucional.ufrrj.br\/corin\/#website"},"datePublished":"2022-10-07T12:48:34+00:00","dateModified":"2022-10-07T13:06:25+00:00","breadcrumb":{"@id":"https:\/\/institucional.ufrrj.br\/corin\/cotutela\/#breadcrumb"},"inLanguage":"pt-BR","potentialAction":[{"@type":"ReadAction","target":["https:\/\/institucional.ufrrj.br\/corin\/cotutela\/"]}]},{"@type":"BreadcrumbList","@id":"https:\/\/institucional.ufrrj.br\/corin\/cotutela\/#breadcrumb","itemListElement":[{"@type":"ListItem","position":1,"name":"In\u00edcio","item":"https:\/\/institucional.ufrrj.br\/corin\/"},{"@type":"ListItem","position":2,"name":"Cotutela"}]},{"@type":"WebSite","@id":"https:\/\/institucional.ufrrj.br\/corin\/#website","url":"https:\/\/institucional.ufrrj.br\/corin\/","name":"CORIN","description":"Coordenadoria de Rela\u00e7\u00f5es Internacionais e Interinstitucionais","potentialAction":[{"@type":"SearchAction","target":{"@type":"EntryPoint","urlTemplate":"https:\/\/institucional.ufrrj.br\/corin\/?s={search_term_string}"},"query-input":{"@type":"PropertyValueSpecification","valueRequired":true,"valueName":"search_term_string"}}],"inLanguage":"pt-BR"}]}},"acf":[],"_links":{"self":[{"href":"https:\/\/institucional.ufrrj.br\/corin\/wp-json\/wp\/v2\/pages\/3803","targetHints":{"allow":["GET"]}}],"collection":[{"href":"https:\/\/institucional.ufrrj.br\/corin\/wp-json\/wp\/v2\/pages"}],"about":[{"href":"https:\/\/institucional.ufrrj.br\/corin\/wp-json\/wp\/v2\/types\/page"}],"author":[{"embeddable":true,"href":"https:\/\/institucional.ufrrj.br\/corin\/wp-json\/wp\/v2\/users\/818"}],"replies":[{"embeddable":true,"href":"https:\/\/institucional.ufrrj.br\/corin\/wp-json\/wp\/v2\/comments?post=3803"}],"version-history":[{"count":2,"href":"https:\/\/institucional.ufrrj.br\/corin\/wp-json\/wp\/v2\/pages\/3803\/revisions"}],"predecessor-version":[{"id":3815,"href":"https:\/\/institucional.ufrrj.br\/corin\/wp-json\/wp\/v2\/pages\/3803\/revisions\/3815"}],"wp:attachment":[{"href":"https:\/\/institucional.ufrrj.br\/corin\/wp-json\/wp\/v2\/media?parent=3803"}],"curies":[{"name":"wp","href":"https:\/\/api.w.org\/{rel}","templated":true}]}}