{"id":3802,"date":"2022-10-07T09:48:34","date_gmt":"2022-10-07T12:48:34","guid":{"rendered":"https:\/\/institucional.ufrrj.br\/corin\/?page_id=3802"},"modified":"2022-10-07T09:56:37","modified_gmt":"2022-10-07T12:56:37","slug":"dupla-diplomacao","status":"publish","type":"page","link":"https:\/\/institucional.ufrrj.br\/corin\/dupla-diplomacao\/","title":{"rendered":"Dupla Diploma\u00e7\u00e3o"},"content":{"rendered":"\n<p>O Programa Internacional de Dupla Diploma\u00e7\u00e3o em cursos de gradua\u00e7\u00e3o visa permitir aos estudantes da UFRRJ e aos estudantes de institui\u00e7\u00f5es de ensino superior estrangeiras, regularmente matriculados, mediante integraliza\u00e7\u00e3o curricular, a obten\u00e7\u00e3o de duplo diploma, reconhecido pela UFRRJ e pela universidade conveniada.<\/p>\n\n\n\n<p>Acesse a <a href=\"https:\/\/institucional.ufrrj.br\/corin\/files\/2022\/10\/dupla_diplomacao_delib132_cepe_2019.pdf\">Delibera\u00e7\u00e3o n.\u00ba 132, de 25 de Outubro de 2019<\/a> para saber mais.<\/p>\n","protected":false},"excerpt":{"rendered":"<p>O Programa Internacional de Dupla Diploma\u00e7\u00e3o em cursos de gradua\u00e7\u00e3o visa permitir aos estudantes da UFRRJ e aos estudantes de institui\u00e7\u00f5es de [&hellip;]<\/p>\n","protected":false},"author":818,"featured_media":0,"parent":0,"menu_order":0,"comment_status":"closed","ping_status":"closed","template":"","meta":{"_acf_changed":false,"footnotes":"","_links_to":"","_links_to_target":""},"class_list":["post-3802","page","type-page","status-publish","hentry"],"yoast_head":"<!-- This site is optimized with the Yoast SEO plugin v27.2 - https:\/\/yoast.com\/product\/yoast-seo-wordpress\/ -->\n<title>Dupla Diploma\u00e7\u00e3o - CORIN<\/title>\n<meta name=\"robots\" content=\"index, follow, max-snippet:-1, max-image-preview:large, max-video-preview:-1\" \/>\n<link rel=\"canonical\" href=\"https:\/\/institucional.ufrrj.br\/corin\/dupla-diplomacao\/\" \/>\n<meta property=\"og:locale\" content=\"pt_BR\" \/>\n<meta property=\"og:type\" content=\"article\" \/>\n<meta property=\"og:title\" content=\"Dupla Diploma\u00e7\u00e3o - CORIN\" \/>\n<meta property=\"og:description\" content=\"O Programa Internacional de Dupla Diploma\u00e7\u00e3o em cursos de gradua\u00e7\u00e3o visa permitir aos estudantes da UFRRJ e aos estudantes de institui\u00e7\u00f5es de [&hellip;]\" \/>\n<meta property=\"og:url\" content=\"https:\/\/institucional.ufrrj.br\/corin\/dupla-diplomacao\/\" \/>\n<meta property=\"og:site_name\" content=\"CORIN\" \/>\n<meta property=\"article:modified_time\" content=\"2022-10-07T12:56:37+00:00\" \/>\n<meta name=\"twitter:card\" content=\"summary_large_image\" \/>\n<meta name=\"twitter:label1\" content=\"Est. tempo de leitura\" \/>\n\t<meta name=\"twitter:data1\" content=\"1 minuto\" \/>\n<script type=\"application\/ld+json\" class=\"yoast-schema-graph\">{\"@context\":\"https:\/\/schema.org\",\"@graph\":[{\"@type\":\"WebPage\",\"@id\":\"https:\/\/institucional.ufrrj.br\/corin\/dupla-diplomacao\/\",\"url\":\"https:\/\/institucional.ufrrj.br\/corin\/dupla-diplomacao\/\",\"name\":\"Dupla Diploma\u00e7\u00e3o - CORIN\",\"isPartOf\":{\"@id\":\"https:\/\/institucional.ufrrj.br\/corin\/#website\"},\"datePublished\":\"2022-10-07T12:48:34+00:00\",\"dateModified\":\"2022-10-07T12:56:37+00:00\",\"breadcrumb\":{\"@id\":\"https:\/\/institucional.ufrrj.br\/corin\/dupla-diplomacao\/#breadcrumb\"},\"inLanguage\":\"pt-BR\",\"potentialAction\":[{\"@type\":\"ReadAction\",\"target\":[\"https:\/\/institucional.ufrrj.br\/corin\/dupla-diplomacao\/\"]}]},{\"@type\":\"BreadcrumbList\",\"@id\":\"https:\/\/institucional.ufrrj.br\/corin\/dupla-diplomacao\/#breadcrumb\",\"itemListElement\":[{\"@type\":\"ListItem\",\"position\":1,\"name\":\"In\u00edcio\",\"item\":\"https:\/\/institucional.ufrrj.br\/corin\/\"},{\"@type\":\"ListItem\",\"position\":2,\"name\":\"Dupla Diploma\u00e7\u00e3o\"}]},{\"@type\":\"WebSite\",\"@id\":\"https:\/\/institucional.ufrrj.br\/corin\/#website\",\"url\":\"https:\/\/institucional.ufrrj.br\/corin\/\",\"name\":\"CORIN\",\"description\":\"Coordenadoria de Rela\u00e7\u00f5es Internacionais e Interinstitucionais\",\"potentialAction\":[{\"@type\":\"SearchAction\",\"target\":{\"@type\":\"EntryPoint\",\"urlTemplate\":\"https:\/\/institucional.ufrrj.br\/corin\/?s={search_term_string}\"},\"query-input\":{\"@type\":\"PropertyValueSpecification\",\"valueRequired\":true,\"valueName\":\"search_term_string\"}}],\"inLanguage\":\"pt-BR\"}]}<\/script>\n<!-- \/ Yoast SEO plugin. -->","yoast_head_json":{"title":"Dupla Diploma\u00e7\u00e3o - CORIN","robots":{"index":"index","follow":"follow","max-snippet":"max-snippet:-1","max-image-preview":"max-image-preview:large","max-video-preview":"max-video-preview:-1"},"canonical":"https:\/\/institucional.ufrrj.br\/corin\/dupla-diplomacao\/","og_locale":"pt_BR","og_type":"article","og_title":"Dupla Diploma\u00e7\u00e3o - CORIN","og_description":"O Programa Internacional de Dupla Diploma\u00e7\u00e3o em cursos de gradua\u00e7\u00e3o visa permitir aos estudantes da UFRRJ e aos estudantes de institui\u00e7\u00f5es de [&hellip;]","og_url":"https:\/\/institucional.ufrrj.br\/corin\/dupla-diplomacao\/","og_site_name":"CORIN","article_modified_time":"2022-10-07T12:56:37+00:00","twitter_card":"summary_large_image","twitter_misc":{"Est. tempo de leitura":"1 minuto"},"schema":{"@context":"https:\/\/schema.org","@graph":[{"@type":"WebPage","@id":"https:\/\/institucional.ufrrj.br\/corin\/dupla-diplomacao\/","url":"https:\/\/institucional.ufrrj.br\/corin\/dupla-diplomacao\/","name":"Dupla Diploma\u00e7\u00e3o - CORIN","isPartOf":{"@id":"https:\/\/institucional.ufrrj.br\/corin\/#website"},"datePublished":"2022-10-07T12:48:34+00:00","dateModified":"2022-10-07T12:56:37+00:00","breadcrumb":{"@id":"https:\/\/institucional.ufrrj.br\/corin\/dupla-diplomacao\/#breadcrumb"},"inLanguage":"pt-BR","potentialAction":[{"@type":"ReadAction","target":["https:\/\/institucional.ufrrj.br\/corin\/dupla-diplomacao\/"]}]},{"@type":"BreadcrumbList","@id":"https:\/\/institucional.ufrrj.br\/corin\/dupla-diplomacao\/#breadcrumb","itemListElement":[{"@type":"ListItem","position":1,"name":"In\u00edcio","item":"https:\/\/institucional.ufrrj.br\/corin\/"},{"@type":"ListItem","position":2,"name":"Dupla Diploma\u00e7\u00e3o"}]},{"@type":"WebSite","@id":"https:\/\/institucional.ufrrj.br\/corin\/#website","url":"https:\/\/institucional.ufrrj.br\/corin\/","name":"CORIN","description":"Coordenadoria de Rela\u00e7\u00f5es Internacionais e Interinstitucionais","potentialAction":[{"@type":"SearchAction","target":{"@type":"EntryPoint","urlTemplate":"https:\/\/institucional.ufrrj.br\/corin\/?s={search_term_string}"},"query-input":{"@type":"PropertyValueSpecification","valueRequired":true,"valueName":"search_term_string"}}],"inLanguage":"pt-BR"}]}},"acf":[],"_links":{"self":[{"href":"https:\/\/institucional.ufrrj.br\/corin\/wp-json\/wp\/v2\/pages\/3802","targetHints":{"allow":["GET"]}}],"collection":[{"href":"https:\/\/institucional.ufrrj.br\/corin\/wp-json\/wp\/v2\/pages"}],"about":[{"href":"https:\/\/institucional.ufrrj.br\/corin\/wp-json\/wp\/v2\/types\/page"}],"author":[{"embeddable":true,"href":"https:\/\/institucional.ufrrj.br\/corin\/wp-json\/wp\/v2\/users\/818"}],"replies":[{"embeddable":true,"href":"https:\/\/institucional.ufrrj.br\/corin\/wp-json\/wp\/v2\/comments?post=3802"}],"version-history":[{"count":3,"href":"https:\/\/institucional.ufrrj.br\/corin\/wp-json\/wp\/v2\/pages\/3802\/revisions"}],"predecessor-version":[{"id":3812,"href":"https:\/\/institucional.ufrrj.br\/corin\/wp-json\/wp\/v2\/pages\/3802\/revisions\/3812"}],"wp:attachment":[{"href":"https:\/\/institucional.ufrrj.br\/corin\/wp-json\/wp\/v2\/media?parent=3802"}],"curies":[{"name":"wp","href":"https:\/\/api.w.org\/{rel}","templated":true}]}}