{"id":3749,"date":"2022-08-22T16:31:58","date_gmt":"2022-08-22T19:31:58","guid":{"rendered":"https:\/\/institucional.ufrrj.br\/corin\/?page_id=3749"},"modified":"2025-05-23T14:41:52","modified_gmt":"2025-05-23T17:41:52","slug":"como-celebrar-convenios-e-congeneres","status":"publish","type":"page","link":"https:\/\/institucional.ufrrj.br\/corin\/como-celebrar-convenios-e-congeneres\/","title":{"rendered":"Como celebrar conv\u00eanios e cong\u00eaneres?\u00a0"},"content":{"rendered":"\n<h3 class=\" wp-block-heading eplus-wrapper\">Procedimentos para Celebra\u00e7\u00e3o de Conv\u00eanios ECTI<\/h3>\n\n\n\n<div style=\"height:9px\" aria-hidden=\"true\" class=\" wp-block-spacer eplus-wrapper\"><\/div>\n\n\n\n<h3 class=\" wp-block-heading eplus-wrapper\">Como formalizar um Conv\u00eanio de Educa\u00e7\u00e3o, Ci\u00eancia, Tecnologia e Inova\u00e7\u00e3o \u2013 ECTI na UFRRJ:<\/h3>\n\n\n\n<ul class=\" wp-block-list eplus-wrapper\">\n<li class=\" eplus-wrapper\"><strong>Defini\u00e7\u00e3o:<\/strong> Conv\u00eanio de Educa\u00e7\u00e3o, Ci\u00eancia, Tecnologia e Inova\u00e7\u00e3o \u2013 ECTI s\u00e3o instrumentos que tenham como part\u00edcipes Institui\u00e7\u00e3o Federal de Ensino Superior \u2013 IFES ou demais ICT \u2013 Institui\u00e7\u00e3o Cient\u00edfica e Tecnol\u00f3gica \u2013 ICT, funda\u00e7\u00f5es de apoio, e empresas p\u00fablicas ou sociedades de economia mista, suas subsidi\u00e1rias e controladas, visando \u00e0s finalidades de pesquisa cient\u00edfica, desenvolvimento tecnol\u00f3gico, est\u00edmulo e fomento \u00e0 inova\u00e7\u00e3o, e apoio a projetos de ensino, pesquisa, extens\u00e3o e desenvolvimento institucional, com transfer\u00eancia de recursos financeiros ou n\u00e3o financeiros, em parceria com entidades privadas, com ou sem fins lucrativos, envolvendo a execu\u00e7\u00e3o de projetos de interesse rec\u00edproco, podendo contar ainda com a participa\u00e7\u00e3o de organiza\u00e7\u00f5es sociais, que tenham contrato de gest\u00e3o firmado com a Uni\u00e3o, na forma da Lei n\u00ba 8.958, de 1994.<\/li>\n\n\n\n<li class=\" eplus-wrapper\"><strong><a href=\"https:\/\/institucional.ufrrj.br\/corin\/convenios-2\/portaria-no-3693-2021-de-16-de-julho-de-2021\/\" target=\"_blank\" rel=\"noreferrer noopener\">Portaria n\u00ba 3693\/2021 de 16 de julho de 2021.<\/a><\/strong><\/li>\n<\/ul>\n\n\n\n<p class=\" eplus-wrapper\"><strong>Passo a passo:<\/strong><\/p>\n\n\n\n<p class=\" eplus-wrapper\"><strong>1\u00ba \u2013<\/strong> O coordenador dever\u00e1 elaborar a proposta em formato de Projeto Acad\u00eamico (formato livre) e preencher o <strong><a href=\"https:\/\/institucional.ufrrj.br\/corin\/convenios-2\/plano-de-trabalho_deliberacao-502-2021_consu\/\" rel=\"noreferrer noopener\" target=\"_blank\">Plano de Trabalho (clique aqui). Observa\u00e7\u00e3o<\/a>:<\/strong> O setor de Gest\u00e3o de Contratos da FAPUR \u00e9 o respons\u00e1vel por analisar o Plano de Trabalho e estabelecer poss\u00edveis ajustes, por isso, este documento deve ser enviado para o e-mail <strong><a href=\"mailto:convenios@fapur.org.br\" target=\"_blank\" rel=\"noreferrer noopener\">convenios@fapur.org.br<\/a> <\/strong>para avalia\u00e7\u00e3o pr\u00e9via, antes de ser inserido no processo eletr\u00f4nico. Planos de Trabalho sem aprova\u00e7\u00e3o pr\u00e9via da FAPUR n\u00e3o ser\u00e3o considerados como v\u00e1lidos.<\/p>\n\n\n\n<p class=\" eplus-wrapper\"><strong>2\u00ba \u2013<\/strong> Abrir o processo administrativo no SIPAC, conforme abaixo:<\/p>\n\n\n\n<ul class=\" wp-block-list eplus-wrapper\">\n<li class=\" eplus-wrapper\"><strong>i \u2013<\/strong> Mesa Virtual, Documento, Cadastrar Documento;<\/li>\n\n\n\n<li class=\" eplus-wrapper\"><strong>ii \u2013<\/strong> Tipo de documento: FORMUL\u00c1RIO DE ABERTURA \u2013 CONV\u00caNIOS OU CONG\u00caNERES QUE ENVOLVEM RECURSOS (CORIN);<\/li>\n\n\n\n<li class=\" eplus-wrapper\"><strong>iii \u2013<\/strong> Clicar em ESCREVER DOCUMENTO, depois em CARREGAR MODELO;<\/li>\n\n\n\n<li class=\" eplus-wrapper\"><strong>iv \u2013<\/strong> Preencher o FORMUL\u00c1RIO e encaminh\u00e1-lo \u00e0 Se\u00e7\u00e3o de Arquivo e Protocolo Geral;<\/li>\n\n\n\n<li class=\" eplus-wrapper\"><strong>v \u2013<\/strong> Assim que o Processo for aberto, o mesmo ser\u00e1 encaminhado \u00e0 Unidade respectiva para fins de anexa\u00e7\u00e3o da documenta\u00e7\u00e3o relacionada no FORMUL\u00c1RIO.<\/li>\n<\/ul>\n\n\n\n<p class=\" eplus-wrapper\"><strong>3\u00ba \u2013<\/strong> Aprovar o Projeto nos seguintes colegiados: Departamento, Instituto e CEPEA-\u00c1rea, conforme disposto na <strong><a href=\"https:\/\/institucional.ufrrj.br\/corin\/convenios-2\/deliberacao-502-2021-do-consu\/\" rel=\"noreferrer noopener\" target=\"_blank\">Delibera\u00e7\u00e3o n\u00ba 502\/2021 do Conselho Universit\u00e1rio (clique aqui)<\/a>;<\/strong><\/p>\n\n\n\n<p class=\" eplus-wrapper\"><strong>4\u00ba \u2013<\/strong> Finalizada as etapas anteriores, encaminhar o processo para a Corin que, em conjunto com a Fapur, elaborar\u00e1 uma minuta especifica para o Projeto, a qual, ap\u00f3s a devida an\u00e1lise jur\u00eddica, ser\u00e1 disponibilizada para assinatura dos representantes legais.<\/p>\n\n\n\n<p class=\" eplus-wrapper\">N\u00facleo de Conv\u00eanios da Corin: <strong><a href=\"mailto:convenios.corin@ufrrj.br\" target=\"_blank\" rel=\"noreferrer noopener\">convenios.corin@ufrrj.br<\/a><\/strong><\/p>\n\n\n\n<p class=\" eplus-wrapper\"><strong>Informa\u00e7\u00f5es importantes sobre o preenchimento do Plano de Trabalho:<\/strong><\/p>\n\n\n\n<p class=\" eplus-wrapper\">a) Percentual da Despesa Operacional e Administrativa (DOA) da FAPUR:<\/p>\n\n\n\n<p class=\" eplus-wrapper\">\u2013&nbsp;Projetos acad\u00eamicos em geral: at\u00e9 15\u00ba sobre as despesas totais;<\/p>\n\n\n\n<p class=\" eplus-wrapper\">\u2013&nbsp;Projetos que seguem a Ag\u00eancia Nacional de Petr\u00f3leo (ANP): 5% do montante total dos recursos para Projetos PD&amp;I e 3% para Projetos de infraestrutura laboratorial.<\/p>\n\n\n\n<p class=\" eplus-wrapper\">b) O percentual estimado (PE) do Custo Imagem (CI) \u00e9 de&nbsp;0,5% sobre o valor do Projeto, a t\u00edtulo do uso da imagem da UFRRJ;<\/p>\n\n\n\n<p class=\" eplus-wrapper\">c) Para o c\u00e1lculo do ressarcimento, h\u00e1 uma tabela auxiliar na planilha 2 do Plano de Trabalho, basta seguir o que se pede nas c\u00e9lulas;<\/p>\n\n\n\n<p class=\" eplus-wrapper\">d) A tabela de valores m\u00e1ximos de bolsas (teto) est\u00e1 presente na Delibera\u00e7\u00e3o de n\u00ba 502\/2021 do CONSU.<\/p>\n","protected":false},"excerpt":{"rendered":"<p>Procedimentos para Celebra\u00e7\u00e3o de Conv\u00eanios ECTI Como formalizar um Conv\u00eanio de Educa\u00e7\u00e3o, Ci\u00eancia, Tecnologia e Inova\u00e7\u00e3o \u2013 ECTI na UFRRJ: Passo a [&hellip;]<\/p>\n","protected":false},"author":634,"featured_media":0,"parent":0,"menu_order":0,"comment_status":"closed","ping_status":"closed","template":"","meta":{"_acf_changed":false,"footnotes":"","_links_to":"","_links_to_target":""},"class_list":["post-3749","page","type-page","status-publish","hentry"],"yoast_head":"<!-- This site is optimized with the Yoast SEO plugin v27.2 - https:\/\/yoast.com\/product\/yoast-seo-wordpress\/ -->\n<title>Como celebrar conv\u00eanios e cong\u00eaneres?\u00a0 - CORIN<\/title>\n<meta name=\"robots\" content=\"index, follow, max-snippet:-1, max-image-preview:large, max-video-preview:-1\" \/>\n<link rel=\"canonical\" href=\"https:\/\/institucional.ufrrj.br\/corin\/como-celebrar-convenios-e-congeneres\/\" \/>\n<meta property=\"og:locale\" content=\"pt_BR\" \/>\n<meta property=\"og:type\" content=\"article\" \/>\n<meta property=\"og:title\" content=\"Como celebrar conv\u00eanios e cong\u00eaneres?\u00a0 - CORIN\" \/>\n<meta property=\"og:description\" content=\"Procedimentos para Celebra\u00e7\u00e3o de Conv\u00eanios ECTI Como formalizar um Conv\u00eanio de Educa\u00e7\u00e3o, Ci\u00eancia, Tecnologia e Inova\u00e7\u00e3o \u2013 ECTI na UFRRJ: Passo a [&hellip;]\" \/>\n<meta property=\"og:url\" content=\"https:\/\/institucional.ufrrj.br\/corin\/como-celebrar-convenios-e-congeneres\/\" \/>\n<meta property=\"og:site_name\" content=\"CORIN\" \/>\n<meta property=\"article:modified_time\" content=\"2025-05-23T17:41:52+00:00\" \/>\n<meta name=\"twitter:card\" content=\"summary_large_image\" \/>\n<meta name=\"twitter:label1\" content=\"Est. tempo de leitura\" \/>\n\t<meta name=\"twitter:data1\" content=\"3 minutos\" \/>\n<script type=\"application\/ld+json\" class=\"yoast-schema-graph\">{\"@context\":\"https:\/\/schema.org\",\"@graph\":[{\"@type\":\"WebPage\",\"@id\":\"https:\/\/institucional.ufrrj.br\/corin\/como-celebrar-convenios-e-congeneres\/\",\"url\":\"https:\/\/institucional.ufrrj.br\/corin\/como-celebrar-convenios-e-congeneres\/\",\"name\":\"Como celebrar conv\u00eanios e cong\u00eaneres?\u00a0 - CORIN\",\"isPartOf\":{\"@id\":\"https:\/\/institucional.ufrrj.br\/corin\/#website\"},\"datePublished\":\"2022-08-22T19:31:58+00:00\",\"dateModified\":\"2025-05-23T17:41:52+00:00\",\"breadcrumb\":{\"@id\":\"https:\/\/institucional.ufrrj.br\/corin\/como-celebrar-convenios-e-congeneres\/#breadcrumb\"},\"inLanguage\":\"pt-BR\",\"potentialAction\":[{\"@type\":\"ReadAction\",\"target\":[\"https:\/\/institucional.ufrrj.br\/corin\/como-celebrar-convenios-e-congeneres\/\"]}]},{\"@type\":\"BreadcrumbList\",\"@id\":\"https:\/\/institucional.ufrrj.br\/corin\/como-celebrar-convenios-e-congeneres\/#breadcrumb\",\"itemListElement\":[{\"@type\":\"ListItem\",\"position\":1,\"name\":\"In\u00edcio\",\"item\":\"https:\/\/institucional.ufrrj.br\/corin\/\"},{\"@type\":\"ListItem\",\"position\":2,\"name\":\"Como celebrar conv\u00eanios e cong\u00eaneres?\u00a0\"}]},{\"@type\":\"WebSite\",\"@id\":\"https:\/\/institucional.ufrrj.br\/corin\/#website\",\"url\":\"https:\/\/institucional.ufrrj.br\/corin\/\",\"name\":\"CORIN\",\"description\":\"Coordenadoria de Rela\u00e7\u00f5es Internacionais e Interinstitucionais\",\"potentialAction\":[{\"@type\":\"SearchAction\",\"target\":{\"@type\":\"EntryPoint\",\"urlTemplate\":\"https:\/\/institucional.ufrrj.br\/corin\/?s={search_term_string}\"},\"query-input\":{\"@type\":\"PropertyValueSpecification\",\"valueRequired\":true,\"valueName\":\"search_term_string\"}}],\"inLanguage\":\"pt-BR\"}]}<\/script>\n<!-- \/ Yoast SEO plugin. -->","yoast_head_json":{"title":"Como celebrar conv\u00eanios e cong\u00eaneres?\u00a0 - CORIN","robots":{"index":"index","follow":"follow","max-snippet":"max-snippet:-1","max-image-preview":"max-image-preview:large","max-video-preview":"max-video-preview:-1"},"canonical":"https:\/\/institucional.ufrrj.br\/corin\/como-celebrar-convenios-e-congeneres\/","og_locale":"pt_BR","og_type":"article","og_title":"Como celebrar conv\u00eanios e cong\u00eaneres?\u00a0 - CORIN","og_description":"Procedimentos para Celebra\u00e7\u00e3o de Conv\u00eanios ECTI Como formalizar um Conv\u00eanio de Educa\u00e7\u00e3o, Ci\u00eancia, Tecnologia e Inova\u00e7\u00e3o \u2013 ECTI na UFRRJ: Passo a [&hellip;]","og_url":"https:\/\/institucional.ufrrj.br\/corin\/como-celebrar-convenios-e-congeneres\/","og_site_name":"CORIN","article_modified_time":"2025-05-23T17:41:52+00:00","twitter_card":"summary_large_image","twitter_misc":{"Est. tempo de leitura":"3 minutos"},"schema":{"@context":"https:\/\/schema.org","@graph":[{"@type":"WebPage","@id":"https:\/\/institucional.ufrrj.br\/corin\/como-celebrar-convenios-e-congeneres\/","url":"https:\/\/institucional.ufrrj.br\/corin\/como-celebrar-convenios-e-congeneres\/","name":"Como celebrar conv\u00eanios e cong\u00eaneres?\u00a0 - CORIN","isPartOf":{"@id":"https:\/\/institucional.ufrrj.br\/corin\/#website"},"datePublished":"2022-08-22T19:31:58+00:00","dateModified":"2025-05-23T17:41:52+00:00","breadcrumb":{"@id":"https:\/\/institucional.ufrrj.br\/corin\/como-celebrar-convenios-e-congeneres\/#breadcrumb"},"inLanguage":"pt-BR","potentialAction":[{"@type":"ReadAction","target":["https:\/\/institucional.ufrrj.br\/corin\/como-celebrar-convenios-e-congeneres\/"]}]},{"@type":"BreadcrumbList","@id":"https:\/\/institucional.ufrrj.br\/corin\/como-celebrar-convenios-e-congeneres\/#breadcrumb","itemListElement":[{"@type":"ListItem","position":1,"name":"In\u00edcio","item":"https:\/\/institucional.ufrrj.br\/corin\/"},{"@type":"ListItem","position":2,"name":"Como celebrar conv\u00eanios e cong\u00eaneres?\u00a0"}]},{"@type":"WebSite","@id":"https:\/\/institucional.ufrrj.br\/corin\/#website","url":"https:\/\/institucional.ufrrj.br\/corin\/","name":"CORIN","description":"Coordenadoria de Rela\u00e7\u00f5es Internacionais e Interinstitucionais","potentialAction":[{"@type":"SearchAction","target":{"@type":"EntryPoint","urlTemplate":"https:\/\/institucional.ufrrj.br\/corin\/?s={search_term_string}"},"query-input":{"@type":"PropertyValueSpecification","valueRequired":true,"valueName":"search_term_string"}}],"inLanguage":"pt-BR"}]}},"acf":[],"_links":{"self":[{"href":"https:\/\/institucional.ufrrj.br\/corin\/wp-json\/wp\/v2\/pages\/3749","targetHints":{"allow":["GET"]}}],"collection":[{"href":"https:\/\/institucional.ufrrj.br\/corin\/wp-json\/wp\/v2\/pages"}],"about":[{"href":"https:\/\/institucional.ufrrj.br\/corin\/wp-json\/wp\/v2\/types\/page"}],"author":[{"embeddable":true,"href":"https:\/\/institucional.ufrrj.br\/corin\/wp-json\/wp\/v2\/users\/634"}],"replies":[{"embeddable":true,"href":"https:\/\/institucional.ufrrj.br\/corin\/wp-json\/wp\/v2\/comments?post=3749"}],"version-history":[{"count":5,"href":"https:\/\/institucional.ufrrj.br\/corin\/wp-json\/wp\/v2\/pages\/3749\/revisions"}],"predecessor-version":[{"id":6148,"href":"https:\/\/institucional.ufrrj.br\/corin\/wp-json\/wp\/v2\/pages\/3749\/revisions\/6148"}],"wp:attachment":[{"href":"https:\/\/institucional.ufrrj.br\/corin\/wp-json\/wp\/v2\/media?parent=3749"}],"curies":[{"name":"wp","href":"https:\/\/api.w.org\/{rel}","templated":true}]}}