{"id":3743,"date":"2022-08-22T16:26:43","date_gmt":"2022-08-22T19:26:43","guid":{"rendered":"https:\/\/institucional.ufrrj.br\/corin\/?page_id=3743"},"modified":"2022-10-07T11:26:13","modified_gmt":"2022-10-07T14:26:13","slug":"colaboracao-tecnica","status":"publish","type":"page","link":"https:\/\/institucional.ufrrj.br\/corin\/colaboracao-tecnica\/","title":{"rendered":"Colabora\u00e7\u00e3o T\u00e9cnica"},"content":{"rendered":"\n<h3 class=\"wp-block-heading\">O que \u00e9 ?<\/h3>\n\n\n\n<p>Colabora\u00e7\u00e3o T\u00e9cnica \u00e9 o afastamento do servidor de suas fun\u00e7\u00f5es, para prestar colabora\u00e7\u00e3o a outra institui\u00e7\u00e3o federal de ensino ou de pesquisa e ao Minist\u00e9rio da Educa\u00e7\u00e3o, com \u00f4nus para a institui\u00e7\u00e3o de origem, devendo estar vinculados a projeto ou acordo com prazos e finalidades objetivamente definidos, caracterizando o interesse rec\u00edproco.<\/p>\n\n\n\n<p><\/p>\n\n\n\n<h3 class=\"wp-block-heading\">Como celebrar?<\/h3>\n\n\n\n<p>O servidor que tenha interesse em prestar a Colabora\u00e7\u00e3o T\u00e9cnica dever\u00e1 observar os requisitos b\u00e1sicos para a autoriza\u00e7\u00e3o, que s\u00e3o:<\/p>\n\n\n\n<ul class=\"wp-block-list\"><li>Interesse das Institui\u00e7\u00f5es, com justificativa;<\/li><li>A apresenta\u00e7\u00e3o de projeto com as atividades a serem desenvolvidas, prazos e finalidade objetivamente definidos;<\/li><li>Concord\u00e2ncia do dirigente m\u00e1ximo de cada \u00f3rg\u00e3o;<\/li><li>A celebra\u00e7\u00e3o de acordo de colabora\u00e7\u00e3o entre Institui\u00e7\u00f5es, no caso de servidores externos com prazos e finalidades objetivamente definido (caso parceiro exija Acordo de Coopera\u00e7\u00e3o)<\/li><\/ul>\n\n\n\n<h3 class=\"wp-block-heading\">Legisla\u00e7\u00e3o<\/h3>\n\n\n\n<p><strong>Para T\u00e9cnicos Administrativos:<\/strong><\/p>\n\n\n\n<p>1 \u2013 Artigo 93 da Lei n\u00ba 8.112, de 11\/12\/90, com a reda\u00e7\u00e3o dada pelo artigo 22 da Lei n\u00ba 8.270, de 17\/12\/91. Dispon\u00edveis em:&nbsp;<a href=\"http:\/\/www.planalto.gov.br\/ccivil_03\/Leis\/L8112compilado.htm\" target=\"_blank\" rel=\"noreferrer noopener\">http:\/\/www.planalto.gov.br\/ccivil_03\/Leis\/L8112compilado.htm<\/a><\/p>\n\n\n\n<p>2 \u2013 Artigo 26-A, da Lei n\u00ba 11.091\/2005. Dispon\u00edvel em:&nbsp;<a rel=\"noreferrer noopener\" href=\"http:\/\/www.planalto.gov.br\/ccivil_03\/_ato2004-2006\/2005\/lei\/l11091.htm\" target=\"_blank\">http:\/\/www.planalto.gov.br\/ccivil_03\/_ato2004-2006\/2005\/lei\/l11091.htm<\/a><\/p>\n\n\n\n<p><strong>Para Docentes:<\/strong><\/p>\n\n\n\n<p>1 \u2013 Artigos 18 e 20 da Lei n\u00ba 8.112, de 11\/12\/90. Dispon\u00edveis em:&nbsp;<a href=\"http:\/\/www.planalto.gov.br\/ccivil_03\/Leis\/L8112compilado.htm\" target=\"_blank\" rel=\"noreferrer noopener\">http:\/\/www.planalto.gov.br\/ccivil_03\/Leis\/L8112compilado.htm<\/a><\/p>\n\n\n\n<p>2 \u2013 Artigo 30, da Lei n\u00ba 12.772, de 28 de setembro de 2012. Dispon\u00edvel em:&nbsp;<a href=\"http:\/\/www.planalto.gov.br\/ccivil_03\/_ato2011-2014\/2012\/lei\/l12772.htm\" target=\"_blank\" rel=\"noreferrer noopener\">http:\/\/www.planalto.gov.br\/ccivil_03\/_ato2011-2014\/2012\/lei\/l12772.htm<\/a><\/p>\n","protected":false},"excerpt":{"rendered":"<p>O que \u00e9 ? Colabora\u00e7\u00e3o T\u00e9cnica \u00e9 o afastamento do servidor de suas fun\u00e7\u00f5es, para prestar colabora\u00e7\u00e3o a outra institui\u00e7\u00e3o federal de [&hellip;]<\/p>\n","protected":false},"author":634,"featured_media":0,"parent":0,"menu_order":0,"comment_status":"closed","ping_status":"closed","template":"","meta":{"_acf_changed":false,"footnotes":"","_links_to":"","_links_to_target":""},"class_list":["post-3743","page","type-page","status-publish","hentry"],"yoast_head":"<!-- This site is optimized with the Yoast SEO plugin v27.2 - https:\/\/yoast.com\/product\/yoast-seo-wordpress\/ -->\n<title>Colabora\u00e7\u00e3o T\u00e9cnica - CORIN<\/title>\n<meta name=\"robots\" content=\"index, follow, max-snippet:-1, max-image-preview:large, max-video-preview:-1\" \/>\n<link rel=\"canonical\" href=\"https:\/\/institucional.ufrrj.br\/corin\/colaboracao-tecnica\/\" \/>\n<meta property=\"og:locale\" content=\"pt_BR\" \/>\n<meta property=\"og:type\" content=\"article\" \/>\n<meta property=\"og:title\" content=\"Colabora\u00e7\u00e3o T\u00e9cnica - CORIN\" \/>\n<meta property=\"og:description\" content=\"O que \u00e9 ? Colabora\u00e7\u00e3o T\u00e9cnica \u00e9 o afastamento do servidor de suas fun\u00e7\u00f5es, para prestar colabora\u00e7\u00e3o a outra institui\u00e7\u00e3o federal de [&hellip;]\" \/>\n<meta property=\"og:url\" content=\"https:\/\/institucional.ufrrj.br\/corin\/colaboracao-tecnica\/\" \/>\n<meta property=\"og:site_name\" content=\"CORIN\" \/>\n<meta property=\"article:modified_time\" content=\"2022-10-07T14:26:13+00:00\" \/>\n<meta name=\"twitter:card\" content=\"summary_large_image\" \/>\n<meta name=\"twitter:label1\" content=\"Est. tempo de leitura\" \/>\n\t<meta name=\"twitter:data1\" content=\"2 minutos\" \/>\n<script type=\"application\/ld+json\" class=\"yoast-schema-graph\">{\"@context\":\"https:\/\/schema.org\",\"@graph\":[{\"@type\":\"WebPage\",\"@id\":\"https:\/\/institucional.ufrrj.br\/corin\/colaboracao-tecnica\/\",\"url\":\"https:\/\/institucional.ufrrj.br\/corin\/colaboracao-tecnica\/\",\"name\":\"Colabora\u00e7\u00e3o T\u00e9cnica - CORIN\",\"isPartOf\":{\"@id\":\"https:\/\/institucional.ufrrj.br\/corin\/#website\"},\"datePublished\":\"2022-08-22T19:26:43+00:00\",\"dateModified\":\"2022-10-07T14:26:13+00:00\",\"breadcrumb\":{\"@id\":\"https:\/\/institucional.ufrrj.br\/corin\/colaboracao-tecnica\/#breadcrumb\"},\"inLanguage\":\"pt-BR\",\"potentialAction\":[{\"@type\":\"ReadAction\",\"target\":[\"https:\/\/institucional.ufrrj.br\/corin\/colaboracao-tecnica\/\"]}]},{\"@type\":\"BreadcrumbList\",\"@id\":\"https:\/\/institucional.ufrrj.br\/corin\/colaboracao-tecnica\/#breadcrumb\",\"itemListElement\":[{\"@type\":\"ListItem\",\"position\":1,\"name\":\"In\u00edcio\",\"item\":\"https:\/\/institucional.ufrrj.br\/corin\/\"},{\"@type\":\"ListItem\",\"position\":2,\"name\":\"Colabora\u00e7\u00e3o T\u00e9cnica\"}]},{\"@type\":\"WebSite\",\"@id\":\"https:\/\/institucional.ufrrj.br\/corin\/#website\",\"url\":\"https:\/\/institucional.ufrrj.br\/corin\/\",\"name\":\"CORIN\",\"description\":\"Coordenadoria de Rela\u00e7\u00f5es Internacionais e Interinstitucionais\",\"potentialAction\":[{\"@type\":\"SearchAction\",\"target\":{\"@type\":\"EntryPoint\",\"urlTemplate\":\"https:\/\/institucional.ufrrj.br\/corin\/?s={search_term_string}\"},\"query-input\":{\"@type\":\"PropertyValueSpecification\",\"valueRequired\":true,\"valueName\":\"search_term_string\"}}],\"inLanguage\":\"pt-BR\"}]}<\/script>\n<!-- \/ Yoast SEO plugin. -->","yoast_head_json":{"title":"Colabora\u00e7\u00e3o T\u00e9cnica - CORIN","robots":{"index":"index","follow":"follow","max-snippet":"max-snippet:-1","max-image-preview":"max-image-preview:large","max-video-preview":"max-video-preview:-1"},"canonical":"https:\/\/institucional.ufrrj.br\/corin\/colaboracao-tecnica\/","og_locale":"pt_BR","og_type":"article","og_title":"Colabora\u00e7\u00e3o T\u00e9cnica - CORIN","og_description":"O que \u00e9 ? Colabora\u00e7\u00e3o T\u00e9cnica \u00e9 o afastamento do servidor de suas fun\u00e7\u00f5es, para prestar colabora\u00e7\u00e3o a outra institui\u00e7\u00e3o federal de [&hellip;]","og_url":"https:\/\/institucional.ufrrj.br\/corin\/colaboracao-tecnica\/","og_site_name":"CORIN","article_modified_time":"2022-10-07T14:26:13+00:00","twitter_card":"summary_large_image","twitter_misc":{"Est. tempo de leitura":"2 minutos"},"schema":{"@context":"https:\/\/schema.org","@graph":[{"@type":"WebPage","@id":"https:\/\/institucional.ufrrj.br\/corin\/colaboracao-tecnica\/","url":"https:\/\/institucional.ufrrj.br\/corin\/colaboracao-tecnica\/","name":"Colabora\u00e7\u00e3o T\u00e9cnica - CORIN","isPartOf":{"@id":"https:\/\/institucional.ufrrj.br\/corin\/#website"},"datePublished":"2022-08-22T19:26:43+00:00","dateModified":"2022-10-07T14:26:13+00:00","breadcrumb":{"@id":"https:\/\/institucional.ufrrj.br\/corin\/colaboracao-tecnica\/#breadcrumb"},"inLanguage":"pt-BR","potentialAction":[{"@type":"ReadAction","target":["https:\/\/institucional.ufrrj.br\/corin\/colaboracao-tecnica\/"]}]},{"@type":"BreadcrumbList","@id":"https:\/\/institucional.ufrrj.br\/corin\/colaboracao-tecnica\/#breadcrumb","itemListElement":[{"@type":"ListItem","position":1,"name":"In\u00edcio","item":"https:\/\/institucional.ufrrj.br\/corin\/"},{"@type":"ListItem","position":2,"name":"Colabora\u00e7\u00e3o T\u00e9cnica"}]},{"@type":"WebSite","@id":"https:\/\/institucional.ufrrj.br\/corin\/#website","url":"https:\/\/institucional.ufrrj.br\/corin\/","name":"CORIN","description":"Coordenadoria de Rela\u00e7\u00f5es Internacionais e Interinstitucionais","potentialAction":[{"@type":"SearchAction","target":{"@type":"EntryPoint","urlTemplate":"https:\/\/institucional.ufrrj.br\/corin\/?s={search_term_string}"},"query-input":{"@type":"PropertyValueSpecification","valueRequired":true,"valueName":"search_term_string"}}],"inLanguage":"pt-BR"}]}},"acf":[],"_links":{"self":[{"href":"https:\/\/institucional.ufrrj.br\/corin\/wp-json\/wp\/v2\/pages\/3743","targetHints":{"allow":["GET"]}}],"collection":[{"href":"https:\/\/institucional.ufrrj.br\/corin\/wp-json\/wp\/v2\/pages"}],"about":[{"href":"https:\/\/institucional.ufrrj.br\/corin\/wp-json\/wp\/v2\/types\/page"}],"author":[{"embeddable":true,"href":"https:\/\/institucional.ufrrj.br\/corin\/wp-json\/wp\/v2\/users\/634"}],"replies":[{"embeddable":true,"href":"https:\/\/institucional.ufrrj.br\/corin\/wp-json\/wp\/v2\/comments?post=3743"}],"version-history":[{"count":2,"href":"https:\/\/institucional.ufrrj.br\/corin\/wp-json\/wp\/v2\/pages\/3743\/revisions"}],"predecessor-version":[{"id":3822,"href":"https:\/\/institucional.ufrrj.br\/corin\/wp-json\/wp\/v2\/pages\/3743\/revisions\/3822"}],"wp:attachment":[{"href":"https:\/\/institucional.ufrrj.br\/corin\/wp-json\/wp\/v2\/media?parent=3743"}],"curies":[{"name":"wp","href":"https:\/\/api.w.org\/{rel}","templated":true}]}}