{"id":3728,"date":"2022-08-22T16:09:06","date_gmt":"2022-08-22T19:09:06","guid":{"rendered":"https:\/\/institucional.ufrrj.br\/corin\/?page_id=3728"},"modified":"2024-03-08T14:50:46","modified_gmt":"2024-03-08T17:50:46","slug":"como-celebrar-um-acordo-de-cooperacao","status":"publish","type":"page","link":"https:\/\/institucional.ufrrj.br\/corin\/como-celebrar-um-acordo-de-cooperacao\/","title":{"rendered":"Como celebrar um acordo de coopera\u00e7\u00e3o?"},"content":{"rendered":"\n<p class=\" eplus-wrapper\">Pode ser iniciado pela demanda de uma institui\u00e7\u00e3o ou por um servidor. O caso mais usual &#8211; a demanda de servidores docentes, que ser\u00e1 detalhado a seguir.<\/p>\n\n\n\n<p class=\" eplus-wrapper\">Servidor docente encaminha proposta \u00e0 Chefia do Departamento apresentando:<\/p>\n\n\n\n<ul class=\"eplus-wrapper wp-block-list\">\n<li class=\" eplus-wrapper\">Relato <strong>apresentando<\/strong> \u00e0 <strong>Institui\u00e7\u00e3o<\/strong> que deseja formalizar a parceria, expressando <strong>motiva\u00e7\u00e3o<\/strong> e <strong>justificativa<\/strong> para celebra\u00e7\u00e3o da referida parceria adequado \u00e0 miss\u00e3o institucional dos envolvidos.<\/li>\n<\/ul>\n\n\n\n<ul class=\"eplus-wrapper wp-block-list\">\n<li class=\" eplus-wrapper\">Plano de Trabalho, de acordo com o Art. 116 da Lei n.\u00ba 8666, 21 de junho de 1993, contendo: identifica\u00e7\u00e3o do objeto a ser executado, metas a serem atingidas, etapas ou fases de execu\u00e7\u00e3o, previs\u00e3o de in\u00edcio e fim da execu\u00e7\u00e3o do objeto, assinatura do respons\u00e1vel pelo projeto;<\/li>\n<\/ul>\n\n\n\n<ul class=\"eplus-wrapper wp-block-list\">\n<li class=\" eplus-wrapper\">Minuta padr\u00e3o do acordo de coopera\u00e7\u00e3o da UFRRJ disponibilizada pela CORIN ou Minuta da Institui\u00e7\u00e3o que deseja celebrar a parceria. <a href=\"https:\/\/institucional.ufrrj.br\/corin\/modelo-de-minuta\/\">https:\/\/institucional.ufrrj.br\/corin\/modelo-de-minuta\/<\/a><\/li>\n<\/ul>\n\n\n\n<ul class=\"eplus-wrapper wp-block-list\">\n<li class=\" eplus-wrapper\"><a href=\"https:\/\/institucional.ufrrj.br\/corin\/files\/2023\/01\/Documentacao-Institucional-do-parceiro-nacional.pdf\">Documenta\u00e7\u00e3o Institucional do parceiro (nacional)<\/a>.<\/li>\n<\/ul>\n\n\n\n<p class=\" eplus-wrapper\">Chefe do Departamento recebe a proposta e verifica a conveni\u00eancia e a oportunidade de formalizar a parceira nos termos descritos. <\/p>\n\n\n\n<ul class=\"eplus-wrapper wp-block-list\">\n<li class=\" eplus-wrapper\">Caso concorde preenche o <strong>FORMUL\u00c1RIO DE ABERTURA &#8211; ACORDO DE COOPERA\u00c7\u00c3O NACIONAL (CORIN)<\/strong>, junto ao SIPAC e solicita a abertura de processo junto ao SAPG. <\/li>\n<\/ul>\n\n\n\n<ul class=\"eplus-wrapper wp-block-list\">\n<li class=\" eplus-wrapper\">SAPG retorna com o processo aberto ao solicitante. Solicitante, ent\u00e3o, inclui a documenta\u00e7\u00e3o necess\u00e1ria e encaminha para aprecia\u00e7\u00e3o do Colegiado do Departamento.<\/li>\n<\/ul>\n\n\n\n<ul class=\"eplus-wrapper wp-block-list\">\n<li class=\" eplus-wrapper\">Em caso de aprova\u00e7\u00e3o, segue para o Diretor do Instituto para inclus\u00e3o na pauta do CONSUNI com o intuito de avaliar e emitir parecer sobre o Acordo. Caso aprovado, segue para avalia\u00e7\u00e3o do CEPEA.<\/li>\n<\/ul>\n\n\n\n<ul class=\"eplus-wrapper wp-block-list\">\n<li class=\" eplus-wrapper\">Ap\u00f3s an\u00e1lise nas inst\u00e2ncias, Diretor do Instituto remete os autos a CORIN.<\/li>\n<\/ul>\n\n\n\n<ul class=\"eplus-wrapper wp-block-list\">\n<li class=\" eplus-wrapper\">CORIN registra o processo administrativo, checa a instru\u00e7\u00e3o processual e encaminha para aprecia\u00e7\u00e3o do Gabinete da Reitoria.<\/li>\n\n\n\n<li class=\" eplus-wrapper\">Gabinete da Reitoria remete a Procuradoria Federal para an\u00e1lise jur\u00eddica da minuta do instrumento.<\/li>\n<\/ul>\n\n\n\n<ul class=\"eplus-wrapper wp-block-list\">\n<li class=\" eplus-wrapper\">CORIN analisa o Parecer da Procuradoria Federal. Se favor\u00e1vel, remete \u00e0 Secretaria dos \u00d3rg\u00e3os Colegiados SOC, para inclus\u00e3o processo na pauta do CEPE e CONSU.<\/li>\n<\/ul>\n\n\n\n<ul class=\"eplus-wrapper wp-block-list\">\n<li class=\" eplus-wrapper\">SOC restitui o processo com as Atas do CEPE e CONSU. Caso aprovado, o instrumento \u00e9 assinado pelos respons\u00e1veis legais das institui\u00e7\u00f5es.<\/li>\n<\/ul>\n\n\n\n<ul class=\"eplus-wrapper wp-block-list\">\n<li class=\" eplus-wrapper\">CORIN numera o instrumento e publica o extrato do termo no Di\u00e1rio Oficial da Uni\u00e3o.<\/li>\n<\/ul>\n\n\n\n<ul class=\"eplus-wrapper wp-block-list\">\n<li class=\" eplus-wrapper\">Gabinete da Reitoria emite portaria de nomea\u00e7\u00e3o, se couber, definindo o gestor da parceria que ficar\u00e1 respons\u00e1vel pelo acompanhamento das a\u00e7\u00f5es e a vig\u00eancia do Acordo. CORIN d\u00e1 suporte ao gestor da parceria no que condiz a vig\u00eancia do instrumento, ao acompanhamento das a\u00e7\u00f5es, instru\u00e7\u00e3o processual e guarda do processo administrativo.<\/li>\n<\/ul>\n\n\n\n<p class=\" eplus-wrapper\"><\/p>\n","protected":false},"excerpt":{"rendered":"<p>Pode ser iniciado pela demanda de uma institui\u00e7\u00e3o ou por um servidor. O caso mais usual &#8211; a demanda de servidores docentes, [&hellip;]<\/p>\n","protected":false},"author":634,"featured_media":0,"parent":0,"menu_order":0,"comment_status":"closed","ping_status":"closed","template":"","meta":{"_acf_changed":false,"footnotes":"","_links_to":"","_links_to_target":""},"class_list":["post-3728","page","type-page","status-publish","hentry"],"yoast_head":"<!-- This site is optimized with the Yoast SEO plugin v27.2 - https:\/\/yoast.com\/product\/yoast-seo-wordpress\/ -->\n<title>Como celebrar um acordo de coopera\u00e7\u00e3o? - CORIN<\/title>\n<meta name=\"robots\" content=\"index, follow, max-snippet:-1, max-image-preview:large, max-video-preview:-1\" \/>\n<link rel=\"canonical\" href=\"https:\/\/institucional.ufrrj.br\/corin\/como-celebrar-um-acordo-de-cooperacao\/\" \/>\n<meta property=\"og:locale\" content=\"pt_BR\" \/>\n<meta property=\"og:type\" content=\"article\" \/>\n<meta property=\"og:title\" content=\"Como celebrar um acordo de coopera\u00e7\u00e3o? - CORIN\" \/>\n<meta property=\"og:description\" content=\"Pode ser iniciado pela demanda de uma institui\u00e7\u00e3o ou por um servidor. O caso mais usual &#8211; a demanda de servidores docentes, [&hellip;]\" \/>\n<meta property=\"og:url\" content=\"https:\/\/institucional.ufrrj.br\/corin\/como-celebrar-um-acordo-de-cooperacao\/\" \/>\n<meta property=\"og:site_name\" content=\"CORIN\" \/>\n<meta property=\"article:modified_time\" content=\"2024-03-08T17:50:46+00:00\" \/>\n<meta name=\"twitter:card\" content=\"summary_large_image\" \/>\n<meta name=\"twitter:label1\" content=\"Est. tempo de leitura\" \/>\n\t<meta name=\"twitter:data1\" content=\"3 minutos\" \/>\n<script type=\"application\/ld+json\" class=\"yoast-schema-graph\">{\"@context\":\"https:\/\/schema.org\",\"@graph\":[{\"@type\":\"WebPage\",\"@id\":\"https:\/\/institucional.ufrrj.br\/corin\/como-celebrar-um-acordo-de-cooperacao\/\",\"url\":\"https:\/\/institucional.ufrrj.br\/corin\/como-celebrar-um-acordo-de-cooperacao\/\",\"name\":\"Como celebrar um acordo de coopera\u00e7\u00e3o? - CORIN\",\"isPartOf\":{\"@id\":\"https:\/\/institucional.ufrrj.br\/corin\/#website\"},\"datePublished\":\"2022-08-22T19:09:06+00:00\",\"dateModified\":\"2024-03-08T17:50:46+00:00\",\"breadcrumb\":{\"@id\":\"https:\/\/institucional.ufrrj.br\/corin\/como-celebrar-um-acordo-de-cooperacao\/#breadcrumb\"},\"inLanguage\":\"pt-BR\",\"potentialAction\":[{\"@type\":\"ReadAction\",\"target\":[\"https:\/\/institucional.ufrrj.br\/corin\/como-celebrar-um-acordo-de-cooperacao\/\"]}]},{\"@type\":\"BreadcrumbList\",\"@id\":\"https:\/\/institucional.ufrrj.br\/corin\/como-celebrar-um-acordo-de-cooperacao\/#breadcrumb\",\"itemListElement\":[{\"@type\":\"ListItem\",\"position\":1,\"name\":\"In\u00edcio\",\"item\":\"https:\/\/institucional.ufrrj.br\/corin\/\"},{\"@type\":\"ListItem\",\"position\":2,\"name\":\"Como celebrar um acordo de coopera\u00e7\u00e3o?\"}]},{\"@type\":\"WebSite\",\"@id\":\"https:\/\/institucional.ufrrj.br\/corin\/#website\",\"url\":\"https:\/\/institucional.ufrrj.br\/corin\/\",\"name\":\"CORIN\",\"description\":\"Coordenadoria de Rela\u00e7\u00f5es Internacionais e Interinstitucionais\",\"potentialAction\":[{\"@type\":\"SearchAction\",\"target\":{\"@type\":\"EntryPoint\",\"urlTemplate\":\"https:\/\/institucional.ufrrj.br\/corin\/?s={search_term_string}\"},\"query-input\":{\"@type\":\"PropertyValueSpecification\",\"valueRequired\":true,\"valueName\":\"search_term_string\"}}],\"inLanguage\":\"pt-BR\"}]}<\/script>\n<!-- \/ Yoast SEO plugin. -->","yoast_head_json":{"title":"Como celebrar um acordo de coopera\u00e7\u00e3o? - CORIN","robots":{"index":"index","follow":"follow","max-snippet":"max-snippet:-1","max-image-preview":"max-image-preview:large","max-video-preview":"max-video-preview:-1"},"canonical":"https:\/\/institucional.ufrrj.br\/corin\/como-celebrar-um-acordo-de-cooperacao\/","og_locale":"pt_BR","og_type":"article","og_title":"Como celebrar um acordo de coopera\u00e7\u00e3o? - CORIN","og_description":"Pode ser iniciado pela demanda de uma institui\u00e7\u00e3o ou por um servidor. O caso mais usual &#8211; a demanda de servidores docentes, [&hellip;]","og_url":"https:\/\/institucional.ufrrj.br\/corin\/como-celebrar-um-acordo-de-cooperacao\/","og_site_name":"CORIN","article_modified_time":"2024-03-08T17:50:46+00:00","twitter_card":"summary_large_image","twitter_misc":{"Est. tempo de leitura":"3 minutos"},"schema":{"@context":"https:\/\/schema.org","@graph":[{"@type":"WebPage","@id":"https:\/\/institucional.ufrrj.br\/corin\/como-celebrar-um-acordo-de-cooperacao\/","url":"https:\/\/institucional.ufrrj.br\/corin\/como-celebrar-um-acordo-de-cooperacao\/","name":"Como celebrar um acordo de coopera\u00e7\u00e3o? - CORIN","isPartOf":{"@id":"https:\/\/institucional.ufrrj.br\/corin\/#website"},"datePublished":"2022-08-22T19:09:06+00:00","dateModified":"2024-03-08T17:50:46+00:00","breadcrumb":{"@id":"https:\/\/institucional.ufrrj.br\/corin\/como-celebrar-um-acordo-de-cooperacao\/#breadcrumb"},"inLanguage":"pt-BR","potentialAction":[{"@type":"ReadAction","target":["https:\/\/institucional.ufrrj.br\/corin\/como-celebrar-um-acordo-de-cooperacao\/"]}]},{"@type":"BreadcrumbList","@id":"https:\/\/institucional.ufrrj.br\/corin\/como-celebrar-um-acordo-de-cooperacao\/#breadcrumb","itemListElement":[{"@type":"ListItem","position":1,"name":"In\u00edcio","item":"https:\/\/institucional.ufrrj.br\/corin\/"},{"@type":"ListItem","position":2,"name":"Como celebrar um acordo de coopera\u00e7\u00e3o?"}]},{"@type":"WebSite","@id":"https:\/\/institucional.ufrrj.br\/corin\/#website","url":"https:\/\/institucional.ufrrj.br\/corin\/","name":"CORIN","description":"Coordenadoria de Rela\u00e7\u00f5es Internacionais e Interinstitucionais","potentialAction":[{"@type":"SearchAction","target":{"@type":"EntryPoint","urlTemplate":"https:\/\/institucional.ufrrj.br\/corin\/?s={search_term_string}"},"query-input":{"@type":"PropertyValueSpecification","valueRequired":true,"valueName":"search_term_string"}}],"inLanguage":"pt-BR"}]}},"acf":[],"_links":{"self":[{"href":"https:\/\/institucional.ufrrj.br\/corin\/wp-json\/wp\/v2\/pages\/3728","targetHints":{"allow":["GET"]}}],"collection":[{"href":"https:\/\/institucional.ufrrj.br\/corin\/wp-json\/wp\/v2\/pages"}],"about":[{"href":"https:\/\/institucional.ufrrj.br\/corin\/wp-json\/wp\/v2\/types\/page"}],"author":[{"embeddable":true,"href":"https:\/\/institucional.ufrrj.br\/corin\/wp-json\/wp\/v2\/users\/634"}],"replies":[{"embeddable":true,"href":"https:\/\/institucional.ufrrj.br\/corin\/wp-json\/wp\/v2\/comments?post=3728"}],"version-history":[{"count":4,"href":"https:\/\/institucional.ufrrj.br\/corin\/wp-json\/wp\/v2\/pages\/3728\/revisions"}],"predecessor-version":[{"id":4809,"href":"https:\/\/institucional.ufrrj.br\/corin\/wp-json\/wp\/v2\/pages\/3728\/revisions\/4809"}],"wp:attachment":[{"href":"https:\/\/institucional.ufrrj.br\/corin\/wp-json\/wp\/v2\/media?parent=3728"}],"curies":[{"name":"wp","href":"https:\/\/api.w.org\/{rel}","templated":true}]}}