{"id":3712,"date":"2022-08-22T15:51:17","date_gmt":"2022-08-22T18:51:17","guid":{"rendered":"https:\/\/institucional.ufrrj.br\/corin\/?page_id=3712"},"modified":"2024-04-25T17:03:54","modified_gmt":"2024-04-25T20:03:54","slug":"cgrifes","status":"publish","type":"page","link":"https:\/\/institucional.ufrrj.br\/corin\/associacoes-redes\/cgrifes\/","title":{"rendered":"CGRIFES"},"content":{"rendered":"\n<p class=\" eplus-wrapper\">O Col\u00e9gio de Gestores de Rela\u00e7\u00f5es Internacionais das IFES (CGRIFES) \u00e9 um segmento que atua junto a Associa\u00e7\u00e3o Nacional dos Dirigentes das Institui\u00e7\u00f5es Federais de Ensino Superior (ANDIFES).<\/p>\n\n\n\n<p class=\" eplus-wrapper\">Criado em 2011, o Conselho tem como objetivos principais a resolu\u00e7\u00e3o de quest\u00f5es que envolvam o \u00e2mbito acad\u00eamico e internacional como por exemplo: a constru\u00e7\u00e3o e assessoramento da ANDIFES no quesito pol\u00edticas nacionais de coopera\u00e7\u00e3o acad\u00eamica internacional; a proposta de pol\u00edticas de interc\u00e2mbio acad\u00eamico, cultural, cient\u00edfico e tecnol\u00f3gico; atua\u00e7\u00e3o na resolu\u00e7\u00e3o nas \u00e1reas de conv\u00eanio e mobilidade acad\u00eamica dentre outros.<\/p>\n\n\n\n<p class=\" eplus-wrapper\">O CGRIFES e a UFRRJ possui parcerias relevantes e os mesmos j\u00e1 colaboraram entre si em programas como:<\/p>\n\n\n\n<p class=\" eplus-wrapper\">&#8211; Processo de Pr\u00e9-Sele\u00e7\u00e3o de Cursos Virtuais e Mobilidade Virtual Internacional &#8211; Edital N 03\/2021 &#8211; CORIN-UFRRJ por exemplo.<\/p>\n","protected":false},"excerpt":{"rendered":"<p>O Col\u00e9gio de Gestores de Rela\u00e7\u00f5es Internacionais das IFES (CGRIFES) \u00e9 um segmento que atua junto a Associa\u00e7\u00e3o Nacional dos Dirigentes das [&hellip;]<\/p>\n","protected":false},"author":634,"featured_media":0,"parent":3702,"menu_order":0,"comment_status":"closed","ping_status":"closed","template":"","meta":{"_acf_changed":false,"footnotes":"","_links_to":"","_links_to_target":""},"class_list":["post-3712","page","type-page","status-publish","hentry"],"yoast_head":"<!-- This site is optimized with the Yoast SEO plugin v27.2 - https:\/\/yoast.com\/product\/yoast-seo-wordpress\/ -->\n<title>CGRIFES - CORIN<\/title>\n<meta name=\"robots\" content=\"index, follow, max-snippet:-1, max-image-preview:large, max-video-preview:-1\" \/>\n<link rel=\"canonical\" href=\"https:\/\/institucional.ufrrj.br\/corin\/associacoes-redes\/cgrifes\/\" \/>\n<meta property=\"og:locale\" content=\"pt_BR\" \/>\n<meta property=\"og:type\" content=\"article\" \/>\n<meta property=\"og:title\" content=\"CGRIFES - CORIN\" \/>\n<meta property=\"og:description\" content=\"O Col\u00e9gio de Gestores de Rela\u00e7\u00f5es Internacionais das IFES (CGRIFES) \u00e9 um segmento que atua junto a Associa\u00e7\u00e3o Nacional dos Dirigentes das [&hellip;]\" \/>\n<meta property=\"og:url\" content=\"https:\/\/institucional.ufrrj.br\/corin\/associacoes-redes\/cgrifes\/\" \/>\n<meta property=\"og:site_name\" content=\"CORIN\" \/>\n<meta property=\"article:modified_time\" content=\"2024-04-25T20:03:54+00:00\" \/>\n<meta name=\"twitter:card\" content=\"summary_large_image\" \/>\n<meta name=\"twitter:label1\" content=\"Est. tempo de leitura\" \/>\n\t<meta name=\"twitter:data1\" content=\"1 minuto\" \/>\n<script type=\"application\/ld+json\" class=\"yoast-schema-graph\">{\"@context\":\"https:\/\/schema.org\",\"@graph\":[{\"@type\":\"WebPage\",\"@id\":\"https:\/\/institucional.ufrrj.br\/corin\/associacoes-redes\/cgrifes\/\",\"url\":\"https:\/\/institucional.ufrrj.br\/corin\/associacoes-redes\/cgrifes\/\",\"name\":\"CGRIFES - CORIN\",\"isPartOf\":{\"@id\":\"https:\/\/institucional.ufrrj.br\/corin\/#website\"},\"datePublished\":\"2022-08-22T18:51:17+00:00\",\"dateModified\":\"2024-04-25T20:03:54+00:00\",\"breadcrumb\":{\"@id\":\"https:\/\/institucional.ufrrj.br\/corin\/associacoes-redes\/cgrifes\/#breadcrumb\"},\"inLanguage\":\"pt-BR\",\"potentialAction\":[{\"@type\":\"ReadAction\",\"target\":[\"https:\/\/institucional.ufrrj.br\/corin\/associacoes-redes\/cgrifes\/\"]}]},{\"@type\":\"BreadcrumbList\",\"@id\":\"https:\/\/institucional.ufrrj.br\/corin\/associacoes-redes\/cgrifes\/#breadcrumb\",\"itemListElement\":[{\"@type\":\"ListItem\",\"position\":1,\"name\":\"In\u00edcio\",\"item\":\"https:\/\/institucional.ufrrj.br\/corin\/\"},{\"@type\":\"ListItem\",\"position\":2,\"name\":\"Associa\u00e7\u00f5es \/ Redes\",\"item\":\"https:\/\/institucional.ufrrj.br\/corin\/associacoes-redes\/\"},{\"@type\":\"ListItem\",\"position\":3,\"name\":\"CGRIFES\"}]},{\"@type\":\"WebSite\",\"@id\":\"https:\/\/institucional.ufrrj.br\/corin\/#website\",\"url\":\"https:\/\/institucional.ufrrj.br\/corin\/\",\"name\":\"CORIN\",\"description\":\"Coordenadoria de Rela\u00e7\u00f5es Internacionais e Interinstitucionais\",\"potentialAction\":[{\"@type\":\"SearchAction\",\"target\":{\"@type\":\"EntryPoint\",\"urlTemplate\":\"https:\/\/institucional.ufrrj.br\/corin\/?s={search_term_string}\"},\"query-input\":{\"@type\":\"PropertyValueSpecification\",\"valueRequired\":true,\"valueName\":\"search_term_string\"}}],\"inLanguage\":\"pt-BR\"}]}<\/script>\n<!-- \/ Yoast SEO plugin. -->","yoast_head_json":{"title":"CGRIFES - CORIN","robots":{"index":"index","follow":"follow","max-snippet":"max-snippet:-1","max-image-preview":"max-image-preview:large","max-video-preview":"max-video-preview:-1"},"canonical":"https:\/\/institucional.ufrrj.br\/corin\/associacoes-redes\/cgrifes\/","og_locale":"pt_BR","og_type":"article","og_title":"CGRIFES - CORIN","og_description":"O Col\u00e9gio de Gestores de Rela\u00e7\u00f5es Internacionais das IFES (CGRIFES) \u00e9 um segmento que atua junto a Associa\u00e7\u00e3o Nacional dos Dirigentes das [&hellip;]","og_url":"https:\/\/institucional.ufrrj.br\/corin\/associacoes-redes\/cgrifes\/","og_site_name":"CORIN","article_modified_time":"2024-04-25T20:03:54+00:00","twitter_card":"summary_large_image","twitter_misc":{"Est. tempo de leitura":"1 minuto"},"schema":{"@context":"https:\/\/schema.org","@graph":[{"@type":"WebPage","@id":"https:\/\/institucional.ufrrj.br\/corin\/associacoes-redes\/cgrifes\/","url":"https:\/\/institucional.ufrrj.br\/corin\/associacoes-redes\/cgrifes\/","name":"CGRIFES - CORIN","isPartOf":{"@id":"https:\/\/institucional.ufrrj.br\/corin\/#website"},"datePublished":"2022-08-22T18:51:17+00:00","dateModified":"2024-04-25T20:03:54+00:00","breadcrumb":{"@id":"https:\/\/institucional.ufrrj.br\/corin\/associacoes-redes\/cgrifes\/#breadcrumb"},"inLanguage":"pt-BR","potentialAction":[{"@type":"ReadAction","target":["https:\/\/institucional.ufrrj.br\/corin\/associacoes-redes\/cgrifes\/"]}]},{"@type":"BreadcrumbList","@id":"https:\/\/institucional.ufrrj.br\/corin\/associacoes-redes\/cgrifes\/#breadcrumb","itemListElement":[{"@type":"ListItem","position":1,"name":"In\u00edcio","item":"https:\/\/institucional.ufrrj.br\/corin\/"},{"@type":"ListItem","position":2,"name":"Associa\u00e7\u00f5es \/ Redes","item":"https:\/\/institucional.ufrrj.br\/corin\/associacoes-redes\/"},{"@type":"ListItem","position":3,"name":"CGRIFES"}]},{"@type":"WebSite","@id":"https:\/\/institucional.ufrrj.br\/corin\/#website","url":"https:\/\/institucional.ufrrj.br\/corin\/","name":"CORIN","description":"Coordenadoria de Rela\u00e7\u00f5es Internacionais e Interinstitucionais","potentialAction":[{"@type":"SearchAction","target":{"@type":"EntryPoint","urlTemplate":"https:\/\/institucional.ufrrj.br\/corin\/?s={search_term_string}"},"query-input":{"@type":"PropertyValueSpecification","valueRequired":true,"valueName":"search_term_string"}}],"inLanguage":"pt-BR"}]}},"acf":[],"_links":{"self":[{"href":"https:\/\/institucional.ufrrj.br\/corin\/wp-json\/wp\/v2\/pages\/3712","targetHints":{"allow":["GET"]}}],"collection":[{"href":"https:\/\/institucional.ufrrj.br\/corin\/wp-json\/wp\/v2\/pages"}],"about":[{"href":"https:\/\/institucional.ufrrj.br\/corin\/wp-json\/wp\/v2\/types\/page"}],"author":[{"embeddable":true,"href":"https:\/\/institucional.ufrrj.br\/corin\/wp-json\/wp\/v2\/users\/634"}],"replies":[{"embeddable":true,"href":"https:\/\/institucional.ufrrj.br\/corin\/wp-json\/wp\/v2\/comments?post=3712"}],"version-history":[{"count":2,"href":"https:\/\/institucional.ufrrj.br\/corin\/wp-json\/wp\/v2\/pages\/3712\/revisions"}],"predecessor-version":[{"id":4977,"href":"https:\/\/institucional.ufrrj.br\/corin\/wp-json\/wp\/v2\/pages\/3712\/revisions\/4977"}],"up":[{"embeddable":true,"href":"https:\/\/institucional.ufrrj.br\/corin\/wp-json\/wp\/v2\/pages\/3702"}],"wp:attachment":[{"href":"https:\/\/institucional.ufrrj.br\/corin\/wp-json\/wp\/v2\/media?parent=3712"}],"curies":[{"name":"wp","href":"https:\/\/api.w.org\/{rel}","templated":true}]}}