{"id":3710,"date":"2022-08-22T15:50:50","date_gmt":"2022-08-22T18:50:50","guid":{"rendered":"https:\/\/institucional.ufrrj.br\/corin\/?page_id=3710"},"modified":"2024-04-25T17:17:28","modified_gmt":"2024-04-25T20:17:28","slug":"reari","status":"publish","type":"page","link":"https:\/\/institucional.ufrrj.br\/corin\/associacoes-redes\/reari\/","title":{"rendered":"REARI"},"content":{"rendered":"\n<p class=\" eplus-wrapper\">A Rede de Assessorias Internacionais das Universidades do Rio de Janeiro&nbsp; (REARI-RJ) \u00e9 uma rede sem fins lucrativos de assessorias internacionais que atua entre as institui\u00e7\u00f5es de Ensino Superior no Estado do Rio de Janeiro.<\/p>\n\n\n\n<p class=\" eplus-wrapper\">O objetivo da rede \u00e9 sensibilizar e conscientizar a sociedade sobre a import\u00e2ncia da coopera\u00e7\u00e3o acad\u00eamica internacional. Essa conscientiza\u00e7\u00e3o \u00e9 feita atrav\u00e9s da Incrementa\u00e7\u00e3o do Ensino, da Pesquisa, da Extens\u00e3o e Administra\u00e7\u00e3o, al\u00e9m da promo\u00e7\u00e3o da integra\u00e7\u00e3o entre pessoas e institui\u00e7\u00f5es de ensino no \u00e2mbito global.<\/p>\n\n\n\n<p class=\" eplus-wrapper\">A REARI fora idealizada ap\u00f3s a Confer\u00eancia da NAFSA 2011 no Canad\u00e1 e depois de tal evento, houve a realiza\u00e7\u00e3o da primeira reuni\u00e3o dos assessores internacionais que decidiram criar a REARI-RJ, tendo como o campus da UFRRJ o palco deste primeiro evento oficial.<\/p>\n\n\n\n<p class=\" eplus-wrapper\">Dentre as institui\u00e7\u00f5es afiliadas \u00e0 REARI, podemos destacar a PUC Rio, UFRJ, UFF, Fiocruz e a UFRRJ.<\/p>\n\n\n\n<p class=\" eplus-wrapper\">Site: <a href=\"https:\/\/reari.uff.br\/\">https:\/\/reari.uff.br\/<\/a> <\/p>\n","protected":false},"excerpt":{"rendered":"<p>A Rede de Assessorias Internacionais das Universidades do Rio de Janeiro&nbsp; (REARI-RJ) \u00e9 uma rede sem fins lucrativos de assessorias internacionais que [&hellip;]<\/p>\n","protected":false},"author":634,"featured_media":0,"parent":3702,"menu_order":0,"comment_status":"closed","ping_status":"closed","template":"","meta":{"_acf_changed":false,"footnotes":"","_links_to":"","_links_to_target":""},"class_list":["post-3710","page","type-page","status-publish","hentry"],"yoast_head":"<!-- This site is optimized with the Yoast SEO plugin v27.2 - https:\/\/yoast.com\/product\/yoast-seo-wordpress\/ -->\n<title>REARI - CORIN<\/title>\n<meta name=\"robots\" content=\"index, follow, max-snippet:-1, max-image-preview:large, max-video-preview:-1\" \/>\n<link rel=\"canonical\" href=\"https:\/\/institucional.ufrrj.br\/corin\/associacoes-redes\/reari\/\" \/>\n<meta property=\"og:locale\" content=\"pt_BR\" \/>\n<meta property=\"og:type\" content=\"article\" \/>\n<meta property=\"og:title\" content=\"REARI - CORIN\" \/>\n<meta property=\"og:description\" content=\"A Rede de Assessorias Internacionais das Universidades do Rio de Janeiro&nbsp; (REARI-RJ) \u00e9 uma rede sem fins lucrativos de assessorias internacionais que [&hellip;]\" \/>\n<meta property=\"og:url\" content=\"https:\/\/institucional.ufrrj.br\/corin\/associacoes-redes\/reari\/\" \/>\n<meta property=\"og:site_name\" content=\"CORIN\" \/>\n<meta property=\"article:modified_time\" content=\"2024-04-25T20:17:28+00:00\" \/>\n<meta name=\"twitter:card\" content=\"summary_large_image\" \/>\n<meta name=\"twitter:label1\" content=\"Est. tempo de leitura\" \/>\n\t<meta name=\"twitter:data1\" content=\"1 minuto\" \/>\n<script type=\"application\/ld+json\" class=\"yoast-schema-graph\">{\"@context\":\"https:\/\/schema.org\",\"@graph\":[{\"@type\":\"WebPage\",\"@id\":\"https:\/\/institucional.ufrrj.br\/corin\/associacoes-redes\/reari\/\",\"url\":\"https:\/\/institucional.ufrrj.br\/corin\/associacoes-redes\/reari\/\",\"name\":\"REARI - CORIN\",\"isPartOf\":{\"@id\":\"https:\/\/institucional.ufrrj.br\/corin\/#website\"},\"datePublished\":\"2022-08-22T18:50:50+00:00\",\"dateModified\":\"2024-04-25T20:17:28+00:00\",\"breadcrumb\":{\"@id\":\"https:\/\/institucional.ufrrj.br\/corin\/associacoes-redes\/reari\/#breadcrumb\"},\"inLanguage\":\"pt-BR\",\"potentialAction\":[{\"@type\":\"ReadAction\",\"target\":[\"https:\/\/institucional.ufrrj.br\/corin\/associacoes-redes\/reari\/\"]}]},{\"@type\":\"BreadcrumbList\",\"@id\":\"https:\/\/institucional.ufrrj.br\/corin\/associacoes-redes\/reari\/#breadcrumb\",\"itemListElement\":[{\"@type\":\"ListItem\",\"position\":1,\"name\":\"In\u00edcio\",\"item\":\"https:\/\/institucional.ufrrj.br\/corin\/\"},{\"@type\":\"ListItem\",\"position\":2,\"name\":\"Associa\u00e7\u00f5es \/ Redes\",\"item\":\"https:\/\/institucional.ufrrj.br\/corin\/associacoes-redes\/\"},{\"@type\":\"ListItem\",\"position\":3,\"name\":\"REARI\"}]},{\"@type\":\"WebSite\",\"@id\":\"https:\/\/institucional.ufrrj.br\/corin\/#website\",\"url\":\"https:\/\/institucional.ufrrj.br\/corin\/\",\"name\":\"CORIN\",\"description\":\"Coordenadoria de Rela\u00e7\u00f5es Internacionais e Interinstitucionais\",\"potentialAction\":[{\"@type\":\"SearchAction\",\"target\":{\"@type\":\"EntryPoint\",\"urlTemplate\":\"https:\/\/institucional.ufrrj.br\/corin\/?s={search_term_string}\"},\"query-input\":{\"@type\":\"PropertyValueSpecification\",\"valueRequired\":true,\"valueName\":\"search_term_string\"}}],\"inLanguage\":\"pt-BR\"}]}<\/script>\n<!-- \/ Yoast SEO plugin. -->","yoast_head_json":{"title":"REARI - CORIN","robots":{"index":"index","follow":"follow","max-snippet":"max-snippet:-1","max-image-preview":"max-image-preview:large","max-video-preview":"max-video-preview:-1"},"canonical":"https:\/\/institucional.ufrrj.br\/corin\/associacoes-redes\/reari\/","og_locale":"pt_BR","og_type":"article","og_title":"REARI - CORIN","og_description":"A Rede de Assessorias Internacionais das Universidades do Rio de Janeiro&nbsp; (REARI-RJ) \u00e9 uma rede sem fins lucrativos de assessorias internacionais que [&hellip;]","og_url":"https:\/\/institucional.ufrrj.br\/corin\/associacoes-redes\/reari\/","og_site_name":"CORIN","article_modified_time":"2024-04-25T20:17:28+00:00","twitter_card":"summary_large_image","twitter_misc":{"Est. tempo de leitura":"1 minuto"},"schema":{"@context":"https:\/\/schema.org","@graph":[{"@type":"WebPage","@id":"https:\/\/institucional.ufrrj.br\/corin\/associacoes-redes\/reari\/","url":"https:\/\/institucional.ufrrj.br\/corin\/associacoes-redes\/reari\/","name":"REARI - CORIN","isPartOf":{"@id":"https:\/\/institucional.ufrrj.br\/corin\/#website"},"datePublished":"2022-08-22T18:50:50+00:00","dateModified":"2024-04-25T20:17:28+00:00","breadcrumb":{"@id":"https:\/\/institucional.ufrrj.br\/corin\/associacoes-redes\/reari\/#breadcrumb"},"inLanguage":"pt-BR","potentialAction":[{"@type":"ReadAction","target":["https:\/\/institucional.ufrrj.br\/corin\/associacoes-redes\/reari\/"]}]},{"@type":"BreadcrumbList","@id":"https:\/\/institucional.ufrrj.br\/corin\/associacoes-redes\/reari\/#breadcrumb","itemListElement":[{"@type":"ListItem","position":1,"name":"In\u00edcio","item":"https:\/\/institucional.ufrrj.br\/corin\/"},{"@type":"ListItem","position":2,"name":"Associa\u00e7\u00f5es \/ Redes","item":"https:\/\/institucional.ufrrj.br\/corin\/associacoes-redes\/"},{"@type":"ListItem","position":3,"name":"REARI"}]},{"@type":"WebSite","@id":"https:\/\/institucional.ufrrj.br\/corin\/#website","url":"https:\/\/institucional.ufrrj.br\/corin\/","name":"CORIN","description":"Coordenadoria de Rela\u00e7\u00f5es Internacionais e Interinstitucionais","potentialAction":[{"@type":"SearchAction","target":{"@type":"EntryPoint","urlTemplate":"https:\/\/institucional.ufrrj.br\/corin\/?s={search_term_string}"},"query-input":{"@type":"PropertyValueSpecification","valueRequired":true,"valueName":"search_term_string"}}],"inLanguage":"pt-BR"}]}},"acf":[],"_links":{"self":[{"href":"https:\/\/institucional.ufrrj.br\/corin\/wp-json\/wp\/v2\/pages\/3710","targetHints":{"allow":["GET"]}}],"collection":[{"href":"https:\/\/institucional.ufrrj.br\/corin\/wp-json\/wp\/v2\/pages"}],"about":[{"href":"https:\/\/institucional.ufrrj.br\/corin\/wp-json\/wp\/v2\/types\/page"}],"author":[{"embeddable":true,"href":"https:\/\/institucional.ufrrj.br\/corin\/wp-json\/wp\/v2\/users\/634"}],"replies":[{"embeddable":true,"href":"https:\/\/institucional.ufrrj.br\/corin\/wp-json\/wp\/v2\/comments?post=3710"}],"version-history":[{"count":3,"href":"https:\/\/institucional.ufrrj.br\/corin\/wp-json\/wp\/v2\/pages\/3710\/revisions"}],"predecessor-version":[{"id":4988,"href":"https:\/\/institucional.ufrrj.br\/corin\/wp-json\/wp\/v2\/pages\/3710\/revisions\/4988"}],"up":[{"embeddable":true,"href":"https:\/\/institucional.ufrrj.br\/corin\/wp-json\/wp\/v2\/pages\/3702"}],"wp:attachment":[{"href":"https:\/\/institucional.ufrrj.br\/corin\/wp-json\/wp\/v2\/media?parent=3710"}],"curies":[{"name":"wp","href":"https:\/\/api.w.org\/{rel}","templated":true}]}}