{"id":3708,"date":"2022-08-22T15:50:24","date_gmt":"2022-08-22T18:50:24","guid":{"rendered":"https:\/\/institucional.ufrrj.br\/corin\/?page_id=3708"},"modified":"2024-04-25T17:16:19","modified_gmt":"2024-04-25T20:16:19","slug":"faubai","status":"publish","type":"page","link":"https:\/\/institucional.ufrrj.br\/corin\/associacoes-redes\/faubai\/","title":{"rendered":"FAUBAI"},"content":{"rendered":"\n<p class=\" eplus-wrapper\">A Associa\u00e7\u00e3o Brasileira de Educa\u00e7\u00e3o Internacional \u00e9 uma institui\u00e7\u00e3o que atua na amplia\u00e7\u00e3o dos processos de internacionaliza\u00e7\u00e3o das institui\u00e7\u00f5es de ensino superior brasileiras.<\/p>\n\n\n\n<p class=\" eplus-wrapper\">Criada em 1988, a organiza\u00e7\u00e3o conta com mais de 200 institui\u00e7\u00f5es associadas, entre institui\u00e7\u00f5es p\u00fablicas e privadas de diversidades regi\u00f5es do Brasil.<\/p>\n\n\n\n<p class=\" eplus-wrapper\">O objetivo da FAUBAI \u00e9 promover o sistema educacional brasileiro no exterior, capacitar profissionais associados, bem como propagar programas internacionalizantes no Brasil, a partir de promo\u00e7\u00e3o e divulga\u00e7\u00e3o de congressos, confer\u00eancias, semin\u00e1rios, cursos, projetos e estudos especiais, interc\u00e2mbios entre outros.<\/p>\n\n\n\n<p class=\" eplus-wrapper\">Ademais, o grupo visa contribuir politicamente para com a agenda de pol\u00edticas p\u00fablicas de internacionaliza\u00e7\u00e3o da educa\u00e7\u00e3o superior.<\/p>\n\n\n\n<p class=\" eplus-wrapper\">Site: <a href=\"https:\/\/faubai.org.br\/\">https:\/\/faubai.org.br\/<\/a><\/p>\n","protected":false},"excerpt":{"rendered":"<p>A Associa\u00e7\u00e3o Brasileira de Educa\u00e7\u00e3o Internacional \u00e9 uma institui\u00e7\u00e3o que atua na amplia\u00e7\u00e3o dos processos de internacionaliza\u00e7\u00e3o das institui\u00e7\u00f5es de ensino superior [&hellip;]<\/p>\n","protected":false},"author":634,"featured_media":0,"parent":3702,"menu_order":0,"comment_status":"closed","ping_status":"closed","template":"","meta":{"_acf_changed":false,"footnotes":"","_links_to":"","_links_to_target":""},"class_list":["post-3708","page","type-page","status-publish","hentry"],"yoast_head":"<!-- This site is optimized with the Yoast SEO plugin v27.2 - https:\/\/yoast.com\/product\/yoast-seo-wordpress\/ -->\n<title>FAUBAI - CORIN<\/title>\n<meta name=\"robots\" content=\"index, follow, max-snippet:-1, max-image-preview:large, max-video-preview:-1\" \/>\n<link rel=\"canonical\" href=\"https:\/\/institucional.ufrrj.br\/corin\/associacoes-redes\/faubai\/\" \/>\n<meta property=\"og:locale\" content=\"pt_BR\" \/>\n<meta property=\"og:type\" content=\"article\" \/>\n<meta property=\"og:title\" content=\"FAUBAI - CORIN\" \/>\n<meta property=\"og:description\" content=\"A Associa\u00e7\u00e3o Brasileira de Educa\u00e7\u00e3o Internacional \u00e9 uma institui\u00e7\u00e3o que atua na amplia\u00e7\u00e3o dos processos de internacionaliza\u00e7\u00e3o das institui\u00e7\u00f5es de ensino superior [&hellip;]\" \/>\n<meta property=\"og:url\" content=\"https:\/\/institucional.ufrrj.br\/corin\/associacoes-redes\/faubai\/\" \/>\n<meta property=\"og:site_name\" content=\"CORIN\" \/>\n<meta property=\"article:modified_time\" content=\"2024-04-25T20:16:19+00:00\" \/>\n<meta name=\"twitter:card\" content=\"summary_large_image\" \/>\n<meta name=\"twitter:label1\" content=\"Est. tempo de leitura\" \/>\n\t<meta name=\"twitter:data1\" content=\"1 minuto\" \/>\n<script type=\"application\/ld+json\" class=\"yoast-schema-graph\">{\"@context\":\"https:\/\/schema.org\",\"@graph\":[{\"@type\":\"WebPage\",\"@id\":\"https:\/\/institucional.ufrrj.br\/corin\/associacoes-redes\/faubai\/\",\"url\":\"https:\/\/institucional.ufrrj.br\/corin\/associacoes-redes\/faubai\/\",\"name\":\"FAUBAI - CORIN\",\"isPartOf\":{\"@id\":\"https:\/\/institucional.ufrrj.br\/corin\/#website\"},\"datePublished\":\"2022-08-22T18:50:24+00:00\",\"dateModified\":\"2024-04-25T20:16:19+00:00\",\"breadcrumb\":{\"@id\":\"https:\/\/institucional.ufrrj.br\/corin\/associacoes-redes\/faubai\/#breadcrumb\"},\"inLanguage\":\"pt-BR\",\"potentialAction\":[{\"@type\":\"ReadAction\",\"target\":[\"https:\/\/institucional.ufrrj.br\/corin\/associacoes-redes\/faubai\/\"]}]},{\"@type\":\"BreadcrumbList\",\"@id\":\"https:\/\/institucional.ufrrj.br\/corin\/associacoes-redes\/faubai\/#breadcrumb\",\"itemListElement\":[{\"@type\":\"ListItem\",\"position\":1,\"name\":\"In\u00edcio\",\"item\":\"https:\/\/institucional.ufrrj.br\/corin\/\"},{\"@type\":\"ListItem\",\"position\":2,\"name\":\"Associa\u00e7\u00f5es \/ Redes\",\"item\":\"https:\/\/institucional.ufrrj.br\/corin\/associacoes-redes\/\"},{\"@type\":\"ListItem\",\"position\":3,\"name\":\"FAUBAI\"}]},{\"@type\":\"WebSite\",\"@id\":\"https:\/\/institucional.ufrrj.br\/corin\/#website\",\"url\":\"https:\/\/institucional.ufrrj.br\/corin\/\",\"name\":\"CORIN\",\"description\":\"Coordenadoria de Rela\u00e7\u00f5es Internacionais e Interinstitucionais\",\"potentialAction\":[{\"@type\":\"SearchAction\",\"target\":{\"@type\":\"EntryPoint\",\"urlTemplate\":\"https:\/\/institucional.ufrrj.br\/corin\/?s={search_term_string}\"},\"query-input\":{\"@type\":\"PropertyValueSpecification\",\"valueRequired\":true,\"valueName\":\"search_term_string\"}}],\"inLanguage\":\"pt-BR\"}]}<\/script>\n<!-- \/ Yoast SEO plugin. -->","yoast_head_json":{"title":"FAUBAI - CORIN","robots":{"index":"index","follow":"follow","max-snippet":"max-snippet:-1","max-image-preview":"max-image-preview:large","max-video-preview":"max-video-preview:-1"},"canonical":"https:\/\/institucional.ufrrj.br\/corin\/associacoes-redes\/faubai\/","og_locale":"pt_BR","og_type":"article","og_title":"FAUBAI - CORIN","og_description":"A Associa\u00e7\u00e3o Brasileira de Educa\u00e7\u00e3o Internacional \u00e9 uma institui\u00e7\u00e3o que atua na amplia\u00e7\u00e3o dos processos de internacionaliza\u00e7\u00e3o das institui\u00e7\u00f5es de ensino superior [&hellip;]","og_url":"https:\/\/institucional.ufrrj.br\/corin\/associacoes-redes\/faubai\/","og_site_name":"CORIN","article_modified_time":"2024-04-25T20:16:19+00:00","twitter_card":"summary_large_image","twitter_misc":{"Est. tempo de leitura":"1 minuto"},"schema":{"@context":"https:\/\/schema.org","@graph":[{"@type":"WebPage","@id":"https:\/\/institucional.ufrrj.br\/corin\/associacoes-redes\/faubai\/","url":"https:\/\/institucional.ufrrj.br\/corin\/associacoes-redes\/faubai\/","name":"FAUBAI - CORIN","isPartOf":{"@id":"https:\/\/institucional.ufrrj.br\/corin\/#website"},"datePublished":"2022-08-22T18:50:24+00:00","dateModified":"2024-04-25T20:16:19+00:00","breadcrumb":{"@id":"https:\/\/institucional.ufrrj.br\/corin\/associacoes-redes\/faubai\/#breadcrumb"},"inLanguage":"pt-BR","potentialAction":[{"@type":"ReadAction","target":["https:\/\/institucional.ufrrj.br\/corin\/associacoes-redes\/faubai\/"]}]},{"@type":"BreadcrumbList","@id":"https:\/\/institucional.ufrrj.br\/corin\/associacoes-redes\/faubai\/#breadcrumb","itemListElement":[{"@type":"ListItem","position":1,"name":"In\u00edcio","item":"https:\/\/institucional.ufrrj.br\/corin\/"},{"@type":"ListItem","position":2,"name":"Associa\u00e7\u00f5es \/ Redes","item":"https:\/\/institucional.ufrrj.br\/corin\/associacoes-redes\/"},{"@type":"ListItem","position":3,"name":"FAUBAI"}]},{"@type":"WebSite","@id":"https:\/\/institucional.ufrrj.br\/corin\/#website","url":"https:\/\/institucional.ufrrj.br\/corin\/","name":"CORIN","description":"Coordenadoria de Rela\u00e7\u00f5es Internacionais e Interinstitucionais","potentialAction":[{"@type":"SearchAction","target":{"@type":"EntryPoint","urlTemplate":"https:\/\/institucional.ufrrj.br\/corin\/?s={search_term_string}"},"query-input":{"@type":"PropertyValueSpecification","valueRequired":true,"valueName":"search_term_string"}}],"inLanguage":"pt-BR"}]}},"acf":[],"_links":{"self":[{"href":"https:\/\/institucional.ufrrj.br\/corin\/wp-json\/wp\/v2\/pages\/3708","targetHints":{"allow":["GET"]}}],"collection":[{"href":"https:\/\/institucional.ufrrj.br\/corin\/wp-json\/wp\/v2\/pages"}],"about":[{"href":"https:\/\/institucional.ufrrj.br\/corin\/wp-json\/wp\/v2\/types\/page"}],"author":[{"embeddable":true,"href":"https:\/\/institucional.ufrrj.br\/corin\/wp-json\/wp\/v2\/users\/634"}],"replies":[{"embeddable":true,"href":"https:\/\/institucional.ufrrj.br\/corin\/wp-json\/wp\/v2\/comments?post=3708"}],"version-history":[{"count":3,"href":"https:\/\/institucional.ufrrj.br\/corin\/wp-json\/wp\/v2\/pages\/3708\/revisions"}],"predecessor-version":[{"id":4987,"href":"https:\/\/institucional.ufrrj.br\/corin\/wp-json\/wp\/v2\/pages\/3708\/revisions\/4987"}],"up":[{"embeddable":true,"href":"https:\/\/institucional.ufrrj.br\/corin\/wp-json\/wp\/v2\/pages\/3702"}],"wp:attachment":[{"href":"https:\/\/institucional.ufrrj.br\/corin\/wp-json\/wp\/v2\/media?parent=3708"}],"curies":[{"name":"wp","href":"https:\/\/api.w.org\/{rel}","templated":true}]}}