{"id":3706,"date":"2022-08-22T15:48:17","date_gmt":"2022-08-22T18:48:17","guid":{"rendered":"https:\/\/institucional.ufrrj.br\/corin\/?page_id=3706"},"modified":"2024-04-25T17:15:21","modified_gmt":"2024-04-25T20:15:21","slug":"grupo-tordesilhas","status":"publish","type":"page","link":"https:\/\/institucional.ufrrj.br\/corin\/associacoes-redes\/grupo-tordesilhas\/","title":{"rendered":"Grupo Tordesillas"},"content":{"rendered":"\n<p class=\" eplus-wrapper\">O Grupo Tordesillas \u00e9 uma rede&nbsp; de universidades brasileiras, portuguesas e espanholas que tem por objetivo promover a colabora\u00e7\u00e3o entre acad\u00eamica entre esses tr\u00eas pa\u00edses.<\/p>\n\n\n\n<p class=\" eplus-wrapper\">Criado em junho de 2000 ap\u00f3s a Primeira Reuni\u00e3o de Reitores das Universidades do Brasil, Espanha e Portugal, o grupo desenvolve suas a\u00e7\u00f5es nos \u00e2mbitos cooperativos da ci\u00eancia e da educa\u00e7\u00e3o, como m\u00e9todo para transformar a sociedade nos ramos cient\u00edficos e tecnol\u00f3gicos.<\/p>\n\n\n\n<p class=\" eplus-wrapper\">Dentre suas premissas, podemos destacar: o estabelecimento de v\u00ednculos acad\u00eamicos, culturais e socioecon\u00f4micos entre as universidades parceiras; promover as atividades cooperativas multilaterais nas \u00e1reas da educa\u00e7\u00e3o, ci\u00eancia, tecnologia e inova\u00e7\u00e3o; promover a comunica\u00e7\u00e3o est\u00e1vel entre as universidades parceiras dentre outros.<\/p>\n\n\n\n<p class=\" eplus-wrapper\">Suas atividades incluem a propaga\u00e7\u00e3o e promo\u00e7\u00e3o de interc\u00e2mbios, cursos, projetos de extens\u00e3o, bolsas de gradua\u00e7\u00e3o, mestrado e doutorado dentre outras atividades na ramifica\u00e7\u00e3o universit\u00e1ria.<\/p>\n\n\n\n<p class=\" eplus-wrapper\">Site: <a href=\"https:\/\/www.grupotordesillas.net\/pt\/\">https:\/\/www.grupotordesillas.net\/pt\/<\/a> <\/p>\n","protected":false},"excerpt":{"rendered":"<p>O Grupo Tordesillas \u00e9 uma rede&nbsp; de universidades brasileiras, portuguesas e espanholas que tem por objetivo promover a colabora\u00e7\u00e3o entre acad\u00eamica entre [&hellip;]<\/p>\n","protected":false},"author":634,"featured_media":0,"parent":3702,"menu_order":0,"comment_status":"closed","ping_status":"closed","template":"","meta":{"_acf_changed":false,"footnotes":"","_links_to":"","_links_to_target":""},"class_list":["post-3706","page","type-page","status-publish","hentry"],"yoast_head":"<!-- This site is optimized with the Yoast SEO plugin v27.2 - https:\/\/yoast.com\/product\/yoast-seo-wordpress\/ -->\n<title>Grupo Tordesillas - CORIN<\/title>\n<meta name=\"robots\" content=\"index, follow, max-snippet:-1, max-image-preview:large, max-video-preview:-1\" \/>\n<link rel=\"canonical\" href=\"https:\/\/institucional.ufrrj.br\/corin\/associacoes-redes\/grupo-tordesilhas\/\" \/>\n<meta property=\"og:locale\" content=\"pt_BR\" \/>\n<meta property=\"og:type\" content=\"article\" \/>\n<meta property=\"og:title\" content=\"Grupo Tordesillas - CORIN\" \/>\n<meta property=\"og:description\" content=\"O Grupo Tordesillas \u00e9 uma rede&nbsp; de universidades brasileiras, portuguesas e espanholas que tem por objetivo promover a colabora\u00e7\u00e3o entre acad\u00eamica entre [&hellip;]\" \/>\n<meta property=\"og:url\" content=\"https:\/\/institucional.ufrrj.br\/corin\/associacoes-redes\/grupo-tordesilhas\/\" \/>\n<meta property=\"og:site_name\" content=\"CORIN\" \/>\n<meta property=\"article:modified_time\" content=\"2024-04-25T20:15:21+00:00\" \/>\n<meta name=\"twitter:card\" content=\"summary_large_image\" \/>\n<meta name=\"twitter:label1\" content=\"Est. tempo de leitura\" \/>\n\t<meta name=\"twitter:data1\" content=\"1 minuto\" \/>\n<script type=\"application\/ld+json\" class=\"yoast-schema-graph\">{\"@context\":\"https:\/\/schema.org\",\"@graph\":[{\"@type\":\"WebPage\",\"@id\":\"https:\/\/institucional.ufrrj.br\/corin\/associacoes-redes\/grupo-tordesilhas\/\",\"url\":\"https:\/\/institucional.ufrrj.br\/corin\/associacoes-redes\/grupo-tordesilhas\/\",\"name\":\"Grupo Tordesillas - CORIN\",\"isPartOf\":{\"@id\":\"https:\/\/institucional.ufrrj.br\/corin\/#website\"},\"datePublished\":\"2022-08-22T18:48:17+00:00\",\"dateModified\":\"2024-04-25T20:15:21+00:00\",\"breadcrumb\":{\"@id\":\"https:\/\/institucional.ufrrj.br\/corin\/associacoes-redes\/grupo-tordesilhas\/#breadcrumb\"},\"inLanguage\":\"pt-BR\",\"potentialAction\":[{\"@type\":\"ReadAction\",\"target\":[\"https:\/\/institucional.ufrrj.br\/corin\/associacoes-redes\/grupo-tordesilhas\/\"]}]},{\"@type\":\"BreadcrumbList\",\"@id\":\"https:\/\/institucional.ufrrj.br\/corin\/associacoes-redes\/grupo-tordesilhas\/#breadcrumb\",\"itemListElement\":[{\"@type\":\"ListItem\",\"position\":1,\"name\":\"In\u00edcio\",\"item\":\"https:\/\/institucional.ufrrj.br\/corin\/\"},{\"@type\":\"ListItem\",\"position\":2,\"name\":\"Associa\u00e7\u00f5es \/ Redes\",\"item\":\"https:\/\/institucional.ufrrj.br\/corin\/associacoes-redes\/\"},{\"@type\":\"ListItem\",\"position\":3,\"name\":\"Grupo Tordesillas\"}]},{\"@type\":\"WebSite\",\"@id\":\"https:\/\/institucional.ufrrj.br\/corin\/#website\",\"url\":\"https:\/\/institucional.ufrrj.br\/corin\/\",\"name\":\"CORIN\",\"description\":\"Coordenadoria de Rela\u00e7\u00f5es Internacionais e Interinstitucionais\",\"potentialAction\":[{\"@type\":\"SearchAction\",\"target\":{\"@type\":\"EntryPoint\",\"urlTemplate\":\"https:\/\/institucional.ufrrj.br\/corin\/?s={search_term_string}\"},\"query-input\":{\"@type\":\"PropertyValueSpecification\",\"valueRequired\":true,\"valueName\":\"search_term_string\"}}],\"inLanguage\":\"pt-BR\"}]}<\/script>\n<!-- \/ Yoast SEO plugin. -->","yoast_head_json":{"title":"Grupo Tordesillas - CORIN","robots":{"index":"index","follow":"follow","max-snippet":"max-snippet:-1","max-image-preview":"max-image-preview:large","max-video-preview":"max-video-preview:-1"},"canonical":"https:\/\/institucional.ufrrj.br\/corin\/associacoes-redes\/grupo-tordesilhas\/","og_locale":"pt_BR","og_type":"article","og_title":"Grupo Tordesillas - CORIN","og_description":"O Grupo Tordesillas \u00e9 uma rede&nbsp; de universidades brasileiras, portuguesas e espanholas que tem por objetivo promover a colabora\u00e7\u00e3o entre acad\u00eamica entre [&hellip;]","og_url":"https:\/\/institucional.ufrrj.br\/corin\/associacoes-redes\/grupo-tordesilhas\/","og_site_name":"CORIN","article_modified_time":"2024-04-25T20:15:21+00:00","twitter_card":"summary_large_image","twitter_misc":{"Est. tempo de leitura":"1 minuto"},"schema":{"@context":"https:\/\/schema.org","@graph":[{"@type":"WebPage","@id":"https:\/\/institucional.ufrrj.br\/corin\/associacoes-redes\/grupo-tordesilhas\/","url":"https:\/\/institucional.ufrrj.br\/corin\/associacoes-redes\/grupo-tordesilhas\/","name":"Grupo Tordesillas - CORIN","isPartOf":{"@id":"https:\/\/institucional.ufrrj.br\/corin\/#website"},"datePublished":"2022-08-22T18:48:17+00:00","dateModified":"2024-04-25T20:15:21+00:00","breadcrumb":{"@id":"https:\/\/institucional.ufrrj.br\/corin\/associacoes-redes\/grupo-tordesilhas\/#breadcrumb"},"inLanguage":"pt-BR","potentialAction":[{"@type":"ReadAction","target":["https:\/\/institucional.ufrrj.br\/corin\/associacoes-redes\/grupo-tordesilhas\/"]}]},{"@type":"BreadcrumbList","@id":"https:\/\/institucional.ufrrj.br\/corin\/associacoes-redes\/grupo-tordesilhas\/#breadcrumb","itemListElement":[{"@type":"ListItem","position":1,"name":"In\u00edcio","item":"https:\/\/institucional.ufrrj.br\/corin\/"},{"@type":"ListItem","position":2,"name":"Associa\u00e7\u00f5es \/ Redes","item":"https:\/\/institucional.ufrrj.br\/corin\/associacoes-redes\/"},{"@type":"ListItem","position":3,"name":"Grupo Tordesillas"}]},{"@type":"WebSite","@id":"https:\/\/institucional.ufrrj.br\/corin\/#website","url":"https:\/\/institucional.ufrrj.br\/corin\/","name":"CORIN","description":"Coordenadoria de Rela\u00e7\u00f5es Internacionais e Interinstitucionais","potentialAction":[{"@type":"SearchAction","target":{"@type":"EntryPoint","urlTemplate":"https:\/\/institucional.ufrrj.br\/corin\/?s={search_term_string}"},"query-input":{"@type":"PropertyValueSpecification","valueRequired":true,"valueName":"search_term_string"}}],"inLanguage":"pt-BR"}]}},"acf":[],"_links":{"self":[{"href":"https:\/\/institucional.ufrrj.br\/corin\/wp-json\/wp\/v2\/pages\/3706","targetHints":{"allow":["GET"]}}],"collection":[{"href":"https:\/\/institucional.ufrrj.br\/corin\/wp-json\/wp\/v2\/pages"}],"about":[{"href":"https:\/\/institucional.ufrrj.br\/corin\/wp-json\/wp\/v2\/types\/page"}],"author":[{"embeddable":true,"href":"https:\/\/institucional.ufrrj.br\/corin\/wp-json\/wp\/v2\/users\/634"}],"replies":[{"embeddable":true,"href":"https:\/\/institucional.ufrrj.br\/corin\/wp-json\/wp\/v2\/comments?post=3706"}],"version-history":[{"count":3,"href":"https:\/\/institucional.ufrrj.br\/corin\/wp-json\/wp\/v2\/pages\/3706\/revisions"}],"predecessor-version":[{"id":4986,"href":"https:\/\/institucional.ufrrj.br\/corin\/wp-json\/wp\/v2\/pages\/3706\/revisions\/4986"}],"up":[{"embeddable":true,"href":"https:\/\/institucional.ufrrj.br\/corin\/wp-json\/wp\/v2\/pages\/3702"}],"wp:attachment":[{"href":"https:\/\/institucional.ufrrj.br\/corin\/wp-json\/wp\/v2\/media?parent=3706"}],"curies":[{"name":"wp","href":"https:\/\/api.w.org\/{rel}","templated":true}]}}