{"id":3704,"date":"2022-08-22T15:47:59","date_gmt":"2022-08-22T18:47:59","guid":{"rendered":"https:\/\/institucional.ufrrj.br\/corin\/?page_id=3704"},"modified":"2024-04-25T17:14:11","modified_gmt":"2024-04-25T20:14:11","slug":"grupo-coimbra","status":"publish","type":"page","link":"https:\/\/institucional.ufrrj.br\/corin\/associacoes-redes\/grupo-coimbra\/","title":{"rendered":"GCUB"},"content":{"rendered":"\n<p class=\" eplus-wrapper\">O Grupo de Coopera\u00e7\u00e3o Internacional das Universidades Brasileiras (GCUB) \u00e9 uma associa\u00e7\u00e3o da sociedade civil, sem fins lucrativos que desenvolve suas atividades na ramifica\u00e7\u00e3o acad\u00eamica, cient\u00edfica e cultural.<\/p>\n\n\n\n<p class=\" eplus-wrapper\">O GCUB fora fundado em 29 de outubro de 2008 e atualmente possui 89 universidades brasileiras como afiliadas. O \u00f3rg\u00e3o recebe apoio do Minist\u00e9rio da Educa\u00e7\u00e3o (MEC), da Coordena\u00e7\u00e3o de Aperfei\u00e7oamento de Pessoal de N\u00edvel Superior (CAPES), Conselho Nacional de Desenvolvimento Cient\u00edfico e Tecnol\u00f3gico (CNPq) dentre outros.<\/p>\n\n\n\n<p class=\" eplus-wrapper\">Os programas do GCUB s\u00e3o destinadas \u00e0 acad\u00eamicos de gradua\u00e7\u00e3o e p\u00f3s e tamb\u00e9m pesquisadores e professores de todas as \u00e1reas do conhecimento. Esses programas s\u00e3o, geralmente, atua\u00e7\u00f5es de mobilidade acad\u00eamica, semin\u00e1rios, cursos de forma\u00e7\u00e3o de l\u00edderes em coopera\u00e7\u00e3o internacional e outras atividades que t\u00eam em seu cerne a troca m\u00fatua entre valores pessoais e culturais e o desenvolvimento da coopera\u00e7\u00e3o entre o nacional e o internacional.<\/p>\n\n\n\n<p class=\" eplus-wrapper\">A UFRRJ \u00e9 parceira do GCUB e alguns dos benef\u00edcios que tal parceria promove para os alunos da Rural \u00e9 o desconto em testes de profici\u00eancia; carn\u00ea virtual da biblioteca do Instituto Cervantes; acesso a provas de nivelamento gratuito e desconto em cursos ofertados pelo GCUB.<\/p>\n\n\n\n<p class=\" eplus-wrapper\">Site: <a href=\"https:\/\/www.gcub.org.br\/\">https:\/\/www.gcub.org.br\/<\/a> <\/p>\n","protected":false},"excerpt":{"rendered":"<p>O Grupo de Coopera\u00e7\u00e3o Internacional das Universidades Brasileiras (GCUB) \u00e9 uma associa\u00e7\u00e3o da sociedade civil, sem fins lucrativos que desenvolve suas atividades [&hellip;]<\/p>\n","protected":false},"author":634,"featured_media":0,"parent":3702,"menu_order":0,"comment_status":"closed","ping_status":"closed","template":"","meta":{"_acf_changed":false,"footnotes":"","_links_to":"","_links_to_target":""},"class_list":["post-3704","page","type-page","status-publish","hentry"],"yoast_head":"<!-- This site is optimized with the Yoast SEO plugin v27.2 - https:\/\/yoast.com\/product\/yoast-seo-wordpress\/ -->\n<title>GCUB - CORIN<\/title>\n<meta name=\"robots\" content=\"index, follow, max-snippet:-1, max-image-preview:large, max-video-preview:-1\" \/>\n<link rel=\"canonical\" href=\"https:\/\/institucional.ufrrj.br\/corin\/associacoes-redes\/grupo-coimbra\/\" \/>\n<meta property=\"og:locale\" content=\"pt_BR\" \/>\n<meta property=\"og:type\" content=\"article\" \/>\n<meta property=\"og:title\" content=\"GCUB - CORIN\" \/>\n<meta property=\"og:description\" content=\"O Grupo de Coopera\u00e7\u00e3o Internacional das Universidades Brasileiras (GCUB) \u00e9 uma associa\u00e7\u00e3o da sociedade civil, sem fins lucrativos que desenvolve suas atividades [&hellip;]\" \/>\n<meta property=\"og:url\" content=\"https:\/\/institucional.ufrrj.br\/corin\/associacoes-redes\/grupo-coimbra\/\" \/>\n<meta property=\"og:site_name\" content=\"CORIN\" \/>\n<meta property=\"article:modified_time\" content=\"2024-04-25T20:14:11+00:00\" \/>\n<meta name=\"twitter:card\" content=\"summary_large_image\" \/>\n<meta name=\"twitter:label1\" content=\"Est. tempo de leitura\" \/>\n\t<meta name=\"twitter:data1\" content=\"1 minuto\" \/>\n<script type=\"application\/ld+json\" class=\"yoast-schema-graph\">{\"@context\":\"https:\/\/schema.org\",\"@graph\":[{\"@type\":\"WebPage\",\"@id\":\"https:\/\/institucional.ufrrj.br\/corin\/associacoes-redes\/grupo-coimbra\/\",\"url\":\"https:\/\/institucional.ufrrj.br\/corin\/associacoes-redes\/grupo-coimbra\/\",\"name\":\"GCUB - CORIN\",\"isPartOf\":{\"@id\":\"https:\/\/institucional.ufrrj.br\/corin\/#website\"},\"datePublished\":\"2022-08-22T18:47:59+00:00\",\"dateModified\":\"2024-04-25T20:14:11+00:00\",\"breadcrumb\":{\"@id\":\"https:\/\/institucional.ufrrj.br\/corin\/associacoes-redes\/grupo-coimbra\/#breadcrumb\"},\"inLanguage\":\"pt-BR\",\"potentialAction\":[{\"@type\":\"ReadAction\",\"target\":[\"https:\/\/institucional.ufrrj.br\/corin\/associacoes-redes\/grupo-coimbra\/\"]}]},{\"@type\":\"BreadcrumbList\",\"@id\":\"https:\/\/institucional.ufrrj.br\/corin\/associacoes-redes\/grupo-coimbra\/#breadcrumb\",\"itemListElement\":[{\"@type\":\"ListItem\",\"position\":1,\"name\":\"In\u00edcio\",\"item\":\"https:\/\/institucional.ufrrj.br\/corin\/\"},{\"@type\":\"ListItem\",\"position\":2,\"name\":\"Associa\u00e7\u00f5es \/ Redes\",\"item\":\"https:\/\/institucional.ufrrj.br\/corin\/associacoes-redes\/\"},{\"@type\":\"ListItem\",\"position\":3,\"name\":\"GCUB\"}]},{\"@type\":\"WebSite\",\"@id\":\"https:\/\/institucional.ufrrj.br\/corin\/#website\",\"url\":\"https:\/\/institucional.ufrrj.br\/corin\/\",\"name\":\"CORIN\",\"description\":\"Coordenadoria de Rela\u00e7\u00f5es Internacionais e Interinstitucionais\",\"potentialAction\":[{\"@type\":\"SearchAction\",\"target\":{\"@type\":\"EntryPoint\",\"urlTemplate\":\"https:\/\/institucional.ufrrj.br\/corin\/?s={search_term_string}\"},\"query-input\":{\"@type\":\"PropertyValueSpecification\",\"valueRequired\":true,\"valueName\":\"search_term_string\"}}],\"inLanguage\":\"pt-BR\"}]}<\/script>\n<!-- \/ Yoast SEO plugin. -->","yoast_head_json":{"title":"GCUB - CORIN","robots":{"index":"index","follow":"follow","max-snippet":"max-snippet:-1","max-image-preview":"max-image-preview:large","max-video-preview":"max-video-preview:-1"},"canonical":"https:\/\/institucional.ufrrj.br\/corin\/associacoes-redes\/grupo-coimbra\/","og_locale":"pt_BR","og_type":"article","og_title":"GCUB - CORIN","og_description":"O Grupo de Coopera\u00e7\u00e3o Internacional das Universidades Brasileiras (GCUB) \u00e9 uma associa\u00e7\u00e3o da sociedade civil, sem fins lucrativos que desenvolve suas atividades [&hellip;]","og_url":"https:\/\/institucional.ufrrj.br\/corin\/associacoes-redes\/grupo-coimbra\/","og_site_name":"CORIN","article_modified_time":"2024-04-25T20:14:11+00:00","twitter_card":"summary_large_image","twitter_misc":{"Est. tempo de leitura":"1 minuto"},"schema":{"@context":"https:\/\/schema.org","@graph":[{"@type":"WebPage","@id":"https:\/\/institucional.ufrrj.br\/corin\/associacoes-redes\/grupo-coimbra\/","url":"https:\/\/institucional.ufrrj.br\/corin\/associacoes-redes\/grupo-coimbra\/","name":"GCUB - CORIN","isPartOf":{"@id":"https:\/\/institucional.ufrrj.br\/corin\/#website"},"datePublished":"2022-08-22T18:47:59+00:00","dateModified":"2024-04-25T20:14:11+00:00","breadcrumb":{"@id":"https:\/\/institucional.ufrrj.br\/corin\/associacoes-redes\/grupo-coimbra\/#breadcrumb"},"inLanguage":"pt-BR","potentialAction":[{"@type":"ReadAction","target":["https:\/\/institucional.ufrrj.br\/corin\/associacoes-redes\/grupo-coimbra\/"]}]},{"@type":"BreadcrumbList","@id":"https:\/\/institucional.ufrrj.br\/corin\/associacoes-redes\/grupo-coimbra\/#breadcrumb","itemListElement":[{"@type":"ListItem","position":1,"name":"In\u00edcio","item":"https:\/\/institucional.ufrrj.br\/corin\/"},{"@type":"ListItem","position":2,"name":"Associa\u00e7\u00f5es \/ Redes","item":"https:\/\/institucional.ufrrj.br\/corin\/associacoes-redes\/"},{"@type":"ListItem","position":3,"name":"GCUB"}]},{"@type":"WebSite","@id":"https:\/\/institucional.ufrrj.br\/corin\/#website","url":"https:\/\/institucional.ufrrj.br\/corin\/","name":"CORIN","description":"Coordenadoria de Rela\u00e7\u00f5es Internacionais e Interinstitucionais","potentialAction":[{"@type":"SearchAction","target":{"@type":"EntryPoint","urlTemplate":"https:\/\/institucional.ufrrj.br\/corin\/?s={search_term_string}"},"query-input":{"@type":"PropertyValueSpecification","valueRequired":true,"valueName":"search_term_string"}}],"inLanguage":"pt-BR"}]}},"acf":[],"_links":{"self":[{"href":"https:\/\/institucional.ufrrj.br\/corin\/wp-json\/wp\/v2\/pages\/3704","targetHints":{"allow":["GET"]}}],"collection":[{"href":"https:\/\/institucional.ufrrj.br\/corin\/wp-json\/wp\/v2\/pages"}],"about":[{"href":"https:\/\/institucional.ufrrj.br\/corin\/wp-json\/wp\/v2\/types\/page"}],"author":[{"embeddable":true,"href":"https:\/\/institucional.ufrrj.br\/corin\/wp-json\/wp\/v2\/users\/634"}],"replies":[{"embeddable":true,"href":"https:\/\/institucional.ufrrj.br\/corin\/wp-json\/wp\/v2\/comments?post=3704"}],"version-history":[{"count":3,"href":"https:\/\/institucional.ufrrj.br\/corin\/wp-json\/wp\/v2\/pages\/3704\/revisions"}],"predecessor-version":[{"id":4985,"href":"https:\/\/institucional.ufrrj.br\/corin\/wp-json\/wp\/v2\/pages\/3704\/revisions\/4985"}],"up":[{"embeddable":true,"href":"https:\/\/institucional.ufrrj.br\/corin\/wp-json\/wp\/v2\/pages\/3702"}],"wp:attachment":[{"href":"https:\/\/institucional.ufrrj.br\/corin\/wp-json\/wp\/v2\/media?parent=3704"}],"curies":[{"name":"wp","href":"https:\/\/api.w.org\/{rel}","templated":true}]}}