{"id":3694,"date":"2022-08-22T15:27:40","date_gmt":"2022-08-22T18:27:40","guid":{"rendered":"https:\/\/institucional.ufrrj.br\/corin\/?page_id=3694"},"modified":"2025-12-29T16:58:39","modified_gmt":"2025-12-29T19:58:39","slug":"mobilidade-out","status":"publish","type":"page","link":"https:\/\/institucional.ufrrj.br\/corin\/mobilidade\/mobilidade-out\/","title":{"rendered":"Mobilidade OUT"},"content":{"rendered":"\n<p>A mobilidade acad\u00eamica internacional \u00e9 o processo que possibilita ao estudante de gradua\u00e7\u00e3o a oportunidade de realizar parte de seus estudos em uma universidade estrangeira parceira da UFRRJ. <\/p>\n\n\n\n<p>Tem como objetivos: <\/p>\n\n\n\n<ul class=\"wp-block-list\">\n<li>promover a atualiza\u00e7\u00e3o de conhecimentos em grades curriculares diferenciadas, possibilitando o acesso \u00e0 institui\u00e7\u00f5es de elevado padr\u00e3o de qualidade, visando complementar sua forma\u00e7\u00e3o t\u00e9cnico-cient\u00edfica.<\/li>\n\n\n\n<li>complementar a forma\u00e7\u00e3o dos estudantes com a oportunidade de vivenciar experi\u00eancias educacionais e culturais voltadas para a qualidade, o empreendedorismo, a competitividade e a inova\u00e7\u00e3o.<\/li>\n\n\n\n<li>fortalecer as parcerias institucionais celebradas com as institui\u00e7\u00f5es estrangeiras pela promo\u00e7\u00e3o de a\u00e7\u00f5es de reciprocidade promover a internacionaliza\u00e7\u00e3o das atividades de ensino, pesquisa e extens\u00e3o, e propiciar o interc\u00e2mbio cient\u00edfico e cultural.\u2063 <\/li>\n<\/ul>\n\n\n\n<p><\/p>\n\n\n\n<p>A mobilidade out tem dura\u00e7\u00e3o de um a dois per\u00edodos, sendo no m\u00ednimo 6 ( seis) meses e no m\u00e1ximo 12 ( doze ) meses. <\/p>\n\n\n\n<p>Pr\u00e9-requisitos da UFRRJ para a realizar a mobilidade out: <\/p>\n\n\n\n<ul class=\"wp-block-list\">\n<li>Estar com a matr\u00edcula ativa e regular na UFRRJ no per\u00edodo anterior, de candidatura, e tamb\u00e9m durante todo o per\u00edodo da mobilidade;<\/li>\n\n\n\n<li>Ter integralizado todos os cr\u00e9ditos referentes aos dois primeiros semestres ou ao primeiro ano de estudos;<\/li>\n\n\n\n<li>Possuir 18 anos de idade completos, at\u00e9 a data de sa\u00edda do pa\u00eds; <\/li>\n\n\n\n<li>N\u00e3o concluir o curso de gradua\u00e7\u00e3o enquanto estiver em mobilidade no exterior, devendo OBRIGATORIAMENTE cursar pelo menos um per\u00edodo letivo na UFRRJ ap\u00f3s o retorno da mobilidade acad\u00eamica. <\/li>\n<\/ul>\n\n\n\n<p><\/p>\n\n\n\n<p>Considerando o atendimento aos pr\u00e9- requisitos da UFRRJ, os estudantes interessados devem primeiramente consultar os sites das universidades estrangeiras parceiras da UFRRJ para conhecer o processo de candidatura. A candidatura \u00e9 o processo em que as universidades estrangeiras definem os prazos, requisitos e crit\u00e9rios para a realiza\u00e7\u00e3o da mobilidade acad\u00eamica internacional. <\/p>\n\n\n\n<p>Para saber conhecer a lista de universidades parceiras, acesse aqui: <a href=\"https:\/\/institucional.ufrrj.br\/corin\/lista-de-acordos\/\">https:\/\/institucional.ufrrj.br\/corin\/lista-de-acordos\/<\/a>. Vale ressaltar que nem todos os acordos contemplam a mobilidade acad\u00eamica internacional ou a isen\u00e7\u00e3o de taxas acad\u00eamicas e administrativas. Sugerimos a consulta pr\u00e9via a Corin, por meio do e-mail <a href=\"mailto:corin@ufrrj.br\">corin@ufrrj.br<\/a>. <\/p>\n\n\n\n<p>Para que a mobilidade acad\u00eamica internacional seja registrada no hist\u00f3rico acad\u00eamico, junto ao SIGAA, o estudante deve, obrigatoriamente, reunir a documenta\u00e7\u00e3o necess\u00e1ria e solicitar a abertura do processo de mobilidade acad\u00eamica internacional junto \u00e0 Corin, conforme as orienta\u00e7\u00f5es a seguir:<\/p>\n\n\n\n<p>1. Orienta\u00e7\u00f5es Mob Out: <a href=\"https:\/\/institucional.ufrrj.br\/corin\/files\/2025\/12\/1-orientacoes-para-alunos-mob-out.pdf\">https:\/\/institucional.ufrrj.br\/corin\/files\/2025\/12\/1-orientacoes-para-alunos-mob-out.pdf<\/a><\/p>\n\n\n\n<p>2. Formul\u00e1rio Mob Out: <a href=\"https:\/\/institucional.ufrrj.br\/corin\/files\/2025\/12\/2-formulario-para-mob-out.pdf\">https:\/\/institucional.ufrrj.br\/corin\/files\/2025\/12\/2-formulario-para-mob-out.pdf<\/a><\/p>\n\n\n\n<p>3. Formul\u00e1rio de Integridade Mob Out: <a href=\"https:\/\/institucional.ufrrj.br\/corin\/files\/2025\/12\/3-formulario-de-integridade-mob-out.pdf\">https:\/\/institucional.ufrrj.br\/corin\/files\/2025\/12\/3-formulario-de-integridade-mob-out.pdf<\/a><\/p>\n\n\n\n<p>4. Orienta\u00e7\u00f5es Seguro sa\u00fade Mob Out: <a href=\"https:\/\/institucional.ufrrj.br\/corin\/files\/2025\/12\/4-orientacoes-sobre-seguro-saude-mob-out.pdf\">https:\/\/institucional.ufrrj.br\/corin\/files\/2025\/12\/4-orientacoes-sobre-seguro-saude-mob-out.pdf<\/a><\/p>\n\n\n\n<p>A solicita\u00e7\u00e3o de requisi\u00e7\u00e3o da mobilidade acad\u00eamica internacional \u00e9 responsabilidade do estudante. O estudante dever\u00e1 encaminhar a documenta\u00e7\u00e3o completa com anteced\u00eancia m\u00ednima de 7 (sete) dias \u00fateis antes da viagem. A atua\u00e7\u00e3o processual ser\u00e1 requisitada SOMENTE mediante a apresenta\u00e7\u00e3o da documenta\u00e7\u00e3o completa.<\/p>\n\n\n\n<p><\/p>\n","protected":false},"excerpt":{"rendered":"<p>A mobilidade acad\u00eamica internacional \u00e9 o processo que possibilita ao estudante de gradua\u00e7\u00e3o a oportunidade de realizar parte de seus estudos em [&hellip;]<\/p>\n","protected":false},"author":634,"featured_media":0,"parent":1340,"menu_order":0,"comment_status":"closed","ping_status":"closed","template":"","meta":{"_acf_changed":false,"footnotes":"","_links_to":"","_links_to_target":""},"class_list":["post-3694","page","type-page","status-publish","hentry"],"yoast_head":"<!-- This site is optimized with the Yoast SEO plugin v27.2 - https:\/\/yoast.com\/product\/yoast-seo-wordpress\/ -->\n<title>Mobilidade OUT - CORIN<\/title>\n<meta name=\"robots\" content=\"index, follow, max-snippet:-1, max-image-preview:large, max-video-preview:-1\" \/>\n<link rel=\"canonical\" href=\"https:\/\/institucional.ufrrj.br\/corin\/mobilidade\/mobilidade-out\/\" \/>\n<meta property=\"og:locale\" content=\"pt_BR\" \/>\n<meta property=\"og:type\" content=\"article\" \/>\n<meta property=\"og:title\" content=\"Mobilidade OUT - CORIN\" \/>\n<meta property=\"og:description\" content=\"A mobilidade acad\u00eamica internacional \u00e9 o processo que possibilita ao estudante de gradua\u00e7\u00e3o a oportunidade de realizar parte de seus estudos em [&hellip;]\" \/>\n<meta property=\"og:url\" content=\"https:\/\/institucional.ufrrj.br\/corin\/mobilidade\/mobilidade-out\/\" \/>\n<meta property=\"og:site_name\" content=\"CORIN\" \/>\n<meta property=\"article:modified_time\" content=\"2025-12-29T19:58:39+00:00\" \/>\n<meta name=\"twitter:card\" content=\"summary_large_image\" \/>\n<meta name=\"twitter:label1\" content=\"Est. tempo de leitura\" \/>\n\t<meta name=\"twitter:data1\" content=\"3 minutos\" \/>\n<script type=\"application\/ld+json\" class=\"yoast-schema-graph\">{\"@context\":\"https:\/\/schema.org\",\"@graph\":[{\"@type\":\"WebPage\",\"@id\":\"https:\/\/institucional.ufrrj.br\/corin\/mobilidade\/mobilidade-out\/\",\"url\":\"https:\/\/institucional.ufrrj.br\/corin\/mobilidade\/mobilidade-out\/\",\"name\":\"Mobilidade OUT - CORIN\",\"isPartOf\":{\"@id\":\"https:\/\/institucional.ufrrj.br\/corin\/#website\"},\"datePublished\":\"2022-08-22T18:27:40+00:00\",\"dateModified\":\"2025-12-29T19:58:39+00:00\",\"breadcrumb\":{\"@id\":\"https:\/\/institucional.ufrrj.br\/corin\/mobilidade\/mobilidade-out\/#breadcrumb\"},\"inLanguage\":\"pt-BR\",\"potentialAction\":[{\"@type\":\"ReadAction\",\"target\":[\"https:\/\/institucional.ufrrj.br\/corin\/mobilidade\/mobilidade-out\/\"]}]},{\"@type\":\"BreadcrumbList\",\"@id\":\"https:\/\/institucional.ufrrj.br\/corin\/mobilidade\/mobilidade-out\/#breadcrumb\",\"itemListElement\":[{\"@type\":\"ListItem\",\"position\":1,\"name\":\"In\u00edcio\",\"item\":\"https:\/\/institucional.ufrrj.br\/corin\/\"},{\"@type\":\"ListItem\",\"position\":2,\"name\":\"Mobilidade Internacional\",\"item\":\"https:\/\/institucional.ufrrj.br\/corin\/mobilidade\/\"},{\"@type\":\"ListItem\",\"position\":3,\"name\":\"Mobilidade OUT\"}]},{\"@type\":\"WebSite\",\"@id\":\"https:\/\/institucional.ufrrj.br\/corin\/#website\",\"url\":\"https:\/\/institucional.ufrrj.br\/corin\/\",\"name\":\"CORIN\",\"description\":\"Coordenadoria de Rela\u00e7\u00f5es Internacionais e Interinstitucionais\",\"potentialAction\":[{\"@type\":\"SearchAction\",\"target\":{\"@type\":\"EntryPoint\",\"urlTemplate\":\"https:\/\/institucional.ufrrj.br\/corin\/?s={search_term_string}\"},\"query-input\":{\"@type\":\"PropertyValueSpecification\",\"valueRequired\":true,\"valueName\":\"search_term_string\"}}],\"inLanguage\":\"pt-BR\"}]}<\/script>\n<!-- \/ Yoast SEO plugin. -->","yoast_head_json":{"title":"Mobilidade OUT - CORIN","robots":{"index":"index","follow":"follow","max-snippet":"max-snippet:-1","max-image-preview":"max-image-preview:large","max-video-preview":"max-video-preview:-1"},"canonical":"https:\/\/institucional.ufrrj.br\/corin\/mobilidade\/mobilidade-out\/","og_locale":"pt_BR","og_type":"article","og_title":"Mobilidade OUT - CORIN","og_description":"A mobilidade acad\u00eamica internacional \u00e9 o processo que possibilita ao estudante de gradua\u00e7\u00e3o a oportunidade de realizar parte de seus estudos em [&hellip;]","og_url":"https:\/\/institucional.ufrrj.br\/corin\/mobilidade\/mobilidade-out\/","og_site_name":"CORIN","article_modified_time":"2025-12-29T19:58:39+00:00","twitter_card":"summary_large_image","twitter_misc":{"Est. tempo de leitura":"3 minutos"},"schema":{"@context":"https:\/\/schema.org","@graph":[{"@type":"WebPage","@id":"https:\/\/institucional.ufrrj.br\/corin\/mobilidade\/mobilidade-out\/","url":"https:\/\/institucional.ufrrj.br\/corin\/mobilidade\/mobilidade-out\/","name":"Mobilidade OUT - CORIN","isPartOf":{"@id":"https:\/\/institucional.ufrrj.br\/corin\/#website"},"datePublished":"2022-08-22T18:27:40+00:00","dateModified":"2025-12-29T19:58:39+00:00","breadcrumb":{"@id":"https:\/\/institucional.ufrrj.br\/corin\/mobilidade\/mobilidade-out\/#breadcrumb"},"inLanguage":"pt-BR","potentialAction":[{"@type":"ReadAction","target":["https:\/\/institucional.ufrrj.br\/corin\/mobilidade\/mobilidade-out\/"]}]},{"@type":"BreadcrumbList","@id":"https:\/\/institucional.ufrrj.br\/corin\/mobilidade\/mobilidade-out\/#breadcrumb","itemListElement":[{"@type":"ListItem","position":1,"name":"In\u00edcio","item":"https:\/\/institucional.ufrrj.br\/corin\/"},{"@type":"ListItem","position":2,"name":"Mobilidade Internacional","item":"https:\/\/institucional.ufrrj.br\/corin\/mobilidade\/"},{"@type":"ListItem","position":3,"name":"Mobilidade OUT"}]},{"@type":"WebSite","@id":"https:\/\/institucional.ufrrj.br\/corin\/#website","url":"https:\/\/institucional.ufrrj.br\/corin\/","name":"CORIN","description":"Coordenadoria de Rela\u00e7\u00f5es Internacionais e Interinstitucionais","potentialAction":[{"@type":"SearchAction","target":{"@type":"EntryPoint","urlTemplate":"https:\/\/institucional.ufrrj.br\/corin\/?s={search_term_string}"},"query-input":{"@type":"PropertyValueSpecification","valueRequired":true,"valueName":"search_term_string"}}],"inLanguage":"pt-BR"}]}},"acf":[],"_links":{"self":[{"href":"https:\/\/institucional.ufrrj.br\/corin\/wp-json\/wp\/v2\/pages\/3694","targetHints":{"allow":["GET"]}}],"collection":[{"href":"https:\/\/institucional.ufrrj.br\/corin\/wp-json\/wp\/v2\/pages"}],"about":[{"href":"https:\/\/institucional.ufrrj.br\/corin\/wp-json\/wp\/v2\/types\/page"}],"author":[{"embeddable":true,"href":"https:\/\/institucional.ufrrj.br\/corin\/wp-json\/wp\/v2\/users\/634"}],"replies":[{"embeddable":true,"href":"https:\/\/institucional.ufrrj.br\/corin\/wp-json\/wp\/v2\/comments?post=3694"}],"version-history":[{"count":1,"href":"https:\/\/institucional.ufrrj.br\/corin\/wp-json\/wp\/v2\/pages\/3694\/revisions"}],"predecessor-version":[{"id":6699,"href":"https:\/\/institucional.ufrrj.br\/corin\/wp-json\/wp\/v2\/pages\/3694\/revisions\/6699"}],"up":[{"embeddable":true,"href":"https:\/\/institucional.ufrrj.br\/corin\/wp-json\/wp\/v2\/pages\/1340"}],"wp:attachment":[{"href":"https:\/\/institucional.ufrrj.br\/corin\/wp-json\/wp\/v2\/media?parent=3694"}],"curies":[{"name":"wp","href":"https:\/\/api.w.org\/{rel}","templated":true}]}}