{"id":3692,"date":"2022-08-22T15:25:25","date_gmt":"2022-08-22T18:25:25","guid":{"rendered":"https:\/\/institucional.ufrrj.br\/corin\/?page_id=3692"},"modified":"2026-03-01T16:03:39","modified_gmt":"2026-03-01T19:03:39","slug":"mobilidade-in","status":"publish","type":"page","link":"https:\/\/institucional.ufrrj.br\/corin\/mobilidade\/mobilidade-in\/","title":{"rendered":"Mobilidade IN"},"content":{"rendered":"\n<p class=\"eplus-wrapper\">Na Mobilidade IN, um aluno de uma universidade estrangeira parceira realiza parte de seus estudos na UFRRJ.\u2063<\/p>\n\n\n\n<p class=\"eplus-wrapper\"><strong>GRADUA\u00c7\u00c3O<\/strong><br>O(a) discente de gradua\u00e7\u00e3o de uma universidade estrangeira parceira poder\u00e1 realizar parte de seus estudos na UFRRJ. Para tal deve providenciar a seguinte documenta\u00e7\u00e3o:<\/p>\n\n\n\n<p>Informa\u00e7\u00f5es Pessoais:<\/p>\n\n\n\n<ul class=\"wp-block-list\">\n<li>C\u00f3pia do passaporte, seguro sa\u00fade (para todo o tempo de mobilidade) e certificado m\u00e9dico.<\/li>\n\n\n\n<li>Informa\u00e7\u00f5es Acad\u00eamicas:<\/li>\n\n\n\n<li>Hist\u00f3rico escolar contendo nome do coordenador e curso de gradua\u00e7\u00e3o.<\/li>\n\n\n\n<li>Informa\u00e7\u00f5es da Mobilidade:<\/li>\n\n\n\n<li>Formul\u00e1rio para inscri\u00e7\u00e3o em Mobilidade Acad\u00eamica Internacional (PROGRAD) (dispon\u00edvel abaixo) devidamente preenchido e assinado pelo discente, coordenador de curso e pelo escrit\u00f3rio de Rela\u00e7\u00f5es Internacionais da Universidade estrangeira.<\/li>\n\n\n\n<li>Carta de inten\u00e7\u00e3o do discente devidamente assinada pelo mesmo.<\/li>\n\n\n\n<li>Carta de aceite da UFRRJ, devidamente assinada pelo(a) coordenador(a) do curso e\/ou orientador(a) (nos casos de est\u00e1gio curricular), al\u00e9m da assinatura da CORIN.<\/li>\n<\/ul>\n\n\n\n<p class=\"eplus-wrapper\">A documenta\u00e7\u00e3o dever\u00e1 ser enviada para o e-mail corin@ufrrj.br, juntamente com a solicita\u00e7\u00e3o de mobilidade. A CORIN ser\u00e1 respons\u00e1vel pela abertura do processo de mobilidade acad\u00eamica, que ser\u00e1 encaminhado \u00e0 PROGRAD, bem como pela interlocu\u00e7\u00e3o com o(a) discente para avaliar, em conjunto com a PROAES, a possibilidade de acesso ao restaurante universit\u00e1rio e aos alojamento.<\/p>\n\n\n\n<p><\/p>\n\n\n\n<p><strong>P\u00d3S-GRADUA\u00c7\u00c3O<\/strong><br>O procedimento padr\u00e3o para recep\u00e7\u00e3o de estudantes internacionais em atividades acad\u00eamicas de p\u00f3s-gradua\u00e7\u00e3o de curta ou m\u00e9dia dura\u00e7\u00e3o busca garantir a regularidade administrativa e acad\u00eamica da perman\u00eancia do estudante, em conformidade com a legisla\u00e7\u00e3o brasileira e com as normas internas da UFRRJ. Para tal, o discente de p\u00f3s-gradua\u00e7\u00e3o deve providenciar a seguinte documenta\u00e7\u00e3o:<\/p>\n\n\n\n<p>Informa\u00e7\u00f5es Pessoais:<\/p>\n\n\n\n<ul class=\"wp-block-list\">\n<li>C\u00f3pia do passaporte.<\/li>\n\n\n\n<li>Seguro sa\u00fade (para todo o tempo de mobilidade).<\/li>\n<\/ul>\n\n\n\n<p>Informa\u00e7\u00f5es Acad\u00eamicas:<\/p>\n\n\n\n<ul class=\"wp-block-list\">\n<li>Declara\u00e7\u00e3o de matr\u00edcula do PPG da Universidade de origem.<\/li>\n<\/ul>\n\n\n\n<p>Informa\u00e7\u00f5es da Mobilidade:<\/p>\n\n\n\n<ul class=\"wp-block-list\">\n<li>Carta de anu\u00eancia do orientador da Universidade de origem.<\/li>\n\n\n\n<li>Carta de aceite do orientador da Universidade Federal Rural do Rio de Janeiro, atestada pela coordena\u00e7\u00e3o do PPG.<\/li>\n\n\n\n<li>Plano de trabalho (Times New Roman; 1,5 pt; com o m\u00e1ximo de 2 laudas) contendo breve descri\u00e7\u00e3o das atividades previstas, assinado pelo estudante e orientadores (da Universidade de origem e da UFRRJ)<\/li>\n\n\n\n<li>Declara\u00e7\u00e3o de Responsabilidade e Compromisso do Estudante Visitante Estrangeiro &#8211; PROPPG (documento dispon\u00edvel no SIPAC &#8211; FORMUL\u00c1RIO &#8211; DECLARA\u00c7\u00c3O DE RESPONSABILIDADE E COMPROMISSO DO ESTUDANTE VISITANTE DE P\u00d3S-GRADUA\u00c7\u00c3O (CORIN) assinada pelo estudante, orientador e coordenador do PPG da UFRRJ.<\/li>\n<\/ul>\n\n\n\n<p>O(a) professor(a) da UFRRJ respons\u00e1vel por receber o(a) discente dever\u00e1 abrir processo por meio do formul\u00e1rio \u201cFormul\u00e1rio de Abertura \u2013 Mobilidade Acad\u00eamica para Estudantes Visitantes Estrangeiros de P\u00f3s-Gradua\u00e7\u00e3o na UFRRJ (CORIN)\u201d, anexando a documenta\u00e7\u00e3o supracitada, e encaminh\u00e1-lo \u00e0 CORIN, que ser\u00e1 respons\u00e1vel pelo devido tr\u00e2mite junto \u00e0 PROPPG.<\/p>\n\n\n\n<p class=\"eplus-wrapper\">Enviar a documenta\u00e7\u00e3o para e-mail <a href=\"mailto:corin@ufrrj.br\">corin@ufrrj.br<\/a> solicitando a mobilidade.<\/p>\n\n\n\n<div data-wp-interactive=\"core\/file\" class=\"wp-block-file aligncenter eplus-wrapper\"><object data-wp-bind--hidden=\"!state.hasPdfPreview\" hidden class=\"wp-block-file__embed\" data=\"https:\/\/institucional.ufrrj.br\/corin\/files\/2024\/07\/ufrrj-formulario-para-mobilidade-de-estrangeiros-1.pdf_20240709_122703_0000.pdf\" type=\"application\/pdf\" style=\"width:100%;height:420px\" aria-label=\"Incorporado de ufrrj-formulario-para-mobilidade-de-estrangeiros-1.pdf_20240709_122703_0000.\"><\/object><a id=\"wp-block-file--media-944bcf56-8373-4907-9278-57eef366aa34\" href=\"https:\/\/institucional.ufrrj.br\/corin\/files\/2024\/07\/ufrrj-formulario-para-mobilidade-de-estrangeiros-1.pdf_20240709_122703_0000.pdf\">ufrrj-formulario-para-mobilidade-de-estrangeiros-1.pdf_20240709_122703_0000<\/a><a href=\"https:\/\/institucional.ufrrj.br\/corin\/files\/2024\/07\/ufrrj-formulario-para-mobilidade-de-estrangeiros-1.pdf_20240709_122703_0000.pdf\" class=\"wp-block-file__button wp-element-button\" download aria-describedby=\"wp-block-file--media-944bcf56-8373-4907-9278-57eef366aa34\">Baixar<\/a><\/div>\n","protected":false},"excerpt":{"rendered":"<p>Na Mobilidade IN, um aluno de uma universidade estrangeira parceira realiza parte de seus estudos na UFRRJ.\u2063 GRADUA\u00c7\u00c3OO(a) discente de gradua\u00e7\u00e3o de [&hellip;]<\/p>\n","protected":false},"author":634,"featured_media":0,"parent":1340,"menu_order":0,"comment_status":"closed","ping_status":"closed","template":"","meta":{"_acf_changed":false,"footnotes":"","_links_to":"","_links_to_target":""},"class_list":["post-3692","page","type-page","status-publish","hentry"],"yoast_head":"<!-- This site is optimized with the Yoast SEO plugin v27.2 - https:\/\/yoast.com\/product\/yoast-seo-wordpress\/ -->\n<title>Mobilidade IN - CORIN<\/title>\n<meta name=\"robots\" content=\"index, follow, max-snippet:-1, max-image-preview:large, max-video-preview:-1\" \/>\n<link rel=\"canonical\" href=\"https:\/\/institucional.ufrrj.br\/corin\/mobilidade\/mobilidade-in\/\" \/>\n<meta property=\"og:locale\" content=\"pt_BR\" \/>\n<meta property=\"og:type\" content=\"article\" \/>\n<meta property=\"og:title\" content=\"Mobilidade IN - CORIN\" \/>\n<meta property=\"og:description\" content=\"Na Mobilidade IN, um aluno de uma universidade estrangeira parceira realiza parte de seus estudos na UFRRJ.\u2063 GRADUA\u00c7\u00c3OO(a) discente de gradua\u00e7\u00e3o de [&hellip;]\" \/>\n<meta property=\"og:url\" content=\"https:\/\/institucional.ufrrj.br\/corin\/mobilidade\/mobilidade-in\/\" \/>\n<meta property=\"og:site_name\" content=\"CORIN\" \/>\n<meta property=\"article:modified_time\" content=\"2026-03-01T19:03:39+00:00\" \/>\n<meta name=\"twitter:card\" content=\"summary_large_image\" \/>\n<meta name=\"twitter:label1\" content=\"Est. tempo de leitura\" \/>\n\t<meta name=\"twitter:data1\" content=\"3 minutos\" \/>\n<script type=\"application\/ld+json\" class=\"yoast-schema-graph\">{\"@context\":\"https:\/\/schema.org\",\"@graph\":[{\"@type\":\"WebPage\",\"@id\":\"https:\/\/institucional.ufrrj.br\/corin\/mobilidade\/mobilidade-in\/\",\"url\":\"https:\/\/institucional.ufrrj.br\/corin\/mobilidade\/mobilidade-in\/\",\"name\":\"Mobilidade IN - CORIN\",\"isPartOf\":{\"@id\":\"https:\/\/institucional.ufrrj.br\/corin\/#website\"},\"datePublished\":\"2022-08-22T18:25:25+00:00\",\"dateModified\":\"2026-03-01T19:03:39+00:00\",\"breadcrumb\":{\"@id\":\"https:\/\/institucional.ufrrj.br\/corin\/mobilidade\/mobilidade-in\/#breadcrumb\"},\"inLanguage\":\"pt-BR\",\"potentialAction\":[{\"@type\":\"ReadAction\",\"target\":[\"https:\/\/institucional.ufrrj.br\/corin\/mobilidade\/mobilidade-in\/\"]}]},{\"@type\":\"BreadcrumbList\",\"@id\":\"https:\/\/institucional.ufrrj.br\/corin\/mobilidade\/mobilidade-in\/#breadcrumb\",\"itemListElement\":[{\"@type\":\"ListItem\",\"position\":1,\"name\":\"In\u00edcio\",\"item\":\"https:\/\/institucional.ufrrj.br\/corin\/\"},{\"@type\":\"ListItem\",\"position\":2,\"name\":\"Mobilidade Internacional\",\"item\":\"https:\/\/institucional.ufrrj.br\/corin\/mobilidade\/\"},{\"@type\":\"ListItem\",\"position\":3,\"name\":\"Mobilidade IN\"}]},{\"@type\":\"WebSite\",\"@id\":\"https:\/\/institucional.ufrrj.br\/corin\/#website\",\"url\":\"https:\/\/institucional.ufrrj.br\/corin\/\",\"name\":\"CORIN\",\"description\":\"Coordenadoria de Rela\u00e7\u00f5es Internacionais e Interinstitucionais\",\"potentialAction\":[{\"@type\":\"SearchAction\",\"target\":{\"@type\":\"EntryPoint\",\"urlTemplate\":\"https:\/\/institucional.ufrrj.br\/corin\/?s={search_term_string}\"},\"query-input\":{\"@type\":\"PropertyValueSpecification\",\"valueRequired\":true,\"valueName\":\"search_term_string\"}}],\"inLanguage\":\"pt-BR\"}]}<\/script>\n<!-- \/ Yoast SEO plugin. -->","yoast_head_json":{"title":"Mobilidade IN - CORIN","robots":{"index":"index","follow":"follow","max-snippet":"max-snippet:-1","max-image-preview":"max-image-preview:large","max-video-preview":"max-video-preview:-1"},"canonical":"https:\/\/institucional.ufrrj.br\/corin\/mobilidade\/mobilidade-in\/","og_locale":"pt_BR","og_type":"article","og_title":"Mobilidade IN - CORIN","og_description":"Na Mobilidade IN, um aluno de uma universidade estrangeira parceira realiza parte de seus estudos na UFRRJ.\u2063 GRADUA\u00c7\u00c3OO(a) discente de gradua\u00e7\u00e3o de [&hellip;]","og_url":"https:\/\/institucional.ufrrj.br\/corin\/mobilidade\/mobilidade-in\/","og_site_name":"CORIN","article_modified_time":"2026-03-01T19:03:39+00:00","twitter_card":"summary_large_image","twitter_misc":{"Est. tempo de leitura":"3 minutos"},"schema":{"@context":"https:\/\/schema.org","@graph":[{"@type":"WebPage","@id":"https:\/\/institucional.ufrrj.br\/corin\/mobilidade\/mobilidade-in\/","url":"https:\/\/institucional.ufrrj.br\/corin\/mobilidade\/mobilidade-in\/","name":"Mobilidade IN - CORIN","isPartOf":{"@id":"https:\/\/institucional.ufrrj.br\/corin\/#website"},"datePublished":"2022-08-22T18:25:25+00:00","dateModified":"2026-03-01T19:03:39+00:00","breadcrumb":{"@id":"https:\/\/institucional.ufrrj.br\/corin\/mobilidade\/mobilidade-in\/#breadcrumb"},"inLanguage":"pt-BR","potentialAction":[{"@type":"ReadAction","target":["https:\/\/institucional.ufrrj.br\/corin\/mobilidade\/mobilidade-in\/"]}]},{"@type":"BreadcrumbList","@id":"https:\/\/institucional.ufrrj.br\/corin\/mobilidade\/mobilidade-in\/#breadcrumb","itemListElement":[{"@type":"ListItem","position":1,"name":"In\u00edcio","item":"https:\/\/institucional.ufrrj.br\/corin\/"},{"@type":"ListItem","position":2,"name":"Mobilidade Internacional","item":"https:\/\/institucional.ufrrj.br\/corin\/mobilidade\/"},{"@type":"ListItem","position":3,"name":"Mobilidade IN"}]},{"@type":"WebSite","@id":"https:\/\/institucional.ufrrj.br\/corin\/#website","url":"https:\/\/institucional.ufrrj.br\/corin\/","name":"CORIN","description":"Coordenadoria de Rela\u00e7\u00f5es Internacionais e Interinstitucionais","potentialAction":[{"@type":"SearchAction","target":{"@type":"EntryPoint","urlTemplate":"https:\/\/institucional.ufrrj.br\/corin\/?s={search_term_string}"},"query-input":{"@type":"PropertyValueSpecification","valueRequired":true,"valueName":"search_term_string"}}],"inLanguage":"pt-BR"}]}},"acf":[],"_links":{"self":[{"href":"https:\/\/institucional.ufrrj.br\/corin\/wp-json\/wp\/v2\/pages\/3692","targetHints":{"allow":["GET"]}}],"collection":[{"href":"https:\/\/institucional.ufrrj.br\/corin\/wp-json\/wp\/v2\/pages"}],"about":[{"href":"https:\/\/institucional.ufrrj.br\/corin\/wp-json\/wp\/v2\/types\/page"}],"author":[{"embeddable":true,"href":"https:\/\/institucional.ufrrj.br\/corin\/wp-json\/wp\/v2\/users\/634"}],"replies":[{"embeddable":true,"href":"https:\/\/institucional.ufrrj.br\/corin\/wp-json\/wp\/v2\/comments?post=3692"}],"version-history":[{"count":1,"href":"https:\/\/institucional.ufrrj.br\/corin\/wp-json\/wp\/v2\/pages\/3692\/revisions"}],"predecessor-version":[{"id":6873,"href":"https:\/\/institucional.ufrrj.br\/corin\/wp-json\/wp\/v2\/pages\/3692\/revisions\/6873"}],"up":[{"embeddable":true,"href":"https:\/\/institucional.ufrrj.br\/corin\/wp-json\/wp\/v2\/pages\/1340"}],"wp:attachment":[{"href":"https:\/\/institucional.ufrrj.br\/corin\/wp-json\/wp\/v2\/media?parent=3692"}],"curies":[{"name":"wp","href":"https:\/\/api.w.org\/{rel}","templated":true}]}}