{"id":3684,"date":"2022-08-19T11:03:59","date_gmt":"2022-08-19T14:03:59","guid":{"rendered":"https:\/\/institucional.ufrrj.br\/corin\/?page_id=3684"},"modified":"2022-08-19T11:15:56","modified_gmt":"2022-08-19T14:15:56","slug":"termo-de-execucao-descentralizada","status":"publish","type":"page","link":"https:\/\/institucional.ufrrj.br\/corin\/termo-de-execucao-descentralizada\/","title":{"rendered":"Termo de Execu\u00e7\u00e3o Descentralizada (TED)"},"content":{"rendered":"\n<ul class=\"wp-block-list\"><li><strong>Termo de Execu\u00e7\u00e3o Descentralizada (TED) n\u00ba 005\/2021 \u2013 Instituto Federal de Educa\u00e7\u00e3o, Ci\u00eancia e Tecnologia Goiano<\/strong>.\u00a0<strong>Plano de Trabalho do TED n\u00ba 005\/2021 \u2013 IFGoiano<\/strong>. <strong>Portaria Gestor<\/strong><strong>. Termo Aditivo.<\/strong><strong>Vig\u00eancia: <\/strong>25\/08\/2021 a 24\/08\/2024<strong>.\u00a0<\/strong>Processo UFRRJ n\u00ba 23083.052923\/2021-11.<\/li><\/ul>\n\n\n\n<ul class=\"wp-block-list\"><li><strong>Termo de Execu\u00e7\u00e3o Descentralizada (TED) n\u00ba 1449494\/2021 \u2013 Instituto Federal de Educa\u00e7\u00e3o, Ci\u00eancia e Tecnologia de Rond\u00f4nia<\/strong>. <strong>Plano de Trabalho do TED n\u00ba 1449494\/2021 \u2013 IFRO. <\/strong><strong>Vig\u00eancia: <\/strong>09\/12\/2021 a 08\/06\/2024. Processo UFRRJ n\u00ba 23083.043641\/2021-14.<\/li><\/ul>\n\n\n\n<ul class=\"wp-block-list\"><li><strong>Termo de Execu\u00e7\u00e3o Descentralizada (TED) n\u00ba 01\/2021 \u2013 Instituto Federal de Educa\u00e7\u00e3o, Ci\u00eancia e Tecnologia do Amazonas. <\/strong><strong>Plano de Trabalho do TED n\u00ba 01\/2021 \u2013 IFAM<\/strong>. <strong>Vig\u00eancia: <\/strong>15\/12\/2021 a 15\/12\/2024. Processo UFRRJ n\u00ba 23083.068012\/2021-05.<\/li><\/ul>\n\n\n\n<ul class=\"wp-block-list\"><li><strong>Termo de Execu\u00e7\u00e3o Descentralizada (TED) n\u00ba 01\/2021 \u2013 Instituto Federal de Educa\u00e7\u00e3o, Ci\u00eancia e Tecnologia do Amap\u00e1. <\/strong><strong>Plano de Trabalho do TED n\u00ba 01\/2021 \u2013 IFAP<\/strong>. <strong>Vig\u00eancia: <\/strong>10\/12\/2021 a 09\/12\/2025. Processo UFRRJ n\u00ba 23083.081368\/2021-26.<\/li><\/ul>\n\n\n\n<ul class=\"wp-block-list\"><li><strong>Termo de Execu\u00e7\u00e3o Descentralizada (TED) n\u00ba 22\/2021 \u2013 Instituto Nacional de Coloniza\u00e7\u00e3o e Reforma Agr\u00e1ria \u2013 INCRA<\/strong>. <strong>Plano de Trabalho do TED n\u00ba 22\/2021 \u2013 INCRA<\/strong>. <strong>Vig\u00eancia:\u00a0<\/strong>29\/12\/2021 a 28\/12\/2023. Processo UFRRJ n\u00ba 23083.088943\/2021-11.<\/li><\/ul>\n","protected":false},"excerpt":{"rendered":"<p>Termo de Execu\u00e7\u00e3o Descentralizada (TED) n\u00ba 005\/2021 \u2013 Instituto Federal de Educa\u00e7\u00e3o, Ci\u00eancia e Tecnologia Goiano.\u00a0Plano de Trabalho do TED n\u00ba 005\/2021 [&hellip;]<\/p>\n","protected":false},"author":634,"featured_media":0,"parent":0,"menu_order":0,"comment_status":"closed","ping_status":"closed","template":"","meta":{"_acf_changed":false,"footnotes":"","_links_to":"","_links_to_target":""},"class_list":["post-3684","page","type-page","status-publish","hentry"],"yoast_head":"<!-- This site is optimized with the Yoast SEO plugin v27.2 - https:\/\/yoast.com\/product\/yoast-seo-wordpress\/ -->\n<title>Termo de Execu\u00e7\u00e3o Descentralizada (TED) - CORIN<\/title>\n<meta name=\"robots\" content=\"index, follow, max-snippet:-1, max-image-preview:large, max-video-preview:-1\" \/>\n<link rel=\"canonical\" href=\"https:\/\/institucional.ufrrj.br\/corin\/termo-de-execucao-descentralizada\/\" \/>\n<meta property=\"og:locale\" content=\"pt_BR\" \/>\n<meta property=\"og:type\" content=\"article\" \/>\n<meta property=\"og:title\" content=\"Termo de Execu\u00e7\u00e3o Descentralizada (TED) - CORIN\" \/>\n<meta property=\"og:description\" content=\"Termo de Execu\u00e7\u00e3o Descentralizada (TED) n\u00ba 005\/2021 \u2013 Instituto Federal de Educa\u00e7\u00e3o, Ci\u00eancia e Tecnologia Goiano.\u00a0Plano de Trabalho do TED n\u00ba 005\/2021 [&hellip;]\" \/>\n<meta property=\"og:url\" content=\"https:\/\/institucional.ufrrj.br\/corin\/termo-de-execucao-descentralizada\/\" \/>\n<meta property=\"og:site_name\" content=\"CORIN\" \/>\n<meta property=\"article:modified_time\" content=\"2022-08-19T14:15:56+00:00\" \/>\n<meta name=\"twitter:card\" content=\"summary_large_image\" \/>\n<meta name=\"twitter:label1\" content=\"Est. tempo de leitura\" \/>\n\t<meta name=\"twitter:data1\" content=\"1 minuto\" \/>\n<script type=\"application\/ld+json\" class=\"yoast-schema-graph\">{\"@context\":\"https:\/\/schema.org\",\"@graph\":[{\"@type\":\"WebPage\",\"@id\":\"https:\/\/institucional.ufrrj.br\/corin\/termo-de-execucao-descentralizada\/\",\"url\":\"https:\/\/institucional.ufrrj.br\/corin\/termo-de-execucao-descentralizada\/\",\"name\":\"Termo de Execu\u00e7\u00e3o Descentralizada (TED) - CORIN\",\"isPartOf\":{\"@id\":\"https:\/\/institucional.ufrrj.br\/corin\/#website\"},\"datePublished\":\"2022-08-19T14:03:59+00:00\",\"dateModified\":\"2022-08-19T14:15:56+00:00\",\"breadcrumb\":{\"@id\":\"https:\/\/institucional.ufrrj.br\/corin\/termo-de-execucao-descentralizada\/#breadcrumb\"},\"inLanguage\":\"pt-BR\",\"potentialAction\":[{\"@type\":\"ReadAction\",\"target\":[\"https:\/\/institucional.ufrrj.br\/corin\/termo-de-execucao-descentralizada\/\"]}]},{\"@type\":\"BreadcrumbList\",\"@id\":\"https:\/\/institucional.ufrrj.br\/corin\/termo-de-execucao-descentralizada\/#breadcrumb\",\"itemListElement\":[{\"@type\":\"ListItem\",\"position\":1,\"name\":\"In\u00edcio\",\"item\":\"https:\/\/institucional.ufrrj.br\/corin\/\"},{\"@type\":\"ListItem\",\"position\":2,\"name\":\"Termo de Execu\u00e7\u00e3o Descentralizada (TED)\"}]},{\"@type\":\"WebSite\",\"@id\":\"https:\/\/institucional.ufrrj.br\/corin\/#website\",\"url\":\"https:\/\/institucional.ufrrj.br\/corin\/\",\"name\":\"CORIN\",\"description\":\"Coordenadoria de Rela\u00e7\u00f5es Internacionais e Interinstitucionais\",\"potentialAction\":[{\"@type\":\"SearchAction\",\"target\":{\"@type\":\"EntryPoint\",\"urlTemplate\":\"https:\/\/institucional.ufrrj.br\/corin\/?s={search_term_string}\"},\"query-input\":{\"@type\":\"PropertyValueSpecification\",\"valueRequired\":true,\"valueName\":\"search_term_string\"}}],\"inLanguage\":\"pt-BR\"}]}<\/script>\n<!-- \/ Yoast SEO plugin. -->","yoast_head_json":{"title":"Termo de Execu\u00e7\u00e3o Descentralizada (TED) - CORIN","robots":{"index":"index","follow":"follow","max-snippet":"max-snippet:-1","max-image-preview":"max-image-preview:large","max-video-preview":"max-video-preview:-1"},"canonical":"https:\/\/institucional.ufrrj.br\/corin\/termo-de-execucao-descentralizada\/","og_locale":"pt_BR","og_type":"article","og_title":"Termo de Execu\u00e7\u00e3o Descentralizada (TED) - CORIN","og_description":"Termo de Execu\u00e7\u00e3o Descentralizada (TED) n\u00ba 005\/2021 \u2013 Instituto Federal de Educa\u00e7\u00e3o, Ci\u00eancia e Tecnologia Goiano.\u00a0Plano de Trabalho do TED n\u00ba 005\/2021 [&hellip;]","og_url":"https:\/\/institucional.ufrrj.br\/corin\/termo-de-execucao-descentralizada\/","og_site_name":"CORIN","article_modified_time":"2022-08-19T14:15:56+00:00","twitter_card":"summary_large_image","twitter_misc":{"Est. tempo de leitura":"1 minuto"},"schema":{"@context":"https:\/\/schema.org","@graph":[{"@type":"WebPage","@id":"https:\/\/institucional.ufrrj.br\/corin\/termo-de-execucao-descentralizada\/","url":"https:\/\/institucional.ufrrj.br\/corin\/termo-de-execucao-descentralizada\/","name":"Termo de Execu\u00e7\u00e3o Descentralizada (TED) - CORIN","isPartOf":{"@id":"https:\/\/institucional.ufrrj.br\/corin\/#website"},"datePublished":"2022-08-19T14:03:59+00:00","dateModified":"2022-08-19T14:15:56+00:00","breadcrumb":{"@id":"https:\/\/institucional.ufrrj.br\/corin\/termo-de-execucao-descentralizada\/#breadcrumb"},"inLanguage":"pt-BR","potentialAction":[{"@type":"ReadAction","target":["https:\/\/institucional.ufrrj.br\/corin\/termo-de-execucao-descentralizada\/"]}]},{"@type":"BreadcrumbList","@id":"https:\/\/institucional.ufrrj.br\/corin\/termo-de-execucao-descentralizada\/#breadcrumb","itemListElement":[{"@type":"ListItem","position":1,"name":"In\u00edcio","item":"https:\/\/institucional.ufrrj.br\/corin\/"},{"@type":"ListItem","position":2,"name":"Termo de Execu\u00e7\u00e3o Descentralizada (TED)"}]},{"@type":"WebSite","@id":"https:\/\/institucional.ufrrj.br\/corin\/#website","url":"https:\/\/institucional.ufrrj.br\/corin\/","name":"CORIN","description":"Coordenadoria de Rela\u00e7\u00f5es Internacionais e Interinstitucionais","potentialAction":[{"@type":"SearchAction","target":{"@type":"EntryPoint","urlTemplate":"https:\/\/institucional.ufrrj.br\/corin\/?s={search_term_string}"},"query-input":{"@type":"PropertyValueSpecification","valueRequired":true,"valueName":"search_term_string"}}],"inLanguage":"pt-BR"}]}},"acf":[],"_links":{"self":[{"href":"https:\/\/institucional.ufrrj.br\/corin\/wp-json\/wp\/v2\/pages\/3684","targetHints":{"allow":["GET"]}}],"collection":[{"href":"https:\/\/institucional.ufrrj.br\/corin\/wp-json\/wp\/v2\/pages"}],"about":[{"href":"https:\/\/institucional.ufrrj.br\/corin\/wp-json\/wp\/v2\/types\/page"}],"author":[{"embeddable":true,"href":"https:\/\/institucional.ufrrj.br\/corin\/wp-json\/wp\/v2\/users\/634"}],"replies":[{"embeddable":true,"href":"https:\/\/institucional.ufrrj.br\/corin\/wp-json\/wp\/v2\/comments?post=3684"}],"version-history":[{"count":3,"href":"https:\/\/institucional.ufrrj.br\/corin\/wp-json\/wp\/v2\/pages\/3684\/revisions"}],"predecessor-version":[{"id":3690,"href":"https:\/\/institucional.ufrrj.br\/corin\/wp-json\/wp\/v2\/pages\/3684\/revisions\/3690"}],"wp:attachment":[{"href":"https:\/\/institucional.ufrrj.br\/corin\/wp-json\/wp\/v2\/media?parent=3684"}],"curies":[{"name":"wp","href":"https:\/\/api.w.org\/{rel}","templated":true}]}}