{"id":3553,"date":"2022-05-26T13:33:57","date_gmt":"2022-05-26T16:33:57","guid":{"rendered":"https:\/\/institucional.ufrrj.br\/corin\/?page_id=3553"},"modified":"2026-04-08T14:16:27","modified_gmt":"2026-04-08T17:16:27","slug":"nucleo-de-acordos","status":"publish","type":"page","link":"https:\/\/institucional.ufrrj.br\/corin\/nucleo-de-acordos\/","title":{"rendered":"N\u00facleo de Acordos"},"content":{"rendered":"\n<p>O N\u00facleo de Acordos \u00e9 respons\u00e1vel pela celebra\u00e7\u00e3o e gest\u00e3o das parcerias institucionais da UFRRJ, em \u00e2mbito nacional e internacional, que n\u00e3o envolvem aporte de recursos financeiros.<\/p>\n\n\n\n<p>Sua atua\u00e7\u00e3o inclui a articula\u00e7\u00e3o, orienta\u00e7\u00e3o e tramita\u00e7\u00e3o interna de instrumentos de coopera\u00e7\u00e3o com institui\u00e7\u00f5es de car\u00e1ter t\u00e9cnico-cient\u00edfico, \u00f3rg\u00e3os p\u00fablicos (como prefeituras e governos estaduais) e tamb\u00e9m entidades privadas.<\/p>\n\n\n\n<p>O N\u00facleo tamb\u00e9m atua na formaliza\u00e7\u00e3o de iniciativas como acordos de coopera\u00e7\u00e3o t\u00e9cnica, cess\u00e3o de \u00e1reas e autoriza\u00e7\u00f5es para uso de espa\u00e7os da UFRRJ, incluindo a realiza\u00e7\u00e3o de filmagens.<\/p>\n\n\n\n<p>Para mais informa\u00e7\u00f5es ou solicita\u00e7\u00f5es, entre em contato pelo e-mail: <a href=\"mailto:acordos.corin@ufrrj.br\">acordos.corin@ufrrj.br<\/a><\/p>\n","protected":false},"excerpt":{"rendered":"<p>O N\u00facleo de Acordos \u00e9 respons\u00e1vel pela celebra\u00e7\u00e3o e gest\u00e3o das parcerias institucionais da UFRRJ, em \u00e2mbito nacional e internacional, que n\u00e3o [&hellip;]<\/p>\n","protected":false},"author":634,"featured_media":3637,"parent":0,"menu_order":0,"comment_status":"closed","ping_status":"closed","template":"","meta":{"_acf_changed":false,"footnotes":"","_links_to":"","_links_to_target":""},"class_list":["post-3553","page","type-page","status-publish","has-post-thumbnail","hentry"],"yoast_head":"<!-- This site is optimized with the Yoast SEO plugin v27.2 - https:\/\/yoast.com\/product\/yoast-seo-wordpress\/ -->\n<title>N\u00facleo de Acordos - CORIN<\/title>\n<meta name=\"robots\" content=\"index, follow, max-snippet:-1, max-image-preview:large, max-video-preview:-1\" \/>\n<link rel=\"canonical\" href=\"https:\/\/institucional.ufrrj.br\/corin\/nucleo-de-acordos\/\" \/>\n<meta property=\"og:locale\" content=\"pt_BR\" \/>\n<meta property=\"og:type\" content=\"article\" \/>\n<meta property=\"og:title\" content=\"N\u00facleo de Acordos - CORIN\" \/>\n<meta property=\"og:description\" content=\"O N\u00facleo de Acordos \u00e9 respons\u00e1vel pela celebra\u00e7\u00e3o e gest\u00e3o das parcerias institucionais da UFRRJ, em \u00e2mbito nacional e internacional, que n\u00e3o [&hellip;]\" \/>\n<meta property=\"og:url\" content=\"https:\/\/institucional.ufrrj.br\/corin\/nucleo-de-acordos\/\" \/>\n<meta property=\"og:site_name\" content=\"CORIN\" \/>\n<meta property=\"article:modified_time\" content=\"2026-04-08T17:16:27+00:00\" \/>\n<meta property=\"og:image\" content=\"https:\/\/institucional.ufrrj.br\/corin\/files\/2022\/06\/nucleo-acordos.jpg\" \/>\n\t<meta property=\"og:image:width\" content=\"2000\" \/>\n\t<meta property=\"og:image:height\" content=\"600\" \/>\n\t<meta property=\"og:image:type\" content=\"image\/jpeg\" \/>\n<meta name=\"twitter:card\" content=\"summary_large_image\" \/>\n<meta name=\"twitter:label1\" content=\"Est. tempo de leitura\" \/>\n\t<meta name=\"twitter:data1\" content=\"1 minuto\" \/>\n<script type=\"application\/ld+json\" class=\"yoast-schema-graph\">{\"@context\":\"https:\/\/schema.org\",\"@graph\":[{\"@type\":\"WebPage\",\"@id\":\"https:\/\/institucional.ufrrj.br\/corin\/nucleo-de-acordos\/\",\"url\":\"https:\/\/institucional.ufrrj.br\/corin\/nucleo-de-acordos\/\",\"name\":\"N\u00facleo de Acordos - CORIN\",\"isPartOf\":{\"@id\":\"https:\/\/institucional.ufrrj.br\/corin\/#website\"},\"primaryImageOfPage\":{\"@id\":\"https:\/\/institucional.ufrrj.br\/corin\/nucleo-de-acordos\/#primaryimage\"},\"image\":{\"@id\":\"https:\/\/institucional.ufrrj.br\/corin\/nucleo-de-acordos\/#primaryimage\"},\"thumbnailUrl\":\"https:\/\/institucional.ufrrj.br\/corin\/files\/2022\/06\/nucleo-acordos.jpg\",\"datePublished\":\"2022-05-26T16:33:57+00:00\",\"dateModified\":\"2026-04-08T17:16:27+00:00\",\"breadcrumb\":{\"@id\":\"https:\/\/institucional.ufrrj.br\/corin\/nucleo-de-acordos\/#breadcrumb\"},\"inLanguage\":\"pt-BR\",\"potentialAction\":[{\"@type\":\"ReadAction\",\"target\":[\"https:\/\/institucional.ufrrj.br\/corin\/nucleo-de-acordos\/\"]}]},{\"@type\":\"ImageObject\",\"inLanguage\":\"pt-BR\",\"@id\":\"https:\/\/institucional.ufrrj.br\/corin\/nucleo-de-acordos\/#primaryimage\",\"url\":\"https:\/\/institucional.ufrrj.br\/corin\/files\/2022\/06\/nucleo-acordos.jpg\",\"contentUrl\":\"https:\/\/institucional.ufrrj.br\/corin\/files\/2022\/06\/nucleo-acordos.jpg\",\"width\":2000,\"height\":600},{\"@type\":\"BreadcrumbList\",\"@id\":\"https:\/\/institucional.ufrrj.br\/corin\/nucleo-de-acordos\/#breadcrumb\",\"itemListElement\":[{\"@type\":\"ListItem\",\"position\":1,\"name\":\"In\u00edcio\",\"item\":\"https:\/\/institucional.ufrrj.br\/corin\/\"},{\"@type\":\"ListItem\",\"position\":2,\"name\":\"N\u00facleo de Acordos\"}]},{\"@type\":\"WebSite\",\"@id\":\"https:\/\/institucional.ufrrj.br\/corin\/#website\",\"url\":\"https:\/\/institucional.ufrrj.br\/corin\/\",\"name\":\"CORIN\",\"description\":\"Coordenadoria de Rela\u00e7\u00f5es Internacionais e Interinstitucionais\",\"potentialAction\":[{\"@type\":\"SearchAction\",\"target\":{\"@type\":\"EntryPoint\",\"urlTemplate\":\"https:\/\/institucional.ufrrj.br\/corin\/?s={search_term_string}\"},\"query-input\":{\"@type\":\"PropertyValueSpecification\",\"valueRequired\":true,\"valueName\":\"search_term_string\"}}],\"inLanguage\":\"pt-BR\"}]}<\/script>\n<!-- \/ Yoast SEO plugin. -->","yoast_head_json":{"title":"N\u00facleo de Acordos - CORIN","robots":{"index":"index","follow":"follow","max-snippet":"max-snippet:-1","max-image-preview":"max-image-preview:large","max-video-preview":"max-video-preview:-1"},"canonical":"https:\/\/institucional.ufrrj.br\/corin\/nucleo-de-acordos\/","og_locale":"pt_BR","og_type":"article","og_title":"N\u00facleo de Acordos - CORIN","og_description":"O N\u00facleo de Acordos \u00e9 respons\u00e1vel pela celebra\u00e7\u00e3o e gest\u00e3o das parcerias institucionais da UFRRJ, em \u00e2mbito nacional e internacional, que n\u00e3o [&hellip;]","og_url":"https:\/\/institucional.ufrrj.br\/corin\/nucleo-de-acordos\/","og_site_name":"CORIN","article_modified_time":"2026-04-08T17:16:27+00:00","og_image":[{"width":2000,"height":600,"url":"https:\/\/institucional.ufrrj.br\/corin\/files\/2022\/06\/nucleo-acordos.jpg","type":"image\/jpeg"}],"twitter_card":"summary_large_image","twitter_misc":{"Est. tempo de leitura":"1 minuto"},"schema":{"@context":"https:\/\/schema.org","@graph":[{"@type":"WebPage","@id":"https:\/\/institucional.ufrrj.br\/corin\/nucleo-de-acordos\/","url":"https:\/\/institucional.ufrrj.br\/corin\/nucleo-de-acordos\/","name":"N\u00facleo de Acordos - CORIN","isPartOf":{"@id":"https:\/\/institucional.ufrrj.br\/corin\/#website"},"primaryImageOfPage":{"@id":"https:\/\/institucional.ufrrj.br\/corin\/nucleo-de-acordos\/#primaryimage"},"image":{"@id":"https:\/\/institucional.ufrrj.br\/corin\/nucleo-de-acordos\/#primaryimage"},"thumbnailUrl":"https:\/\/institucional.ufrrj.br\/corin\/files\/2022\/06\/nucleo-acordos.jpg","datePublished":"2022-05-26T16:33:57+00:00","dateModified":"2026-04-08T17:16:27+00:00","breadcrumb":{"@id":"https:\/\/institucional.ufrrj.br\/corin\/nucleo-de-acordos\/#breadcrumb"},"inLanguage":"pt-BR","potentialAction":[{"@type":"ReadAction","target":["https:\/\/institucional.ufrrj.br\/corin\/nucleo-de-acordos\/"]}]},{"@type":"ImageObject","inLanguage":"pt-BR","@id":"https:\/\/institucional.ufrrj.br\/corin\/nucleo-de-acordos\/#primaryimage","url":"https:\/\/institucional.ufrrj.br\/corin\/files\/2022\/06\/nucleo-acordos.jpg","contentUrl":"https:\/\/institucional.ufrrj.br\/corin\/files\/2022\/06\/nucleo-acordos.jpg","width":2000,"height":600},{"@type":"BreadcrumbList","@id":"https:\/\/institucional.ufrrj.br\/corin\/nucleo-de-acordos\/#breadcrumb","itemListElement":[{"@type":"ListItem","position":1,"name":"In\u00edcio","item":"https:\/\/institucional.ufrrj.br\/corin\/"},{"@type":"ListItem","position":2,"name":"N\u00facleo de Acordos"}]},{"@type":"WebSite","@id":"https:\/\/institucional.ufrrj.br\/corin\/#website","url":"https:\/\/institucional.ufrrj.br\/corin\/","name":"CORIN","description":"Coordenadoria de Rela\u00e7\u00f5es Internacionais e Interinstitucionais","potentialAction":[{"@type":"SearchAction","target":{"@type":"EntryPoint","urlTemplate":"https:\/\/institucional.ufrrj.br\/corin\/?s={search_term_string}"},"query-input":{"@type":"PropertyValueSpecification","valueRequired":true,"valueName":"search_term_string"}}],"inLanguage":"pt-BR"}]}},"acf":[],"_links":{"self":[{"href":"https:\/\/institucional.ufrrj.br\/corin\/wp-json\/wp\/v2\/pages\/3553","targetHints":{"allow":["GET"]}}],"collection":[{"href":"https:\/\/institucional.ufrrj.br\/corin\/wp-json\/wp\/v2\/pages"}],"about":[{"href":"https:\/\/institucional.ufrrj.br\/corin\/wp-json\/wp\/v2\/types\/page"}],"author":[{"embeddable":true,"href":"https:\/\/institucional.ufrrj.br\/corin\/wp-json\/wp\/v2\/users\/634"}],"replies":[{"embeddable":true,"href":"https:\/\/institucional.ufrrj.br\/corin\/wp-json\/wp\/v2\/comments?post=3553"}],"version-history":[{"count":1,"href":"https:\/\/institucional.ufrrj.br\/corin\/wp-json\/wp\/v2\/pages\/3553\/revisions"}],"predecessor-version":[{"id":7038,"href":"https:\/\/institucional.ufrrj.br\/corin\/wp-json\/wp\/v2\/pages\/3553\/revisions\/7038"}],"wp:featuredmedia":[{"embeddable":true,"href":"https:\/\/institucional.ufrrj.br\/corin\/wp-json\/wp\/v2\/media\/3637"}],"wp:attachment":[{"href":"https:\/\/institucional.ufrrj.br\/corin\/wp-json\/wp\/v2\/media?parent=3553"}],"curies":[{"name":"wp","href":"https:\/\/api.w.org\/{rel}","templated":true}]}}