{"id":3534,"date":"2022-05-25T14:22:14","date_gmt":"2022-05-25T17:22:14","guid":{"rendered":"https:\/\/institucional.ufrrj.br\/corin\/?page_id=3534"},"modified":"2026-04-13T01:07:03","modified_gmt":"2026-04-13T04:07:03","slug":"nucleo-de-internacionalizacao-e-mobilidade","status":"publish","type":"page","link":"https:\/\/institucional.ufrrj.br\/corin\/nucleo-de-internacionalizacao-e-mobilidade\/","title":{"rendered":"N\u00facleo de Internacionaliza\u00e7\u00e3o e Mobilidade"},"content":{"rendered":"\n<p>O N\u00facleo de Internacionaliza\u00e7\u00e3o e Mobilidade atua na promo\u00e7\u00e3o e no fortalecimento da internacionaliza\u00e7\u00e3o da UFRRJ, oferecendo suporte a estudantes, servidores docentes e t\u00e9cnicos administrativos, al\u00e9m de parceiros institucionais. Suas atividades abrangem:<\/p>\n\n\n\n<p><strong>Parcerias internacionais:<\/strong> articula\u00e7\u00e3o e manuten\u00e7\u00e3o de rela\u00e7\u00f5es com institui\u00e7\u00f5es de ensino estrangeiras, ampliando oportunidades de coopera\u00e7\u00e3o acad\u00eamica;<\/p>\n\n\n\n<p>\u2022 <strong>Mobilidade acad\u00eamica internacional<\/strong>: gest\u00e3o do Programa Institucional de Mobilidade Acad\u00eamica Internacional da UFRRJ, incluindo a organiza\u00e7\u00e3o de editais e o acompanhamento da mobilidade de estudantes estrangeiros (incoming) e de estudantes da UFRRJ no exterior (outgoing);<\/p>\n\n\n\n<p>\u2022 <strong>Redes e associa\u00e7\u00f5es internacionais<\/strong>: coordena\u00e7\u00e3o da participa\u00e7\u00e3o da UFRRJ em importantes redes de promo\u00e7\u00e3o da internacionaliza\u00e7\u00e3o universit\u00e1ria, como:<br> \u25cb <a href=\"https:\/\/www.grupotordesillas.net\/pt\/\" type=\"link\" id=\"https:\/\/www.grupotordesillas.net\/pt\/\">Grupo Tordesillas<\/a><br> \u25cb <a href=\"https:\/\/www.auip.org\/\" type=\"link\" id=\"https:\/\/www.auip.org\/\">AUIP \u2013 Associa\u00e7\u00e3o Universit\u00e1ria Ibero-Americana de P\u00f3s-Gradua\u00e7\u00e3o<\/a><br> \u25cb <a href=\"https:\/\/www.gcub.org.br\/\" type=\"link\" id=\"https:\/\/www.gcub.org.br\/\">GCUB \u2013 Grupo de Coopera\u00e7\u00e3o Internacional de Universidades Brasileiras<\/a><br> \u25cb <a href=\"https:\/\/reari.uff.br\/\" type=\"link\" id=\"https:\/\/reari.uff.br\/\">REARI \u2013 Rede de Assessorias Internacionais do Rio de Janeiro<\/a><br> \u25cb <a href=\"https:\/\/www.andifes.org.br\/\" type=\"link\" id=\"https:\/\/www.andifes.org.br\/\">CGRIFES \u2013 Col\u00e9gio de Gestores de Rela\u00e7\u00f5es Internacionais das Institui\u00e7\u00f5es Federais de Ensino Superior<\/a><\/p>\n\n\n\n<p>\u2022 <strong>Coordena\u00e7\u00e3o administrativa<\/strong>: atua\u00e7\u00e3o na coordena\u00e7\u00e3o administrativa do N\u00facleo Gestor da Rede Andifes IsF (Idiomas sem Fronteiras) no \u00e2mbito da UFRRJ;<\/p>\n\n\n\n<p>\u2022 <strong>Comunica\u00e7\u00e3o institucional<\/strong>: gest\u00e3o do site e m\u00eddias sociais da Corin: Instagram: <a href=\"https:\/\/www.instagram.com\/corin_ufrrj?igsh=MXB4bHptcXI5cnhjYw==\" type=\"link\" id=\"https:\/\/www.instagram.com\/corin_ufrrj?igsh=MXB4bHptcXI5cnhjYw==\">corin_ufrrj <\/a>                               e site: <a href=\"https:\/\/institucional.ufrrj.br\/corin\/\" type=\"link\" id=\"https:\/\/institucional.ufrrj.br\/corin\/\">institucional.ufrrj.br<\/a> por meio do projeto Comunica Corin, vinculado ao PDAI (Programa de Desenvolvimento Acad\u00eamico Integrado);<\/p>\n\n\n\n<p>\u2022 <strong>Planejamento e monitoramento institucional<\/strong>: atua\u00e7\u00e3o na elabora\u00e7\u00e3o e no acompanhamento de indicadores relacionados \u00e0 pol\u00edtica institucional de internacionaliza\u00e7\u00e3o e ao <a href=\"https:\/\/institucional.ufrrj.br\/corin\/plano-de-internacionalizacao\/\" type=\"link\" id=\"https:\/\/institucional.ufrrj.br\/corin\/plano-de-internacionalizacao\/\">Plano Institucional de Internacionaliza\u00e7\u00e3o da UFRRJ<\/a>, em conson\u00e2ncia com as diretrizes estabelecidas pela universidade, bem como com a Pol\u00edtica de Internacionaliza\u00e7\u00e3o da UFRRJ.<\/p>\n\n\n\n<p>Para mais informa\u00e7\u00f5es ou em caso de d\u00favidas, entre em contato com a equipe da Corin pelo e-mail: <a href=\"mailto:corin@ufrrj.br\">corin@ufrrj.br<\/a>.<\/p>\n","protected":false},"excerpt":{"rendered":"<p>O N\u00facleo de Internacionaliza\u00e7\u00e3o e Mobilidade atua na promo\u00e7\u00e3o e no fortalecimento da internacionaliza\u00e7\u00e3o da UFRRJ, oferecendo suporte a estudantes, servidores docentes [&hellip;]<\/p>\n","protected":false},"author":634,"featured_media":3636,"parent":0,"menu_order":0,"comment_status":"closed","ping_status":"closed","template":"","meta":{"_acf_changed":false,"footnotes":"","_links_to":"","_links_to_target":""},"class_list":["post-3534","page","type-page","status-publish","has-post-thumbnail","hentry"],"yoast_head":"<!-- This site is optimized with the Yoast SEO plugin v27.2 - https:\/\/yoast.com\/product\/yoast-seo-wordpress\/ -->\n<title>N\u00facleo de Internacionaliza\u00e7\u00e3o e Mobilidade - CORIN<\/title>\n<meta name=\"robots\" content=\"index, follow, max-snippet:-1, max-image-preview:large, max-video-preview:-1\" \/>\n<link rel=\"canonical\" href=\"https:\/\/institucional.ufrrj.br\/corin\/nucleo-de-internacionalizacao-e-mobilidade\/\" \/>\n<meta property=\"og:locale\" content=\"pt_BR\" \/>\n<meta property=\"og:type\" content=\"article\" \/>\n<meta property=\"og:title\" content=\"N\u00facleo de Internacionaliza\u00e7\u00e3o e Mobilidade - CORIN\" \/>\n<meta property=\"og:description\" content=\"O N\u00facleo de Internacionaliza\u00e7\u00e3o e Mobilidade atua na promo\u00e7\u00e3o e no fortalecimento da internacionaliza\u00e7\u00e3o da UFRRJ, oferecendo suporte a estudantes, servidores docentes [&hellip;]\" \/>\n<meta property=\"og:url\" content=\"https:\/\/institucional.ufrrj.br\/corin\/nucleo-de-internacionalizacao-e-mobilidade\/\" \/>\n<meta property=\"og:site_name\" content=\"CORIN\" \/>\n<meta property=\"article:modified_time\" content=\"2026-04-13T04:07:03+00:00\" \/>\n<meta property=\"og:image\" content=\"https:\/\/institucional.ufrrj.br\/corin\/files\/2022\/06\/nucleo-internacionalizacao.jpg\" \/>\n\t<meta property=\"og:image:width\" content=\"2000\" \/>\n\t<meta property=\"og:image:height\" content=\"600\" \/>\n\t<meta property=\"og:image:type\" content=\"image\/jpeg\" \/>\n<meta name=\"twitter:card\" content=\"summary_large_image\" \/>\n<script type=\"application\/ld+json\" class=\"yoast-schema-graph\">{\"@context\":\"https:\/\/schema.org\",\"@graph\":[{\"@type\":\"WebPage\",\"@id\":\"https:\/\/institucional.ufrrj.br\/corin\/nucleo-de-internacionalizacao-e-mobilidade\/\",\"url\":\"https:\/\/institucional.ufrrj.br\/corin\/nucleo-de-internacionalizacao-e-mobilidade\/\",\"name\":\"N\u00facleo de Internacionaliza\u00e7\u00e3o e Mobilidade - CORIN\",\"isPartOf\":{\"@id\":\"https:\/\/institucional.ufrrj.br\/corin\/#website\"},\"primaryImageOfPage\":{\"@id\":\"https:\/\/institucional.ufrrj.br\/corin\/nucleo-de-internacionalizacao-e-mobilidade\/#primaryimage\"},\"image\":{\"@id\":\"https:\/\/institucional.ufrrj.br\/corin\/nucleo-de-internacionalizacao-e-mobilidade\/#primaryimage\"},\"thumbnailUrl\":\"https:\/\/institucional.ufrrj.br\/corin\/files\/2022\/06\/nucleo-internacionalizacao.jpg\",\"datePublished\":\"2022-05-25T17:22:14+00:00\",\"dateModified\":\"2026-04-13T04:07:03+00:00\",\"breadcrumb\":{\"@id\":\"https:\/\/institucional.ufrrj.br\/corin\/nucleo-de-internacionalizacao-e-mobilidade\/#breadcrumb\"},\"inLanguage\":\"pt-BR\",\"potentialAction\":[{\"@type\":\"ReadAction\",\"target\":[\"https:\/\/institucional.ufrrj.br\/corin\/nucleo-de-internacionalizacao-e-mobilidade\/\"]}]},{\"@type\":\"ImageObject\",\"inLanguage\":\"pt-BR\",\"@id\":\"https:\/\/institucional.ufrrj.br\/corin\/nucleo-de-internacionalizacao-e-mobilidade\/#primaryimage\",\"url\":\"https:\/\/institucional.ufrrj.br\/corin\/files\/2022\/06\/nucleo-internacionalizacao.jpg\",\"contentUrl\":\"https:\/\/institucional.ufrrj.br\/corin\/files\/2022\/06\/nucleo-internacionalizacao.jpg\",\"width\":2000,\"height\":600},{\"@type\":\"BreadcrumbList\",\"@id\":\"https:\/\/institucional.ufrrj.br\/corin\/nucleo-de-internacionalizacao-e-mobilidade\/#breadcrumb\",\"itemListElement\":[{\"@type\":\"ListItem\",\"position\":1,\"name\":\"In\u00edcio\",\"item\":\"https:\/\/institucional.ufrrj.br\/corin\/\"},{\"@type\":\"ListItem\",\"position\":2,\"name\":\"N\u00facleo de Internacionaliza\u00e7\u00e3o e Mobilidade\"}]},{\"@type\":\"WebSite\",\"@id\":\"https:\/\/institucional.ufrrj.br\/corin\/#website\",\"url\":\"https:\/\/institucional.ufrrj.br\/corin\/\",\"name\":\"CORIN\",\"description\":\"Coordenadoria de Rela\u00e7\u00f5es Internacionais e Interinstitucionais\",\"potentialAction\":[{\"@type\":\"SearchAction\",\"target\":{\"@type\":\"EntryPoint\",\"urlTemplate\":\"https:\/\/institucional.ufrrj.br\/corin\/?s={search_term_string}\"},\"query-input\":{\"@type\":\"PropertyValueSpecification\",\"valueRequired\":true,\"valueName\":\"search_term_string\"}}],\"inLanguage\":\"pt-BR\"}]}<\/script>\n<!-- \/ Yoast SEO plugin. -->","yoast_head_json":{"title":"N\u00facleo de Internacionaliza\u00e7\u00e3o e Mobilidade - CORIN","robots":{"index":"index","follow":"follow","max-snippet":"max-snippet:-1","max-image-preview":"max-image-preview:large","max-video-preview":"max-video-preview:-1"},"canonical":"https:\/\/institucional.ufrrj.br\/corin\/nucleo-de-internacionalizacao-e-mobilidade\/","og_locale":"pt_BR","og_type":"article","og_title":"N\u00facleo de Internacionaliza\u00e7\u00e3o e Mobilidade - CORIN","og_description":"O N\u00facleo de Internacionaliza\u00e7\u00e3o e Mobilidade atua na promo\u00e7\u00e3o e no fortalecimento da internacionaliza\u00e7\u00e3o da UFRRJ, oferecendo suporte a estudantes, servidores docentes [&hellip;]","og_url":"https:\/\/institucional.ufrrj.br\/corin\/nucleo-de-internacionalizacao-e-mobilidade\/","og_site_name":"CORIN","article_modified_time":"2026-04-13T04:07:03+00:00","og_image":[{"width":2000,"height":600,"url":"https:\/\/institucional.ufrrj.br\/corin\/files\/2022\/06\/nucleo-internacionalizacao.jpg","type":"image\/jpeg"}],"twitter_card":"summary_large_image","schema":{"@context":"https:\/\/schema.org","@graph":[{"@type":"WebPage","@id":"https:\/\/institucional.ufrrj.br\/corin\/nucleo-de-internacionalizacao-e-mobilidade\/","url":"https:\/\/institucional.ufrrj.br\/corin\/nucleo-de-internacionalizacao-e-mobilidade\/","name":"N\u00facleo de Internacionaliza\u00e7\u00e3o e Mobilidade - CORIN","isPartOf":{"@id":"https:\/\/institucional.ufrrj.br\/corin\/#website"},"primaryImageOfPage":{"@id":"https:\/\/institucional.ufrrj.br\/corin\/nucleo-de-internacionalizacao-e-mobilidade\/#primaryimage"},"image":{"@id":"https:\/\/institucional.ufrrj.br\/corin\/nucleo-de-internacionalizacao-e-mobilidade\/#primaryimage"},"thumbnailUrl":"https:\/\/institucional.ufrrj.br\/corin\/files\/2022\/06\/nucleo-internacionalizacao.jpg","datePublished":"2022-05-25T17:22:14+00:00","dateModified":"2026-04-13T04:07:03+00:00","breadcrumb":{"@id":"https:\/\/institucional.ufrrj.br\/corin\/nucleo-de-internacionalizacao-e-mobilidade\/#breadcrumb"},"inLanguage":"pt-BR","potentialAction":[{"@type":"ReadAction","target":["https:\/\/institucional.ufrrj.br\/corin\/nucleo-de-internacionalizacao-e-mobilidade\/"]}]},{"@type":"ImageObject","inLanguage":"pt-BR","@id":"https:\/\/institucional.ufrrj.br\/corin\/nucleo-de-internacionalizacao-e-mobilidade\/#primaryimage","url":"https:\/\/institucional.ufrrj.br\/corin\/files\/2022\/06\/nucleo-internacionalizacao.jpg","contentUrl":"https:\/\/institucional.ufrrj.br\/corin\/files\/2022\/06\/nucleo-internacionalizacao.jpg","width":2000,"height":600},{"@type":"BreadcrumbList","@id":"https:\/\/institucional.ufrrj.br\/corin\/nucleo-de-internacionalizacao-e-mobilidade\/#breadcrumb","itemListElement":[{"@type":"ListItem","position":1,"name":"In\u00edcio","item":"https:\/\/institucional.ufrrj.br\/corin\/"},{"@type":"ListItem","position":2,"name":"N\u00facleo de Internacionaliza\u00e7\u00e3o e Mobilidade"}]},{"@type":"WebSite","@id":"https:\/\/institucional.ufrrj.br\/corin\/#website","url":"https:\/\/institucional.ufrrj.br\/corin\/","name":"CORIN","description":"Coordenadoria de Rela\u00e7\u00f5es Internacionais e Interinstitucionais","potentialAction":[{"@type":"SearchAction","target":{"@type":"EntryPoint","urlTemplate":"https:\/\/institucional.ufrrj.br\/corin\/?s={search_term_string}"},"query-input":{"@type":"PropertyValueSpecification","valueRequired":true,"valueName":"search_term_string"}}],"inLanguage":"pt-BR"}]}},"acf":[],"_links":{"self":[{"href":"https:\/\/institucional.ufrrj.br\/corin\/wp-json\/wp\/v2\/pages\/3534","targetHints":{"allow":["GET"]}}],"collection":[{"href":"https:\/\/institucional.ufrrj.br\/corin\/wp-json\/wp\/v2\/pages"}],"about":[{"href":"https:\/\/institucional.ufrrj.br\/corin\/wp-json\/wp\/v2\/types\/page"}],"author":[{"embeddable":true,"href":"https:\/\/institucional.ufrrj.br\/corin\/wp-json\/wp\/v2\/users\/634"}],"replies":[{"embeddable":true,"href":"https:\/\/institucional.ufrrj.br\/corin\/wp-json\/wp\/v2\/comments?post=3534"}],"version-history":[{"count":2,"href":"https:\/\/institucional.ufrrj.br\/corin\/wp-json\/wp\/v2\/pages\/3534\/revisions"}],"predecessor-version":[{"id":7051,"href":"https:\/\/institucional.ufrrj.br\/corin\/wp-json\/wp\/v2\/pages\/3534\/revisions\/7051"}],"wp:featuredmedia":[{"embeddable":true,"href":"https:\/\/institucional.ufrrj.br\/corin\/wp-json\/wp\/v2\/media\/3636"}],"wp:attachment":[{"href":"https:\/\/institucional.ufrrj.br\/corin\/wp-json\/wp\/v2\/media?parent=3534"}],"curies":[{"name":"wp","href":"https:\/\/api.w.org\/{rel}","templated":true}]}}