{"id":304,"date":"2011-10-13T13:05:53","date_gmt":"2011-10-13T13:05:53","guid":{"rendered":"http:\/\/r1.ufrrj.br\/wp\/arii\/"},"modified":"2026-04-08T17:10:01","modified_gmt":"2026-04-08T20:10:01","slug":"equipe-2","status":"publish","type":"page","link":"https:\/\/institucional.ufrrj.br\/corin\/equipe-2\/","title":{"rendered":"Equipe"},"content":{"rendered":"\n<p class=\"eplus-wrapper\">Por tr\u00e1s de cada parceria, mobilidade acad\u00eamica e iniciativa de internacionaliza\u00e7\u00e3o da UFRRJ, est\u00e1 uma equipe. A capilaridade da CORIN permite que de forma institucional, a coordenadoria alcance toda a universidade, coordenando e apoiando os processos de coopera\u00e7\u00e3o nacional e internacional.<\/p>\n\n\n\n<p><strong>Coordenadora<\/strong> \u2013 Shana Mattos<\/p>\n\n\n\n<p><strong>Vice-coordenadora<\/strong> \u2013 Maria Del Carmen Villareal Villamar<\/p>\n\n\n\n<p><strong>N\u00facleo de Internacionaliza\u00e7\u00e3o e Mobilidade<\/strong> \u2013 Isis Sardinha<\/p>\n\n\n\n<p><strong>N\u00facleo de Acordos<\/strong> \u2013 Ana Cristina de Freitas Oliveira<\/p>\n\n\n\n<p><strong>Projeto Comunica Corin &#8211; PDAI<\/strong><\/p>\n\n\n\n<p class=\"eplus-wrapper\"><strong>Bolsistas<\/strong> &#8211; Myllena Ferreira e Veronica Abreu<br><strong>Volunt\u00e1ria<\/strong> &#8211; Lu\u00edsa Molezom<\/p>\n\n\n\n<p><strong>N\u00facleo Gestor da Rede Andifes Isf na UFRRJ<\/strong><\/p>\n\n\n\n<p><strong>Coordenadora Geral do N\u00facleo Gestor<\/strong> &#8211; Tatiana Massuno<\/p>\n\n\n\n<p><strong>Coordenadora Administrativa<\/strong>: Isis Sardinha<\/p>\n\n\n\n<p><strong>Coordenador Pedag\u00f3gico de Espanhol<\/strong> &#8211; Renato Pazos Vazquez<\/p>\n\n\n\n<p><strong>Coordenadora Pedag\u00f3gica de Ingl\u00eas<\/strong> &#8211; Maria das Gra\u00e7as de Santana Salgado <\/p>\n\n\n\n<p><strong>Equipe pedag\u00f3gica de Ingl\u00eas<\/strong> &#8211; Anderson Gomes<\/p>\n\n\n\n<p><strong>Projeto de Extens\u00e3o NAVE<\/strong><\/p>\n\n\n\n<p><strong>Coordenadora<\/strong>: Adriana Lessa<\/p>\n\n\n\n<p><strong>Bolsista<\/strong>: J\u00falio Cezar Sim\u00f5es Gama<\/p>\n\n\n\n<p><\/p>\n","protected":false},"excerpt":{"rendered":"<p>Por tr\u00e1s de cada parceria, mobilidade acad\u00eamica e iniciativa de internacionaliza\u00e7\u00e3o da UFRRJ, est\u00e1 uma equipe. A capilaridade da CORIN permite que [&hellip;]<\/p>\n","protected":false},"author":83,"featured_media":0,"parent":0,"menu_order":6,"comment_status":"open","ping_status":"open","template":"","meta":{"_acf_changed":false,"footnotes":"","_links_to":"","_links_to_target":""},"class_list":["post-304","page","type-page","status-publish","hentry"],"yoast_head":"<!-- This site is optimized with the Yoast SEO plugin v27.2 - https:\/\/yoast.com\/product\/yoast-seo-wordpress\/ -->\n<title>Equipe - CORIN<\/title>\n<meta name=\"robots\" content=\"index, follow, max-snippet:-1, max-image-preview:large, max-video-preview:-1\" \/>\n<link rel=\"canonical\" href=\"https:\/\/institucional.ufrrj.br\/corin\/equipe-2\/\" \/>\n<meta property=\"og:locale\" content=\"pt_BR\" \/>\n<meta property=\"og:type\" content=\"article\" \/>\n<meta property=\"og:title\" content=\"Equipe - CORIN\" \/>\n<meta property=\"og:description\" content=\"Por tr\u00e1s de cada parceria, mobilidade acad\u00eamica e iniciativa de internacionaliza\u00e7\u00e3o da UFRRJ, est\u00e1 uma equipe. A capilaridade da CORIN permite que [&hellip;]\" \/>\n<meta property=\"og:url\" content=\"https:\/\/institucional.ufrrj.br\/corin\/equipe-2\/\" \/>\n<meta property=\"og:site_name\" content=\"CORIN\" \/>\n<meta property=\"article:modified_time\" content=\"2026-04-08T20:10:01+00:00\" \/>\n<meta name=\"twitter:card\" content=\"summary_large_image\" \/>\n<meta name=\"twitter:label1\" content=\"Est. tempo de leitura\" \/>\n\t<meta name=\"twitter:data1\" content=\"1 minuto\" \/>\n<script type=\"application\/ld+json\" class=\"yoast-schema-graph\">{\"@context\":\"https:\/\/schema.org\",\"@graph\":[{\"@type\":\"WebPage\",\"@id\":\"https:\/\/institucional.ufrrj.br\/corin\/equipe-2\/\",\"url\":\"https:\/\/institucional.ufrrj.br\/corin\/equipe-2\/\",\"name\":\"Equipe - CORIN\",\"isPartOf\":{\"@id\":\"https:\/\/institucional.ufrrj.br\/corin\/#website\"},\"datePublished\":\"2011-10-13T13:05:53+00:00\",\"dateModified\":\"2026-04-08T20:10:01+00:00\",\"breadcrumb\":{\"@id\":\"https:\/\/institucional.ufrrj.br\/corin\/equipe-2\/#breadcrumb\"},\"inLanguage\":\"pt-BR\",\"potentialAction\":[{\"@type\":\"ReadAction\",\"target\":[\"https:\/\/institucional.ufrrj.br\/corin\/equipe-2\/\"]}]},{\"@type\":\"BreadcrumbList\",\"@id\":\"https:\/\/institucional.ufrrj.br\/corin\/equipe-2\/#breadcrumb\",\"itemListElement\":[{\"@type\":\"ListItem\",\"position\":1,\"name\":\"In\u00edcio\",\"item\":\"https:\/\/institucional.ufrrj.br\/corin\/\"},{\"@type\":\"ListItem\",\"position\":2,\"name\":\"Equipe\"}]},{\"@type\":\"WebSite\",\"@id\":\"https:\/\/institucional.ufrrj.br\/corin\/#website\",\"url\":\"https:\/\/institucional.ufrrj.br\/corin\/\",\"name\":\"CORIN\",\"description\":\"Coordenadoria de Rela\u00e7\u00f5es Internacionais e Interinstitucionais\",\"potentialAction\":[{\"@type\":\"SearchAction\",\"target\":{\"@type\":\"EntryPoint\",\"urlTemplate\":\"https:\/\/institucional.ufrrj.br\/corin\/?s={search_term_string}\"},\"query-input\":{\"@type\":\"PropertyValueSpecification\",\"valueRequired\":true,\"valueName\":\"search_term_string\"}}],\"inLanguage\":\"pt-BR\"}]}<\/script>\n<!-- \/ Yoast SEO plugin. -->","yoast_head_json":{"title":"Equipe - CORIN","robots":{"index":"index","follow":"follow","max-snippet":"max-snippet:-1","max-image-preview":"max-image-preview:large","max-video-preview":"max-video-preview:-1"},"canonical":"https:\/\/institucional.ufrrj.br\/corin\/equipe-2\/","og_locale":"pt_BR","og_type":"article","og_title":"Equipe - CORIN","og_description":"Por tr\u00e1s de cada parceria, mobilidade acad\u00eamica e iniciativa de internacionaliza\u00e7\u00e3o da UFRRJ, est\u00e1 uma equipe. A capilaridade da CORIN permite que [&hellip;]","og_url":"https:\/\/institucional.ufrrj.br\/corin\/equipe-2\/","og_site_name":"CORIN","article_modified_time":"2026-04-08T20:10:01+00:00","twitter_card":"summary_large_image","twitter_misc":{"Est. tempo de leitura":"1 minuto"},"schema":{"@context":"https:\/\/schema.org","@graph":[{"@type":"WebPage","@id":"https:\/\/institucional.ufrrj.br\/corin\/equipe-2\/","url":"https:\/\/institucional.ufrrj.br\/corin\/equipe-2\/","name":"Equipe - CORIN","isPartOf":{"@id":"https:\/\/institucional.ufrrj.br\/corin\/#website"},"datePublished":"2011-10-13T13:05:53+00:00","dateModified":"2026-04-08T20:10:01+00:00","breadcrumb":{"@id":"https:\/\/institucional.ufrrj.br\/corin\/equipe-2\/#breadcrumb"},"inLanguage":"pt-BR","potentialAction":[{"@type":"ReadAction","target":["https:\/\/institucional.ufrrj.br\/corin\/equipe-2\/"]}]},{"@type":"BreadcrumbList","@id":"https:\/\/institucional.ufrrj.br\/corin\/equipe-2\/#breadcrumb","itemListElement":[{"@type":"ListItem","position":1,"name":"In\u00edcio","item":"https:\/\/institucional.ufrrj.br\/corin\/"},{"@type":"ListItem","position":2,"name":"Equipe"}]},{"@type":"WebSite","@id":"https:\/\/institucional.ufrrj.br\/corin\/#website","url":"https:\/\/institucional.ufrrj.br\/corin\/","name":"CORIN","description":"Coordenadoria de Rela\u00e7\u00f5es Internacionais e Interinstitucionais","potentialAction":[{"@type":"SearchAction","target":{"@type":"EntryPoint","urlTemplate":"https:\/\/institucional.ufrrj.br\/corin\/?s={search_term_string}"},"query-input":{"@type":"PropertyValueSpecification","valueRequired":true,"valueName":"search_term_string"}}],"inLanguage":"pt-BR"}]}},"acf":[],"_links":{"self":[{"href":"https:\/\/institucional.ufrrj.br\/corin\/wp-json\/wp\/v2\/pages\/304","targetHints":{"allow":["GET"]}}],"collection":[{"href":"https:\/\/institucional.ufrrj.br\/corin\/wp-json\/wp\/v2\/pages"}],"about":[{"href":"https:\/\/institucional.ufrrj.br\/corin\/wp-json\/wp\/v2\/types\/page"}],"author":[{"embeddable":true,"href":"https:\/\/institucional.ufrrj.br\/corin\/wp-json\/wp\/v2\/users\/83"}],"replies":[{"embeddable":true,"href":"https:\/\/institucional.ufrrj.br\/corin\/wp-json\/wp\/v2\/comments?post=304"}],"version-history":[{"count":1,"href":"https:\/\/institucional.ufrrj.br\/corin\/wp-json\/wp\/v2\/pages\/304\/revisions"}],"predecessor-version":[{"id":7046,"href":"https:\/\/institucional.ufrrj.br\/corin\/wp-json\/wp\/v2\/pages\/304\/revisions\/7046"}],"wp:attachment":[{"href":"https:\/\/institucional.ufrrj.br\/corin\/wp-json\/wp\/v2\/media?parent=304"}],"curies":[{"name":"wp","href":"https:\/\/api.w.org\/{rel}","templated":true}]}}