{"id":2766,"date":"2018-05-27T16:58:58","date_gmt":"2018-05-27T16:58:58","guid":{"rendered":"http:\/\/institucional.ufrrj.br\/corin\/?page_id=2766"},"modified":"2018-05-27T16:58:58","modified_gmt":"2018-05-27T16:58:58","slug":"programa-idiomas-sin-fronteras","status":"publish","type":"page","link":"https:\/\/institucional.ufrrj.br\/corin\/es\/programa-idiomas-sin-fronteras\/","title":{"rendered":"Programa &#8220;Idiomas sin Fronteras&#8221;"},"content":{"rendered":"<p>El programa IDIOMAS SIN FRONTERAS (ISF) es fruto del trabajo conjunto entre el Ministerio de Educaci\u00f3n (MEC), la Secretar\u00eda de Educaci\u00f3n Superior (SESU) y la Coordinaci\u00f3n de Perfeccionamiento de Personal de Nivel Superior (CAPES). Su principal objetivo es incentivar el aprendizaje de otras lenguas y propiciar un cambio amplio y estructurante en la ense\u00f1anza de idiomas extranjeros en las universidades del pa\u00eds favoreciendo el proceso de Internacionalizaci\u00f3n de la ense\u00f1anza superior en Brasil. Para atender esta demanda, sus acciones incluyen oferta de cursos a distancia y cursos presenciales de lenguas as\u00ed como aplicaci\u00f3n de pruebas de aptitud.<\/p>\n<p>El programa ISF cubre diferentes tipos de apoyo para el aprendizaje de Ingl\u00e9s, espa\u00f1ol, franc\u00e9s, italiano, alem\u00e1n y portugu\u00e9s (dirigido a los extranjeros).<\/p>\n<p>A partir de un diagn\u00f3stico del nivel de competencia de los universitarios brasile\u00f1os, se facilitar\u00e1 el acceso a los estudios de lenguas extranjeras a graduandos, postgraduados, t\u00e9cnicos administrativos y docentes interesados \u200b\u200ben perfeccionar sus conocimientos. Adem\u00e1s, las instituciones de ense\u00f1anza superior recibir\u00e1n ayuda para mejorar la capacidad de oferta de ense\u00f1anza de idiomas extranjeros en general.<\/p>\n<p>Para m\u00e1s informaci\u00f3n, visite el sitio web http:\/\/isf.mec.gov.br\/<\/p>\n<p>La Universidad Federal Rural de R\u00edo de Janeiro se ha convertido en socio en este gran emprendimiento educativo. Obtenga m\u00e1s informaci\u00f3n a trav\u00e9s del enlace https:\/\/es-es.facebook.com\/isfufrrj<\/p>\n","protected":false},"excerpt":{"rendered":"<p>El programa IDIOMAS SIN FRONTERAS (ISF) es fruto del trabajo conjunto entre el Ministerio de Educaci\u00f3n (MEC), la Secretar\u00eda de Educaci\u00f3n Superior [&hellip;]<\/p>\n","protected":false},"author":700,"featured_media":0,"parent":0,"menu_order":0,"comment_status":"closed","ping_status":"closed","template":"","meta":{"_acf_changed":false,"footnotes":"","_links_to":"","_links_to_target":""},"class_list":["post-2766","page","type-page","status-publish","hentry"],"yoast_head":"<!-- This site is optimized with the Yoast SEO plugin v27.2 - https:\/\/yoast.com\/product\/yoast-seo-wordpress\/ -->\n<title>Programa &quot;Idiomas sin Fronteras&quot; - CORIN<\/title>\n<meta name=\"robots\" content=\"index, follow, max-snippet:-1, max-image-preview:large, max-video-preview:-1\" \/>\n<link rel=\"canonical\" href=\"https:\/\/institucional.ufrrj.br\/corin\/es\/programa-idiomas-sin-fronteras\/\" \/>\n<meta property=\"og:locale\" content=\"pt_BR\" \/>\n<meta property=\"og:type\" content=\"article\" \/>\n<meta property=\"og:title\" content=\"Programa &quot;Idiomas sin Fronteras&quot; - CORIN\" \/>\n<meta property=\"og:description\" content=\"El programa IDIOMAS SIN FRONTERAS (ISF) es fruto del trabajo conjunto entre el Ministerio de Educaci\u00f3n (MEC), la Secretar\u00eda de Educaci\u00f3n Superior [&hellip;]\" \/>\n<meta property=\"og:url\" content=\"https:\/\/institucional.ufrrj.br\/corin\/es\/programa-idiomas-sin-fronteras\/\" \/>\n<meta property=\"og:site_name\" content=\"CORIN\" \/>\n<meta name=\"twitter:card\" content=\"summary_large_image\" \/>\n<meta name=\"twitter:label1\" content=\"Est. tempo de leitura\" \/>\n\t<meta name=\"twitter:data1\" content=\"1 minuto\" \/>\n<script type=\"application\/ld+json\" class=\"yoast-schema-graph\">{\"@context\":\"https:\/\/schema.org\",\"@graph\":[{\"@type\":\"WebPage\",\"@id\":\"https:\/\/institucional.ufrrj.br\/corin\/es\/programa-idiomas-sin-fronteras\/\",\"url\":\"https:\/\/institucional.ufrrj.br\/corin\/es\/programa-idiomas-sin-fronteras\/\",\"name\":\"Programa \\\"Idiomas sin Fronteras\\\" - CORIN\",\"isPartOf\":{\"@id\":\"https:\/\/institucional.ufrrj.br\/corin\/#website\"},\"datePublished\":\"2018-05-27T16:58:58+00:00\",\"breadcrumb\":{\"@id\":\"https:\/\/institucional.ufrrj.br\/corin\/es\/programa-idiomas-sin-fronteras\/#breadcrumb\"},\"inLanguage\":\"pt-BR\",\"potentialAction\":[{\"@type\":\"ReadAction\",\"target\":[\"https:\/\/institucional.ufrrj.br\/corin\/es\/programa-idiomas-sin-fronteras\/\"]}]},{\"@type\":\"BreadcrumbList\",\"@id\":\"https:\/\/institucional.ufrrj.br\/corin\/es\/programa-idiomas-sin-fronteras\/#breadcrumb\",\"itemListElement\":[{\"@type\":\"ListItem\",\"position\":1,\"name\":\"In\u00edcio\",\"item\":\"https:\/\/institucional.ufrrj.br\/corin\/\"},{\"@type\":\"ListItem\",\"position\":2,\"name\":\"Programa &#8220;Idiomas sin Fronteras&#8221;\"}]},{\"@type\":\"WebSite\",\"@id\":\"https:\/\/institucional.ufrrj.br\/corin\/#website\",\"url\":\"https:\/\/institucional.ufrrj.br\/corin\/\",\"name\":\"CORIN\",\"description\":\"Coordenadoria de Rela\u00e7\u00f5es Internacionais e Interinstitucionais\",\"potentialAction\":[{\"@type\":\"SearchAction\",\"target\":{\"@type\":\"EntryPoint\",\"urlTemplate\":\"https:\/\/institucional.ufrrj.br\/corin\/?s={search_term_string}\"},\"query-input\":{\"@type\":\"PropertyValueSpecification\",\"valueRequired\":true,\"valueName\":\"search_term_string\"}}],\"inLanguage\":\"pt-BR\"}]}<\/script>\n<!-- \/ Yoast SEO plugin. -->","yoast_head_json":{"title":"Programa \"Idiomas sin Fronteras\" - CORIN","robots":{"index":"index","follow":"follow","max-snippet":"max-snippet:-1","max-image-preview":"max-image-preview:large","max-video-preview":"max-video-preview:-1"},"canonical":"https:\/\/institucional.ufrrj.br\/corin\/es\/programa-idiomas-sin-fronteras\/","og_locale":"pt_BR","og_type":"article","og_title":"Programa \"Idiomas sin Fronteras\" - CORIN","og_description":"El programa IDIOMAS SIN FRONTERAS (ISF) es fruto del trabajo conjunto entre el Ministerio de Educaci\u00f3n (MEC), la Secretar\u00eda de Educaci\u00f3n Superior [&hellip;]","og_url":"https:\/\/institucional.ufrrj.br\/corin\/es\/programa-idiomas-sin-fronteras\/","og_site_name":"CORIN","twitter_card":"summary_large_image","twitter_misc":{"Est. tempo de leitura":"1 minuto"},"schema":{"@context":"https:\/\/schema.org","@graph":[{"@type":"WebPage","@id":"https:\/\/institucional.ufrrj.br\/corin\/es\/programa-idiomas-sin-fronteras\/","url":"https:\/\/institucional.ufrrj.br\/corin\/es\/programa-idiomas-sin-fronteras\/","name":"Programa \"Idiomas sin Fronteras\" - CORIN","isPartOf":{"@id":"https:\/\/institucional.ufrrj.br\/corin\/#website"},"datePublished":"2018-05-27T16:58:58+00:00","breadcrumb":{"@id":"https:\/\/institucional.ufrrj.br\/corin\/es\/programa-idiomas-sin-fronteras\/#breadcrumb"},"inLanguage":"pt-BR","potentialAction":[{"@type":"ReadAction","target":["https:\/\/institucional.ufrrj.br\/corin\/es\/programa-idiomas-sin-fronteras\/"]}]},{"@type":"BreadcrumbList","@id":"https:\/\/institucional.ufrrj.br\/corin\/es\/programa-idiomas-sin-fronteras\/#breadcrumb","itemListElement":[{"@type":"ListItem","position":1,"name":"In\u00edcio","item":"https:\/\/institucional.ufrrj.br\/corin\/"},{"@type":"ListItem","position":2,"name":"Programa &#8220;Idiomas sin Fronteras&#8221;"}]},{"@type":"WebSite","@id":"https:\/\/institucional.ufrrj.br\/corin\/#website","url":"https:\/\/institucional.ufrrj.br\/corin\/","name":"CORIN","description":"Coordenadoria de Rela\u00e7\u00f5es Internacionais e Interinstitucionais","potentialAction":[{"@type":"SearchAction","target":{"@type":"EntryPoint","urlTemplate":"https:\/\/institucional.ufrrj.br\/corin\/?s={search_term_string}"},"query-input":{"@type":"PropertyValueSpecification","valueRequired":true,"valueName":"search_term_string"}}],"inLanguage":"pt-BR"}]}},"acf":[],"_links":{"self":[{"href":"https:\/\/institucional.ufrrj.br\/corin\/wp-json\/wp\/v2\/pages\/2766","targetHints":{"allow":["GET"]}}],"collection":[{"href":"https:\/\/institucional.ufrrj.br\/corin\/wp-json\/wp\/v2\/pages"}],"about":[{"href":"https:\/\/institucional.ufrrj.br\/corin\/wp-json\/wp\/v2\/types\/page"}],"author":[{"embeddable":true,"href":"https:\/\/institucional.ufrrj.br\/corin\/wp-json\/wp\/v2\/users\/700"}],"replies":[{"embeddable":true,"href":"https:\/\/institucional.ufrrj.br\/corin\/wp-json\/wp\/v2\/comments?post=2766"}],"version-history":[{"count":2,"href":"https:\/\/institucional.ufrrj.br\/corin\/wp-json\/wp\/v2\/pages\/2766\/revisions"}],"predecessor-version":[{"id":2768,"href":"https:\/\/institucional.ufrrj.br\/corin\/wp-json\/wp\/v2\/pages\/2766\/revisions\/2768"}],"wp:attachment":[{"href":"https:\/\/institucional.ufrrj.br\/corin\/wp-json\/wp\/v2\/media?parent=2766"}],"curies":[{"name":"wp","href":"https:\/\/api.w.org\/{rel}","templated":true}]}}