{"id":2760,"date":"2018-05-27T16:43:51","date_gmt":"2018-05-27T16:43:51","guid":{"rendered":"http:\/\/institucional.ufrrj.br\/corin\/?page_id=2760"},"modified":"2018-05-27T16:50:59","modified_gmt":"2018-05-27T16:50:59","slug":"acuerdos-de-cooperacion-internacional","status":"publish","type":"page","link":"https:\/\/institucional.ufrrj.br\/corin\/es\/acuerdos-de-cooperacion-internacional\/","title":{"rendered":"Acuerdos de Cooperaci\u00f3n Internacional"},"content":{"rendered":"<p>Las cooperaciones institucionales posibilitan alianzas acad\u00e9micas, nacionales o internacionales, pudiendo ser bilaterales o multilaterales, objetivando el desarrollo de actividades de naturaleza t\u00e9cnica, cient\u00edfica, tecnol\u00f3gica y cultural y\/o la movilidad de alumnos, docentes y personal t\u00e9cnico-administrativo.<\/p>\n<p>La UFRRJ tiene una pol\u00edtica de internacionalizaci\u00f3n que estimula la celebraci\u00f3n de memorandos de entendimiento y de acuerdos de cooperaci\u00f3n internacionales. En este sentido invitamos a las instituciones interesadas a ponerse en contacto a trav\u00e9s del correo electr\u00f3nico: corin@ufrrj.br<\/p>\n<p>&nbsp;<\/p>\n","protected":false},"excerpt":{"rendered":"<p>Las cooperaciones institucionales posibilitan alianzas acad\u00e9micas, nacionales o internacionales, pudiendo ser bilaterales o multilaterales, objetivando el desarrollo de actividades de naturaleza t\u00e9cnica, [&hellip;]<\/p>\n","protected":false},"author":700,"featured_media":0,"parent":0,"menu_order":0,"comment_status":"closed","ping_status":"closed","template":"","meta":{"_acf_changed":false,"footnotes":"","_links_to":"","_links_to_target":""},"class_list":["post-2760","page","type-page","status-publish","hentry"],"yoast_head":"<!-- This site is optimized with the Yoast SEO plugin v27.2 - https:\/\/yoast.com\/product\/yoast-seo-wordpress\/ -->\n<title>Acuerdos de Cooperaci\u00f3n Internacional - CORIN<\/title>\n<meta name=\"robots\" content=\"index, follow, max-snippet:-1, max-image-preview:large, max-video-preview:-1\" \/>\n<link rel=\"canonical\" href=\"https:\/\/institucional.ufrrj.br\/corin\/es\/acuerdos-de-cooperacion-internacional\/\" \/>\n<meta property=\"og:locale\" content=\"pt_BR\" \/>\n<meta property=\"og:type\" content=\"article\" \/>\n<meta property=\"og:title\" content=\"Acuerdos de Cooperaci\u00f3n Internacional - CORIN\" \/>\n<meta property=\"og:description\" content=\"Las cooperaciones institucionales posibilitan alianzas acad\u00e9micas, nacionales o internacionales, pudiendo ser bilaterales o multilaterales, objetivando el desarrollo de actividades de naturaleza t\u00e9cnica, [&hellip;]\" \/>\n<meta property=\"og:url\" content=\"https:\/\/institucional.ufrrj.br\/corin\/es\/acuerdos-de-cooperacion-internacional\/\" \/>\n<meta property=\"og:site_name\" content=\"CORIN\" \/>\n<meta property=\"article:modified_time\" content=\"2018-05-27T16:50:59+00:00\" \/>\n<meta name=\"twitter:card\" content=\"summary_large_image\" \/>\n<script type=\"application\/ld+json\" class=\"yoast-schema-graph\">{\"@context\":\"https:\/\/schema.org\",\"@graph\":[{\"@type\":\"WebPage\",\"@id\":\"https:\/\/institucional.ufrrj.br\/corin\/es\/acuerdos-de-cooperacion-internacional\/\",\"url\":\"https:\/\/institucional.ufrrj.br\/corin\/es\/acuerdos-de-cooperacion-internacional\/\",\"name\":\"Acuerdos de Cooperaci\u00f3n Internacional - CORIN\",\"isPartOf\":{\"@id\":\"https:\/\/institucional.ufrrj.br\/corin\/#website\"},\"datePublished\":\"2018-05-27T16:43:51+00:00\",\"dateModified\":\"2018-05-27T16:50:59+00:00\",\"breadcrumb\":{\"@id\":\"https:\/\/institucional.ufrrj.br\/corin\/es\/acuerdos-de-cooperacion-internacional\/#breadcrumb\"},\"inLanguage\":\"pt-BR\",\"potentialAction\":[{\"@type\":\"ReadAction\",\"target\":[\"https:\/\/institucional.ufrrj.br\/corin\/es\/acuerdos-de-cooperacion-internacional\/\"]}]},{\"@type\":\"BreadcrumbList\",\"@id\":\"https:\/\/institucional.ufrrj.br\/corin\/es\/acuerdos-de-cooperacion-internacional\/#breadcrumb\",\"itemListElement\":[{\"@type\":\"ListItem\",\"position\":1,\"name\":\"In\u00edcio\",\"item\":\"https:\/\/institucional.ufrrj.br\/corin\/\"},{\"@type\":\"ListItem\",\"position\":2,\"name\":\"Acuerdos de Cooperaci\u00f3n Internacional\"}]},{\"@type\":\"WebSite\",\"@id\":\"https:\/\/institucional.ufrrj.br\/corin\/#website\",\"url\":\"https:\/\/institucional.ufrrj.br\/corin\/\",\"name\":\"CORIN\",\"description\":\"Coordenadoria de Rela\u00e7\u00f5es Internacionais e Interinstitucionais\",\"potentialAction\":[{\"@type\":\"SearchAction\",\"target\":{\"@type\":\"EntryPoint\",\"urlTemplate\":\"https:\/\/institucional.ufrrj.br\/corin\/?s={search_term_string}\"},\"query-input\":{\"@type\":\"PropertyValueSpecification\",\"valueRequired\":true,\"valueName\":\"search_term_string\"}}],\"inLanguage\":\"pt-BR\"}]}<\/script>\n<!-- \/ Yoast SEO plugin. -->","yoast_head_json":{"title":"Acuerdos de Cooperaci\u00f3n Internacional - CORIN","robots":{"index":"index","follow":"follow","max-snippet":"max-snippet:-1","max-image-preview":"max-image-preview:large","max-video-preview":"max-video-preview:-1"},"canonical":"https:\/\/institucional.ufrrj.br\/corin\/es\/acuerdos-de-cooperacion-internacional\/","og_locale":"pt_BR","og_type":"article","og_title":"Acuerdos de Cooperaci\u00f3n Internacional - CORIN","og_description":"Las cooperaciones institucionales posibilitan alianzas acad\u00e9micas, nacionales o internacionales, pudiendo ser bilaterales o multilaterales, objetivando el desarrollo de actividades de naturaleza t\u00e9cnica, [&hellip;]","og_url":"https:\/\/institucional.ufrrj.br\/corin\/es\/acuerdos-de-cooperacion-internacional\/","og_site_name":"CORIN","article_modified_time":"2018-05-27T16:50:59+00:00","twitter_card":"summary_large_image","schema":{"@context":"https:\/\/schema.org","@graph":[{"@type":"WebPage","@id":"https:\/\/institucional.ufrrj.br\/corin\/es\/acuerdos-de-cooperacion-internacional\/","url":"https:\/\/institucional.ufrrj.br\/corin\/es\/acuerdos-de-cooperacion-internacional\/","name":"Acuerdos de Cooperaci\u00f3n Internacional - CORIN","isPartOf":{"@id":"https:\/\/institucional.ufrrj.br\/corin\/#website"},"datePublished":"2018-05-27T16:43:51+00:00","dateModified":"2018-05-27T16:50:59+00:00","breadcrumb":{"@id":"https:\/\/institucional.ufrrj.br\/corin\/es\/acuerdos-de-cooperacion-internacional\/#breadcrumb"},"inLanguage":"pt-BR","potentialAction":[{"@type":"ReadAction","target":["https:\/\/institucional.ufrrj.br\/corin\/es\/acuerdos-de-cooperacion-internacional\/"]}]},{"@type":"BreadcrumbList","@id":"https:\/\/institucional.ufrrj.br\/corin\/es\/acuerdos-de-cooperacion-internacional\/#breadcrumb","itemListElement":[{"@type":"ListItem","position":1,"name":"In\u00edcio","item":"https:\/\/institucional.ufrrj.br\/corin\/"},{"@type":"ListItem","position":2,"name":"Acuerdos de Cooperaci\u00f3n Internacional"}]},{"@type":"WebSite","@id":"https:\/\/institucional.ufrrj.br\/corin\/#website","url":"https:\/\/institucional.ufrrj.br\/corin\/","name":"CORIN","description":"Coordenadoria de Rela\u00e7\u00f5es Internacionais e Interinstitucionais","potentialAction":[{"@type":"SearchAction","target":{"@type":"EntryPoint","urlTemplate":"https:\/\/institucional.ufrrj.br\/corin\/?s={search_term_string}"},"query-input":{"@type":"PropertyValueSpecification","valueRequired":true,"valueName":"search_term_string"}}],"inLanguage":"pt-BR"}]}},"acf":[],"_links":{"self":[{"href":"https:\/\/institucional.ufrrj.br\/corin\/wp-json\/wp\/v2\/pages\/2760","targetHints":{"allow":["GET"]}}],"collection":[{"href":"https:\/\/institucional.ufrrj.br\/corin\/wp-json\/wp\/v2\/pages"}],"about":[{"href":"https:\/\/institucional.ufrrj.br\/corin\/wp-json\/wp\/v2\/types\/page"}],"author":[{"embeddable":true,"href":"https:\/\/institucional.ufrrj.br\/corin\/wp-json\/wp\/v2\/users\/700"}],"replies":[{"embeddable":true,"href":"https:\/\/institucional.ufrrj.br\/corin\/wp-json\/wp\/v2\/comments?post=2760"}],"version-history":[{"count":2,"href":"https:\/\/institucional.ufrrj.br\/corin\/wp-json\/wp\/v2\/pages\/2760\/revisions"}],"predecessor-version":[{"id":2785,"href":"https:\/\/institucional.ufrrj.br\/corin\/wp-json\/wp\/v2\/pages\/2760\/revisions\/2785"}],"wp:attachment":[{"href":"https:\/\/institucional.ufrrj.br\/corin\/wp-json\/wp\/v2\/media?parent=2760"}],"curies":[{"name":"wp","href":"https:\/\/api.w.org\/{rel}","templated":true}]}}