{"id":2637,"date":"2018-05-15T19:53:33","date_gmt":"2018-05-15T19:53:33","guid":{"rendered":"http:\/\/institucional.ufrrj.br\/corin\/?page_id=2637"},"modified":"2018-05-15T19:55:16","modified_gmt":"2018-05-15T19:55:16","slug":"national-partners","status":"publish","type":"page","link":"https:\/\/institucional.ufrrj.br\/corin\/en\/national-partners\/","title":{"rendered":"National Partners"},"content":{"rendered":"<p>Ag\u00eancia Brasileira de Coopera\u00e7\u00e3o \u2013 ABC<\/p>\n<p>Associa\u00e7\u00e3o Brasileira de Interc\u00e2mbio Profissional e Estudantil \u2013 ABIPE\/IAESTE<\/p>\n<p>Associa\u00e7\u00e3o Nacional de Cl\u00ednicos Veterin\u00e1rios de Pequenos Animais \u2013 ANCLIVEPA<\/p>\n<p>Associa\u00e7\u00e3o Pr\u00f3-Gest\u00e3o das \u00c1guas da Bacia do Rio Para\u00edba do Sul \u2013 AGEVAP<\/p>\n<p>Centro de Forma\u00e7\u00e3o de Guardi\u00f5es em Defesa do Meio Ambiente<\/p>\n<p>Centro Federal de Educa\u00e7\u00e3o Tecnol\u00f3gica Celso Suckow da Fonseca (UFRRJ concedente) \u2013 CEFET\/RJ<\/p>\n<p>Centro Federal de Educa\u00e7\u00e3o Tecnol\u00f3gica de Minas Gerais \u2013 CEFET\/MG<\/p>\n<p>Col\u00e9gio Brasileiro de Patologia Animal \u2013 CBPA<\/p>\n<p>Conserva\u00e7\u00e3o Internacional do Brasil<\/p>\n<p>Cons\u00f3rcio CEDERJ<\/p>\n<p>Cooperativa Mista dos Agricultores Familiares de Marrecas e Babosa<\/p>\n<p>Empresa Brasileira de Pesquisa Agropecu\u00e1ria \u2013 EMBRAPA SOLOS<\/p>\n<p>Empresa de Assist\u00eancia T\u00e9cnica e Extens\u00e3o Rural de Minas Gerais \u2013 EMATER\/MG<\/p>\n<p>Empresa de Assist\u00eancia T\u00e9cnica e Extens\u00e3o Rural do Rio de Janeiro \u2013 EMATER\/RJ<\/p>\n<p>Empresa de Pesquisa Agropecu\u00e1ria do Estado do Rio de Janeiro \u2013 PESAGRO\/RJ<\/p>\n<p>Escola Superior de Agricultura Luiz de Queiroz \u2013 ESALQ\/USP<\/p>\n<p>Faculdade de Medicina Veterin\u00e1ria e Zootecnia \u2013 FMVZ\/USP<\/p>\n<p>F\u00f3rum Interuniversit\u00e1rio de Cultura \u2013 FIC<\/p>\n<p>Funda\u00e7\u00e3o de Apoio \u00e0 Escola T\u00e9cnica do Rio de Janeiro (inst. de ensino) \u2013 FAETEC<\/p>\n<p>Funda\u00e7\u00e3o de Apoio \u00e0 Pesquisa Cient\u00edfica e Tecnol\u00f3gica da UFRRJ \u2013 FAPUR<\/p>\n<p>Funda\u00e7\u00e3o Oswaldo Cruz \u2013 FIOCRUZ<\/p>\n<p>Funda\u00e7\u00e3o Parques e Jardins<\/p>\n<p>Funda\u00e7\u00e3o Universidade Federal de Mato Grosso do Sul<\/p>\n<p>Funda\u00e7\u00e3o Universidade Federal de Sergipe<\/p>\n<p>Fundo Municipal de Meio Ambiente e Desenvolvimento Sustent\u00e1vel<\/p>\n<p>GWA Empreendimentos Florestais LTDA.<\/p>\n<p>INCRA\/EMBRAPA\/UFRRJ<\/p>\n<p>Instituto Baleia Jubarte<\/p>\n<p>Instituto Brasileiro de Geografia e Estat\u00edstica \u2013 IBGE<\/p>\n<p>Instituto Brasileiro de Meio Ambiente \u2013 IBAMA<\/p>\n<p>Instituto de Estudos do Mar Almirante Paulo Moreira \u2013 IEAPM<\/p>\n<p>Instituto Chico Mendes de Conserva\u00e7\u00e3o da Biodiversidade \u2013 ICMBio<\/p>\n<p>Instituto Federal de Educa\u00e7\u00e3o, Ci\u00eancia e Tecnologia do Norte de Minas Gerais \u2013 IFNMG<\/p>\n<p>Instituto Moreira Salles<\/p>\n<p>Instituto Nacional de Metrologia, Qualidade e Tecnologia \u2013 INMETRO<\/p>\n<p>Instituto Nacional de Pesquisas Espaciais \u2013 INPE<\/p>\n<p>Prefeitura de Campos dos Goytacazes<\/p>\n<p>Prefeitura Municipal de Japeri<\/p>\n<p>Secretaria de Estado de Educa\u00e7\u00e3o do Rio de Janeiro \u2013 SEEDUC\/RJ<\/p>\n<p>Sindicato e Organiza\u00e7\u00e3o das Cooperativas Brasileiras do Estado do Rio de Janeiro \u2013 OCB\/RJ<\/p>\n<p>Universidade C\u00e2ndido Mendes \u2013 UcaM<\/p>\n<p>Universidade de Passo Fundo \u2013 UPF<\/p>\n<p>Universidade do Estado da Bahia \u2013 UNEB<\/p>\n<p>Universidade do Estado do Rio de Janeiro \u2013 UERJ<\/p>\n<p>Universidade Estadual de Londrina \u2013 UEL<\/p>\n<p>Universidade Estadual do Maranh\u00e3o \u2013 UEMA<\/p>\n<p>Universidade Estadual do Norte Fluminense Darcy Ribeiro \u2013 UENF<\/p>\n<p>Universidade Estadual Paulista J\u00falio Mesquita Filho (<em>Campi<\/em>\u00a0Ara\u00e7atuba e Dracena) \u2013 UNESP<\/p>\n<p>Universidade Federal de Goi\u00e1s \u2013 UFG<\/p>\n<p>Universidade Federal de Minas Gerais \u2013 UFMG<\/p>\n<p>Universidade Federal de Santa Catarina \u2013 UFSC<\/p>\n<p>Universidade Federal de Vi\u00e7osa \u2013 UFV<\/p>\n<p>Universidade Federal do Esp\u00edrito Santo \u2013 UFES<\/p>\n<p>Universidade Federal do Pampa \u2013 UNIPAMPA<\/p>\n<p>Universidade Federal do Paran\u00e1 \u2013 UFPR<\/p>\n<p>Universidade Federal do Piau\u00ed\u00a0 \u2013 UFPI<\/p>\n<p>Universidade Federal do Rio de Janeiro \u2013 UFRJ<\/p>\n<p>Universidade Federal dos Vales do Jequitinhonha e Mucuri<\/p>\n<p>Universidade Federal Fluminense \u2013 UFF<\/p>\n<p>Universidade Federal Rural de Pernambuco \u2013 UFRPE<\/p>\n<p>Universidade Igua\u00e7u \u2013 UNIG<\/p>\n<p>Universidade Jos\u00e9 do Ros\u00e1rio Vellano \u2013 UNIFENAS<\/p>\n<p>Universidade Vila Velha \u2013 ES<\/p>\n","protected":false},"excerpt":{"rendered":"<p>Ag\u00eancia Brasileira de Coopera\u00e7\u00e3o \u2013 ABC Associa\u00e7\u00e3o Brasileira de Interc\u00e2mbio Profissional e Estudantil \u2013 ABIPE\/IAESTE Associa\u00e7\u00e3o Nacional de Cl\u00ednicos Veterin\u00e1rios de Pequenos [&hellip;]<\/p>\n","protected":false},"author":700,"featured_media":0,"parent":0,"menu_order":0,"comment_status":"closed","ping_status":"closed","template":"","meta":{"_acf_changed":false,"footnotes":"","_links_to":"","_links_to_target":""},"class_list":["post-2637","page","type-page","status-publish","hentry"],"yoast_head":"<!-- This site is optimized with the Yoast SEO plugin v27.2 - https:\/\/yoast.com\/product\/yoast-seo-wordpress\/ -->\n<title>National Partners - CORIN<\/title>\n<meta name=\"robots\" content=\"index, follow, max-snippet:-1, max-image-preview:large, max-video-preview:-1\" \/>\n<link rel=\"canonical\" href=\"https:\/\/institucional.ufrrj.br\/corin\/en\/national-partners\/\" \/>\n<meta property=\"og:locale\" content=\"pt_BR\" \/>\n<meta property=\"og:type\" content=\"article\" \/>\n<meta property=\"og:title\" content=\"National Partners - CORIN\" \/>\n<meta property=\"og:description\" content=\"Ag\u00eancia Brasileira de Coopera\u00e7\u00e3o \u2013 ABC Associa\u00e7\u00e3o Brasileira de Interc\u00e2mbio Profissional e Estudantil \u2013 ABIPE\/IAESTE Associa\u00e7\u00e3o Nacional de Cl\u00ednicos Veterin\u00e1rios de Pequenos [&hellip;]\" \/>\n<meta property=\"og:url\" content=\"https:\/\/institucional.ufrrj.br\/corin\/en\/national-partners\/\" \/>\n<meta property=\"og:site_name\" content=\"CORIN\" \/>\n<meta property=\"article:modified_time\" content=\"2018-05-15T19:55:16+00:00\" \/>\n<meta name=\"twitter:card\" content=\"summary_large_image\" \/>\n<meta name=\"twitter:label1\" content=\"Est. tempo de leitura\" \/>\n\t<meta name=\"twitter:data1\" content=\"3 minutos\" \/>\n<script type=\"application\/ld+json\" class=\"yoast-schema-graph\">{\"@context\":\"https:\/\/schema.org\",\"@graph\":[{\"@type\":\"WebPage\",\"@id\":\"https:\/\/institucional.ufrrj.br\/corin\/en\/national-partners\/\",\"url\":\"https:\/\/institucional.ufrrj.br\/corin\/en\/national-partners\/\",\"name\":\"National Partners - CORIN\",\"isPartOf\":{\"@id\":\"https:\/\/institucional.ufrrj.br\/corin\/#website\"},\"datePublished\":\"2018-05-15T19:53:33+00:00\",\"dateModified\":\"2018-05-15T19:55:16+00:00\",\"breadcrumb\":{\"@id\":\"https:\/\/institucional.ufrrj.br\/corin\/en\/national-partners\/#breadcrumb\"},\"inLanguage\":\"pt-BR\",\"potentialAction\":[{\"@type\":\"ReadAction\",\"target\":[\"https:\/\/institucional.ufrrj.br\/corin\/en\/national-partners\/\"]}]},{\"@type\":\"BreadcrumbList\",\"@id\":\"https:\/\/institucional.ufrrj.br\/corin\/en\/national-partners\/#breadcrumb\",\"itemListElement\":[{\"@type\":\"ListItem\",\"position\":1,\"name\":\"In\u00edcio\",\"item\":\"https:\/\/institucional.ufrrj.br\/corin\/\"},{\"@type\":\"ListItem\",\"position\":2,\"name\":\"National Partners\"}]},{\"@type\":\"WebSite\",\"@id\":\"https:\/\/institucional.ufrrj.br\/corin\/#website\",\"url\":\"https:\/\/institucional.ufrrj.br\/corin\/\",\"name\":\"CORIN\",\"description\":\"Coordenadoria de Rela\u00e7\u00f5es Internacionais e Interinstitucionais\",\"potentialAction\":[{\"@type\":\"SearchAction\",\"target\":{\"@type\":\"EntryPoint\",\"urlTemplate\":\"https:\/\/institucional.ufrrj.br\/corin\/?s={search_term_string}\"},\"query-input\":{\"@type\":\"PropertyValueSpecification\",\"valueRequired\":true,\"valueName\":\"search_term_string\"}}],\"inLanguage\":\"pt-BR\"}]}<\/script>\n<!-- \/ Yoast SEO plugin. -->","yoast_head_json":{"title":"National Partners - CORIN","robots":{"index":"index","follow":"follow","max-snippet":"max-snippet:-1","max-image-preview":"max-image-preview:large","max-video-preview":"max-video-preview:-1"},"canonical":"https:\/\/institucional.ufrrj.br\/corin\/en\/national-partners\/","og_locale":"pt_BR","og_type":"article","og_title":"National Partners - CORIN","og_description":"Ag\u00eancia Brasileira de Coopera\u00e7\u00e3o \u2013 ABC Associa\u00e7\u00e3o Brasileira de Interc\u00e2mbio Profissional e Estudantil \u2013 ABIPE\/IAESTE Associa\u00e7\u00e3o Nacional de Cl\u00ednicos Veterin\u00e1rios de Pequenos [&hellip;]","og_url":"https:\/\/institucional.ufrrj.br\/corin\/en\/national-partners\/","og_site_name":"CORIN","article_modified_time":"2018-05-15T19:55:16+00:00","twitter_card":"summary_large_image","twitter_misc":{"Est. tempo de leitura":"3 minutos"},"schema":{"@context":"https:\/\/schema.org","@graph":[{"@type":"WebPage","@id":"https:\/\/institucional.ufrrj.br\/corin\/en\/national-partners\/","url":"https:\/\/institucional.ufrrj.br\/corin\/en\/national-partners\/","name":"National Partners - CORIN","isPartOf":{"@id":"https:\/\/institucional.ufrrj.br\/corin\/#website"},"datePublished":"2018-05-15T19:53:33+00:00","dateModified":"2018-05-15T19:55:16+00:00","breadcrumb":{"@id":"https:\/\/institucional.ufrrj.br\/corin\/en\/national-partners\/#breadcrumb"},"inLanguage":"pt-BR","potentialAction":[{"@type":"ReadAction","target":["https:\/\/institucional.ufrrj.br\/corin\/en\/national-partners\/"]}]},{"@type":"BreadcrumbList","@id":"https:\/\/institucional.ufrrj.br\/corin\/en\/national-partners\/#breadcrumb","itemListElement":[{"@type":"ListItem","position":1,"name":"In\u00edcio","item":"https:\/\/institucional.ufrrj.br\/corin\/"},{"@type":"ListItem","position":2,"name":"National Partners"}]},{"@type":"WebSite","@id":"https:\/\/institucional.ufrrj.br\/corin\/#website","url":"https:\/\/institucional.ufrrj.br\/corin\/","name":"CORIN","description":"Coordenadoria de Rela\u00e7\u00f5es Internacionais e Interinstitucionais","potentialAction":[{"@type":"SearchAction","target":{"@type":"EntryPoint","urlTemplate":"https:\/\/institucional.ufrrj.br\/corin\/?s={search_term_string}"},"query-input":{"@type":"PropertyValueSpecification","valueRequired":true,"valueName":"search_term_string"}}],"inLanguage":"pt-BR"}]}},"acf":[],"_links":{"self":[{"href":"https:\/\/institucional.ufrrj.br\/corin\/wp-json\/wp\/v2\/pages\/2637","targetHints":{"allow":["GET"]}}],"collection":[{"href":"https:\/\/institucional.ufrrj.br\/corin\/wp-json\/wp\/v2\/pages"}],"about":[{"href":"https:\/\/institucional.ufrrj.br\/corin\/wp-json\/wp\/v2\/types\/page"}],"author":[{"embeddable":true,"href":"https:\/\/institucional.ufrrj.br\/corin\/wp-json\/wp\/v2\/users\/700"}],"replies":[{"embeddable":true,"href":"https:\/\/institucional.ufrrj.br\/corin\/wp-json\/wp\/v2\/comments?post=2637"}],"version-history":[{"count":1,"href":"https:\/\/institucional.ufrrj.br\/corin\/wp-json\/wp\/v2\/pages\/2637\/revisions"}],"predecessor-version":[{"id":2638,"href":"https:\/\/institucional.ufrrj.br\/corin\/wp-json\/wp\/v2\/pages\/2637\/revisions\/2638"}],"wp:attachment":[{"href":"https:\/\/institucional.ufrrj.br\/corin\/wp-json\/wp\/v2\/media?parent=2637"}],"curies":[{"name":"wp","href":"https:\/\/api.w.org\/{rel}","templated":true}]}}