{"id":2625,"date":"2018-05-15T19:40:16","date_gmt":"2018-05-15T19:40:16","guid":{"rendered":"http:\/\/institucional.ufrrj.br\/corin\/?page_id=2625"},"modified":"2018-05-15T19:40:16","modified_gmt":"2018-05-15T19:40:16","slug":"unete-a-la-rural","status":"publish","type":"page","link":"https:\/\/institucional.ufrrj.br\/corin\/es\/unete-a-la-rural\/","title":{"rendered":"\u00danete a la Rural"},"content":{"rendered":"<p><strong>Intercambio de estudiantes<\/strong><\/p>\n<p>UFRRJ recibe estudiantes extranjeros como parte de programas de movilidad y memorandos de cooperaci\u00f3n establecidos con otras universidades. Los estudiantes pueden asistir a UFRRJ por hasta dos semestres acad\u00e9micos. La calificaci\u00f3n es otorgada por la universidad de origen, que emite un certificado que muestra el rendimiento en disciplinas en la UFRRJ.<\/p>\n<p>Tanto estudiantes de pregrado como de posgrado pueden participar en un intercambio, siempre que est\u00e9n debidamente inscriptos en un instituto extranjero de educaci\u00f3n superior con el cual la UFRRJ tiene un acuerdo de cooperaci\u00f3n acad\u00e9mica. Puede obtener m\u00e1s informaci\u00f3n sobre las instituciones que tienen un acuerdo en la secci\u00f3n de Instituciones asociadas.<\/p>\n<p><strong>Programas de becas estudiantiles<\/strong><\/p>\n<p><strong><a href=\"http:\/\/portal.mec.gov.br\/pec-g\">Pregrado<\/a><\/strong> y <a href=\"http:\/\/www.dce.mre.gov.br\/PEC\/PECPG.php\"><strong>postgrado<\/strong><\/a> (PEC-G y PEC-PG)<\/p>\n<p>El Programa de Contrato de Estudiantes de Pregrado y Postgrado es el resultado de acuerdos de cooperaci\u00f3n cultural, cient\u00edfica y tecnol\u00f3gica firmados entre pa\u00edses en desarrollo con el fin de fortalecer los recursos humanos. Permite a estudiantes, profesores universitarios, investigadores, profesionales y graduados de educaci\u00f3n superior de pa\u00edses en desarrollo estudiar en Brasil.<\/p>\n<p>Las embajadas brasile\u00f1as en esos pa\u00edses son responsables de promover el programa y de iniciar el proceso de selecci\u00f3n.<\/p>\n<p><a href=\"http:\/\/www.grupocoimbra.org.br\/Programas\/PaginaProgramas.aspx?programaID=1\"><strong>Programa de Alianzas para la Educaci\u00f3n y Formaci\u00f3n (Brasil becas PAEC OEA-GCUB)<\/strong><\/a><\/p>\n<p><span class=\"goog-text-highlight\">Lanzado en 2011, el programa es una de las m\u00e1s importantes iniciativas de cooperaci\u00f3n regional en el sector de la educaci\u00f3n para el desarrollo de Am\u00e9rica Latina y el Caribe y tiene como objetivo a\u00a0<\/span><span class=\"goog-text-highlight\">contribuir a la integraci\u00f3n regional y el fortalecimiento de las Am\u00e9ricas, a trav\u00e9s de las becas de los estudios integrales para cursos de postgrado\u00a0<\/span><em><span class=\"goog-text-highlight\">en el\u00a0<\/span><span class=\"goog-text-highlight\">sentido estricto<\/span><\/em><span class=\"goog-text-highlight\">\u00a0(maestr\u00eda y doctorado), ofrecidos por las universidades brasile\u00f1as asociadas con GCUB los estudiantes de los 34 pa\u00edses miembros de la OEA, con excepci\u00f3n de Brasil.<\/span><\/p>\n<p>Son seleccionados estudiantes de alto nivel acad\u00e9mico, la trayectoria de liderazgo y con alto potencial de impacto en sus pa\u00edses de origen.Estos profesionales tienen el intercambio cient\u00edfico y cultural a trav\u00e9s de la movilidad acad\u00e9mica, y regresan a sus pa\u00edses de origen con la misi\u00f3n de contribuir al desarrollo socioecon\u00f3mico de la sociedad en la que viven.<\/p>\n<pre id=\"tw-target-text\" class=\"tw-data-text tw-ta tw-text-small\">\r\n\r\n<\/pre>\n","protected":false},"excerpt":{"rendered":"<p>Intercambio de estudiantes UFRRJ recibe estudiantes extranjeros como parte de programas de movilidad y memorandos de cooperaci\u00f3n establecidos con otras universidades. Los [&hellip;]<\/p>\n","protected":false},"author":700,"featured_media":0,"parent":0,"menu_order":0,"comment_status":"closed","ping_status":"closed","template":"","meta":{"_acf_changed":false,"footnotes":"","_links_to":"","_links_to_target":""},"class_list":["post-2625","page","type-page","status-publish","hentry"],"yoast_head":"<!-- This site is optimized with the Yoast SEO plugin v27.2 - https:\/\/yoast.com\/product\/yoast-seo-wordpress\/ -->\n<title>\u00danete a la Rural - CORIN<\/title>\n<meta name=\"robots\" content=\"index, follow, max-snippet:-1, max-image-preview:large, max-video-preview:-1\" \/>\n<link rel=\"canonical\" href=\"https:\/\/institucional.ufrrj.br\/corin\/es\/unete-a-la-rural\/\" \/>\n<meta property=\"og:locale\" content=\"pt_BR\" \/>\n<meta property=\"og:type\" content=\"article\" \/>\n<meta property=\"og:title\" content=\"\u00danete a la Rural - CORIN\" \/>\n<meta property=\"og:description\" content=\"Intercambio de estudiantes UFRRJ recibe estudiantes extranjeros como parte de programas de movilidad y memorandos de cooperaci\u00f3n establecidos con otras universidades. Los [&hellip;]\" \/>\n<meta property=\"og:url\" content=\"https:\/\/institucional.ufrrj.br\/corin\/es\/unete-a-la-rural\/\" \/>\n<meta property=\"og:site_name\" content=\"CORIN\" \/>\n<meta name=\"twitter:card\" content=\"summary_large_image\" \/>\n<meta name=\"twitter:label1\" content=\"Est. tempo de leitura\" \/>\n\t<meta name=\"twitter:data1\" content=\"2 minutos\" \/>\n<script type=\"application\/ld+json\" class=\"yoast-schema-graph\">{\"@context\":\"https:\/\/schema.org\",\"@graph\":[{\"@type\":\"WebPage\",\"@id\":\"https:\/\/institucional.ufrrj.br\/corin\/es\/unete-a-la-rural\/\",\"url\":\"https:\/\/institucional.ufrrj.br\/corin\/es\/unete-a-la-rural\/\",\"name\":\"\u00danete a la Rural - CORIN\",\"isPartOf\":{\"@id\":\"https:\/\/institucional.ufrrj.br\/corin\/#website\"},\"datePublished\":\"2018-05-15T19:40:16+00:00\",\"breadcrumb\":{\"@id\":\"https:\/\/institucional.ufrrj.br\/corin\/es\/unete-a-la-rural\/#breadcrumb\"},\"inLanguage\":\"pt-BR\",\"potentialAction\":[{\"@type\":\"ReadAction\",\"target\":[\"https:\/\/institucional.ufrrj.br\/corin\/es\/unete-a-la-rural\/\"]}]},{\"@type\":\"BreadcrumbList\",\"@id\":\"https:\/\/institucional.ufrrj.br\/corin\/es\/unete-a-la-rural\/#breadcrumb\",\"itemListElement\":[{\"@type\":\"ListItem\",\"position\":1,\"name\":\"In\u00edcio\",\"item\":\"https:\/\/institucional.ufrrj.br\/corin\/\"},{\"@type\":\"ListItem\",\"position\":2,\"name\":\"\u00danete a la Rural\"}]},{\"@type\":\"WebSite\",\"@id\":\"https:\/\/institucional.ufrrj.br\/corin\/#website\",\"url\":\"https:\/\/institucional.ufrrj.br\/corin\/\",\"name\":\"CORIN\",\"description\":\"Coordenadoria de Rela\u00e7\u00f5es Internacionais e Interinstitucionais\",\"potentialAction\":[{\"@type\":\"SearchAction\",\"target\":{\"@type\":\"EntryPoint\",\"urlTemplate\":\"https:\/\/institucional.ufrrj.br\/corin\/?s={search_term_string}\"},\"query-input\":{\"@type\":\"PropertyValueSpecification\",\"valueRequired\":true,\"valueName\":\"search_term_string\"}}],\"inLanguage\":\"pt-BR\"}]}<\/script>\n<!-- \/ Yoast SEO plugin. -->","yoast_head_json":{"title":"\u00danete a la Rural - CORIN","robots":{"index":"index","follow":"follow","max-snippet":"max-snippet:-1","max-image-preview":"max-image-preview:large","max-video-preview":"max-video-preview:-1"},"canonical":"https:\/\/institucional.ufrrj.br\/corin\/es\/unete-a-la-rural\/","og_locale":"pt_BR","og_type":"article","og_title":"\u00danete a la Rural - CORIN","og_description":"Intercambio de estudiantes UFRRJ recibe estudiantes extranjeros como parte de programas de movilidad y memorandos de cooperaci\u00f3n establecidos con otras universidades. Los [&hellip;]","og_url":"https:\/\/institucional.ufrrj.br\/corin\/es\/unete-a-la-rural\/","og_site_name":"CORIN","twitter_card":"summary_large_image","twitter_misc":{"Est. tempo de leitura":"2 minutos"},"schema":{"@context":"https:\/\/schema.org","@graph":[{"@type":"WebPage","@id":"https:\/\/institucional.ufrrj.br\/corin\/es\/unete-a-la-rural\/","url":"https:\/\/institucional.ufrrj.br\/corin\/es\/unete-a-la-rural\/","name":"\u00danete a la Rural - CORIN","isPartOf":{"@id":"https:\/\/institucional.ufrrj.br\/corin\/#website"},"datePublished":"2018-05-15T19:40:16+00:00","breadcrumb":{"@id":"https:\/\/institucional.ufrrj.br\/corin\/es\/unete-a-la-rural\/#breadcrumb"},"inLanguage":"pt-BR","potentialAction":[{"@type":"ReadAction","target":["https:\/\/institucional.ufrrj.br\/corin\/es\/unete-a-la-rural\/"]}]},{"@type":"BreadcrumbList","@id":"https:\/\/institucional.ufrrj.br\/corin\/es\/unete-a-la-rural\/#breadcrumb","itemListElement":[{"@type":"ListItem","position":1,"name":"In\u00edcio","item":"https:\/\/institucional.ufrrj.br\/corin\/"},{"@type":"ListItem","position":2,"name":"\u00danete a la Rural"}]},{"@type":"WebSite","@id":"https:\/\/institucional.ufrrj.br\/corin\/#website","url":"https:\/\/institucional.ufrrj.br\/corin\/","name":"CORIN","description":"Coordenadoria de Rela\u00e7\u00f5es Internacionais e Interinstitucionais","potentialAction":[{"@type":"SearchAction","target":{"@type":"EntryPoint","urlTemplate":"https:\/\/institucional.ufrrj.br\/corin\/?s={search_term_string}"},"query-input":{"@type":"PropertyValueSpecification","valueRequired":true,"valueName":"search_term_string"}}],"inLanguage":"pt-BR"}]}},"acf":[],"_links":{"self":[{"href":"https:\/\/institucional.ufrrj.br\/corin\/wp-json\/wp\/v2\/pages\/2625","targetHints":{"allow":["GET"]}}],"collection":[{"href":"https:\/\/institucional.ufrrj.br\/corin\/wp-json\/wp\/v2\/pages"}],"about":[{"href":"https:\/\/institucional.ufrrj.br\/corin\/wp-json\/wp\/v2\/types\/page"}],"author":[{"embeddable":true,"href":"https:\/\/institucional.ufrrj.br\/corin\/wp-json\/wp\/v2\/users\/700"}],"replies":[{"embeddable":true,"href":"https:\/\/institucional.ufrrj.br\/corin\/wp-json\/wp\/v2\/comments?post=2625"}],"version-history":[{"count":2,"href":"https:\/\/institucional.ufrrj.br\/corin\/wp-json\/wp\/v2\/pages\/2625\/revisions"}],"predecessor-version":[{"id":2753,"href":"https:\/\/institucional.ufrrj.br\/corin\/wp-json\/wp\/v2\/pages\/2625\/revisions\/2753"}],"wp:attachment":[{"href":"https:\/\/institucional.ufrrj.br\/corin\/wp-json\/wp\/v2\/media?parent=2625"}],"curies":[{"name":"wp","href":"https:\/\/api.w.org\/{rel}","templated":true}]}}