{"id":2608,"date":"2018-05-15T18:59:50","date_gmt":"2018-05-15T18:59:50","guid":{"rendered":"http:\/\/institucional.ufrrj.br\/corin\/?page_id=2608"},"modified":"2018-05-15T19:08:20","modified_gmt":"2018-05-15T19:08:20","slug":"asociados","status":"publish","type":"page","link":"https:\/\/institucional.ufrrj.br\/corin\/en\/asociados\/","title":{"rendered":"Instituciones Asociadas"},"content":{"rendered":"<div class=\"container\">\n<div id=\"container\">\n<div class=\"row\">\n<div class=\"col-md-8\">\n<p><strong>ALEMANIA<\/strong><\/p>\n<p><a href=\"https:\/\/www.hu-berlin.de\/en\/\">Humboldt University<\/a><\/p>\n<p><a href=\"https:\/\/www.hs-karlsruhe.de\/\">Karlsruhe University of Applied Sciences<\/a><\/p>\n<p><strong>ANGOLA<\/strong><\/p>\n<p><a href=\"https:\/\/www.uan.ao\/\">Universidade Agricola Agostinho Neto<\/a><\/p>\n<p><strong>ARGENTINA<\/strong><\/p>\n<p><a href=\"http:\/\/www.uba.ar\/\">Universidad de Buenos Aires<\/a><\/p>\n<p><a href=\"http:\/\/www.ucasal.edu.ar\/\">Universidad Cat\u00f3lica de Salta<\/a><\/p>\n<p><a href=\"https:\/\/www.unrc.edu.ar\/\">Universidad Nacional de Rio Cuarto<\/a><\/p>\n<p><a href=\"https:\/\/www.unr.edu.ar\/\">Universidad Nacional de Rosario<\/a><\/p>\n<p><strong>CANAD\u00c1<\/strong><\/p>\n<p><a href=\"http:\/\/www.kpu.ca\/\">Kwantlen Polytechnic University<\/a><\/p>\n<p><a href=\"http:\/\/www.queensu.ca\/\">Queen\u2019s University<\/a><\/p>\n<p><a href=\"https:\/\/www.mcgill.ca\/\">McGill University<\/a><\/p>\n<p><strong>CHINA<\/strong><\/p>\n<p><a href=\"http:\/\/www.studyinjiangsu.org\/\">Jiangsu Polytechnic College of Agriculture and Forestry<\/a><\/p>\n<p><strong>COSTA RICA<\/strong><\/p>\n<p><a href=\"http:\/\/www.una.ac.cr\/\">Universidade Nacional de Costa Rica<\/a><\/p>\n<p><strong>CUBA<\/strong><\/p>\n<p><a href=\"https:\/\/www.unah.edu.cu\/\">Universidad Agraria de La Habana<\/a><\/p>\n<p><a href=\"http:\/\/www.upr.edu.cu\/\">Universidad de Pinar del R\u00edo\u00a0\u201cHermano Sa\u00edz Montes de Oca\u201d<\/a><\/p>\n<p><strong>ECUADOR<\/strong><\/p>\n<p><a href=\"http:\/\/www.espe.edu.ec\/\">Universidad de las Fuerzas Armadas<\/a><\/p>\n<p><strong>ESPA\u00d1A<\/strong><\/p>\n<p><a href=\"https:\/\/www.uclm.es\/\">Universidad de Castilla-La\u00a0Mancha<\/a><\/p>\n<p><a href=\"http:\/\/www.udl.es\/\">Universidad de Lleida<\/a><\/p>\n<p><a href=\"http:\/\/www.usal.es\/\">Universidad de Salamanca<\/a><\/p>\n<p><strong>ESTADOS UNIDOS<\/strong><\/p>\n<p><a href=\"https:\/\/www.ashland.edu\/\">Ashland University<\/a><\/p>\n<p><a href=\"https:\/\/www.byu.edu\/\">Brigham Young University<\/a><\/p>\n<p><a href=\"https:\/\/www.columbia.edu\/\">Columbia University<\/a><\/p>\n<p><a href=\"https:\/\/www.duke.edu\/\">Duke University<\/a><\/p>\n<p><a href=\"https:\/\/www.georgetowncollege.edu\/\">Georgetown College<\/a><\/p>\n<p><a href=\"http:\/\/www.qc.cuny.edu\/\">Queens College\u00a0of the\u00a0City University of New York<\/a><\/p>\n<p><a href=\"http:\/\/www.subr.edu\/\">Southern University\u00a0and A&amp;M College<\/a><\/p>\n<p><a href=\"https:\/\/www.ku.edu\/\">University of Kansas<\/a><\/p>\n<p><a href=\"https:\/\/www.umd.edu\/\">University of Maryland<\/a><\/p>\n<p><strong>FRANCIA<\/strong><\/p>\n<p class=\"r\"><a href=\"http:\/\/www.marseille.archi.fr\/\">\u00c9cole Nationale Sup\u00e9rieure d\u2019Architecture de Marseille<\/a><\/p>\n<p><a href=\"https:\/\/www.univ-paris-diderot.fr\/\">Universit\u00e9 Paris Diderot<\/a><\/p>\n<p><strong>ITALIA<\/strong><\/p>\n<p><a href=\"https:\/\/www.polimi.it\/\">Politecnico di Milano<\/a><\/p>\n<p><a href=\"http:\/\/www.unibo.it\/\">Universita di Bologna<\/a><\/p>\n<p><strong>JAMAICA<\/strong><\/p>\n<p><a href=\"http:\/\/www.uwi.edu\/\">University of the West Indies<\/a><\/p>\n<p><strong>M\u00c9XICO<\/strong><\/p>\n<p><a href=\"http:\/\/www.itsvc.edu.mx\/\">Instituto Tecnol\u00f3gico Superior de Venustiano Carranza<\/a><\/p>\n<p><strong>MOZAMBIQUE<\/strong><\/p>\n<p><a href=\"http:\/\/www.uem.mz\/\">Universidade Eduardo Mondlane<\/a><\/p>\n<p><a href=\"http:\/\/www.unilurio.ac.mz\/\">Universidade L\u00fario<\/a><\/p>\n<p><strong>PER\u00da<\/strong><\/p>\n<p><a href=\"http:\/\/www.uncp.edu.pe\/\">Universidad Nacional del Centro<\/a><\/p>\n<p><a href=\"http:\/\/www.unamad.edu.pe\/\">Universidad Nacional Amaz\u00f3nica de Madre de Dios<\/a><\/p>\n<p><strong>PORTUGAL<\/strong><\/p>\n<p><a href=\"http:\/\/www.esb.ucp.pt\/\">Escola Superior\u00a0de\u00a0Biotecnologia\u00a0da\u00a0Universidade Cat\u00f3lica Portuguesa<\/a><\/p>\n<p><a href=\"https:\/\/www.ualg.pt\/\">Universidade de Algarve<\/a><\/p>\n<p><a href=\"http:\/\/www.ubi.pt\/\">Universidade de Beira Interior<\/a><\/p>\n<p><a href=\"http:\/\/www.uc.pt\/\">Universidade de Coimbra<\/a><\/p>\n<p><a href=\"https:\/\/www.ulisboa.pt\/\">Universidade de Lisboa<\/a><\/p>\n<p><a href=\"https:\/\/www.uminho.pt\/\">Universidade de Minho<\/a><\/p>\n<p><a href=\"http:\/\/www.up.pt\/\">Universidade do Porto<\/a><\/p>\n<p><a href=\"https:\/\/www.utad.pt\/\">Universidade de Tr\u00e1s-os-Montes e Alto Douro<\/a><\/p>\n<p><strong>URUGUAY<\/strong><\/p>\n<p><a href=\"http:\/\/www.universidad.edu.uy\/\">Universidad de la Rep\u00fablica de Uruguay<\/a><\/p>\n<p><strong>VENEZUELA<\/strong><\/p>\n<p><a href=\"http:\/\/www.luz.edu.ve\/\">Universidad del Zulia<\/a><\/p>\n<\/div>\n<div id=\"col-noticia\" class=\"col-md-4\">\n<div id=\"linknoticia\" class=\"media\">\n<div class=\"media-left\"><\/div>\n<div class=\"media-body\">\n<h6 class=\"tags\">08\/05\/2018 &#8211; 19:00<\/h6>\n<h5 class=\"media-heading\"><a title=\"Projetos conjuntos entre Brasil e Alemanha recebem at\u00e9 R$ 200 mil\" href=\"https:\/\/institucional.ufrrj.br\/corin\/projetos-conjuntos-entre-brasil-e-alemanha-recebem-ate-r-200-mil\/\">Projetos conjuntos entre Brasil e Alemanha recebem at\u00e9 R$ 200 mil<\/a><\/h5>\n<\/div>\n<\/div>\n<hr \/>\n<div id=\"linknoticia\" class=\"media\">\n<div class=\"media-left\"><\/div>\n<div class=\"media-body\">\n<h6 class=\"tags\">08\/05\/2018 &#8211; 18:58<\/h6>\n<h5 class=\"media-heading\"><a title=\"CAPES patrocina vinda de pesquisadores de alto n\u00edvel para o Brasil\" href=\"https:\/\/institucional.ufrrj.br\/corin\/capes-patrocina-vinda-de-pesquisadores-de-alto-nivel-para-o-brasil\/\">CAPES patrocina vinda de pesquisadores de alto n\u00edvel para o Brasil<\/a><\/h5>\n<\/div>\n<\/div>\n<hr \/>\n<div id=\"linknoticia\" class=\"media\">\n<div class=\"media-left\"><\/div>\n<div class=\"media-body\">\n<h6 class=\"tags\">13\/12\/2017 &#8211; 14:25<\/h6>\n<h5 class=\"media-heading\"><a title=\"Entre no site do Forinter 2017 para acessar as fotos do evento e os certificados de participa\u00e7\u00e3o\" href=\"https:\/\/institucional.ufrrj.br\/corin\/entre-no-site-do-forinter-2017-para-acessar-as-fotos-do-evento-e-os-certificados-de-participacao\/\">Entre no site do Forinter 2017 para acessar as fotos do evento e os certificados de participa\u00e7\u00e3o<\/a><\/h5>\n<\/div>\n<\/div>\n<hr \/>\n<div id=\"linknoticia\" class=\"media\">\n<div class=\"media-left\"><\/div>\n<div class=\"media-body\">\n<h6 class=\"tags\">13\/12\/2017 &#8211; 14:20<\/h6>\n<h5 class=\"media-heading\"><a title=\"Reitoria e Corin inauguram a nova casa de h\u00f3spedes da UFRRJ\" href=\"https:\/\/institucional.ufrrj.br\/corin\/reitoria-e-corin-inauguram-a-nova-casa-de-hospedes-da-ufrrj\/\">Reitoria e Corin inauguram a nova casa de h\u00f3spedes da UFRRJ<\/a><\/h5>\n<\/div>\n<\/div>\n<hr \/>\n<p align=\"right\"><i class=\"fa fa-plus-circle\"><\/i>\u00a0<a title=\"Ver mais not\u00edcias\" href=\"https:\/\/institucional.ufrrj.br\/corin\/noticias\/\">not\u00edcias<\/a><\/p>\n<\/div>\n<\/div>\n<\/div>\n<div class=\"clearfix\"><\/div>\n<div id=\"wpadminbar\" class=\"\">\n<p><a class=\"screen-reader-shortcut\" href=\"https:\/\/institucional.ufrrj.br\/corin\/parcerias\/#wp-toolbar\">Pular para a barra de ferramentas<\/a><\/p>\n<div id=\"wp-toolbar\" class=\"quicklinks\" role=\"navigation\">\n<ul id=\"wp-admin-bar-root-default\" class=\"ab-top-menu\">\n<li id=\"wp-admin-bar-wp-logo\" class=\"menupop\"><a class=\"ab-item\" href=\"https:\/\/institucional.ufrrj.br\/corin\/wp-admin\/about.php\"><span class=\"screen-reader-text\">Sobre o WordPress<\/span><\/a><\/li>\n<li id=\"wp-admin-bar-my-sites\" class=\"menupop\"><a class=\"ab-item\" href=\"https:\/\/institucional.ufrrj.br\/corin\/wp-admin\/my-sites.php\">Meus sites<\/a><\/li>\n<li id=\"wp-admin-bar-site-name\" class=\"menupop\"><a class=\"ab-item\" href=\"https:\/\/institucional.ufrrj.br\/corin\/wp-admin\/\">CORIN<\/a><\/li>\n<li id=\"wp-admin-bar-customize\" class=\"hide-if-no-customize\"><a class=\"ab-item\" href=\"https:\/\/institucional.ufrrj.br\/corin\/wp-admin\/customize.php?url=http%3A%2F%2Finstitucional.ufrrj.br%2Fcorin%2Fparcerias%2F\">Personalizar<\/a><\/li>\n<li id=\"wp-admin-bar-comments\"><a class=\"ab-item\" href=\"https:\/\/institucional.ufrrj.br\/corin\/wp-admin\/edit-comments.php\"><span class=\"ab-label awaiting-mod pending-count count-1\">1<\/span><span class=\"screen-reader-text\">1 coment\u00e1rio aguarda modera\u00e7\u00e3o<\/span><\/a><\/li>\n<li id=\"wp-admin-bar-new-content\" class=\"menupop\"><a class=\"ab-item\" href=\"https:\/\/institucional.ufrrj.br\/corin\/wp-admin\/post-new.php\"><span class=\"ab-label\">Novo<\/span><\/a><\/li>\n<li id=\"wp-admin-bar-edit\"><a class=\"ab-item\" href=\"https:\/\/institucional.ufrrj.br\/corin\/wp-admin\/post.php?post=1342&amp;action=edit\">Editar p\u00e1gina<\/a><\/li>\n<\/ul>\n<ul id=\"wp-admin-bar-top-secondary\" class=\"ab-top-secondary ab-top-menu\">\n<li id=\"wp-admin-bar-search\" class=\"admin-bar-search\">\n<div class=\"ab-item ab-empty-item\">\n<form id=\"adminbarsearch\" action=\"https:\/\/institucional.ufrrj.br\/corin\/\" method=\"get\"><label class=\"screen-reader-text\" for=\"adminbar-search\">Pesquisar<\/label><\/form>\n<\/div>\n<\/li>\n<li id=\"wp-admin-bar-my-account\" class=\"menupop with-avatar\"><a class=\"ab-item\" href=\"https:\/\/institucional.ufrrj.br\/corin\/wp-admin\/profile.php\">Ol\u00e1,\u00a0<span class=\"display-name\">shana<\/span><img loading=\"lazy\" decoding=\"async\" class=\"avatar avatar-26 photo\" src=\"http:\/\/0.gravatar.com\/avatar\/666abe738230279324716448e59cdf56?s=26&amp;d=mm&amp;r=g\" alt=\"\" width=\"26\" height=\"26\" \/><\/a><\/li>\n<\/ul>\n<\/div>\n<p><a class=\"screen-reader-shortcut\" href=\"https:\/\/institucional.ufrrj.br\/corin\/wp-login.php?itsec-hb-token=painel&amp;action=logout&amp;_wpnonce=1aa89da37e\">Sair<\/a><\/p>\n<\/div>\n<\/div>\n<div id=\"footer\">\n<div class=\"container\">\n<div class=\"row\">\n<div class=\"col-md-4 portfolio-item\"><\/div>\n<div class=\"col-md-4 portfolio-item\"><\/div>\n<\/div>\n<\/div>\n<\/div>\n","protected":false},"excerpt":{"rendered":"<p>ALEMANIA Humboldt University Karlsruhe University of Applied Sciences ANGOLA Universidade Agricola Agostinho Neto ARGENTINA Universidad de Buenos Aires Universidad Cat\u00f3lica de Salta [&hellip;]<\/p>\n","protected":false},"author":700,"featured_media":0,"parent":0,"menu_order":0,"comment_status":"closed","ping_status":"closed","template":"","meta":{"_acf_changed":false,"footnotes":"","_links_to":"","_links_to_target":""},"class_list":["post-2608","page","type-page","status-publish","hentry"],"yoast_head":"<!-- This site is optimized with the Yoast SEO plugin v27.2 - https:\/\/yoast.com\/product\/yoast-seo-wordpress\/ -->\n<title>Instituciones Asociadas - CORIN<\/title>\n<meta name=\"robots\" content=\"index, follow, max-snippet:-1, max-image-preview:large, max-video-preview:-1\" \/>\n<link rel=\"canonical\" href=\"https:\/\/institucional.ufrrj.br\/corin\/en\/asociados\/\" \/>\n<meta property=\"og:locale\" content=\"pt_BR\" \/>\n<meta property=\"og:type\" content=\"article\" \/>\n<meta property=\"og:title\" content=\"Instituciones Asociadas - CORIN\" \/>\n<meta property=\"og:description\" content=\"ALEMANIA Humboldt University Karlsruhe University of Applied Sciences ANGOLA Universidade Agricola Agostinho Neto ARGENTINA Universidad de Buenos Aires Universidad Cat\u00f3lica de Salta [&hellip;]\" \/>\n<meta property=\"og:url\" content=\"https:\/\/institucional.ufrrj.br\/corin\/en\/asociados\/\" \/>\n<meta property=\"og:site_name\" content=\"CORIN\" \/>\n<meta property=\"article:modified_time\" content=\"2018-05-15T19:08:20+00:00\" \/>\n<meta property=\"og:image\" content=\"http:\/\/0.gravatar.com\/avatar\/666abe738230279324716448e59cdf56?s=26&amp;d=mm&amp;r=g\" \/>\n<meta name=\"twitter:card\" content=\"summary_large_image\" \/>\n<meta name=\"twitter:label1\" content=\"Est. tempo de leitura\" \/>\n\t<meta name=\"twitter:data1\" content=\"2 minutos\" \/>\n<script type=\"application\/ld+json\" class=\"yoast-schema-graph\">{\"@context\":\"https:\/\/schema.org\",\"@graph\":[{\"@type\":\"WebPage\",\"@id\":\"https:\/\/institucional.ufrrj.br\/corin\/en\/asociados\/\",\"url\":\"https:\/\/institucional.ufrrj.br\/corin\/en\/asociados\/\",\"name\":\"Instituciones Asociadas - CORIN\",\"isPartOf\":{\"@id\":\"https:\/\/institucional.ufrrj.br\/corin\/#website\"},\"primaryImageOfPage\":{\"@id\":\"https:\/\/institucional.ufrrj.br\/corin\/en\/asociados\/#primaryimage\"},\"image\":{\"@id\":\"https:\/\/institucional.ufrrj.br\/corin\/en\/asociados\/#primaryimage\"},\"thumbnailUrl\":\"http:\/\/0.gravatar.com\/avatar\/666abe738230279324716448e59cdf56?s=26&amp;d=mm&amp;r=g\",\"datePublished\":\"2018-05-15T18:59:50+00:00\",\"dateModified\":\"2018-05-15T19:08:20+00:00\",\"breadcrumb\":{\"@id\":\"https:\/\/institucional.ufrrj.br\/corin\/en\/asociados\/#breadcrumb\"},\"inLanguage\":\"pt-BR\",\"potentialAction\":[{\"@type\":\"ReadAction\",\"target\":[\"https:\/\/institucional.ufrrj.br\/corin\/en\/asociados\/\"]}]},{\"@type\":\"ImageObject\",\"inLanguage\":\"pt-BR\",\"@id\":\"https:\/\/institucional.ufrrj.br\/corin\/en\/asociados\/#primaryimage\",\"url\":\"http:\/\/0.gravatar.com\/avatar\/666abe738230279324716448e59cdf56?s=26&amp;d=mm&amp;r=g\",\"contentUrl\":\"http:\/\/0.gravatar.com\/avatar\/666abe738230279324716448e59cdf56?s=26&amp;d=mm&amp;r=g\"},{\"@type\":\"BreadcrumbList\",\"@id\":\"https:\/\/institucional.ufrrj.br\/corin\/en\/asociados\/#breadcrumb\",\"itemListElement\":[{\"@type\":\"ListItem\",\"position\":1,\"name\":\"In\u00edcio\",\"item\":\"https:\/\/institucional.ufrrj.br\/corin\/\"},{\"@type\":\"ListItem\",\"position\":2,\"name\":\"Instituciones Asociadas\"}]},{\"@type\":\"WebSite\",\"@id\":\"https:\/\/institucional.ufrrj.br\/corin\/#website\",\"url\":\"https:\/\/institucional.ufrrj.br\/corin\/\",\"name\":\"CORIN\",\"description\":\"Coordenadoria de Rela\u00e7\u00f5es Internacionais e Interinstitucionais\",\"potentialAction\":[{\"@type\":\"SearchAction\",\"target\":{\"@type\":\"EntryPoint\",\"urlTemplate\":\"https:\/\/institucional.ufrrj.br\/corin\/?s={search_term_string}\"},\"query-input\":{\"@type\":\"PropertyValueSpecification\",\"valueRequired\":true,\"valueName\":\"search_term_string\"}}],\"inLanguage\":\"pt-BR\"}]}<\/script>\n<!-- \/ Yoast SEO plugin. -->","yoast_head_json":{"title":"Instituciones Asociadas - CORIN","robots":{"index":"index","follow":"follow","max-snippet":"max-snippet:-1","max-image-preview":"max-image-preview:large","max-video-preview":"max-video-preview:-1"},"canonical":"https:\/\/institucional.ufrrj.br\/corin\/en\/asociados\/","og_locale":"pt_BR","og_type":"article","og_title":"Instituciones Asociadas - CORIN","og_description":"ALEMANIA Humboldt University Karlsruhe University of Applied Sciences ANGOLA Universidade Agricola Agostinho Neto ARGENTINA Universidad de Buenos Aires Universidad Cat\u00f3lica de Salta [&hellip;]","og_url":"https:\/\/institucional.ufrrj.br\/corin\/en\/asociados\/","og_site_name":"CORIN","article_modified_time":"2018-05-15T19:08:20+00:00","og_image":[{"url":"http:\/\/0.gravatar.com\/avatar\/666abe738230279324716448e59cdf56?s=26&amp;d=mm&amp;r=g","type":"","width":"","height":""}],"twitter_card":"summary_large_image","twitter_misc":{"Est. tempo de leitura":"2 minutos"},"schema":{"@context":"https:\/\/schema.org","@graph":[{"@type":"WebPage","@id":"https:\/\/institucional.ufrrj.br\/corin\/en\/asociados\/","url":"https:\/\/institucional.ufrrj.br\/corin\/en\/asociados\/","name":"Instituciones Asociadas - CORIN","isPartOf":{"@id":"https:\/\/institucional.ufrrj.br\/corin\/#website"},"primaryImageOfPage":{"@id":"https:\/\/institucional.ufrrj.br\/corin\/en\/asociados\/#primaryimage"},"image":{"@id":"https:\/\/institucional.ufrrj.br\/corin\/en\/asociados\/#primaryimage"},"thumbnailUrl":"http:\/\/0.gravatar.com\/avatar\/666abe738230279324716448e59cdf56?s=26&amp;d=mm&amp;r=g","datePublished":"2018-05-15T18:59:50+00:00","dateModified":"2018-05-15T19:08:20+00:00","breadcrumb":{"@id":"https:\/\/institucional.ufrrj.br\/corin\/en\/asociados\/#breadcrumb"},"inLanguage":"pt-BR","potentialAction":[{"@type":"ReadAction","target":["https:\/\/institucional.ufrrj.br\/corin\/en\/asociados\/"]}]},{"@type":"ImageObject","inLanguage":"pt-BR","@id":"https:\/\/institucional.ufrrj.br\/corin\/en\/asociados\/#primaryimage","url":"http:\/\/0.gravatar.com\/avatar\/666abe738230279324716448e59cdf56?s=26&amp;d=mm&amp;r=g","contentUrl":"http:\/\/0.gravatar.com\/avatar\/666abe738230279324716448e59cdf56?s=26&amp;d=mm&amp;r=g"},{"@type":"BreadcrumbList","@id":"https:\/\/institucional.ufrrj.br\/corin\/en\/asociados\/#breadcrumb","itemListElement":[{"@type":"ListItem","position":1,"name":"In\u00edcio","item":"https:\/\/institucional.ufrrj.br\/corin\/"},{"@type":"ListItem","position":2,"name":"Instituciones Asociadas"}]},{"@type":"WebSite","@id":"https:\/\/institucional.ufrrj.br\/corin\/#website","url":"https:\/\/institucional.ufrrj.br\/corin\/","name":"CORIN","description":"Coordenadoria de Rela\u00e7\u00f5es Internacionais e Interinstitucionais","potentialAction":[{"@type":"SearchAction","target":{"@type":"EntryPoint","urlTemplate":"https:\/\/institucional.ufrrj.br\/corin\/?s={search_term_string}"},"query-input":{"@type":"PropertyValueSpecification","valueRequired":true,"valueName":"search_term_string"}}],"inLanguage":"pt-BR"}]}},"acf":[],"_links":{"self":[{"href":"https:\/\/institucional.ufrrj.br\/corin\/wp-json\/wp\/v2\/pages\/2608","targetHints":{"allow":["GET"]}}],"collection":[{"href":"https:\/\/institucional.ufrrj.br\/corin\/wp-json\/wp\/v2\/pages"}],"about":[{"href":"https:\/\/institucional.ufrrj.br\/corin\/wp-json\/wp\/v2\/types\/page"}],"author":[{"embeddable":true,"href":"https:\/\/institucional.ufrrj.br\/corin\/wp-json\/wp\/v2\/users\/700"}],"replies":[{"embeddable":true,"href":"https:\/\/institucional.ufrrj.br\/corin\/wp-json\/wp\/v2\/comments?post=2608"}],"version-history":[{"count":5,"href":"https:\/\/institucional.ufrrj.br\/corin\/wp-json\/wp\/v2\/pages\/2608\/revisions"}],"predecessor-version":[{"id":2620,"href":"https:\/\/institucional.ufrrj.br\/corin\/wp-json\/wp\/v2\/pages\/2608\/revisions\/2620"}],"wp:attachment":[{"href":"https:\/\/institucional.ufrrj.br\/corin\/wp-json\/wp\/v2\/media?parent=2608"}],"curies":[{"name":"wp","href":"https:\/\/api.w.org\/{rel}","templated":true}]}}