{"id":2591,"date":"2018-05-27T15:45:40","date_gmt":"2018-05-27T15:45:40","guid":{"rendered":"http:\/\/institucional.ufrrj.br\/corin\/?page_id=2591"},"modified":"2018-05-27T15:45:40","modified_gmt":"2018-05-27T15:45:40","slug":"politica-institucional-de-internacionalizacion","status":"publish","type":"page","link":"https:\/\/institucional.ufrrj.br\/corin\/es\/quienes-somos\/politica-institucional-de-internacionalizacion\/","title":{"rendered":"Pol\u00edtica Institucional de Internacionalizaci\u00f3n"},"content":{"rendered":"<p>Adem\u00e1s de incluir un amplio campo de acciones, la internacionalizaci\u00f3n es un proceso din\u00e1mico que abarca la ense\u00f1anza, la investigaci\u00f3n y las actividades de extensi\u00f3n. Adem\u00e1s, es una herramienta que permite que la educaci\u00f3n superior responda a las necesidades y desaf\u00edos de una sociedad globalizada. Por lo tanto, en este contexto, la internacionalizaci\u00f3n significa movilidad de personas y conocimiento.<\/p>\n<p>De esta manera, la UFRRJ entiende la cooperaci\u00f3n internacional, basada en la solidaridad y la igualdad, como un instrumento para superar las desigualdades entre las personas y las instituciones, as\u00ed como para poder construir una sociedad mejor. La internacionalizaci\u00f3n tambi\u00e9n es fundamental para la consolidaci\u00f3n y expansi\u00f3n de la universidad y para el desarrollo sostenible de nuestro pa\u00eds en el contexto global. Institucionalmente, la internacionalizaci\u00f3n es una pol\u00edtica <em>multicampi<\/em> que abarca, de manera equitativa, a toda la comunidad universitaria y a todas las \u00e1reas de conocimiento representadas por los cursos de pregrado y postgrado. En este sentido, la universidad definio un conjunto de acciones para orientar el proceso de internacionalizaci\u00f3n en el pr\u00f3ximo cuatrienio.<\/p>\n<p>Durante los pr\u00f3ximos cuatro a\u00f1os, se implementar\u00e1n varias acciones a trav\u00e9s de proyectos espec\u00edficos presentados por los institutos y decanatos involucrados, con el apoyo y asesoramiento de la Coordinaci\u00f3n de Relaciones Internacionales e Interinstitucionales (CORIN). Estas acciones se considerar\u00e1n prioritarias y pretenden crear los cimientos de la internacionalizaci\u00f3n en la UFRRJ. Con el cumplimiento de estos objetivos, la UFRRJ espera, hasta 2020, aumentar su grado de internacionalizaci\u00f3n organizando y estableciendo bases s\u00f3lidas para la continuidad de este proceso, adem\u00e1s de, finalmente, hacer que la internacionalizaci\u00f3n sea parte de la pol\u00edtica administrativa y fuertemente insertada en las actividades de investigaci\u00f3n, ense\u00f1anza y extensi\u00f3n.<\/p>\n","protected":false},"excerpt":{"rendered":"<p>Adem\u00e1s de incluir un amplio campo de acciones, la internacionalizaci\u00f3n es un proceso din\u00e1mico que abarca la ense\u00f1anza, la investigaci\u00f3n y las [&hellip;]<\/p>\n","protected":false},"author":700,"featured_media":0,"parent":2583,"menu_order":0,"comment_status":"open","ping_status":"closed","template":"","meta":{"_acf_changed":false,"footnotes":"","_links_to":"","_links_to_target":""},"class_list":["post-2591","page","type-page","status-publish","hentry"],"yoast_head":"<!-- This site is optimized with the Yoast SEO plugin v27.2 - https:\/\/yoast.com\/product\/yoast-seo-wordpress\/ -->\n<title>Pol\u00edtica Institucional de Internacionalizaci\u00f3n - CORIN<\/title>\n<meta name=\"robots\" content=\"index, follow, max-snippet:-1, max-image-preview:large, max-video-preview:-1\" \/>\n<link rel=\"canonical\" href=\"https:\/\/institucional.ufrrj.br\/corin\/es\/quienes-somos\/politica-institucional-de-internacionalizacion\/\" \/>\n<meta property=\"og:locale\" content=\"pt_BR\" \/>\n<meta property=\"og:type\" content=\"article\" \/>\n<meta property=\"og:title\" content=\"Pol\u00edtica Institucional de Internacionalizaci\u00f3n - CORIN\" \/>\n<meta property=\"og:description\" content=\"Adem\u00e1s de incluir un amplio campo de acciones, la internacionalizaci\u00f3n es un proceso din\u00e1mico que abarca la ense\u00f1anza, la investigaci\u00f3n y las [&hellip;]\" \/>\n<meta property=\"og:url\" content=\"https:\/\/institucional.ufrrj.br\/corin\/es\/quienes-somos\/politica-institucional-de-internacionalizacion\/\" \/>\n<meta property=\"og:site_name\" content=\"CORIN\" \/>\n<meta name=\"twitter:card\" content=\"summary_large_image\" \/>\n<meta name=\"twitter:label1\" content=\"Est. tempo de leitura\" \/>\n\t<meta name=\"twitter:data1\" content=\"2 minutos\" \/>\n<script type=\"application\/ld+json\" class=\"yoast-schema-graph\">{\"@context\":\"https:\/\/schema.org\",\"@graph\":[{\"@type\":\"WebPage\",\"@id\":\"https:\/\/institucional.ufrrj.br\/corin\/es\/quienes-somos\/politica-institucional-de-internacionalizacion\/\",\"url\":\"https:\/\/institucional.ufrrj.br\/corin\/es\/quienes-somos\/politica-institucional-de-internacionalizacion\/\",\"name\":\"Pol\u00edtica Institucional de Internacionalizaci\u00f3n - CORIN\",\"isPartOf\":{\"@id\":\"https:\/\/institucional.ufrrj.br\/corin\/#website\"},\"datePublished\":\"2018-05-27T15:45:40+00:00\",\"breadcrumb\":{\"@id\":\"https:\/\/institucional.ufrrj.br\/corin\/es\/quienes-somos\/politica-institucional-de-internacionalizacion\/#breadcrumb\"},\"inLanguage\":\"pt-BR\",\"potentialAction\":[{\"@type\":\"ReadAction\",\"target\":[\"https:\/\/institucional.ufrrj.br\/corin\/es\/quienes-somos\/politica-institucional-de-internacionalizacion\/\"]}]},{\"@type\":\"BreadcrumbList\",\"@id\":\"https:\/\/institucional.ufrrj.br\/corin\/es\/quienes-somos\/politica-institucional-de-internacionalizacion\/#breadcrumb\",\"itemListElement\":[{\"@type\":\"ListItem\",\"position\":1,\"name\":\"In\u00edcio\",\"item\":\"https:\/\/institucional.ufrrj.br\/corin\/\"},{\"@type\":\"ListItem\",\"position\":2,\"name\":\"Quienes somos?\",\"item\":\"https:\/\/institucional.ufrrj.br\/corin\/es\/quienes-somos\/\"},{\"@type\":\"ListItem\",\"position\":3,\"name\":\"Pol\u00edtica Institucional de Internacionalizaci\u00f3n\"}]},{\"@type\":\"WebSite\",\"@id\":\"https:\/\/institucional.ufrrj.br\/corin\/#website\",\"url\":\"https:\/\/institucional.ufrrj.br\/corin\/\",\"name\":\"CORIN\",\"description\":\"Coordenadoria de Rela\u00e7\u00f5es Internacionais e Interinstitucionais\",\"potentialAction\":[{\"@type\":\"SearchAction\",\"target\":{\"@type\":\"EntryPoint\",\"urlTemplate\":\"https:\/\/institucional.ufrrj.br\/corin\/?s={search_term_string}\"},\"query-input\":{\"@type\":\"PropertyValueSpecification\",\"valueRequired\":true,\"valueName\":\"search_term_string\"}}],\"inLanguage\":\"pt-BR\"}]}<\/script>\n<!-- \/ Yoast SEO plugin. -->","yoast_head_json":{"title":"Pol\u00edtica Institucional de Internacionalizaci\u00f3n - CORIN","robots":{"index":"index","follow":"follow","max-snippet":"max-snippet:-1","max-image-preview":"max-image-preview:large","max-video-preview":"max-video-preview:-1"},"canonical":"https:\/\/institucional.ufrrj.br\/corin\/es\/quienes-somos\/politica-institucional-de-internacionalizacion\/","og_locale":"pt_BR","og_type":"article","og_title":"Pol\u00edtica Institucional de Internacionalizaci\u00f3n - CORIN","og_description":"Adem\u00e1s de incluir un amplio campo de acciones, la internacionalizaci\u00f3n es un proceso din\u00e1mico que abarca la ense\u00f1anza, la investigaci\u00f3n y las [&hellip;]","og_url":"https:\/\/institucional.ufrrj.br\/corin\/es\/quienes-somos\/politica-institucional-de-internacionalizacion\/","og_site_name":"CORIN","twitter_card":"summary_large_image","twitter_misc":{"Est. tempo de leitura":"2 minutos"},"schema":{"@context":"https:\/\/schema.org","@graph":[{"@type":"WebPage","@id":"https:\/\/institucional.ufrrj.br\/corin\/es\/quienes-somos\/politica-institucional-de-internacionalizacion\/","url":"https:\/\/institucional.ufrrj.br\/corin\/es\/quienes-somos\/politica-institucional-de-internacionalizacion\/","name":"Pol\u00edtica Institucional de Internacionalizaci\u00f3n - CORIN","isPartOf":{"@id":"https:\/\/institucional.ufrrj.br\/corin\/#website"},"datePublished":"2018-05-27T15:45:40+00:00","breadcrumb":{"@id":"https:\/\/institucional.ufrrj.br\/corin\/es\/quienes-somos\/politica-institucional-de-internacionalizacion\/#breadcrumb"},"inLanguage":"pt-BR","potentialAction":[{"@type":"ReadAction","target":["https:\/\/institucional.ufrrj.br\/corin\/es\/quienes-somos\/politica-institucional-de-internacionalizacion\/"]}]},{"@type":"BreadcrumbList","@id":"https:\/\/institucional.ufrrj.br\/corin\/es\/quienes-somos\/politica-institucional-de-internacionalizacion\/#breadcrumb","itemListElement":[{"@type":"ListItem","position":1,"name":"In\u00edcio","item":"https:\/\/institucional.ufrrj.br\/corin\/"},{"@type":"ListItem","position":2,"name":"Quienes somos?","item":"https:\/\/institucional.ufrrj.br\/corin\/es\/quienes-somos\/"},{"@type":"ListItem","position":3,"name":"Pol\u00edtica Institucional de Internacionalizaci\u00f3n"}]},{"@type":"WebSite","@id":"https:\/\/institucional.ufrrj.br\/corin\/#website","url":"https:\/\/institucional.ufrrj.br\/corin\/","name":"CORIN","description":"Coordenadoria de Rela\u00e7\u00f5es Internacionais e Interinstitucionais","potentialAction":[{"@type":"SearchAction","target":{"@type":"EntryPoint","urlTemplate":"https:\/\/institucional.ufrrj.br\/corin\/?s={search_term_string}"},"query-input":{"@type":"PropertyValueSpecification","valueRequired":true,"valueName":"search_term_string"}}],"inLanguage":"pt-BR"}]}},"acf":[],"_links":{"self":[{"href":"https:\/\/institucional.ufrrj.br\/corin\/wp-json\/wp\/v2\/pages\/2591","targetHints":{"allow":["GET"]}}],"collection":[{"href":"https:\/\/institucional.ufrrj.br\/corin\/wp-json\/wp\/v2\/pages"}],"about":[{"href":"https:\/\/institucional.ufrrj.br\/corin\/wp-json\/wp\/v2\/types\/page"}],"author":[{"embeddable":true,"href":"https:\/\/institucional.ufrrj.br\/corin\/wp-json\/wp\/v2\/users\/700"}],"replies":[{"embeddable":true,"href":"https:\/\/institucional.ufrrj.br\/corin\/wp-json\/wp\/v2\/comments?post=2591"}],"version-history":[{"count":1,"href":"https:\/\/institucional.ufrrj.br\/corin\/wp-json\/wp\/v2\/pages\/2591\/revisions"}],"predecessor-version":[{"id":2592,"href":"https:\/\/institucional.ufrrj.br\/corin\/wp-json\/wp\/v2\/pages\/2591\/revisions\/2592"}],"up":[{"embeddable":true,"href":"https:\/\/institucional.ufrrj.br\/corin\/wp-json\/wp\/v2\/pages\/2583"}],"wp:attachment":[{"href":"https:\/\/institucional.ufrrj.br\/corin\/wp-json\/wp\/v2\/media?parent=2591"}],"curies":[{"name":"wp","href":"https:\/\/api.w.org\/{rel}","templated":true}]}}