{"id":2583,"date":"2018-05-15T15:45:37","date_gmt":"2018-05-15T15:45:37","guid":{"rendered":"http:\/\/institucional.ufrrj.br\/corin\/?page_id=2583"},"modified":"2018-05-27T15:26:38","modified_gmt":"2018-05-27T15:26:38","slug":"quienes-somos","status":"publish","type":"page","link":"https:\/\/institucional.ufrrj.br\/corin\/es\/quienes-somos\/","title":{"rendered":"Quienes somos?"},"content":{"rendered":"<p><strong>MISI\u00d3N<\/strong><\/p>\n<p>La Coordinaci\u00f3n de Relaciones Internacionales e Interinstitucionales (CORIN) es el \u00f3rgano de la Administraci\u00f3n Central responsable de la coordinaci\u00f3n, supervisi\u00f3n, asesoramiento y prestaci\u00f3n de soporte operacional a la celebraci\u00f3n de acuerdos de cooperaci\u00f3n con otras instituciones, con el objetivo de promover la integraci\u00f3n y \/ o la internacionalizaci\u00f3n de las acciones de ense\u00f1anza, investigaci\u00f3n y extensi\u00f3n y el intercambio cient\u00edfico y cultural. La integraci\u00f3n y \/ o la internacionalizaci\u00f3n con otras instituciones abarcan la movilidad acad\u00e9mica y t\u00e9cnica de Profesores, t\u00e9cnicos administrativos y discentes.<\/p>\n<p>Corin es as\u00ed la puerta de entrada, en lo que se refiere a la efectivaci\u00f3n de acuerdos que contribuyan con la formaci\u00f3n y el crecimiento de estudiantes, docentes y personal t\u00e9cnico-administrativo de la UFRRJ.<\/p>\n<p>Por lo tanto, tiene la misi\u00f3n de ejecutar la pol\u00edtica de relaci\u00f3n acad\u00e9mica y de internacionalizaci\u00f3n de la UFRRJ, estimulando a la comunidad acad\u00e9mica a establecer intercambios t\u00e9cnico-cient\u00edficos y culturales para el desarrollo institucional y regional.<\/p>\n","protected":false},"excerpt":{"rendered":"<p>MISI\u00d3N La Coordinaci\u00f3n de Relaciones Internacionales e Interinstitucionales (CORIN) es el \u00f3rgano de la Administraci\u00f3n Central responsable de la coordinaci\u00f3n, supervisi\u00f3n, asesoramiento [&hellip;]<\/p>\n","protected":false},"author":700,"featured_media":0,"parent":0,"menu_order":0,"comment_status":"open","ping_status":"open","template":"","meta":{"_acf_changed":false,"footnotes":"","_links_to":"","_links_to_target":""},"class_list":["post-2583","page","type-page","status-publish","hentry"],"yoast_head":"<!-- This site is optimized with the Yoast SEO plugin v27.2 - https:\/\/yoast.com\/product\/yoast-seo-wordpress\/ -->\n<title>Quienes somos? - CORIN<\/title>\n<meta name=\"robots\" content=\"index, follow, max-snippet:-1, max-image-preview:large, max-video-preview:-1\" \/>\n<link rel=\"canonical\" href=\"https:\/\/institucional.ufrrj.br\/corin\/es\/quienes-somos\/\" \/>\n<meta property=\"og:locale\" content=\"pt_BR\" \/>\n<meta property=\"og:type\" content=\"article\" \/>\n<meta property=\"og:title\" content=\"Quienes somos? - CORIN\" \/>\n<meta property=\"og:description\" content=\"MISI\u00d3N La Coordinaci\u00f3n de Relaciones Internacionales e Interinstitucionales (CORIN) es el \u00f3rgano de la Administraci\u00f3n Central responsable de la coordinaci\u00f3n, supervisi\u00f3n, asesoramiento [&hellip;]\" \/>\n<meta property=\"og:url\" content=\"https:\/\/institucional.ufrrj.br\/corin\/es\/quienes-somos\/\" \/>\n<meta property=\"og:site_name\" content=\"CORIN\" \/>\n<meta property=\"article:modified_time\" content=\"2018-05-27T15:26:38+00:00\" \/>\n<meta name=\"twitter:card\" content=\"summary_large_image\" \/>\n<meta name=\"twitter:label1\" content=\"Est. tempo de leitura\" \/>\n\t<meta name=\"twitter:data1\" content=\"1 minuto\" \/>\n<script type=\"application\/ld+json\" class=\"yoast-schema-graph\">{\"@context\":\"https:\/\/schema.org\",\"@graph\":[{\"@type\":\"WebPage\",\"@id\":\"https:\/\/institucional.ufrrj.br\/corin\/es\/quienes-somos\/\",\"url\":\"https:\/\/institucional.ufrrj.br\/corin\/es\/quienes-somos\/\",\"name\":\"Quienes somos? - CORIN\",\"isPartOf\":{\"@id\":\"https:\/\/institucional.ufrrj.br\/corin\/#website\"},\"datePublished\":\"2018-05-15T15:45:37+00:00\",\"dateModified\":\"2018-05-27T15:26:38+00:00\",\"breadcrumb\":{\"@id\":\"https:\/\/institucional.ufrrj.br\/corin\/es\/quienes-somos\/#breadcrumb\"},\"inLanguage\":\"pt-BR\",\"potentialAction\":[{\"@type\":\"ReadAction\",\"target\":[\"https:\/\/institucional.ufrrj.br\/corin\/es\/quienes-somos\/\"]}]},{\"@type\":\"BreadcrumbList\",\"@id\":\"https:\/\/institucional.ufrrj.br\/corin\/es\/quienes-somos\/#breadcrumb\",\"itemListElement\":[{\"@type\":\"ListItem\",\"position\":1,\"name\":\"In\u00edcio\",\"item\":\"https:\/\/institucional.ufrrj.br\/corin\/\"},{\"@type\":\"ListItem\",\"position\":2,\"name\":\"Quienes somos?\"}]},{\"@type\":\"WebSite\",\"@id\":\"https:\/\/institucional.ufrrj.br\/corin\/#website\",\"url\":\"https:\/\/institucional.ufrrj.br\/corin\/\",\"name\":\"CORIN\",\"description\":\"Coordenadoria de Rela\u00e7\u00f5es Internacionais e Interinstitucionais\",\"potentialAction\":[{\"@type\":\"SearchAction\",\"target\":{\"@type\":\"EntryPoint\",\"urlTemplate\":\"https:\/\/institucional.ufrrj.br\/corin\/?s={search_term_string}\"},\"query-input\":{\"@type\":\"PropertyValueSpecification\",\"valueRequired\":true,\"valueName\":\"search_term_string\"}}],\"inLanguage\":\"pt-BR\"}]}<\/script>\n<!-- \/ Yoast SEO plugin. -->","yoast_head_json":{"title":"Quienes somos? - CORIN","robots":{"index":"index","follow":"follow","max-snippet":"max-snippet:-1","max-image-preview":"max-image-preview:large","max-video-preview":"max-video-preview:-1"},"canonical":"https:\/\/institucional.ufrrj.br\/corin\/es\/quienes-somos\/","og_locale":"pt_BR","og_type":"article","og_title":"Quienes somos? - CORIN","og_description":"MISI\u00d3N La Coordinaci\u00f3n de Relaciones Internacionales e Interinstitucionales (CORIN) es el \u00f3rgano de la Administraci\u00f3n Central responsable de la coordinaci\u00f3n, supervisi\u00f3n, asesoramiento [&hellip;]","og_url":"https:\/\/institucional.ufrrj.br\/corin\/es\/quienes-somos\/","og_site_name":"CORIN","article_modified_time":"2018-05-27T15:26:38+00:00","twitter_card":"summary_large_image","twitter_misc":{"Est. tempo de leitura":"1 minuto"},"schema":{"@context":"https:\/\/schema.org","@graph":[{"@type":"WebPage","@id":"https:\/\/institucional.ufrrj.br\/corin\/es\/quienes-somos\/","url":"https:\/\/institucional.ufrrj.br\/corin\/es\/quienes-somos\/","name":"Quienes somos? - CORIN","isPartOf":{"@id":"https:\/\/institucional.ufrrj.br\/corin\/#website"},"datePublished":"2018-05-15T15:45:37+00:00","dateModified":"2018-05-27T15:26:38+00:00","breadcrumb":{"@id":"https:\/\/institucional.ufrrj.br\/corin\/es\/quienes-somos\/#breadcrumb"},"inLanguage":"pt-BR","potentialAction":[{"@type":"ReadAction","target":["https:\/\/institucional.ufrrj.br\/corin\/es\/quienes-somos\/"]}]},{"@type":"BreadcrumbList","@id":"https:\/\/institucional.ufrrj.br\/corin\/es\/quienes-somos\/#breadcrumb","itemListElement":[{"@type":"ListItem","position":1,"name":"In\u00edcio","item":"https:\/\/institucional.ufrrj.br\/corin\/"},{"@type":"ListItem","position":2,"name":"Quienes somos?"}]},{"@type":"WebSite","@id":"https:\/\/institucional.ufrrj.br\/corin\/#website","url":"https:\/\/institucional.ufrrj.br\/corin\/","name":"CORIN","description":"Coordenadoria de Rela\u00e7\u00f5es Internacionais e Interinstitucionais","potentialAction":[{"@type":"SearchAction","target":{"@type":"EntryPoint","urlTemplate":"https:\/\/institucional.ufrrj.br\/corin\/?s={search_term_string}"},"query-input":{"@type":"PropertyValueSpecification","valueRequired":true,"valueName":"search_term_string"}}],"inLanguage":"pt-BR"}]}},"acf":[],"_links":{"self":[{"href":"https:\/\/institucional.ufrrj.br\/corin\/wp-json\/wp\/v2\/pages\/2583","targetHints":{"allow":["GET"]}}],"collection":[{"href":"https:\/\/institucional.ufrrj.br\/corin\/wp-json\/wp\/v2\/pages"}],"about":[{"href":"https:\/\/institucional.ufrrj.br\/corin\/wp-json\/wp\/v2\/types\/page"}],"author":[{"embeddable":true,"href":"https:\/\/institucional.ufrrj.br\/corin\/wp-json\/wp\/v2\/users\/700"}],"replies":[{"embeddable":true,"href":"https:\/\/institucional.ufrrj.br\/corin\/wp-json\/wp\/v2\/comments?post=2583"}],"version-history":[{"count":3,"href":"https:\/\/institucional.ufrrj.br\/corin\/wp-json\/wp\/v2\/pages\/2583\/revisions"}],"predecessor-version":[{"id":2739,"href":"https:\/\/institucional.ufrrj.br\/corin\/wp-json\/wp\/v2\/pages\/2583\/revisions\/2739"}],"wp:attachment":[{"href":"https:\/\/institucional.ufrrj.br\/corin\/wp-json\/wp\/v2\/media?parent=2583"}],"curies":[{"name":"wp","href":"https:\/\/api.w.org\/{rel}","templated":true}]}}