{"id":2451,"date":"2018-05-04T15:57:12","date_gmt":"2018-05-04T15:57:12","guid":{"rendered":"http:\/\/institucional.ufrrj.br\/corin\/?page_id=2451"},"modified":"2018-05-04T16:13:30","modified_gmt":"2018-05-04T16:13:30","slug":"discover-rural-2","status":"publish","type":"page","link":"https:\/\/institucional.ufrrj.br\/corin\/discover-rural-2\/","title":{"rendered":"Discover Rural!"},"content":{"rendered":"<p class=\"font_0\"><strong>Rural at a Glance<\/strong><\/p>\n<div id=\"comp-jf1gv1c2\" class=\"txtNew\">\n<p class=\"font_0\">The Federal Rural University of Rio de Janeiro (UFRRJ), located in Rio de Janeiro state, originated from the College of Agriculture and Veterinary Medicine (ESAMV) ,1910. Rural has four campi \u2013 Serop\u00e9dica, Nova Igua\u00e7u (IM), Campos dos Goytacazes (CCG) and Tr\u00eas Rios (ITR). The University has around 15,000 students attending in one of the\u00a056 undergraduate\u00a0programs\u00a0and approximately 2,000 students registered in its 41 graduate programs.<\/p>\n<\/div>\n<div id=\"comp-jf1gu619\" class=\"txtNew\">\n<p><img loading=\"lazy\" decoding=\"async\" class=\"\" src=\"https:\/\/static.wixstatic.com\/media\/476cd2_2807b7aaddaf414eaa6e1166ac9792fc~mv2.jpg\/v1\/crop\/x_14,y_141,w_966,h_417\/fill\/w_267,h_115,al_c,q_80,usm_0.66_1.00_0.01\/476cd2_2807b7aaddaf414eaa6e1166ac9792fc~mv2.webp\" width=\"339\" height=\"146\" \/><img loading=\"lazy\" decoding=\"async\" class=\"\" src=\"https:\/\/static.wixstatic.com\/media\/476cd2_e656235fce4c4484817bc3d23619c920~mv2.jpg\/v1\/crop\/x_0,y_0,w_704,h_300\/fill\/w_338,h_144,al_c,q_80,usm_0.66_1.00_0.01\/476cd2_e656235fce4c4484817bc3d23619c920~mv2.webp\" alt=\"IM\" width=\"345\" height=\"147\" \/><\/p>\n<p><img loading=\"lazy\" decoding=\"async\" class=\"\" src=\"https:\/\/static.wixstatic.com\/media\/476cd2_db5845c2d2884c4ba95d30467be47403~mv2.jpg\/v1\/crop\/x_3,y_0,w_704,h_380\/fill\/w_267,h_144,al_c,q_80,usm_0.66_1.00_0.01\/476cd2_db5845c2d2884c4ba95d30467be47403~mv2.webp\" width=\"319\" height=\"172\" \/><img loading=\"lazy\" decoding=\"async\" class=\"\" src=\"https:\/\/static.wixstatic.com\/media\/476cd2_3b58675b867f48a2bae38ad0dcccd152~mv2.jpg\/v1\/fill\/w_258,h_144,al_c,q_80,usm_0.66_1.00_0.01\/476cd2_3b58675b867f48a2bae38ad0dcccd152~mv2.webp\" width=\"314\" height=\"175\" \/><\/p>\n<div id=\"comp-jf1h0ima\" class=\"txtNew\">\n<p class=\"font_0\"><strong>Where is RURAL?<\/strong><\/p>\n<\/div>\n<div id=\"comp-jf1ihjje\" class=\"txtNew\">\n<p class=\"font_7\">Rural is located in Rio de Janeiro state, at a metropolitan area named Baixada Fluminense and it\u00a0is very near to Costa Verde. That region is one of the most exotic and beautiful areas in Rio de Janeiro state, being one of the hotspots of Atlantic Forest Biodiversity.<\/p>\n<div id=\"comp-jf1idvht\" class=\"txtNew\">\n<p class=\"font_0\"><strong>Architecture<\/strong><\/p>\n<\/div>\n<div id=\"comp-jf1ijben\" class=\"txtNew\">\n<p class=\"font_7\">Rural is considered one of the most beautiful university\u00a0campuses in Brazil. Its buildings architecture combined with its impressive flora are\u00a0a perfect match to give you an amazing landscape to study. Furthermore, the main Campus at Serop\u00e9dica is the largest campus in Latin America (3.024 hectares).<\/p>\n<p><img decoding=\"async\" src=\"https:\/\/static.wixstatic.com\/media\/476cd2_4e92bb577d72435abc91baad36836eaf~mv2.jpg\/v1\/fill\/w_257,h_193,al_c,q_80,usm_0.66_1.00_0.01\/476cd2_4e92bb577d72435abc91baad36836eaf~mv2.webp\" \/><img loading=\"lazy\" decoding=\"async\" class=\"\" src=\"https:\/\/static.wixstatic.com\/media\/476cd2_76da5da6e4f14b51bda49106f51a1f0a~mv2.jpg\/v1\/crop\/x_0,y_86,w_665,h_282\/fill\/w_377,h_157,al_c,q_80,usm_0.66_1.00_0.01\/476cd2_76da5da6e4f14b51bda49106f51a1f0a~mv2.webp\" width=\"487\" height=\"203\" \/><\/p>\n<div id=\"comp-jf1htpeo\" class=\"txtNew\">\n<p class=\"font_0\"><strong>Outside of Rio\u00a0<\/strong><\/p>\n<\/div>\n<div id=\"comp-jf1iio8v\" class=\"txtNew\">\n<p class=\"font_7\">Is it\u00a0hard to get to the University since it is not located in the capital? not at all. Even though the campus being far from Rio de Janeiro state, Rural is linked to one of the most important Highways (BR465), which allows you to easily\u00a0reach its buildings\/facilities.<\/p>\n<p><img decoding=\"async\" src=\"https:\/\/static.wixstatic.com\/media\/476cd2_f39d477b34f44d5fbe0f93467835de1e~mv2.png\/v1\/crop\/x_0,y_0,w_489,h_297\/fill\/w_437,h_265,al_c,usm_0.66_1.00_0.01\/476cd2_f39d477b34f44d5fbe0f93467835de1e~mv2.png\" \/><img decoding=\"async\" src=\"https:\/\/static.wixstatic.com\/media\/476cd2_98285237ef294ca08bcee5f8b34a20e5~mv2_d_2560_1232_s_2.jpg\/v1\/crop\/x_274,y_0,w_2286,h_1232\/fill\/w_342,h_184,al_c,q_80,usm_0.66_1.00_0.01\/476cd2_98285237ef294ca08bcee5f8b34a20e5~mv2_d_2560_1232_s_2.webp\" \/><\/p>\n<\/div>\n<p>&nbsp;<\/p>\n<p>&nbsp;<\/p>\n<\/div>\n<\/div>\n<\/div>\n","protected":false},"excerpt":{"rendered":"<p>Rural at a Glance The Federal Rural University of Rio de Janeiro (UFRRJ), located in Rio de Janeiro state, originated from the [&hellip;]<\/p>\n","protected":false},"author":700,"featured_media":0,"parent":0,"menu_order":0,"comment_status":"closed","ping_status":"closed","template":"","meta":{"_acf_changed":false,"footnotes":"","_links_to":"","_links_to_target":""},"class_list":["post-2451","page","type-page","status-publish","hentry"],"yoast_head":"<!-- This site is optimized with the Yoast SEO plugin v27.2 - https:\/\/yoast.com\/product\/yoast-seo-wordpress\/ -->\n<title>Discover Rural! - CORIN<\/title>\n<meta name=\"robots\" content=\"index, follow, max-snippet:-1, max-image-preview:large, max-video-preview:-1\" \/>\n<link rel=\"canonical\" href=\"https:\/\/institucional.ufrrj.br\/corin\/discover-rural-2\/\" \/>\n<meta property=\"og:locale\" content=\"pt_BR\" \/>\n<meta property=\"og:type\" content=\"article\" \/>\n<meta property=\"og:title\" content=\"Discover Rural! - CORIN\" \/>\n<meta property=\"og:description\" content=\"Rural at a Glance The Federal Rural University of Rio de Janeiro (UFRRJ), located in Rio de Janeiro state, originated from the [&hellip;]\" \/>\n<meta property=\"og:url\" content=\"https:\/\/institucional.ufrrj.br\/corin\/discover-rural-2\/\" \/>\n<meta property=\"og:site_name\" content=\"CORIN\" \/>\n<meta property=\"article:modified_time\" content=\"2018-05-04T16:13:30+00:00\" \/>\n<meta property=\"og:image\" content=\"https:\/\/static.wixstatic.com\/media\/476cd2_2807b7aaddaf414eaa6e1166ac9792fc~mv2.jpg\/v1\/crop\/x_14,y_141,w_966,h_417\/fill\/w_267,h_115,al_c,q_80,usm_0.66_1.00_0.01\/476cd2_2807b7aaddaf414eaa6e1166ac9792fc~mv2.webp\" \/>\n<meta name=\"twitter:card\" content=\"summary_large_image\" \/>\n<meta name=\"twitter:label1\" content=\"Est. tempo de leitura\" \/>\n\t<meta name=\"twitter:data1\" content=\"1 minuto\" \/>\n<script type=\"application\/ld+json\" class=\"yoast-schema-graph\">{\"@context\":\"https:\/\/schema.org\",\"@graph\":[{\"@type\":\"WebPage\",\"@id\":\"https:\/\/institucional.ufrrj.br\/corin\/discover-rural-2\/\",\"url\":\"https:\/\/institucional.ufrrj.br\/corin\/discover-rural-2\/\",\"name\":\"Discover Rural! - CORIN\",\"isPartOf\":{\"@id\":\"https:\/\/institucional.ufrrj.br\/corin\/#website\"},\"primaryImageOfPage\":{\"@id\":\"https:\/\/institucional.ufrrj.br\/corin\/discover-rural-2\/#primaryimage\"},\"image\":{\"@id\":\"https:\/\/institucional.ufrrj.br\/corin\/discover-rural-2\/#primaryimage\"},\"thumbnailUrl\":\"https:\/\/static.wixstatic.com\/media\/476cd2_2807b7aaddaf414eaa6e1166ac9792fc~mv2.jpg\/v1\/crop\/x_14,y_141,w_966,h_417\/fill\/w_267,h_115,al_c,q_80,usm_0.66_1.00_0.01\/476cd2_2807b7aaddaf414eaa6e1166ac9792fc~mv2.webp\",\"datePublished\":\"2018-05-04T15:57:12+00:00\",\"dateModified\":\"2018-05-04T16:13:30+00:00\",\"breadcrumb\":{\"@id\":\"https:\/\/institucional.ufrrj.br\/corin\/discover-rural-2\/#breadcrumb\"},\"inLanguage\":\"pt-BR\",\"potentialAction\":[{\"@type\":\"ReadAction\",\"target\":[\"https:\/\/institucional.ufrrj.br\/corin\/discover-rural-2\/\"]}]},{\"@type\":\"ImageObject\",\"inLanguage\":\"pt-BR\",\"@id\":\"https:\/\/institucional.ufrrj.br\/corin\/discover-rural-2\/#primaryimage\",\"url\":\"https:\/\/static.wixstatic.com\/media\/476cd2_2807b7aaddaf414eaa6e1166ac9792fc~mv2.jpg\/v1\/crop\/x_14,y_141,w_966,h_417\/fill\/w_267,h_115,al_c,q_80,usm_0.66_1.00_0.01\/476cd2_2807b7aaddaf414eaa6e1166ac9792fc~mv2.webp\",\"contentUrl\":\"https:\/\/static.wixstatic.com\/media\/476cd2_2807b7aaddaf414eaa6e1166ac9792fc~mv2.jpg\/v1\/crop\/x_14,y_141,w_966,h_417\/fill\/w_267,h_115,al_c,q_80,usm_0.66_1.00_0.01\/476cd2_2807b7aaddaf414eaa6e1166ac9792fc~mv2.webp\"},{\"@type\":\"BreadcrumbList\",\"@id\":\"https:\/\/institucional.ufrrj.br\/corin\/discover-rural-2\/#breadcrumb\",\"itemListElement\":[{\"@type\":\"ListItem\",\"position\":1,\"name\":\"In\u00edcio\",\"item\":\"https:\/\/institucional.ufrrj.br\/corin\/\"},{\"@type\":\"ListItem\",\"position\":2,\"name\":\"Discover Rural!\"}]},{\"@type\":\"WebSite\",\"@id\":\"https:\/\/institucional.ufrrj.br\/corin\/#website\",\"url\":\"https:\/\/institucional.ufrrj.br\/corin\/\",\"name\":\"CORIN\",\"description\":\"Coordenadoria de Rela\u00e7\u00f5es Internacionais e Interinstitucionais\",\"potentialAction\":[{\"@type\":\"SearchAction\",\"target\":{\"@type\":\"EntryPoint\",\"urlTemplate\":\"https:\/\/institucional.ufrrj.br\/corin\/?s={search_term_string}\"},\"query-input\":{\"@type\":\"PropertyValueSpecification\",\"valueRequired\":true,\"valueName\":\"search_term_string\"}}],\"inLanguage\":\"pt-BR\"}]}<\/script>\n<!-- \/ Yoast SEO plugin. -->","yoast_head_json":{"title":"Discover Rural! - CORIN","robots":{"index":"index","follow":"follow","max-snippet":"max-snippet:-1","max-image-preview":"max-image-preview:large","max-video-preview":"max-video-preview:-1"},"canonical":"https:\/\/institucional.ufrrj.br\/corin\/discover-rural-2\/","og_locale":"pt_BR","og_type":"article","og_title":"Discover Rural! - CORIN","og_description":"Rural at a Glance The Federal Rural University of Rio de Janeiro (UFRRJ), located in Rio de Janeiro state, originated from the [&hellip;]","og_url":"https:\/\/institucional.ufrrj.br\/corin\/discover-rural-2\/","og_site_name":"CORIN","article_modified_time":"2018-05-04T16:13:30+00:00","og_image":[{"url":"https:\/\/static.wixstatic.com\/media\/476cd2_2807b7aaddaf414eaa6e1166ac9792fc~mv2.jpg\/v1\/crop\/x_14,y_141,w_966,h_417\/fill\/w_267,h_115,al_c,q_80,usm_0.66_1.00_0.01\/476cd2_2807b7aaddaf414eaa6e1166ac9792fc~mv2.webp","type":"","width":"","height":""}],"twitter_card":"summary_large_image","twitter_misc":{"Est. tempo de leitura":"1 minuto"},"schema":{"@context":"https:\/\/schema.org","@graph":[{"@type":"WebPage","@id":"https:\/\/institucional.ufrrj.br\/corin\/discover-rural-2\/","url":"https:\/\/institucional.ufrrj.br\/corin\/discover-rural-2\/","name":"Discover Rural! - CORIN","isPartOf":{"@id":"https:\/\/institucional.ufrrj.br\/corin\/#website"},"primaryImageOfPage":{"@id":"https:\/\/institucional.ufrrj.br\/corin\/discover-rural-2\/#primaryimage"},"image":{"@id":"https:\/\/institucional.ufrrj.br\/corin\/discover-rural-2\/#primaryimage"},"thumbnailUrl":"https:\/\/static.wixstatic.com\/media\/476cd2_2807b7aaddaf414eaa6e1166ac9792fc~mv2.jpg\/v1\/crop\/x_14,y_141,w_966,h_417\/fill\/w_267,h_115,al_c,q_80,usm_0.66_1.00_0.01\/476cd2_2807b7aaddaf414eaa6e1166ac9792fc~mv2.webp","datePublished":"2018-05-04T15:57:12+00:00","dateModified":"2018-05-04T16:13:30+00:00","breadcrumb":{"@id":"https:\/\/institucional.ufrrj.br\/corin\/discover-rural-2\/#breadcrumb"},"inLanguage":"pt-BR","potentialAction":[{"@type":"ReadAction","target":["https:\/\/institucional.ufrrj.br\/corin\/discover-rural-2\/"]}]},{"@type":"ImageObject","inLanguage":"pt-BR","@id":"https:\/\/institucional.ufrrj.br\/corin\/discover-rural-2\/#primaryimage","url":"https:\/\/static.wixstatic.com\/media\/476cd2_2807b7aaddaf414eaa6e1166ac9792fc~mv2.jpg\/v1\/crop\/x_14,y_141,w_966,h_417\/fill\/w_267,h_115,al_c,q_80,usm_0.66_1.00_0.01\/476cd2_2807b7aaddaf414eaa6e1166ac9792fc~mv2.webp","contentUrl":"https:\/\/static.wixstatic.com\/media\/476cd2_2807b7aaddaf414eaa6e1166ac9792fc~mv2.jpg\/v1\/crop\/x_14,y_141,w_966,h_417\/fill\/w_267,h_115,al_c,q_80,usm_0.66_1.00_0.01\/476cd2_2807b7aaddaf414eaa6e1166ac9792fc~mv2.webp"},{"@type":"BreadcrumbList","@id":"https:\/\/institucional.ufrrj.br\/corin\/discover-rural-2\/#breadcrumb","itemListElement":[{"@type":"ListItem","position":1,"name":"In\u00edcio","item":"https:\/\/institucional.ufrrj.br\/corin\/"},{"@type":"ListItem","position":2,"name":"Discover Rural!"}]},{"@type":"WebSite","@id":"https:\/\/institucional.ufrrj.br\/corin\/#website","url":"https:\/\/institucional.ufrrj.br\/corin\/","name":"CORIN","description":"Coordenadoria de Rela\u00e7\u00f5es Internacionais e Interinstitucionais","potentialAction":[{"@type":"SearchAction","target":{"@type":"EntryPoint","urlTemplate":"https:\/\/institucional.ufrrj.br\/corin\/?s={search_term_string}"},"query-input":{"@type":"PropertyValueSpecification","valueRequired":true,"valueName":"search_term_string"}}],"inLanguage":"pt-BR"}]}},"acf":[],"_links":{"self":[{"href":"https:\/\/institucional.ufrrj.br\/corin\/wp-json\/wp\/v2\/pages\/2451","targetHints":{"allow":["GET"]}}],"collection":[{"href":"https:\/\/institucional.ufrrj.br\/corin\/wp-json\/wp\/v2\/pages"}],"about":[{"href":"https:\/\/institucional.ufrrj.br\/corin\/wp-json\/wp\/v2\/types\/page"}],"author":[{"embeddable":true,"href":"https:\/\/institucional.ufrrj.br\/corin\/wp-json\/wp\/v2\/users\/700"}],"replies":[{"embeddable":true,"href":"https:\/\/institucional.ufrrj.br\/corin\/wp-json\/wp\/v2\/comments?post=2451"}],"version-history":[{"count":8,"href":"https:\/\/institucional.ufrrj.br\/corin\/wp-json\/wp\/v2\/pages\/2451\/revisions"}],"predecessor-version":[{"id":2459,"href":"https:\/\/institucional.ufrrj.br\/corin\/wp-json\/wp\/v2\/pages\/2451\/revisions\/2459"}],"wp:attachment":[{"href":"https:\/\/institucional.ufrrj.br\/corin\/wp-json\/wp\/v2\/media?parent=2451"}],"curies":[{"name":"wp","href":"https:\/\/api.w.org\/{rel}","templated":true}]}}