{"id":2252,"date":"2017-10-30T12:06:38","date_gmt":"2017-10-30T12:06:38","guid":{"rendered":"http:\/\/institucional.ufrrj.br\/corin\/?page_id=2252"},"modified":"2017-12-13T14:18:02","modified_gmt":"2017-12-13T14:18:02","slug":"noticias","status":"publish","type":"page","link":"https:\/\/institucional.ufrrj.br\/corin\/noticias\/","title":{"rendered":"Not\u00edcias"},"content":{"rendered":"<p><strong>Reitoria e Corin inauguram a nova casa de h\u00f3spedes da UFRRJ<\/strong><\/p>\n<p><img decoding=\"async\" src=\"https:\/\/portal.ufrrj.br\/wp-content\/uploads\/2017\/11\/casa-de-hospedes-300x200.jpg\" \/><\/p>\n<p>A Reitoria e a Coordenadoria de Rela\u00e7\u00f5es Internacionais (Corin) da UFRRJ inauguraram, na manh\u00e3 desta quarta-feira (29), a Casa de H\u00f3spedes Professor Laerte Grisi, em Serop\u00e9dica. Na apresenta\u00e7\u00e3o das instala\u00e7\u00f5es, estiveram presentes o Reitor Ricardo Berbara, o coordenador da Corin J\u00f3se Luis Luque, o professor do Instituto de Veterin\u00e1ria F\u00e1bio Scott, o Pr\u00f3-reitor de Extens\u00e3o Roberto L\u00e9lis.<\/p>\n<p>A casa est\u00e1 aberta para receber docentes, pesquisadores e t\u00e9cnicos nacionais e estrangeiros, que estejam a trabalho na Universidade. O nome dado ao local homenageia Laerte Grisi, falecido em 2014, que foi professor do Instituto de Veterin\u00e1ria.<\/p>\n<p>Texto e foto: Matheus Britto\/CCS<\/p>\n","protected":false},"excerpt":{"rendered":"<p>Reitoria e Corin inauguram a nova casa de h\u00f3spedes da UFRRJ A Reitoria e a Coordenadoria de Rela\u00e7\u00f5es Internacionais (Corin) da UFRRJ [&hellip;]<\/p>\n","protected":false},"author":634,"featured_media":0,"parent":0,"menu_order":0,"comment_status":"closed","ping_status":"closed","template":"","meta":{"_acf_changed":false,"footnotes":"","_links_to":"","_links_to_target":""},"class_list":["post-2252","page","type-page","status-publish","hentry"],"yoast_head":"<!-- This site is optimized with the Yoast SEO plugin v27.2 - https:\/\/yoast.com\/product\/yoast-seo-wordpress\/ -->\n<title>Not\u00edcias - CORIN<\/title>\n<meta name=\"robots\" content=\"index, follow, max-snippet:-1, max-image-preview:large, max-video-preview:-1\" \/>\n<link rel=\"canonical\" href=\"https:\/\/institucional.ufrrj.br\/corin\/noticias\/\" \/>\n<meta property=\"og:locale\" content=\"pt_BR\" \/>\n<meta property=\"og:type\" content=\"article\" \/>\n<meta property=\"og:title\" content=\"Not\u00edcias - CORIN\" \/>\n<meta property=\"og:description\" content=\"Reitoria e Corin inauguram a nova casa de h\u00f3spedes da UFRRJ A Reitoria e a Coordenadoria de Rela\u00e7\u00f5es Internacionais (Corin) da UFRRJ [&hellip;]\" \/>\n<meta property=\"og:url\" content=\"https:\/\/institucional.ufrrj.br\/corin\/noticias\/\" \/>\n<meta property=\"og:site_name\" content=\"CORIN\" \/>\n<meta property=\"article:modified_time\" content=\"2017-12-13T14:18:02+00:00\" \/>\n<meta property=\"og:image\" content=\"https:\/\/portal.ufrrj.br\/wp-content\/uploads\/2017\/11\/casa-de-hospedes-300x200.jpg\" \/>\n<meta name=\"twitter:card\" content=\"summary_large_image\" \/>\n<meta name=\"twitter:label1\" content=\"Est. tempo de leitura\" \/>\n\t<meta name=\"twitter:data1\" content=\"1 minuto\" \/>\n<script type=\"application\/ld+json\" class=\"yoast-schema-graph\">{\"@context\":\"https:\/\/schema.org\",\"@graph\":[{\"@type\":\"WebPage\",\"@id\":\"https:\/\/institucional.ufrrj.br\/corin\/noticias\/\",\"url\":\"https:\/\/institucional.ufrrj.br\/corin\/noticias\/\",\"name\":\"Not\u00edcias - CORIN\",\"isPartOf\":{\"@id\":\"https:\/\/institucional.ufrrj.br\/corin\/#website\"},\"primaryImageOfPage\":{\"@id\":\"https:\/\/institucional.ufrrj.br\/corin\/noticias\/#primaryimage\"},\"image\":{\"@id\":\"https:\/\/institucional.ufrrj.br\/corin\/noticias\/#primaryimage\"},\"thumbnailUrl\":\"https:\/\/portal.ufrrj.br\/wp-content\/uploads\/2017\/11\/casa-de-hospedes-300x200.jpg\",\"datePublished\":\"2017-10-30T12:06:38+00:00\",\"dateModified\":\"2017-12-13T14:18:02+00:00\",\"breadcrumb\":{\"@id\":\"https:\/\/institucional.ufrrj.br\/corin\/noticias\/#breadcrumb\"},\"inLanguage\":\"pt-BR\",\"potentialAction\":[{\"@type\":\"ReadAction\",\"target\":[\"https:\/\/institucional.ufrrj.br\/corin\/noticias\/\"]}]},{\"@type\":\"ImageObject\",\"inLanguage\":\"pt-BR\",\"@id\":\"https:\/\/institucional.ufrrj.br\/corin\/noticias\/#primaryimage\",\"url\":\"https:\/\/portal.ufrrj.br\/wp-content\/uploads\/2017\/11\/casa-de-hospedes-300x200.jpg\",\"contentUrl\":\"https:\/\/portal.ufrrj.br\/wp-content\/uploads\/2017\/11\/casa-de-hospedes-300x200.jpg\"},{\"@type\":\"BreadcrumbList\",\"@id\":\"https:\/\/institucional.ufrrj.br\/corin\/noticias\/#breadcrumb\",\"itemListElement\":[{\"@type\":\"ListItem\",\"position\":1,\"name\":\"In\u00edcio\",\"item\":\"https:\/\/institucional.ufrrj.br\/corin\/\"},{\"@type\":\"ListItem\",\"position\":2,\"name\":\"Not\u00edcias\"}]},{\"@type\":\"WebSite\",\"@id\":\"https:\/\/institucional.ufrrj.br\/corin\/#website\",\"url\":\"https:\/\/institucional.ufrrj.br\/corin\/\",\"name\":\"CORIN\",\"description\":\"Coordenadoria de Rela\u00e7\u00f5es Internacionais e Interinstitucionais\",\"potentialAction\":[{\"@type\":\"SearchAction\",\"target\":{\"@type\":\"EntryPoint\",\"urlTemplate\":\"https:\/\/institucional.ufrrj.br\/corin\/?s={search_term_string}\"},\"query-input\":{\"@type\":\"PropertyValueSpecification\",\"valueRequired\":true,\"valueName\":\"search_term_string\"}}],\"inLanguage\":\"pt-BR\"}]}<\/script>\n<!-- \/ Yoast SEO plugin. -->","yoast_head_json":{"title":"Not\u00edcias - CORIN","robots":{"index":"index","follow":"follow","max-snippet":"max-snippet:-1","max-image-preview":"max-image-preview:large","max-video-preview":"max-video-preview:-1"},"canonical":"https:\/\/institucional.ufrrj.br\/corin\/noticias\/","og_locale":"pt_BR","og_type":"article","og_title":"Not\u00edcias - CORIN","og_description":"Reitoria e Corin inauguram a nova casa de h\u00f3spedes da UFRRJ A Reitoria e a Coordenadoria de Rela\u00e7\u00f5es Internacionais (Corin) da UFRRJ [&hellip;]","og_url":"https:\/\/institucional.ufrrj.br\/corin\/noticias\/","og_site_name":"CORIN","article_modified_time":"2017-12-13T14:18:02+00:00","og_image":[{"url":"https:\/\/portal.ufrrj.br\/wp-content\/uploads\/2017\/11\/casa-de-hospedes-300x200.jpg","type":"","width":"","height":""}],"twitter_card":"summary_large_image","twitter_misc":{"Est. tempo de leitura":"1 minuto"},"schema":{"@context":"https:\/\/schema.org","@graph":[{"@type":"WebPage","@id":"https:\/\/institucional.ufrrj.br\/corin\/noticias\/","url":"https:\/\/institucional.ufrrj.br\/corin\/noticias\/","name":"Not\u00edcias - CORIN","isPartOf":{"@id":"https:\/\/institucional.ufrrj.br\/corin\/#website"},"primaryImageOfPage":{"@id":"https:\/\/institucional.ufrrj.br\/corin\/noticias\/#primaryimage"},"image":{"@id":"https:\/\/institucional.ufrrj.br\/corin\/noticias\/#primaryimage"},"thumbnailUrl":"https:\/\/portal.ufrrj.br\/wp-content\/uploads\/2017\/11\/casa-de-hospedes-300x200.jpg","datePublished":"2017-10-30T12:06:38+00:00","dateModified":"2017-12-13T14:18:02+00:00","breadcrumb":{"@id":"https:\/\/institucional.ufrrj.br\/corin\/noticias\/#breadcrumb"},"inLanguage":"pt-BR","potentialAction":[{"@type":"ReadAction","target":["https:\/\/institucional.ufrrj.br\/corin\/noticias\/"]}]},{"@type":"ImageObject","inLanguage":"pt-BR","@id":"https:\/\/institucional.ufrrj.br\/corin\/noticias\/#primaryimage","url":"https:\/\/portal.ufrrj.br\/wp-content\/uploads\/2017\/11\/casa-de-hospedes-300x200.jpg","contentUrl":"https:\/\/portal.ufrrj.br\/wp-content\/uploads\/2017\/11\/casa-de-hospedes-300x200.jpg"},{"@type":"BreadcrumbList","@id":"https:\/\/institucional.ufrrj.br\/corin\/noticias\/#breadcrumb","itemListElement":[{"@type":"ListItem","position":1,"name":"In\u00edcio","item":"https:\/\/institucional.ufrrj.br\/corin\/"},{"@type":"ListItem","position":2,"name":"Not\u00edcias"}]},{"@type":"WebSite","@id":"https:\/\/institucional.ufrrj.br\/corin\/#website","url":"https:\/\/institucional.ufrrj.br\/corin\/","name":"CORIN","description":"Coordenadoria de Rela\u00e7\u00f5es Internacionais e Interinstitucionais","potentialAction":[{"@type":"SearchAction","target":{"@type":"EntryPoint","urlTemplate":"https:\/\/institucional.ufrrj.br\/corin\/?s={search_term_string}"},"query-input":{"@type":"PropertyValueSpecification","valueRequired":true,"valueName":"search_term_string"}}],"inLanguage":"pt-BR"}]}},"acf":[],"_links":{"self":[{"href":"https:\/\/institucional.ufrrj.br\/corin\/wp-json\/wp\/v2\/pages\/2252","targetHints":{"allow":["GET"]}}],"collection":[{"href":"https:\/\/institucional.ufrrj.br\/corin\/wp-json\/wp\/v2\/pages"}],"about":[{"href":"https:\/\/institucional.ufrrj.br\/corin\/wp-json\/wp\/v2\/types\/page"}],"author":[{"embeddable":true,"href":"https:\/\/institucional.ufrrj.br\/corin\/wp-json\/wp\/v2\/users\/634"}],"replies":[{"embeddable":true,"href":"https:\/\/institucional.ufrrj.br\/corin\/wp-json\/wp\/v2\/comments?post=2252"}],"version-history":[{"count":2,"href":"https:\/\/institucional.ufrrj.br\/corin\/wp-json\/wp\/v2\/pages\/2252\/revisions"}],"predecessor-version":[{"id":2361,"href":"https:\/\/institucional.ufrrj.br\/corin\/wp-json\/wp\/v2\/pages\/2252\/revisions\/2361"}],"wp:attachment":[{"href":"https:\/\/institucional.ufrrj.br\/corin\/wp-json\/wp\/v2\/media?parent=2252"}],"curies":[{"name":"wp","href":"https:\/\/api.w.org\/{rel}","templated":true}]}}