{"id":6402,"date":"2024-07-05T12:40:04","date_gmt":"2024-07-05T15:40:04","guid":{"rendered":"https:\/\/institucional.ufrrj.br\/codep\/?page_id=6402"},"modified":"2026-04-01T12:30:22","modified_gmt":"2026-04-01T15:30:22","slug":"revisao-pdp","status":"publish","type":"page","link":"https:\/\/institucional.ufrrj.br\/codep\/revisao-pdp\/","title":{"rendered":"Revis\u00e3o do PDP"},"content":{"rendered":"\n<p class=\"eplus-wrapper\"><strong>Revis\u00e3o PDP<\/strong><\/p>\n\n\n\n<p class=\"eplus-wrapper\">Tendo como principal objetivo possibilitar o ajuste de informa\u00e7\u00f5es do Plano de Desenvolvimento de Pessoas &#8211; PDP da UFRRJ, o Sistema do Portal SIPEC possui a funcionalidade de <strong>REVIS\u00c3O DO PDP, <\/strong>que permite inserir novas necessidades que n\u00e3o foram identificadas no momento da Elabora\u00e7\u00e3o PDP da Universidade.<\/p>\n\n\n\n<p class=\"eplus-wrapper\">Cabe ressaltar que o instrumento de revis\u00e3o do PDP deve ser tratado como <strong>medida de exce\u00e7\u00e3o<\/strong> pela UFRRJ, uma vez que se deve ao m\u00e1ximo buscar conformidade com o planejamento estrat\u00e9gico da Universidade.&nbsp;<\/p>\n\n\n\n<p class=\"eplus-wrapper\"><strong>Fluxo de revis\u00e3o<\/strong><\/p>\n\n\n\n<p class=\"eplus-wrapper\">Aten\u00e7\u00e3o, o fluxo de inser\u00e7\u00e3o de novas necessidades na Revis\u00e3o seguir\u00e1 o mesmo que da Elabora\u00e7\u00e3o, ou seja, o Usu\u00e1rio PDP inicia o processo de preenchimento de necessidades, Chefia PDP realiza a valida\u00e7\u00e3o e a Codep\/Progep prioriza e finalizam o preenchimento de necessidades.&nbsp;<\/p>\n\n\n\n<p class=\"eplus-wrapper\">Para que o processo de revis\u00e3o aconte\u00e7a de forma eficiente, \u00e9 necess\u00e1rio que o Usu\u00e1rio PDP e&nbsp; a Chefia PDP sigam corretamente as etapas.<\/p>\n\n\n\n<p class=\"eplus-wrapper\"><a href=\"https:\/\/docs.google.com\/spreadsheets\/d\/1nZjaUpubfKc68faC9SHuppgxo5rh1uzn\/edit?usp=sharing&amp;ouid=110031984172419651920&amp;rtpof=true&amp;sd=true\">Planilha de consulta dos Usu\u00e1rios PDP e Chefia PDP.<\/a>&nbsp;<\/p>\n\n\n\n<p class=\"eplus-wrapper\"><strong>Etapas para revis\u00e3o&nbsp;<\/strong><\/p>\n\n\n\n<p class=\"eplus-wrapper\">Cada Usu\u00e1rio PDP&nbsp; realizar\u00e1 o&nbsp;levantamento de novas necessidades da sua Unidade. A estrat\u00e9gia para realizar esse levantamento dever\u00e1 ser feita atrav\u00e9s do <a href=\"https:\/\/forms.gle\/ygvvD5KZUgjh2fVi7\">formul\u00e1rio de revis\u00e3o PDP<\/a>, disponibilizado pela CODEP, que ap\u00f3s o preenchimento, gera uma <a href=\"https:\/\/docs.google.com\/spreadsheets\/d\/1H6rIHuWXNiZXPaVl6fhHSIFOYq8YnUYk7vPwzZ8tt20\/edit?usp=sharing\">planilha de dados<\/a>.&nbsp;<\/p>\n\n\n\n<p class=\"eplus-wrapper\"><strong>Etapa 1 :<\/strong> Solicita\u00e7\u00e3o de revis\u00e3o pela Codep\/Pogred ao <a href=\"https:\/\/portalsipec.servidor.gov.br\/\">\u00d3rg\u00e3o Central do SIPEC<\/a>, via SIPEC;<strong>&nbsp;<\/strong><\/p>\n\n\n\n<p class=\"eplus-wrapper\"><strong>Etapa 2 : <\/strong>Autoriza\u00e7\u00e3o da revis\u00e3o pelo \u00d3rg\u00e3o Central do SIPEC, o \u00f3rg\u00e3o receber\u00e1 a solicita\u00e7\u00e3o, analisar\u00e1 a justificativa enviada e responder\u00e1 via Sistema o mais breve poss\u00edvel.&nbsp;<\/p>\n\n\n\n<p class=\"eplus-wrapper\"><strong>Etapa 3 :<\/strong> Elabora\u00e7\u00e3o da revis\u00e3o pelo Usu\u00e1rio PDP da Unidade, seguindo o seguinte passo a passo:<\/p>\n\n\n\n<p class=\"eplus-wrapper\">O Usu\u00e1rio PDP&nbsp; da Unidade,&nbsp; que deseja inserir novas necessidades, deve acessar o PDP a partir do Portal Sipec, clicar no bot\u00e3o \u201cGerenciar itens de necessidade\u201d ;&nbsp;<\/p>\n\n\n\n<p class=\"eplus-wrapper\">Em seguida, o Usu\u00e1rio PDP dever\u00e1 clicar no bot\u00e3o \u201cCadastrar +\u201d e, assim, ser\u00e1 aberto novo formul\u00e1rio de preenchimento de necessidades no SIPEC.<\/p>\n\n\n\n<p class=\"eplus-wrapper\"><strong>Etapa&nbsp; 4 :<\/strong>&nbsp; Ap\u00f3s inclus\u00e3o de nova necessidade pelo Usu\u00e1rio PDP da Unidade, a Chefia da Unidade em quest\u00e3o dever\u00e1 acessar o Portal SIPEC e validar tais necessidades.&nbsp;<\/p>\n\n\n\n<p class=\"eplus-wrapper\">Para entendimento e realiza\u00e7\u00e3o das <strong>etapas tr\u00eas e quatro<\/strong>, o Usu\u00e1rio PDP da Unidade e a Chefia da respectiva Unidade, podem acessar o Guia de passo a passo para revis\u00e3o do PDP.&nbsp;<\/p>\n\n\n\n<p class=\"eplus-wrapper\"><strong>Etapa 5 : <\/strong>Anu\u00eancia e envio da revis\u00e3o pela Progep&nbsp; ao \u00d3rg\u00e3o Central do SIPEC&nbsp; at\u00e9 o quinto dia \u00fatil do m\u00eas de refer\u00eancia;<\/p>\n\n\n\n<p class=\"eplus-wrapper\"><strong>Etapa 6 : <\/strong>&nbsp;Devolu\u00e7\u00e3o da revis\u00e3o, pelo \u00d3rg\u00e3o Central do SIPEC, para a Codep\/Progep at\u00e9 trinta dias ap\u00f3s o quinto dia \u00fatil do m\u00eas de refer\u00eancia;<\/p>\n\n\n\n<p class=\"eplus-wrapper\"><strong>Etapa 7 : <\/strong>Acolhimento da devolu\u00e7\u00e3o da revis\u00e3o pela Codep\/Progep.<\/p>\n\n\n\n<p class=\"eplus-wrapper\"><strong>Prazos<\/strong><\/p>\n\n\n\n<p class=\"eplus-wrapper\">\u00c9 necess\u00e1rio observar que o envio das revis\u00f5es ocorrer\u00e3o <strong>trimestralmente<\/strong>. Assim, para melhor acompanhamento, foram estabelecidos ciclos de revis\u00f5es para o ano de <strong>2026<\/strong>, com datas espec\u00edficas para solicita\u00e7\u00e3o da revis\u00e3o, per\u00edodo de revis\u00e3o pelo Usu\u00e1rio PDP e de envio da revis\u00e3o para o \u00d3rg\u00e3o Central do SIPEC conforme calend\u00e1rio.<\/p>\n\n\n\n<p class=\"eplus-wrapper\"><strong>CALEND\u00c1RIO DE REVIS\u00d5ES PDP 2026<\/strong><\/p>\n\n\n\n<figure class=\"wp-block-table eplus-wrapper\"><table><tbody><tr><td><br>Ciclo<\/td><td class=\"has-text-align-center\" data-align=\"center\">Data de solicita\u00e7\u00e3o da revis\u00e3o pela Codep ao Sipec<\/td><td class=\"has-text-align-center\" data-align=\"center\"><strong>Per\u00edodo de revis\u00e3o pelo usu\u00e1rio PDP da Unidade e valida\u00e7\u00e3o da chefia&nbsp;<\/strong><\/td><td class=\"has-text-align-center\" data-align=\"center\">Data para envio da revis\u00e3o ao \u00d3rg\u00e3o central do Sipec at\u00e9&nbsp;<\/td><td class=\"has-text-align-center\" data-align=\"center\">Resposta pelo \u00f3rg\u00e3o central do Sipec at\u00e9&nbsp;<\/td><\/tr><tr><td>1\u00ba<\/td><td class=\"has-text-align-center\" data-align=\"center\">**<\/td><td class=\"has-text-align-center\" data-align=\"center\">**<\/td><td class=\"has-text-align-center\" data-align=\"center\">**<\/td><td class=\"has-text-align-center\" data-align=\"center\">**<\/td><\/tr><tr><td>2\u00ba<\/td><td class=\"has-text-align-center\" data-align=\"center\">08\/04<\/td><td class=\"has-text-align-center\" data-align=\"center\">13\/04 a 22\/05<\/td><td class=\"has-text-align-center\" data-align=\"center\">03\/06<\/td><td class=\"has-text-align-center\" data-align=\"center\">07\/07<\/td><\/tr><tr><td>3\u00ba<\/td><td class=\"has-text-align-center\" data-align=\"center\">08\/07<\/td><td class=\"has-text-align-center\" data-align=\"center\">13\/07 a 21\/08<\/td><td class=\"has-text-align-center\" data-align=\"center\">03\/09<\/td><td class=\"has-text-align-center\" data-align=\"center\">07\/10<\/td><\/tr><tr><td>4\u00ba<\/td><td class=\"has-text-align-center\" data-align=\"center\">09\/10<\/td><td class=\"has-text-align-center\" data-align=\"center\">13\/10 a 20\/11<\/td><td class=\"has-text-align-center\" data-align=\"center\">04\/12<\/td><td class=\"has-text-align-center\" data-align=\"center\">21\/12<\/td><\/tr><\/tbody><\/table><figcaption class=\"wp-element-caption\">Fonte: Adaptado \u00e0 realidade da UFRRJ a partir do Guia de Revis\u00e3o do PDP.<\/figcaption><\/figure>\n\n\n\n<p class=\"eplus-wrapper\"><\/p>\n\n\n\n<p class=\"eplus-wrapper\">Aten\u00e7\u00e3o, o \u00faltimo ciclo de revis\u00f5es do PDP n\u00e3o acarreta an\u00e1lises e devolutivas de a\u00e7\u00f5es de desenvolvimento por parte do \u00d3rg\u00e3o Central do SIPEC e Enap. O objetivo do \u00faltimo ciclo de revis\u00f5es \u00e9 que os \u00f3rg\u00e3os e entidades possam realizar os \u00faltimos ajustes necess\u00e1rios em seus Planos para que possam finalizar e enviar o Relat\u00f3rio Anual de Execu\u00e7\u00e3o at\u00e9 janeiro do ano subsequente \u00e0 execu\u00e7\u00e3o.&nbsp;<\/p>\n\n\n\n<p class=\"eplus-wrapper\"><strong>Informa\u00e7\u00f5es complementares sobre o processo de revis\u00e3o PDP 2026:<\/strong><\/p>\n\n\n\n<p class=\"eplus-wrapper\">No decorrer do ano de 2026 o PDP disponibiliza quatro per\u00edodos de revis\u00e3o. Esses ciclos de revis\u00e3o tem por finalidade acrescentar ao Plano de Desenvolvimento de Pessoas da Universidade as necessidades que n\u00e3o foram lan\u00e7adas.<\/p>\n\n\n\n<p class=\"eplus-wrapper\">O fluxo a ser seguido ser\u00e1 o mesmo, ou seja, ap\u00f3s o levantamento das necessidades o usu\u00e1rio lan\u00e7ar\u00e1 as demandas no sistema do Portal Sipec. Posteriormente a chefia validar\u00e1 e, por fim, a CODEP far\u00e1 a an\u00e1lise e consolida\u00e7\u00e3o.<\/p>\n\n\n\n<p class=\"eplus-wrapper\">O formul\u00e1rio de revis\u00e3o do levantamento de necessidades de 2026 est\u00e1 dispon\u00edvel aqui: <a href=\"https:\/\/forms.gle\/ygvvD5KZUgjh2fVi7\">formul\u00e1rio de revis\u00e3o do levantamento de necessidades &#8211; 2026<\/a>, o pr\u00f3prio possui uma <a href=\"https:\/\/docs.google.com\/spreadsheets\/d\/1H6rIHuWXNiZXPaVl6fhHSIFOYq8YnUYk7vPwzZ8tt20\/edit?usp=sharing\">planilha de dados<\/a> para que os Usu\u00e1rios PDP possam consultar os dados levantados.<\/p>\n\n\n\n<p class=\"eplus-wrapper\"><strong>Materiais complementares:&nbsp;<\/strong><\/p>\n\n\n\n<p class=\"eplus-wrapper\"><a href=\"https:\/\/drive.google.com\/file\/d\/1Qv82pcnJHh8ufHyZCjJdda71tE8rubmP\/view?usp=sharing\">Guia para revisa\u0303o do plano de desenvolvimento de pessoas &#8211; PDP 2024<\/a><\/p>\n\n\n\n<p class=\"eplus-wrapper\">Em caso de d\u00favidas, entre em contato pelo WhatsApp Institucional: <a href=\"https:\/\/api.whatsapp.com\/send?phone=552126814674\">WhatsApp Institucional Codep<\/a> ou email Codep: <a href=\"mailto:codep@ufrrj.br\">codep@ufrrj.br<\/a> .<\/p>\n","protected":false},"excerpt":{"rendered":"<p>Revis\u00e3o PDP Tendo como principal objetivo possibilitar o ajuste de informa\u00e7\u00f5es do Plano de Desenvolvimento de Pessoas &#8211; PDP da <a class=\"read-more\" href=\"https:\/\/institucional.ufrrj.br\/codep\/revisao-pdp\/ \" >&#8230; <span class=\"font-italic\">leia mais <i class=\"fas fa-angle-right\"><\/i><\/span><\/a><\/p>\n","protected":false},"author":859,"featured_media":0,"parent":0,"menu_order":0,"comment_status":"closed","ping_status":"closed","template":"","meta":{"_acf_changed":false,"footnotes":""},"class_list":["post-6402","page","type-page","status-publish","hentry"],"yoast_head":"<!-- This site is optimized with the Yoast SEO plugin v27.2 - https:\/\/yoast.com\/product\/yoast-seo-wordpress\/ -->\n<title>Revis\u00e3o do PDP - Coordena\u00e7\u00e3o de Desenvolvimento de Pessoas<\/title>\n<meta name=\"robots\" content=\"index, follow, max-snippet:-1, max-image-preview:large, max-video-preview:-1\" \/>\n<link rel=\"canonical\" href=\"https:\/\/institucional.ufrrj.br\/codep\/revisao-pdp\/\" \/>\n<meta property=\"og:locale\" content=\"pt_BR\" \/>\n<meta property=\"og:type\" content=\"article\" \/>\n<meta property=\"og:title\" content=\"Revis\u00e3o do PDP - Coordena\u00e7\u00e3o de Desenvolvimento de Pessoas\" \/>\n<meta property=\"og:description\" content=\"Revis\u00e3o PDP Tendo como principal objetivo possibilitar o ajuste de informa\u00e7\u00f5es do Plano de Desenvolvimento de Pessoas &#8211; PDP da ... leia mais\" \/>\n<meta property=\"og:url\" content=\"https:\/\/institucional.ufrrj.br\/codep\/revisao-pdp\/\" \/>\n<meta property=\"og:site_name\" content=\"Coordena\u00e7\u00e3o de Desenvolvimento de Pessoas\" \/>\n<meta property=\"article:modified_time\" content=\"2026-04-01T15:30:22+00:00\" \/>\n<meta name=\"twitter:card\" content=\"summary_large_image\" \/>\n<meta name=\"twitter:label1\" content=\"Est. tempo de leitura\" \/>\n\t<meta name=\"twitter:data1\" content=\"5 minutos\" \/>\n<script type=\"application\/ld+json\" class=\"yoast-schema-graph\">{\"@context\":\"https:\/\/schema.org\",\"@graph\":[{\"@type\":\"WebPage\",\"@id\":\"https:\/\/institucional.ufrrj.br\/codep\/revisao-pdp\/\",\"url\":\"https:\/\/institucional.ufrrj.br\/codep\/revisao-pdp\/\",\"name\":\"Revis\u00e3o do PDP - Coordena\u00e7\u00e3o de Desenvolvimento de Pessoas\",\"isPartOf\":{\"@id\":\"https:\/\/institucional.ufrrj.br\/codep\/#website\"},\"datePublished\":\"2024-07-05T15:40:04+00:00\",\"dateModified\":\"2026-04-01T15:30:22+00:00\",\"breadcrumb\":{\"@id\":\"https:\/\/institucional.ufrrj.br\/codep\/revisao-pdp\/#breadcrumb\"},\"inLanguage\":\"pt-BR\",\"potentialAction\":[{\"@type\":\"ReadAction\",\"target\":[\"https:\/\/institucional.ufrrj.br\/codep\/revisao-pdp\/\"]}]},{\"@type\":\"BreadcrumbList\",\"@id\":\"https:\/\/institucional.ufrrj.br\/codep\/revisao-pdp\/#breadcrumb\",\"itemListElement\":[{\"@type\":\"ListItem\",\"position\":1,\"name\":\"In\u00edcio\",\"item\":\"https:\/\/institucional.ufrrj.br\/codep\/\"},{\"@type\":\"ListItem\",\"position\":2,\"name\":\"Revis\u00e3o do PDP\"}]},{\"@type\":\"WebSite\",\"@id\":\"https:\/\/institucional.ufrrj.br\/codep\/#website\",\"url\":\"https:\/\/institucional.ufrrj.br\/codep\/\",\"name\":\"Coordena\u00e7\u00e3o de Desenvolvimento de Pessoas\",\"description\":\"S\u00f3 mais um site institucional.ufrrj.br\",\"potentialAction\":[{\"@type\":\"SearchAction\",\"target\":{\"@type\":\"EntryPoint\",\"urlTemplate\":\"https:\/\/institucional.ufrrj.br\/codep\/?s={search_term_string}\"},\"query-input\":{\"@type\":\"PropertyValueSpecification\",\"valueRequired\":true,\"valueName\":\"search_term_string\"}}],\"inLanguage\":\"pt-BR\"}]}<\/script>\n<!-- \/ Yoast SEO plugin. -->","yoast_head_json":{"title":"Revis\u00e3o do PDP - Coordena\u00e7\u00e3o de Desenvolvimento de Pessoas","robots":{"index":"index","follow":"follow","max-snippet":"max-snippet:-1","max-image-preview":"max-image-preview:large","max-video-preview":"max-video-preview:-1"},"canonical":"https:\/\/institucional.ufrrj.br\/codep\/revisao-pdp\/","og_locale":"pt_BR","og_type":"article","og_title":"Revis\u00e3o do PDP - Coordena\u00e7\u00e3o de Desenvolvimento de Pessoas","og_description":"Revis\u00e3o PDP Tendo como principal objetivo possibilitar o ajuste de informa\u00e7\u00f5es do Plano de Desenvolvimento de Pessoas &#8211; PDP da ... leia mais","og_url":"https:\/\/institucional.ufrrj.br\/codep\/revisao-pdp\/","og_site_name":"Coordena\u00e7\u00e3o de Desenvolvimento de Pessoas","article_modified_time":"2026-04-01T15:30:22+00:00","twitter_card":"summary_large_image","twitter_misc":{"Est. tempo de leitura":"5 minutos"},"schema":{"@context":"https:\/\/schema.org","@graph":[{"@type":"WebPage","@id":"https:\/\/institucional.ufrrj.br\/codep\/revisao-pdp\/","url":"https:\/\/institucional.ufrrj.br\/codep\/revisao-pdp\/","name":"Revis\u00e3o do PDP - Coordena\u00e7\u00e3o de Desenvolvimento de Pessoas","isPartOf":{"@id":"https:\/\/institucional.ufrrj.br\/codep\/#website"},"datePublished":"2024-07-05T15:40:04+00:00","dateModified":"2026-04-01T15:30:22+00:00","breadcrumb":{"@id":"https:\/\/institucional.ufrrj.br\/codep\/revisao-pdp\/#breadcrumb"},"inLanguage":"pt-BR","potentialAction":[{"@type":"ReadAction","target":["https:\/\/institucional.ufrrj.br\/codep\/revisao-pdp\/"]}]},{"@type":"BreadcrumbList","@id":"https:\/\/institucional.ufrrj.br\/codep\/revisao-pdp\/#breadcrumb","itemListElement":[{"@type":"ListItem","position":1,"name":"In\u00edcio","item":"https:\/\/institucional.ufrrj.br\/codep\/"},{"@type":"ListItem","position":2,"name":"Revis\u00e3o do PDP"}]},{"@type":"WebSite","@id":"https:\/\/institucional.ufrrj.br\/codep\/#website","url":"https:\/\/institucional.ufrrj.br\/codep\/","name":"Coordena\u00e7\u00e3o de Desenvolvimento de Pessoas","description":"S\u00f3 mais um site institucional.ufrrj.br","potentialAction":[{"@type":"SearchAction","target":{"@type":"EntryPoint","urlTemplate":"https:\/\/institucional.ufrrj.br\/codep\/?s={search_term_string}"},"query-input":{"@type":"PropertyValueSpecification","valueRequired":true,"valueName":"search_term_string"}}],"inLanguage":"pt-BR"}]}},"acf":[],"_links":{"self":[{"href":"https:\/\/institucional.ufrrj.br\/codep\/wp-json\/wp\/v2\/pages\/6402","targetHints":{"allow":["GET"]}}],"collection":[{"href":"https:\/\/institucional.ufrrj.br\/codep\/wp-json\/wp\/v2\/pages"}],"about":[{"href":"https:\/\/institucional.ufrrj.br\/codep\/wp-json\/wp\/v2\/types\/page"}],"author":[{"embeddable":true,"href":"https:\/\/institucional.ufrrj.br\/codep\/wp-json\/wp\/v2\/users\/859"}],"replies":[{"embeddable":true,"href":"https:\/\/institucional.ufrrj.br\/codep\/wp-json\/wp\/v2\/comments?post=6402"}],"version-history":[{"count":1,"href":"https:\/\/institucional.ufrrj.br\/codep\/wp-json\/wp\/v2\/pages\/6402\/revisions"}],"predecessor-version":[{"id":8306,"href":"https:\/\/institucional.ufrrj.br\/codep\/wp-json\/wp\/v2\/pages\/6402\/revisions\/8306"}],"wp:attachment":[{"href":"https:\/\/institucional.ufrrj.br\/codep\/wp-json\/wp\/v2\/media?parent=6402"}],"curies":[{"name":"wp","href":"https:\/\/api.w.org\/{rel}","templated":true}]}}