{"id":5659,"date":"2023-09-01T14:23:06","date_gmt":"2023-09-01T17:23:06","guid":{"rendered":"https:\/\/institucional.ufrrj.br\/codep\/?page_id=5659"},"modified":"2023-09-01T14:26:55","modified_gmt":"2023-09-01T17:26:55","slug":"prestacao-de-contas","status":"publish","type":"page","link":"https:\/\/institucional.ufrrj.br\/codep\/prestacao-de-contas\/","title":{"rendered":"Presta\u00e7\u00e3o de Contas"},"content":{"rendered":"\n<p class=\" eplus-wrapper\">Conforme tratado pelo Memorando Circular n\u00ba 298\/2023 \u2013 PROGEP, foi solicitado aos servidores docentes e t\u00e9cnico-administrativos, lotados na sua unidade, com afastamentos integrais de longa dura\u00e7\u00e3o no Brasil e exterior, afastamentos integrais de curta e m\u00e9dia dura\u00e7\u00e3o no exterior, licen\u00e7a capacita\u00e7\u00e3o no Brasil e exterior e hor\u00e1rio especial para servidor estudante, autorizados e <strong>finalizados at\u00e9 30 de abril de 2023<\/strong>, que apresentem obrigatoriamente a presta\u00e7\u00e3o de contas do referido pleito <strong>em at\u00e9 30 dias <\/strong>ap\u00f3s a publica\u00e7\u00e3o deste memorando, encaminhando os processos para a Coordena\u00e7\u00e3o de Desenvolvimento de Pessoas (CODEP).<\/p>\n\n\n\n<p class=\" eplus-wrapper\">Para ter acesso \u00e0 listagem dos servidores com presta\u00e7\u00e3o de contas pendente, clique <a href=\"https:\/\/docs.google.com\/spreadsheets\/d\/1MC-fx5VEqez3_2Atbmlo4aJGQ7BHIOcSno5bM8PVTnw\/edit?usp=sharing\" target=\"_blank\" rel=\"noreferrer noopener\">aqui<\/a>.<\/p>\n\n\n\n<p class=\" eplus-wrapper\"><strong>Aten\u00e7\u00e3o! <\/strong>Conforme Decreto n\u00ba 9.9991\/2019 em seu Art. 20 ,\u00a7 3\u00ba e IN n\u00ba 21\/2021, Art. n\u00ba 30, par\u00e1grafo \u00fanico, a n\u00e3o apresenta\u00e7\u00e3o da documenta\u00e7\u00e3o, no prazo de at\u00e9 30 dias da data de retorno \u00e0s atividades, que comprove a participa\u00e7\u00e3o efetiva na a\u00e7\u00e3o que gerou seu afastamento integral, sujeitar\u00e1 ao servidor o ressarcimento dos gastos com seu afastamento ao \u00f3rg\u00e3o.<\/p>\n\n\n\n<p class=\" eplus-wrapper\">A \u00fanica modalidade de afastamento que o servidor n\u00e3o se sujeitar\u00e1 ao ressarcimento dos gastos com seu afastamento ao \u00f3rg\u00e3o ser\u00e1 o hor\u00e1rio especial para servidor estudante.<\/p>\n","protected":false},"excerpt":{"rendered":"<p>Conforme tratado pelo Memorando Circular n\u00ba 298\/2023 \u2013 PROGEP, foi solicitado aos servidores docentes e t\u00e9cnico-administrativos, lotados na sua unidade, <a class=\"read-more\" href=\"https:\/\/institucional.ufrrj.br\/codep\/prestacao-de-contas\/ \" >&#8230; <span class=\"font-italic\">leia mais <i class=\"fas fa-angle-right\"><\/i><\/span><\/a><\/p>\n","protected":false},"author":801,"featured_media":0,"parent":0,"menu_order":0,"comment_status":"closed","ping_status":"closed","template":"","meta":{"_acf_changed":false,"footnotes":""},"class_list":["post-5659","page","type-page","status-publish","hentry"],"yoast_head":"<!-- This site is optimized with the Yoast SEO plugin v27.2 - https:\/\/yoast.com\/product\/yoast-seo-wordpress\/ -->\n<title>Presta\u00e7\u00e3o de Contas - Coordena\u00e7\u00e3o de Desenvolvimento de Pessoas<\/title>\n<meta name=\"robots\" content=\"index, follow, max-snippet:-1, max-image-preview:large, max-video-preview:-1\" \/>\n<link rel=\"canonical\" href=\"https:\/\/institucional.ufrrj.br\/codep\/prestacao-de-contas\/\" \/>\n<meta property=\"og:locale\" content=\"pt_BR\" \/>\n<meta property=\"og:type\" content=\"article\" \/>\n<meta property=\"og:title\" content=\"Presta\u00e7\u00e3o de Contas - Coordena\u00e7\u00e3o de Desenvolvimento de Pessoas\" \/>\n<meta property=\"og:description\" content=\"Conforme tratado pelo Memorando Circular n\u00ba 298\/2023 \u2013 PROGEP, foi solicitado aos servidores docentes e t\u00e9cnico-administrativos, lotados na sua unidade, ... leia mais\" \/>\n<meta property=\"og:url\" content=\"https:\/\/institucional.ufrrj.br\/codep\/prestacao-de-contas\/\" \/>\n<meta property=\"og:site_name\" content=\"Coordena\u00e7\u00e3o de Desenvolvimento de Pessoas\" \/>\n<meta property=\"article:modified_time\" content=\"2023-09-01T17:26:55+00:00\" \/>\n<meta name=\"twitter:card\" content=\"summary_large_image\" \/>\n<meta name=\"twitter:label1\" content=\"Est. tempo de leitura\" \/>\n\t<meta name=\"twitter:data1\" content=\"1 minuto\" \/>\n<script type=\"application\/ld+json\" class=\"yoast-schema-graph\">{\"@context\":\"https:\/\/schema.org\",\"@graph\":[{\"@type\":\"WebPage\",\"@id\":\"https:\/\/institucional.ufrrj.br\/codep\/prestacao-de-contas\/\",\"url\":\"https:\/\/institucional.ufrrj.br\/codep\/prestacao-de-contas\/\",\"name\":\"Presta\u00e7\u00e3o de Contas - Coordena\u00e7\u00e3o de Desenvolvimento de Pessoas\",\"isPartOf\":{\"@id\":\"https:\/\/institucional.ufrrj.br\/codep\/#website\"},\"datePublished\":\"2023-09-01T17:23:06+00:00\",\"dateModified\":\"2023-09-01T17:26:55+00:00\",\"breadcrumb\":{\"@id\":\"https:\/\/institucional.ufrrj.br\/codep\/prestacao-de-contas\/#breadcrumb\"},\"inLanguage\":\"pt-BR\",\"potentialAction\":[{\"@type\":\"ReadAction\",\"target\":[\"https:\/\/institucional.ufrrj.br\/codep\/prestacao-de-contas\/\"]}]},{\"@type\":\"BreadcrumbList\",\"@id\":\"https:\/\/institucional.ufrrj.br\/codep\/prestacao-de-contas\/#breadcrumb\",\"itemListElement\":[{\"@type\":\"ListItem\",\"position\":1,\"name\":\"In\u00edcio\",\"item\":\"https:\/\/institucional.ufrrj.br\/codep\/\"},{\"@type\":\"ListItem\",\"position\":2,\"name\":\"Presta\u00e7\u00e3o de Contas\"}]},{\"@type\":\"WebSite\",\"@id\":\"https:\/\/institucional.ufrrj.br\/codep\/#website\",\"url\":\"https:\/\/institucional.ufrrj.br\/codep\/\",\"name\":\"Coordena\u00e7\u00e3o de Desenvolvimento de Pessoas\",\"description\":\"S\u00f3 mais um site institucional.ufrrj.br\",\"potentialAction\":[{\"@type\":\"SearchAction\",\"target\":{\"@type\":\"EntryPoint\",\"urlTemplate\":\"https:\/\/institucional.ufrrj.br\/codep\/?s={search_term_string}\"},\"query-input\":{\"@type\":\"PropertyValueSpecification\",\"valueRequired\":true,\"valueName\":\"search_term_string\"}}],\"inLanguage\":\"pt-BR\"}]}<\/script>\n<!-- \/ Yoast SEO plugin. -->","yoast_head_json":{"title":"Presta\u00e7\u00e3o de Contas - Coordena\u00e7\u00e3o de Desenvolvimento de Pessoas","robots":{"index":"index","follow":"follow","max-snippet":"max-snippet:-1","max-image-preview":"max-image-preview:large","max-video-preview":"max-video-preview:-1"},"canonical":"https:\/\/institucional.ufrrj.br\/codep\/prestacao-de-contas\/","og_locale":"pt_BR","og_type":"article","og_title":"Presta\u00e7\u00e3o de Contas - Coordena\u00e7\u00e3o de Desenvolvimento de Pessoas","og_description":"Conforme tratado pelo Memorando Circular n\u00ba 298\/2023 \u2013 PROGEP, foi solicitado aos servidores docentes e t\u00e9cnico-administrativos, lotados na sua unidade, ... leia mais","og_url":"https:\/\/institucional.ufrrj.br\/codep\/prestacao-de-contas\/","og_site_name":"Coordena\u00e7\u00e3o de Desenvolvimento de Pessoas","article_modified_time":"2023-09-01T17:26:55+00:00","twitter_card":"summary_large_image","twitter_misc":{"Est. tempo de leitura":"1 minuto"},"schema":{"@context":"https:\/\/schema.org","@graph":[{"@type":"WebPage","@id":"https:\/\/institucional.ufrrj.br\/codep\/prestacao-de-contas\/","url":"https:\/\/institucional.ufrrj.br\/codep\/prestacao-de-contas\/","name":"Presta\u00e7\u00e3o de Contas - Coordena\u00e7\u00e3o de Desenvolvimento de Pessoas","isPartOf":{"@id":"https:\/\/institucional.ufrrj.br\/codep\/#website"},"datePublished":"2023-09-01T17:23:06+00:00","dateModified":"2023-09-01T17:26:55+00:00","breadcrumb":{"@id":"https:\/\/institucional.ufrrj.br\/codep\/prestacao-de-contas\/#breadcrumb"},"inLanguage":"pt-BR","potentialAction":[{"@type":"ReadAction","target":["https:\/\/institucional.ufrrj.br\/codep\/prestacao-de-contas\/"]}]},{"@type":"BreadcrumbList","@id":"https:\/\/institucional.ufrrj.br\/codep\/prestacao-de-contas\/#breadcrumb","itemListElement":[{"@type":"ListItem","position":1,"name":"In\u00edcio","item":"https:\/\/institucional.ufrrj.br\/codep\/"},{"@type":"ListItem","position":2,"name":"Presta\u00e7\u00e3o de Contas"}]},{"@type":"WebSite","@id":"https:\/\/institucional.ufrrj.br\/codep\/#website","url":"https:\/\/institucional.ufrrj.br\/codep\/","name":"Coordena\u00e7\u00e3o de Desenvolvimento de Pessoas","description":"S\u00f3 mais um site institucional.ufrrj.br","potentialAction":[{"@type":"SearchAction","target":{"@type":"EntryPoint","urlTemplate":"https:\/\/institucional.ufrrj.br\/codep\/?s={search_term_string}"},"query-input":{"@type":"PropertyValueSpecification","valueRequired":true,"valueName":"search_term_string"}}],"inLanguage":"pt-BR"}]}},"acf":[],"_links":{"self":[{"href":"https:\/\/institucional.ufrrj.br\/codep\/wp-json\/wp\/v2\/pages\/5659","targetHints":{"allow":["GET"]}}],"collection":[{"href":"https:\/\/institucional.ufrrj.br\/codep\/wp-json\/wp\/v2\/pages"}],"about":[{"href":"https:\/\/institucional.ufrrj.br\/codep\/wp-json\/wp\/v2\/types\/page"}],"author":[{"embeddable":true,"href":"https:\/\/institucional.ufrrj.br\/codep\/wp-json\/wp\/v2\/users\/801"}],"replies":[{"embeddable":true,"href":"https:\/\/institucional.ufrrj.br\/codep\/wp-json\/wp\/v2\/comments?post=5659"}],"version-history":[{"count":3,"href":"https:\/\/institucional.ufrrj.br\/codep\/wp-json\/wp\/v2\/pages\/5659\/revisions"}],"predecessor-version":[{"id":5663,"href":"https:\/\/institucional.ufrrj.br\/codep\/wp-json\/wp\/v2\/pages\/5659\/revisions\/5663"}],"wp:attachment":[{"href":"https:\/\/institucional.ufrrj.br\/codep\/wp-json\/wp\/v2\/media?parent=5659"}],"curies":[{"name":"wp","href":"https:\/\/api.w.org\/{rel}","templated":true}]}}