{"id":5289,"date":"2023-06-19T09:17:15","date_gmt":"2023-06-19T12:17:15","guid":{"rendered":"https:\/\/institucional.ufrrj.br\/codep\/?page_id=5289"},"modified":"2023-08-03T10:29:56","modified_gmt":"2023-08-03T13:29:56","slug":"avaliacao-de-atendimento","status":"publish","type":"page","link":"https:\/\/institucional.ufrrj.br\/codep\/avaliacao-de-atendimento\/","title":{"rendered":"Avalia\u00e7\u00e3o de Atendimento"},"content":{"rendered":"\n<p class=\" eplus-wrapper\"><strong>Queremos saber a sua avalia\u00e7\u00e3o sobre nosso atendimento.<\/strong><br><a href=\"https:\/\/docs.google.com\/forms\/d\/e\/1FAIpQLSdd_xl9vI0KcInaspmK8cAqNj5ckehX9YCIrQA-Ql4Cq0LpKw\/viewform\" data-type=\"URL\" data-id=\"https:\/\/docs.google.com\/forms\/d\/e\/1FAIpQLSdd_xl9vI0KcInaspmK8cAqNj5ckehX9YCIrQA-Ql4Cq0LpKw\/viewform\" target=\"_blank\" rel=\"noreferrer noopener\">Clique aqui<\/a> e responda nossa pesquisa. Sua contribui\u00e7\u00e3o \u00e9 fundamental para melhoria dos nossos servi\u00e7os.<\/p>\n","protected":false},"excerpt":{"rendered":"<p>Queremos saber a sua avalia\u00e7\u00e3o sobre nosso atendimento.Clique aqui e responda nossa pesquisa. Sua contribui\u00e7\u00e3o \u00e9 fundamental para melhoria dos <a class=\"read-more\" href=\"https:\/\/institucional.ufrrj.br\/codep\/avaliacao-de-atendimento\/ \" >&#8230; <span class=\"font-italic\">leia mais <i class=\"fas fa-angle-right\"><\/i><\/span><\/a><\/p>\n","protected":false},"author":808,"featured_media":0,"parent":0,"menu_order":0,"comment_status":"closed","ping_status":"closed","template":"","meta":{"_acf_changed":false,"footnotes":""},"class_list":["post-5289","page","type-page","status-publish","hentry"],"yoast_head":"<!-- This site is optimized with the Yoast SEO plugin v27.2 - https:\/\/yoast.com\/product\/yoast-seo-wordpress\/ -->\n<title>Avalia\u00e7\u00e3o de Atendimento - Coordena\u00e7\u00e3o de Desenvolvimento de Pessoas<\/title>\n<meta name=\"robots\" content=\"index, follow, max-snippet:-1, max-image-preview:large, max-video-preview:-1\" \/>\n<link rel=\"canonical\" href=\"https:\/\/institucional.ufrrj.br\/codep\/avaliacao-de-atendimento\/\" \/>\n<meta property=\"og:locale\" content=\"pt_BR\" \/>\n<meta property=\"og:type\" content=\"article\" \/>\n<meta property=\"og:title\" content=\"Avalia\u00e7\u00e3o de Atendimento - Coordena\u00e7\u00e3o de Desenvolvimento de Pessoas\" \/>\n<meta property=\"og:description\" content=\"Queremos saber a sua avalia\u00e7\u00e3o sobre nosso atendimento.Clique aqui e responda nossa pesquisa. Sua contribui\u00e7\u00e3o \u00e9 fundamental para melhoria dos ... leia mais\" \/>\n<meta property=\"og:url\" content=\"https:\/\/institucional.ufrrj.br\/codep\/avaliacao-de-atendimento\/\" \/>\n<meta property=\"og:site_name\" content=\"Coordena\u00e7\u00e3o de Desenvolvimento de Pessoas\" \/>\n<meta property=\"article:modified_time\" content=\"2023-08-03T13:29:56+00:00\" \/>\n<meta name=\"twitter:card\" content=\"summary_large_image\" \/>\n<script type=\"application\/ld+json\" class=\"yoast-schema-graph\">{\"@context\":\"https:\/\/schema.org\",\"@graph\":[{\"@type\":\"WebPage\",\"@id\":\"https:\/\/institucional.ufrrj.br\/codep\/avaliacao-de-atendimento\/\",\"url\":\"https:\/\/institucional.ufrrj.br\/codep\/avaliacao-de-atendimento\/\",\"name\":\"Avalia\u00e7\u00e3o de Atendimento - Coordena\u00e7\u00e3o de Desenvolvimento de Pessoas\",\"isPartOf\":{\"@id\":\"https:\/\/institucional.ufrrj.br\/codep\/#website\"},\"datePublished\":\"2023-06-19T12:17:15+00:00\",\"dateModified\":\"2023-08-03T13:29:56+00:00\",\"breadcrumb\":{\"@id\":\"https:\/\/institucional.ufrrj.br\/codep\/avaliacao-de-atendimento\/#breadcrumb\"},\"inLanguage\":\"pt-BR\",\"potentialAction\":[{\"@type\":\"ReadAction\",\"target\":[\"https:\/\/institucional.ufrrj.br\/codep\/avaliacao-de-atendimento\/\"]}]},{\"@type\":\"BreadcrumbList\",\"@id\":\"https:\/\/institucional.ufrrj.br\/codep\/avaliacao-de-atendimento\/#breadcrumb\",\"itemListElement\":[{\"@type\":\"ListItem\",\"position\":1,\"name\":\"In\u00edcio\",\"item\":\"https:\/\/institucional.ufrrj.br\/codep\/\"},{\"@type\":\"ListItem\",\"position\":2,\"name\":\"Avalia\u00e7\u00e3o de Atendimento\"}]},{\"@type\":\"WebSite\",\"@id\":\"https:\/\/institucional.ufrrj.br\/codep\/#website\",\"url\":\"https:\/\/institucional.ufrrj.br\/codep\/\",\"name\":\"Coordena\u00e7\u00e3o de Desenvolvimento de Pessoas\",\"description\":\"S\u00f3 mais um site institucional.ufrrj.br\",\"potentialAction\":[{\"@type\":\"SearchAction\",\"target\":{\"@type\":\"EntryPoint\",\"urlTemplate\":\"https:\/\/institucional.ufrrj.br\/codep\/?s={search_term_string}\"},\"query-input\":{\"@type\":\"PropertyValueSpecification\",\"valueRequired\":true,\"valueName\":\"search_term_string\"}}],\"inLanguage\":\"pt-BR\"}]}<\/script>\n<!-- \/ Yoast SEO plugin. -->","yoast_head_json":{"title":"Avalia\u00e7\u00e3o de Atendimento - Coordena\u00e7\u00e3o de Desenvolvimento de Pessoas","robots":{"index":"index","follow":"follow","max-snippet":"max-snippet:-1","max-image-preview":"max-image-preview:large","max-video-preview":"max-video-preview:-1"},"canonical":"https:\/\/institucional.ufrrj.br\/codep\/avaliacao-de-atendimento\/","og_locale":"pt_BR","og_type":"article","og_title":"Avalia\u00e7\u00e3o de Atendimento - Coordena\u00e7\u00e3o de Desenvolvimento de Pessoas","og_description":"Queremos saber a sua avalia\u00e7\u00e3o sobre nosso atendimento.Clique aqui e responda nossa pesquisa. Sua contribui\u00e7\u00e3o \u00e9 fundamental para melhoria dos ... leia mais","og_url":"https:\/\/institucional.ufrrj.br\/codep\/avaliacao-de-atendimento\/","og_site_name":"Coordena\u00e7\u00e3o de Desenvolvimento de Pessoas","article_modified_time":"2023-08-03T13:29:56+00:00","twitter_card":"summary_large_image","schema":{"@context":"https:\/\/schema.org","@graph":[{"@type":"WebPage","@id":"https:\/\/institucional.ufrrj.br\/codep\/avaliacao-de-atendimento\/","url":"https:\/\/institucional.ufrrj.br\/codep\/avaliacao-de-atendimento\/","name":"Avalia\u00e7\u00e3o de Atendimento - Coordena\u00e7\u00e3o de Desenvolvimento de Pessoas","isPartOf":{"@id":"https:\/\/institucional.ufrrj.br\/codep\/#website"},"datePublished":"2023-06-19T12:17:15+00:00","dateModified":"2023-08-03T13:29:56+00:00","breadcrumb":{"@id":"https:\/\/institucional.ufrrj.br\/codep\/avaliacao-de-atendimento\/#breadcrumb"},"inLanguage":"pt-BR","potentialAction":[{"@type":"ReadAction","target":["https:\/\/institucional.ufrrj.br\/codep\/avaliacao-de-atendimento\/"]}]},{"@type":"BreadcrumbList","@id":"https:\/\/institucional.ufrrj.br\/codep\/avaliacao-de-atendimento\/#breadcrumb","itemListElement":[{"@type":"ListItem","position":1,"name":"In\u00edcio","item":"https:\/\/institucional.ufrrj.br\/codep\/"},{"@type":"ListItem","position":2,"name":"Avalia\u00e7\u00e3o de Atendimento"}]},{"@type":"WebSite","@id":"https:\/\/institucional.ufrrj.br\/codep\/#website","url":"https:\/\/institucional.ufrrj.br\/codep\/","name":"Coordena\u00e7\u00e3o de Desenvolvimento de Pessoas","description":"S\u00f3 mais um site institucional.ufrrj.br","potentialAction":[{"@type":"SearchAction","target":{"@type":"EntryPoint","urlTemplate":"https:\/\/institucional.ufrrj.br\/codep\/?s={search_term_string}"},"query-input":{"@type":"PropertyValueSpecification","valueRequired":true,"valueName":"search_term_string"}}],"inLanguage":"pt-BR"}]}},"acf":[],"_links":{"self":[{"href":"https:\/\/institucional.ufrrj.br\/codep\/wp-json\/wp\/v2\/pages\/5289","targetHints":{"allow":["GET"]}}],"collection":[{"href":"https:\/\/institucional.ufrrj.br\/codep\/wp-json\/wp\/v2\/pages"}],"about":[{"href":"https:\/\/institucional.ufrrj.br\/codep\/wp-json\/wp\/v2\/types\/page"}],"author":[{"embeddable":true,"href":"https:\/\/institucional.ufrrj.br\/codep\/wp-json\/wp\/v2\/users\/808"}],"replies":[{"embeddable":true,"href":"https:\/\/institucional.ufrrj.br\/codep\/wp-json\/wp\/v2\/comments?post=5289"}],"version-history":[{"count":3,"href":"https:\/\/institucional.ufrrj.br\/codep\/wp-json\/wp\/v2\/pages\/5289\/revisions"}],"predecessor-version":[{"id":5495,"href":"https:\/\/institucional.ufrrj.br\/codep\/wp-json\/wp\/v2\/pages\/5289\/revisions\/5495"}],"wp:attachment":[{"href":"https:\/\/institucional.ufrrj.br\/codep\/wp-json\/wp\/v2\/media?parent=5289"}],"curies":[{"name":"wp","href":"https:\/\/api.w.org\/{rel}","templated":true}]}}