{"id":4451,"date":"2022-08-08T15:30:53","date_gmt":"2022-08-08T18:30:53","guid":{"rendered":"https:\/\/institucional.ufrrj.br\/codep\/?page_id=4451"},"modified":"2026-04-01T12:18:14","modified_gmt":"2026-04-01T15:18:14","slug":"pdp-2023","status":"publish","type":"page","link":"https:\/\/institucional.ufrrj.br\/codep\/pdp\/pdp-2023\/","title":{"rendered":"Elabora\u00e7\u00e3o do PDP"},"content":{"rendered":"\n<p class=\"has-text-align-left eplus-wrapper\">&nbsp;<strong>O Plano de Desenvolvimento de Pessoas<\/strong><\/p>\n\n\n\n<p class=\"eplus-wrapper\">O Plano de Desenvolvimento de Pessoas (PDP) \u00e9 um instrumento da Nova Pol\u00edtica de Desenvolvimento de Pessoas (PNDP), institu\u00edda pelo Decreto n\u00ba 9.991, de 2019, que tem como objetivo promover o desenvolvimento dos servidores p\u00fablicos nas compet\u00eancias essenciais para presta\u00e7\u00e3o de um servi\u00e7o de excel\u00eancia \u00e0 sociedade brasileira.<\/p>\n\n\n\n<p class=\"eplus-wrapper\">O Plano apresenta as a\u00e7\u00f5es de desenvolvimento necess\u00e1rias \u00e0 consecu\u00e7\u00e3o dos objetivos institucionais da UFRRJ e encontra-se alinhado estrategicamente ao Plano de Desenvolvimento Institucional (PDI) da Universidade.<\/p>\n\n\n\n<p class=\"eplus-wrapper\">\u200b\u200bO servidor precisa saber que todas as suas necessidades de desenvolvimento, que incluem capacita\u00e7\u00f5es, participa\u00e7\u00e3o em eventos, congressos, semin\u00e1rios e, ainda, afastamentos para p\u00f3s-gradua\u00e7\u00e3o stricto sensu e licen\u00e7a capacita\u00e7\u00e3o, devem estar previstas no PDP e, portanto, devem ser enviadas para lan\u00e7amento.<\/p>\n\n\n\n<p class=\"eplus-wrapper\"><strong>Processo de elabora\u00e7\u00e3o do PDP<\/strong><\/p>\n\n\n\n<p class=\"eplus-wrapper\">O Levantamento de Necessidades de Desenvolvimento, \u00e9 a primeira etapa do processo de elabora\u00e7\u00e3o do PDP.&nbsp; Antes, realizado pelas Unidades de Gest\u00e3o de Pessoas dos \u00f3rg\u00e3os, no ano de 2023, passou a ser responsabilidade de todas as Unidades da Institui\u00e7\u00e3o. Neste contexto, as Unidades da UFRRJ s\u00e3o respons\u00e1veis por realizar o seu pr\u00f3prio Levantamento Interno de Necessidades de Desenvolvimento.<\/p>\n\n\n\n<p class=\"eplus-wrapper\">Para elabor\u00e1-lo, o \u00f3rg\u00e3o\/a entidade precisa n\u00e3o s\u00f3 listar informa\u00e7\u00f5es, mas conduzir um processo de levantamento que seja capaz de identificar as necessidades de desenvolvimento de acordo com as diretrizes da Pol\u00edtica Nacional do Plano de Desenvolvimento de Pessoas (PNDP).&nbsp;<\/p>\n\n\n\n<p class=\"eplus-wrapper\">O conjunto desse levantamento constituir\u00e1 o Plano de Desenvolvimento de Pessoas da UFRRJ (PDP), que ser\u00e1 enviado para aprova\u00e7\u00e3o do \u00d3rg\u00e3o Central do Sistema de Pessoal Civil da Administra\u00e7\u00e3o Federal (SIPEC), do Minist\u00e9rio da Gest\u00e3o e da Inova\u00e7\u00e3o em Servi\u00e7os P\u00fablicos.<\/p>\n\n\n\n<p class=\"eplus-wrapper\">Para facilitar o entendimento deste processo, elaboramos um passo a passo com todos os esclarecimentos necess\u00e1rios para o preenchimento\/cadastramento no Portal SIPEC. Para entender, leia at\u00e9 final.<\/p>\n\n\n\n<p class=\"eplus-wrapper\">Elaborado anualmente, atrav\u00e9s do Portal SIPEC \u2013 m\u00f3dulo PDP,&nbsp; o Plano de Desenvolvimento de Pessoas conta com a colabora\u00e7\u00e3o de servidores, chefias, CODEP e PROGEP, em que cada um, de acordo com seus perfis e fun\u00e7\u00f5es, preenchem no sistema, informa\u00e7\u00f5es chaves de levantamento e planejamento.&nbsp;<\/p>\n\n\n\n<p class=\"eplus-wrapper\">Para facilitar a identifica\u00e7\u00e3o dos servidores de cada Unidade da Institui\u00e7\u00e3o, respons\u00e1veis pela elabora\u00e7\u00e3o do PDP. Organizamos uma planilha com as informa\u00e7\u00f5es para contato, com os respons\u00e1veis.<\/p>\n\n\n\n<p class=\"eplus-wrapper\"><a href=\"https:\/\/docs.google.com\/spreadsheets\/d\/1nZjaUpubfKc68faC9SHuppgxo5rh1uzn\/edit?usp=sharing&amp;ouid=110031984172419651920&amp;rtpof=true&amp;sd=true\">Planilha de consulta dos Usu\u00e1rios PDP e Chefia PDP.<\/a><\/p>\n\n\n\n<p class=\"eplus-wrapper\">Para o diagn\u00f3stico das necessidades, os Usu\u00e1rios PDP, em comum acordo com a Chefia da Unidade, devem utilizar o <a href=\"https:\/\/forms.gle\/pBkPCiAKK8nGvX7Z8\">formul\u00e1rio de levantamento de necessidades <\/a>disponibilizado pela CODEP, que ap\u00f3s o preenchimento, gera <a href=\"https:\/\/docs.google.com\/spreadsheets\/d\/1lbsdY_93qr1pBk6aMNemgGPxc2J6LdHQSFjLCYkunnU\/edit?usp=sharing\">uma planilha de dados<\/a>.&nbsp;<\/p>\n\n\n\n<p class=\"eplus-wrapper\">Chamamos a aten\u00e7\u00e3o de todos, ainda, para o fato de que a participa\u00e7\u00e3o em qualquer evento de capacita\u00e7\u00e3o ou a\u00e7\u00e3o de educa\u00e7\u00e3o formal da institui\u00e7\u00e3o n\u00e3o poder\u00e1 ser realizada sem autoriza\u00e7\u00e3o do PDP pelo \u00d3rg\u00e3o Central do SIPEC. Logo, os pedidos de afastamento, n\u00e3o poder\u00e3o ser concedidos se n\u00e3o estiverem inseridos no PDP da UFRRJ.<\/p>\n\n\n\n<p class=\"eplus-wrapper\"><strong>Detalhamento do processo de elabora\u00e7\u00e3o do PDP<\/strong><\/p>\n\n\n\n<p class=\"eplus-wrapper\">O cadastramento no SIPEC obedecer\u00e1 algumas regras e crit\u00e9rios que dever\u00e3o ser realizadas a partir do seguinte passo a passo:<\/p>\n\n\n\n<p class=\"eplus-wrapper\"><strong>PASSO 1 (27\/06 a 25\/07\/2025):<\/strong> Atualizar as informa\u00e7\u00f5es dos servidores que ter\u00e3o perfil de usu\u00e1rio PDP e chefia PDP, informando \u00e0 Codep quais servidores a quem ser\u00e3o atribu\u00eddos os pap\u00e9is de usu\u00e1rio PDP e chefia PDP, preenchendo o formul\u00e1rio: <a href=\"https:\/\/forms.gle\/VtTi6TCW1jCFDEs68\">https:\/\/forms.gle\/VtTi6TCW1jCFDEs68<\/a>)&nbsp;<\/p>\n\n\n\n<p class=\"eplus-wrapper\"><strong>PASSO 2 (28\/07 a 20\/08\/2025):<\/strong> Levantamento das necessidades pelo Usu\u00e1rio PDP da Unidade em conjunto com a respectiva Chefia e registro das necessidades de desenvolvimento de sua Unidade no portal SIPEC;&nbsp;<\/p>\n\n\n\n<p class=\"eplus-wrapper\">Para saber mais, acesse o <a href=\"https:\/\/drive.google.com\/file\/d\/1vq-fd5UUzrty5rXPE9_zcVOAvXq9w7TO\/view?usp=sharing\">Guia do Usu\u00e1rio PDP<\/a>.<\/p>\n\n\n\n<p class=\"eplus-wrapper\">Cada Unidade cadastrada realizar\u00e1 o seu levantamento interno de necessidades. A estrat\u00e9gia para realizar esse levantamento dever\u00e1 ser feita atrav\u00e9s do <a href=\"https:\/\/forms.gle\/pBkPCiAKK8nGvX7Z8\">formul\u00e1rio<\/a>, disponibilizado pela CODEP, que ap\u00f3s o preenchimento, gera uma <a href=\"https:\/\/docs.google.com\/spreadsheets\/d\/1lbsdY_93qr1pBk6aMNemgGPxc2J6LdHQSFjLCYkunnU\/edit?usp=sharing\">planilha de dados<\/a>.&nbsp;<\/p>\n\n\n\n<p class=\"eplus-wrapper\"><strong>PASSO 4 (21\/08 a 12\/09\/2025):<\/strong> Chefia da Unidade valida\u00e7\u00e3o das necessidades cadastradas no portal SIPEC e envia para a Codep;&nbsp;<\/p>\n\n\n\n<p class=\"eplus-wrapper\">Para saber mais, acesse o <a href=\"https:\/\/drive.google.com\/file\/d\/1cI1E779HrHJJMS-LeeP4sAq8nNcYirQ5\/view?usp=sharing\">Guia da Chefia PDP<\/a>.&nbsp;<\/p>\n\n\n\n<p class=\"eplus-wrapper\"><strong>PASSO 5 (15\/09 a 26\/09\/2025): <\/strong>A Codep ir\u00e1 realizar a<strong> <\/strong>an\u00e1lise e consolida\u00e7\u00e3o das necessidades validadas. Ap\u00f3s a consolida\u00e7\u00e3o, a Codep envia para a Progep que ir\u00e1 realizar a aprova\u00e7\u00e3o e encaminhamento para o \u00f3rg\u00e3o central.&nbsp;<\/p>\n\n\n\n<p class=\"has-text-align-center eplus-wrapper has-regular-font-size\"><strong>PDP 2026<\/strong><\/p>\n\n\n\n<p class=\"has-text-align-center eplus-wrapper has-regular-font-size\"><strong>CRONOGRAMA DE ELABORA\u00c7\u00c3O<\/strong><\/p>\n\n\n\n<div class=\"wp-block-columns is-layout-flex wp-container-core-columns-is-layout-9d6595d7 wp-block-columns-is-layout-flex\">\n<div class=\"wp-block-column is-layout-flow wp-block-column-is-layout-flow\" style=\"flex-basis:100%\">\n<figure class=\"wp-block-table eplus-wrapper\" style=\"font-size:15px\"><table><tbody><tr><td>A\u00c7\u00d5ES<\/td><td class=\"has-text-align-left\" data-align=\"left\">QUEM?<\/td><td class=\"has-text-align-center\" data-align=\"center\">At\u00e9 quando?<\/td><td class=\"has-text-align-left\" data-align=\"left\">Onde acessar?<\/td><\/tr><tr><td>Levantamento das necessidades de desenvolvimento<br><\/td><td class=\"has-text-align-left\" data-align=\"left\"><br><strong>Todos os servidores<\/strong><\/td><td class=\"has-text-align-center\" data-align=\"center\"><br><br>27\/06 a 25\/07\/2025 <br><br><br><\/td><td class=\"has-text-align-left\" data-align=\"left\"><br>Formul\u00e1rio de levantamento de necessidades:<br><a href=\"https:\/\/forms.gle\/pBkPCiAKK8nGvX7Z8\">https:\/\/forms.gle\/pBkPCiAKK8nGvX7Z8<\/a><\/td><\/tr><tr><td>Lan\u00e7amento das demandas no Portal Sipec<\/td><td class=\"has-text-align-left\" data-align=\"left\"><br><br><br>Usu\u00e1rio PDP <br>(servidor respons\u00e1vel pelo cadastramento das demandas)                                                   <\/td><td class=\"has-text-align-center\" data-align=\"center\"><br><br>28\/07 a 20\/08\/2025    <br><br>                                               <\/td><td class=\"has-text-align-left\" data-align=\"left\"><br>Planilha das necessidades cadastradas: <br><a href=\"https:\/\/docs.google.com\/spreadsheets\/d\/1lbsdY_93qr1pBk6aMNemgGPxc2J6LdHQSFjLCYkunnU\/edit?usp=sharing\">https:\/\/docs.google.com\/spreadsheets\/d\/1lbsdY_93qr1pBk6aMNemgGPxc2J6LdHQSFjLCYkunnU\/edit?usp=sharing<\/a><\/td><\/tr><tr><td>Valida\u00e7\u00e3o das demandas no Portal Sipec<\/td><td class=\"has-text-align-left\" data-align=\"left\">Chefia PDP <br>(dirigente da Unidade)<\/td><td class=\"has-text-align-center\" data-align=\"center\"><br>21\/08 a 12\/09\/2025 <br><br>      <\/td><td class=\"has-text-align-left\" data-align=\"left\"><br>Portal Sipec<br><\/td><\/tr><tr><td>Consolida\u00e7\u00e3o das necessidades<\/td><td class=\"has-text-align-left\" data-align=\"left\"><br>CODEP<\/td><td class=\"has-text-align-center\" data-align=\"center\"><br>15\/09 a 26\/09\/2025<br><br><\/td><td class=\"has-text-align-left\" data-align=\"left\"><br>Portal Sipec<br><\/td><\/tr><tr><td>Envio para o \u00d3rg\u00e3o Central<\/td><td class=\"has-text-align-left\" data-align=\"left\"><br>PROGEP<\/td><td class=\"has-text-align-center\" data-align=\"center\"><br>30\/09\/2025<br><br><\/td><td class=\"has-text-align-left\" data-align=\"left\"><br>Portal Sipec<br><\/td><\/tr><\/tbody><\/table><\/figure>\n<\/div>\n<\/div>\n\n\n\n<p class=\"eplus-wrapper\"><strong>Materiais complementares:<\/strong><\/p>\n\n\n\n<div class=\"wp-block-file eplus-wrapper\"><a id=\"wp-block-file--media-265d6045-eb8a-4258-9e40-761db546f9d4\" href=\"https:\/\/institucional.ufrrj.br\/codep\/files\/2024\/06\/Guia-de-elaborac\u0327a\u0303o-2024.pdf\">Minist\u00e9rio da Gest\u00e3o e da Inova\u00e7\u00e3o em Servi\u00e7os P\u00fablicos \u2013 Guia de Elabora\u00e7\u00e3o PDP.<\/a><\/div>\n\n\n\n<p class=\"eplus-wrapper has-regular-font-size\">Para maiores informa\u00e7\u00f5es assista a <a href=\"https:\/\/www.youtube.com\/watch?v=oAE6-0Vzxpg\" data-type=\"URL\" data-id=\"https:\/\/www.youtube.com\/watch?v=oAE6-0Vzxpg\">LIVE PDP 2023<\/a>.<\/p>\n\n\n\n<p class=\"eplus-wrapper\">Em caso de d\u00favidas, entre em contato pelo WhatsApp Institucional: <a href=\"https:\/\/api.whatsapp.com\/send?phone=552126814674\">WhatsApp Institucional Codep<\/a> ou email Codep: <a href=\"mailto:codep@ufrrj.br\">codep@ufrrj.br<\/a> .<\/p>\n","protected":false},"excerpt":{"rendered":"<p>&nbsp;O Plano de Desenvolvimento de Pessoas O Plano de Desenvolvimento de Pessoas (PDP) \u00e9 um instrumento da Nova Pol\u00edtica de <a class=\"read-more\" href=\"https:\/\/institucional.ufrrj.br\/codep\/pdp\/pdp-2023\/ \" >&#8230; <span class=\"font-italic\">leia mais <i class=\"fas fa-angle-right\"><\/i><\/span><\/a><\/p>\n","protected":false},"author":808,"featured_media":0,"parent":2758,"menu_order":0,"comment_status":"closed","ping_status":"closed","template":"","meta":{"_acf_changed":false,"footnotes":""},"class_list":["post-4451","page","type-page","status-publish","hentry"],"yoast_head":"<!-- This site is optimized with the Yoast SEO plugin v27.2 - https:\/\/yoast.com\/product\/yoast-seo-wordpress\/ -->\n<title>Elabora\u00e7\u00e3o do PDP - Coordena\u00e7\u00e3o de Desenvolvimento de Pessoas<\/title>\n<meta name=\"robots\" content=\"index, follow, max-snippet:-1, max-image-preview:large, max-video-preview:-1\" \/>\n<link rel=\"canonical\" href=\"https:\/\/institucional.ufrrj.br\/codep\/pdp\/pdp-2023\/\" \/>\n<meta property=\"og:locale\" content=\"pt_BR\" \/>\n<meta property=\"og:type\" content=\"article\" \/>\n<meta property=\"og:title\" content=\"Elabora\u00e7\u00e3o do PDP - Coordena\u00e7\u00e3o de Desenvolvimento de Pessoas\" \/>\n<meta property=\"og:description\" content=\"&nbsp;O Plano de Desenvolvimento de Pessoas O Plano de Desenvolvimento de Pessoas (PDP) \u00e9 um instrumento da Nova Pol\u00edtica de ... leia mais\" \/>\n<meta property=\"og:url\" content=\"https:\/\/institucional.ufrrj.br\/codep\/pdp\/pdp-2023\/\" \/>\n<meta property=\"og:site_name\" content=\"Coordena\u00e7\u00e3o de Desenvolvimento de Pessoas\" \/>\n<meta property=\"article:modified_time\" content=\"2026-04-01T15:18:14+00:00\" \/>\n<meta name=\"twitter:card\" content=\"summary_large_image\" \/>\n<meta name=\"twitter:label1\" content=\"Est. tempo de leitura\" \/>\n\t<meta name=\"twitter:data1\" content=\"5 minutos\" \/>\n<script type=\"application\/ld+json\" class=\"yoast-schema-graph\">{\"@context\":\"https:\/\/schema.org\",\"@graph\":[{\"@type\":\"WebPage\",\"@id\":\"https:\/\/institucional.ufrrj.br\/codep\/pdp\/pdp-2023\/\",\"url\":\"https:\/\/institucional.ufrrj.br\/codep\/pdp\/pdp-2023\/\",\"name\":\"Elabora\u00e7\u00e3o do PDP - Coordena\u00e7\u00e3o de Desenvolvimento de Pessoas\",\"isPartOf\":{\"@id\":\"https:\/\/institucional.ufrrj.br\/codep\/#website\"},\"datePublished\":\"2022-08-08T18:30:53+00:00\",\"dateModified\":\"2026-04-01T15:18:14+00:00\",\"breadcrumb\":{\"@id\":\"https:\/\/institucional.ufrrj.br\/codep\/pdp\/pdp-2023\/#breadcrumb\"},\"inLanguage\":\"pt-BR\",\"potentialAction\":[{\"@type\":\"ReadAction\",\"target\":[\"https:\/\/institucional.ufrrj.br\/codep\/pdp\/pdp-2023\/\"]}]},{\"@type\":\"BreadcrumbList\",\"@id\":\"https:\/\/institucional.ufrrj.br\/codep\/pdp\/pdp-2023\/#breadcrumb\",\"itemListElement\":[{\"@type\":\"ListItem\",\"position\":1,\"name\":\"In\u00edcio\",\"item\":\"https:\/\/institucional.ufrrj.br\/codep\/\"},{\"@type\":\"ListItem\",\"position\":2,\"name\":\"PDP\",\"item\":\"https:\/\/institucional.ufrrj.br\/codep\/?page_id=2758\"},{\"@type\":\"ListItem\",\"position\":3,\"name\":\"Elabora\u00e7\u00e3o do PDP\"}]},{\"@type\":\"WebSite\",\"@id\":\"https:\/\/institucional.ufrrj.br\/codep\/#website\",\"url\":\"https:\/\/institucional.ufrrj.br\/codep\/\",\"name\":\"Coordena\u00e7\u00e3o de Desenvolvimento de Pessoas\",\"description\":\"S\u00f3 mais um site institucional.ufrrj.br\",\"potentialAction\":[{\"@type\":\"SearchAction\",\"target\":{\"@type\":\"EntryPoint\",\"urlTemplate\":\"https:\/\/institucional.ufrrj.br\/codep\/?s={search_term_string}\"},\"query-input\":{\"@type\":\"PropertyValueSpecification\",\"valueRequired\":true,\"valueName\":\"search_term_string\"}}],\"inLanguage\":\"pt-BR\"}]}<\/script>\n<!-- \/ Yoast SEO plugin. -->","yoast_head_json":{"title":"Elabora\u00e7\u00e3o do PDP - Coordena\u00e7\u00e3o de Desenvolvimento de Pessoas","robots":{"index":"index","follow":"follow","max-snippet":"max-snippet:-1","max-image-preview":"max-image-preview:large","max-video-preview":"max-video-preview:-1"},"canonical":"https:\/\/institucional.ufrrj.br\/codep\/pdp\/pdp-2023\/","og_locale":"pt_BR","og_type":"article","og_title":"Elabora\u00e7\u00e3o do PDP - Coordena\u00e7\u00e3o de Desenvolvimento de Pessoas","og_description":"&nbsp;O Plano de Desenvolvimento de Pessoas O Plano de Desenvolvimento de Pessoas (PDP) \u00e9 um instrumento da Nova Pol\u00edtica de ... leia mais","og_url":"https:\/\/institucional.ufrrj.br\/codep\/pdp\/pdp-2023\/","og_site_name":"Coordena\u00e7\u00e3o de Desenvolvimento de Pessoas","article_modified_time":"2026-04-01T15:18:14+00:00","twitter_card":"summary_large_image","twitter_misc":{"Est. tempo de leitura":"5 minutos"},"schema":{"@context":"https:\/\/schema.org","@graph":[{"@type":"WebPage","@id":"https:\/\/institucional.ufrrj.br\/codep\/pdp\/pdp-2023\/","url":"https:\/\/institucional.ufrrj.br\/codep\/pdp\/pdp-2023\/","name":"Elabora\u00e7\u00e3o do PDP - Coordena\u00e7\u00e3o de Desenvolvimento de Pessoas","isPartOf":{"@id":"https:\/\/institucional.ufrrj.br\/codep\/#website"},"datePublished":"2022-08-08T18:30:53+00:00","dateModified":"2026-04-01T15:18:14+00:00","breadcrumb":{"@id":"https:\/\/institucional.ufrrj.br\/codep\/pdp\/pdp-2023\/#breadcrumb"},"inLanguage":"pt-BR","potentialAction":[{"@type":"ReadAction","target":["https:\/\/institucional.ufrrj.br\/codep\/pdp\/pdp-2023\/"]}]},{"@type":"BreadcrumbList","@id":"https:\/\/institucional.ufrrj.br\/codep\/pdp\/pdp-2023\/#breadcrumb","itemListElement":[{"@type":"ListItem","position":1,"name":"In\u00edcio","item":"https:\/\/institucional.ufrrj.br\/codep\/"},{"@type":"ListItem","position":2,"name":"PDP","item":"https:\/\/institucional.ufrrj.br\/codep\/?page_id=2758"},{"@type":"ListItem","position":3,"name":"Elabora\u00e7\u00e3o do PDP"}]},{"@type":"WebSite","@id":"https:\/\/institucional.ufrrj.br\/codep\/#website","url":"https:\/\/institucional.ufrrj.br\/codep\/","name":"Coordena\u00e7\u00e3o de Desenvolvimento de Pessoas","description":"S\u00f3 mais um site institucional.ufrrj.br","potentialAction":[{"@type":"SearchAction","target":{"@type":"EntryPoint","urlTemplate":"https:\/\/institucional.ufrrj.br\/codep\/?s={search_term_string}"},"query-input":{"@type":"PropertyValueSpecification","valueRequired":true,"valueName":"search_term_string"}}],"inLanguage":"pt-BR"}]}},"acf":[],"_links":{"self":[{"href":"https:\/\/institucional.ufrrj.br\/codep\/wp-json\/wp\/v2\/pages\/4451","targetHints":{"allow":["GET"]}}],"collection":[{"href":"https:\/\/institucional.ufrrj.br\/codep\/wp-json\/wp\/v2\/pages"}],"about":[{"href":"https:\/\/institucional.ufrrj.br\/codep\/wp-json\/wp\/v2\/types\/page"}],"author":[{"embeddable":true,"href":"https:\/\/institucional.ufrrj.br\/codep\/wp-json\/wp\/v2\/users\/808"}],"replies":[{"embeddable":true,"href":"https:\/\/institucional.ufrrj.br\/codep\/wp-json\/wp\/v2\/comments?post=4451"}],"version-history":[{"count":2,"href":"https:\/\/institucional.ufrrj.br\/codep\/wp-json\/wp\/v2\/pages\/4451\/revisions"}],"predecessor-version":[{"id":8302,"href":"https:\/\/institucional.ufrrj.br\/codep\/wp-json\/wp\/v2\/pages\/4451\/revisions\/8302"}],"up":[{"embeddable":true,"href":"https:\/\/institucional.ufrrj.br\/codep\/wp-json\/wp\/v2\/pages\/2758"}],"wp:attachment":[{"href":"https:\/\/institucional.ufrrj.br\/codep\/wp-json\/wp\/v2\/media?parent=4451"}],"curies":[{"name":"wp","href":"https:\/\/api.w.org\/{rel}","templated":true}]}}