{"id":4170,"date":"2022-04-12T16:05:48","date_gmt":"2022-04-12T19:05:48","guid":{"rendered":"http:\/\/institucional.ufrrj.br\/codep\/?page_id=4170"},"modified":"2022-04-13T10:39:51","modified_gmt":"2022-04-13T13:39:51","slug":"tutorial","status":"publish","type":"page","link":"https:\/\/institucional.ufrrj.br\/codep\/tutorial\/","title":{"rendered":"Tutoriais"},"content":{"rendered":"<hr \/>\n<p>Caro (a) servidor (a),<br \/>\nPreparamos para voc\u00ea um conjunto de tutoriais para auxiliar na realiza\u00e7\u00e3o de a\u00e7\u00f5es importantes junto \u00e0 Codep.<\/p>\n<p>Tutorias da a\u00e7\u00e3o capacita\u00e7\u00e3o interna:<\/p>\n<p><strong>Cursistas:<\/strong><br \/>\n<span style=\"color: #0000ff\"><a style=\"color: #0000ff\" href=\"https:\/\/institucional.ufrrj.br\/codep\/files\/2022\/04\/Cursista_Inscri\u00e7\u00e3o-em-capacita\u00e7\u00e3o-interna-pelo-SIGRH.pdf\" target=\"_blank\" rel=\"noopener noreferrer\">Inscri\u00e7\u00e3o em capacita\u00e7\u00e3o interna pelo SIGRH<\/a><\/span><br \/>\n<span style=\"color: #0000ff\"><a style=\"color: #0000ff\" href=\"https:\/\/institucional.ufrrj.br\/codep\/files\/2022\/04\/Cursista_Google-Meet_Tutorial_cursitas.pdf\" target=\"_blank\" rel=\"noopener noreferrer\">Google Meet<\/a><\/span><br \/>\n<a href=\"https:\/\/institucional.ufrrj.br\/codep\/files\/2022\/04\/Cursista_Google-Sala-de-Aula_classroom_cursitas.pdf\" target=\"_blank\" rel=\"noopener noreferrer\"><span style=\"color: #0000ff\">Google Sala de Aula<\/span><\/a><br \/>\n<a href=\"https:\/\/institucional.ufrrj.br\/codep\/files\/2022\/04\/Cursista_Emiss\u00e3o-de-certificado-pelo-SIGRH.pdf\" target=\"_blank\" rel=\"noopener noreferrer\"><span style=\"color: #0000ff\">Emiss\u00e3o de certificado pelo SIGRH<\/span><\/a><\/p>\n<p>&nbsp;<\/p>\n<p><strong>Instrutores:<\/strong><br \/>\n<span style=\"color: #0000ff\"><a style=\"color: #0000ff\" href=\"https:\/\/institucional.ufrrj.br\/codep\/files\/2022\/04\/Instrutor_Google-Meet-Manual-de-Utiliza\u00e7\u00e3o_Instrutor-1.pdf\" target=\"_blank\" rel=\"noopener noreferrer\">Google Meet<\/a><\/span><br \/>\n<span style=\"color: #0000ff\"><a style=\"color: #0000ff\" href=\"https:\/\/institucional.ufrrj.br\/codep\/files\/2022\/04\/Instrutor_Google-Classroom-Manual-de-Utiliza\u00e7\u00e3o_instrutor.pdf\" target=\"_blank\" rel=\"noopener noreferrer\">Google Sala de Aula<\/a><\/span><br \/>\nConsolida\u00e7\u00e3o de turma pelo SIGRH<\/p>\n<p>&nbsp;<\/p>\n<p><strong>Gestores:<\/strong><br \/>\nAprova\u00e7\u00e3o de inscri\u00e7\u00e3o do servidor pelo SIGRH<\/p>\n<p>&nbsp;<\/p>\n<p>&nbsp;<\/p>\n<p>&nbsp;<\/p>\n<p>&nbsp;<\/p>\n<p>&nbsp;<\/p>\n<p>&nbsp;<\/p>\n<p>&nbsp;<\/p>\n<p>&nbsp;<\/p>\n<p>&nbsp;<\/p>\n","protected":false},"excerpt":{"rendered":"<p>Caro (a) servidor (a), Preparamos para voc\u00ea um conjunto de tutoriais para auxiliar na realiza\u00e7\u00e3o de a\u00e7\u00f5es importantes junto \u00e0 <a class=\"read-more\" href=\"https:\/\/institucional.ufrrj.br\/codep\/tutorial\/ \" >&#8230; <span class=\"font-italic\">leia mais <i class=\"fas fa-angle-right\"><\/i><\/span><\/a><\/p>\n","protected":false},"author":801,"featured_media":0,"parent":0,"menu_order":0,"comment_status":"closed","ping_status":"closed","template":"","meta":{"_acf_changed":false,"footnotes":""},"class_list":["post-4170","page","type-page","status-publish","hentry"],"yoast_head":"<!-- This site is optimized with the Yoast SEO plugin v27.2 - https:\/\/yoast.com\/product\/yoast-seo-wordpress\/ -->\n<title>Tutoriais - Coordena\u00e7\u00e3o de Desenvolvimento de Pessoas<\/title>\n<meta name=\"robots\" content=\"index, follow, max-snippet:-1, max-image-preview:large, max-video-preview:-1\" \/>\n<link rel=\"canonical\" href=\"https:\/\/institucional.ufrrj.br\/codep\/tutorial\/\" \/>\n<meta property=\"og:locale\" content=\"pt_BR\" \/>\n<meta property=\"og:type\" content=\"article\" \/>\n<meta property=\"og:title\" content=\"Tutoriais - Coordena\u00e7\u00e3o de Desenvolvimento de Pessoas\" \/>\n<meta property=\"og:description\" content=\"Caro (a) servidor (a), Preparamos para voc\u00ea um conjunto de tutoriais para auxiliar na realiza\u00e7\u00e3o de a\u00e7\u00f5es importantes junto \u00e0 ... leia mais\" \/>\n<meta property=\"og:url\" content=\"https:\/\/institucional.ufrrj.br\/codep\/tutorial\/\" \/>\n<meta property=\"og:site_name\" content=\"Coordena\u00e7\u00e3o de Desenvolvimento de Pessoas\" \/>\n<meta property=\"article:modified_time\" content=\"2022-04-13T13:39:51+00:00\" \/>\n<meta name=\"twitter:card\" content=\"summary_large_image\" \/>\n<script type=\"application\/ld+json\" class=\"yoast-schema-graph\">{\"@context\":\"https:\/\/schema.org\",\"@graph\":[{\"@type\":\"WebPage\",\"@id\":\"https:\/\/institucional.ufrrj.br\/codep\/tutorial\/\",\"url\":\"https:\/\/institucional.ufrrj.br\/codep\/tutorial\/\",\"name\":\"Tutoriais - Coordena\u00e7\u00e3o de Desenvolvimento de Pessoas\",\"isPartOf\":{\"@id\":\"https:\/\/institucional.ufrrj.br\/codep\/#website\"},\"datePublished\":\"2022-04-12T19:05:48+00:00\",\"dateModified\":\"2022-04-13T13:39:51+00:00\",\"breadcrumb\":{\"@id\":\"https:\/\/institucional.ufrrj.br\/codep\/tutorial\/#breadcrumb\"},\"inLanguage\":\"pt-BR\",\"potentialAction\":[{\"@type\":\"ReadAction\",\"target\":[\"https:\/\/institucional.ufrrj.br\/codep\/tutorial\/\"]}]},{\"@type\":\"BreadcrumbList\",\"@id\":\"https:\/\/institucional.ufrrj.br\/codep\/tutorial\/#breadcrumb\",\"itemListElement\":[{\"@type\":\"ListItem\",\"position\":1,\"name\":\"In\u00edcio\",\"item\":\"https:\/\/institucional.ufrrj.br\/codep\/\"},{\"@type\":\"ListItem\",\"position\":2,\"name\":\"Tutoriais\"}]},{\"@type\":\"WebSite\",\"@id\":\"https:\/\/institucional.ufrrj.br\/codep\/#website\",\"url\":\"https:\/\/institucional.ufrrj.br\/codep\/\",\"name\":\"Coordena\u00e7\u00e3o de Desenvolvimento de Pessoas\",\"description\":\"S\u00f3 mais um site institucional.ufrrj.br\",\"potentialAction\":[{\"@type\":\"SearchAction\",\"target\":{\"@type\":\"EntryPoint\",\"urlTemplate\":\"https:\/\/institucional.ufrrj.br\/codep\/?s={search_term_string}\"},\"query-input\":{\"@type\":\"PropertyValueSpecification\",\"valueRequired\":true,\"valueName\":\"search_term_string\"}}],\"inLanguage\":\"pt-BR\"}]}<\/script>\n<!-- \/ Yoast SEO plugin. -->","yoast_head_json":{"title":"Tutoriais - Coordena\u00e7\u00e3o de Desenvolvimento de Pessoas","robots":{"index":"index","follow":"follow","max-snippet":"max-snippet:-1","max-image-preview":"max-image-preview:large","max-video-preview":"max-video-preview:-1"},"canonical":"https:\/\/institucional.ufrrj.br\/codep\/tutorial\/","og_locale":"pt_BR","og_type":"article","og_title":"Tutoriais - Coordena\u00e7\u00e3o de Desenvolvimento de Pessoas","og_description":"Caro (a) servidor (a), Preparamos para voc\u00ea um conjunto de tutoriais para auxiliar na realiza\u00e7\u00e3o de a\u00e7\u00f5es importantes junto \u00e0 ... leia mais","og_url":"https:\/\/institucional.ufrrj.br\/codep\/tutorial\/","og_site_name":"Coordena\u00e7\u00e3o de Desenvolvimento de Pessoas","article_modified_time":"2022-04-13T13:39:51+00:00","twitter_card":"summary_large_image","schema":{"@context":"https:\/\/schema.org","@graph":[{"@type":"WebPage","@id":"https:\/\/institucional.ufrrj.br\/codep\/tutorial\/","url":"https:\/\/institucional.ufrrj.br\/codep\/tutorial\/","name":"Tutoriais - Coordena\u00e7\u00e3o de Desenvolvimento de Pessoas","isPartOf":{"@id":"https:\/\/institucional.ufrrj.br\/codep\/#website"},"datePublished":"2022-04-12T19:05:48+00:00","dateModified":"2022-04-13T13:39:51+00:00","breadcrumb":{"@id":"https:\/\/institucional.ufrrj.br\/codep\/tutorial\/#breadcrumb"},"inLanguage":"pt-BR","potentialAction":[{"@type":"ReadAction","target":["https:\/\/institucional.ufrrj.br\/codep\/tutorial\/"]}]},{"@type":"BreadcrumbList","@id":"https:\/\/institucional.ufrrj.br\/codep\/tutorial\/#breadcrumb","itemListElement":[{"@type":"ListItem","position":1,"name":"In\u00edcio","item":"https:\/\/institucional.ufrrj.br\/codep\/"},{"@type":"ListItem","position":2,"name":"Tutoriais"}]},{"@type":"WebSite","@id":"https:\/\/institucional.ufrrj.br\/codep\/#website","url":"https:\/\/institucional.ufrrj.br\/codep\/","name":"Coordena\u00e7\u00e3o de Desenvolvimento de Pessoas","description":"S\u00f3 mais um site institucional.ufrrj.br","potentialAction":[{"@type":"SearchAction","target":{"@type":"EntryPoint","urlTemplate":"https:\/\/institucional.ufrrj.br\/codep\/?s={search_term_string}"},"query-input":{"@type":"PropertyValueSpecification","valueRequired":true,"valueName":"search_term_string"}}],"inLanguage":"pt-BR"}]}},"acf":[],"_links":{"self":[{"href":"https:\/\/institucional.ufrrj.br\/codep\/wp-json\/wp\/v2\/pages\/4170","targetHints":{"allow":["GET"]}}],"collection":[{"href":"https:\/\/institucional.ufrrj.br\/codep\/wp-json\/wp\/v2\/pages"}],"about":[{"href":"https:\/\/institucional.ufrrj.br\/codep\/wp-json\/wp\/v2\/types\/page"}],"author":[{"embeddable":true,"href":"https:\/\/institucional.ufrrj.br\/codep\/wp-json\/wp\/v2\/users\/801"}],"replies":[{"embeddable":true,"href":"https:\/\/institucional.ufrrj.br\/codep\/wp-json\/wp\/v2\/comments?post=4170"}],"version-history":[{"count":6,"href":"https:\/\/institucional.ufrrj.br\/codep\/wp-json\/wp\/v2\/pages\/4170\/revisions"}],"predecessor-version":[{"id":4464,"href":"https:\/\/institucional.ufrrj.br\/codep\/wp-json\/wp\/v2\/pages\/4170\/revisions\/4464"}],"wp:attachment":[{"href":"https:\/\/institucional.ufrrj.br\/codep\/wp-json\/wp\/v2\/media?parent=4170"}],"curies":[{"name":"wp","href":"https:\/\/api.w.org\/{rel}","templated":true}]}}