{"id":36,"date":"2017-10-23T10:25:45","date_gmt":"2017-10-23T12:25:45","guid":{"rendered":"http:\/\/institucional.ufrrj.br\/codep\/?page_id=36"},"modified":"2026-01-22T12:21:45","modified_gmt":"2026-01-22T15:21:45","slug":"equipe","status":"publish","type":"page","link":"https:\/\/institucional.ufrrj.br\/codep\/equipe\/","title":{"rendered":"Equipe"},"content":{"rendered":"<h5><img loading=\"lazy\" decoding=\"async\" class=\"size-medium wp-image-6420 aligncenter\" src=\"https:\/\/institucional.ufrrj.br\/codep\/files\/2024\/07\/WhatsApp-Image-2024-07-15-at-09.46.46-225x300.jpeg\" alt=\"\" width=\"225\" height=\"300\" srcset=\"https:\/\/institucional.ufrrj.br\/codep\/files\/2024\/07\/WhatsApp-Image-2024-07-15-at-09.46.46-225x300.jpeg 225w, https:\/\/institucional.ufrrj.br\/codep\/files\/2024\/07\/WhatsApp-Image-2024-07-15-at-09.46.46-768x1024.jpeg 768w, https:\/\/institucional.ufrrj.br\/codep\/files\/2024\/07\/WhatsApp-Image-2024-07-15-at-09.46.46.jpeg 960w\" sizes=\"auto, (max-width: 225px) 100vw, 225px\" \/><\/h5>\n<h5 style=\"text-align: center\"><strong>Monique Ayupe Bueno Lord\u00eallo<br \/>\n<\/strong><\/h5>\n<h6 style=\"text-align: center\">Coordenadora de Desenvolvimento de Pessoas &#8211; T\u00e9cnica em Assuntos Educacionais<\/h6>\n<p>Formada em Ci\u00eancias Sociais pela Universidade Federal Fluminense-UFF e mestre em Educa\u00e7\u00e3o pela mesma institui\u00e7\u00e3o. Atualmente \u00e9 graduanda do curso de Pedagogia pela Universidade do Estado do Rio de Janeiro-UERJ. Possui experi\u00eancia na \u00e1rea de Sociologia e Educa\u00e7\u00e3o, com \u00eanfase na Educa\u00e7\u00e3o de Jovens e Adultos.<\/p>\n<p><strong>Curr\u00edculo Lattes: <\/strong>http:\/\/lattes.cnpq.br\/7853552646037238<\/p>\n<p><strong>E-mail de contato: <\/strong><a href=\"mailto:codep@ufrrj.br\">codep@ufrrj.br<\/a><\/p>\n<p><img loading=\"lazy\" decoding=\"async\" class=\"size-medium wp-image-6439 aligncenter\" src=\"https:\/\/institucional.ufrrj.br\/codep\/files\/2024\/07\/WhatsApp-Image-2024-07-17-at-11.02.06-225x300.jpeg\" alt=\"\" width=\"225\" height=\"300\" srcset=\"https:\/\/institucional.ufrrj.br\/codep\/files\/2024\/07\/WhatsApp-Image-2024-07-17-at-11.02.06-225x300.jpeg 225w, https:\/\/institucional.ufrrj.br\/codep\/files\/2024\/07\/WhatsApp-Image-2024-07-17-at-11.02.06-768x1024.jpeg 768w, https:\/\/institucional.ufrrj.br\/codep\/files\/2024\/07\/WhatsApp-Image-2024-07-17-at-11.02.06.jpeg 960w\" sizes=\"auto, (max-width: 225px) 100vw, 225px\" \/><\/p>\n<h5 style=\"text-align: center\"><strong>Julliane Sobral Berriel<br \/>\n<\/strong><\/h5>\n<h6 style=\"text-align: center\">Coordenadora Substituta de Desenvolvimento de Pessoas &#8211; Assistente em Administra\u00e7\u00e3o<\/h6>\n<p>Mestre em Ci\u00eancias Sociais no PPGCS (Programa Qualifica\u00e7\u00e3o Institucional\/UFRRJ). Especializada em Gest\u00e3o P\u00fablica. Graduada em Enfermagem pela Faculdade Bezerra de Ara\u00fajo em 2011. Servidora da Universidade Federal Rural do Rio de Janeiro (UFRRJ), com experi\u00eancia nas \u00e1reas de Educa\u00e7\u00e3o, Administra\u00e7\u00e3o e Sa\u00fade.<\/p>\n<p><strong>E-mail de contato:<\/strong> <a href=\"mailto:codep@ufrrj.br\">codep@ufrrj.br<\/a><\/p>\n<p><img loading=\"lazy\" decoding=\"async\" class=\"size-medium wp-image-6418 aligncenter\" src=\"https:\/\/institucional.ufrrj.br\/codep\/files\/2024\/07\/WhatsApp-Image-2024-07-15-at-09.46.44-225x300.jpeg\" alt=\"\" width=\"225\" height=\"300\" srcset=\"https:\/\/institucional.ufrrj.br\/codep\/files\/2024\/07\/WhatsApp-Image-2024-07-15-at-09.46.44-225x300.jpeg 225w, https:\/\/institucional.ufrrj.br\/codep\/files\/2024\/07\/WhatsApp-Image-2024-07-15-at-09.46.44-768x1024.jpeg 768w, https:\/\/institucional.ufrrj.br\/codep\/files\/2024\/07\/WhatsApp-Image-2024-07-15-at-09.46.44.jpeg 960w\" sizes=\"auto, (max-width: 225px) 100vw, 225px\" \/><\/p>\n<h5 style=\"text-align: center\"><strong>Vanessa Maria Garcia Gomes<br \/>\n<\/strong><\/h5>\n<h6 style=\"text-align: center\">Assistente em Administra\u00e7\u00e3o<\/h6>\n<p>Especializa\u00e7\u00e3o em MBA em Gest\u00e3o de Pessoas.<\/p>\n<p><strong>E-mail de contato:<\/strong> <a href=\"mailto:capacitacaoexterna@ufrrj.br\">capacitacaoexterna@ufrrj.br<\/a>\u00a0e <a href=\"mailto:codep@ufrrj.br\">codep@ufrrj.br<\/a><\/p>\n<p><img loading=\"lazy\" decoding=\"async\" class=\"alignnone wp-image-8136  aligncenter\" src=\"https:\/\/institucional.ufrrj.br\/codep\/files\/2025\/12\/WhatsApp-Image-2025-12-29-at-11.33.03-1-e1767019033100.jpeg\" alt=\"\" width=\"215\" height=\"318\" srcset=\"https:\/\/institucional.ufrrj.br\/codep\/files\/2025\/12\/WhatsApp-Image-2025-12-29-at-11.33.03-1-e1767019033100.jpeg 416w, https:\/\/institucional.ufrrj.br\/codep\/files\/2025\/12\/WhatsApp-Image-2025-12-29-at-11.33.03-1-e1767019033100-203x300.jpeg 203w\" sizes=\"auto, (max-width: 215px) 100vw, 215px\" \/><\/p>\n<h5 style=\"text-align: center\"><strong>\u00a0Lidiane Lopes de Oliveira Sant&#8217;Anna Porto.<\/strong><\/h5>\n<h6 style=\"text-align: center\">Assistente em Administra\u00e7\u00e3o<\/h6>\n<p>Formada em Administra\u00e7\u00e3o.<\/p>\n<p><strong>E-mail de contato:<\/strong> <a href=\"mailto:codep@ufrrj.br\">codep@ufrrj.br<\/a><\/p>\n<p style=\"text-align: center\"><img loading=\"lazy\" decoding=\"async\" class=\"alignnone size-medium wp-image-6419\" src=\"https:\/\/institucional.ufrrj.br\/codep\/files\/2024\/07\/WhatsApp-Image-2024-07-15-at-09.46.45-1-225x300.jpeg\" alt=\"\" width=\"225\" height=\"300\" srcset=\"https:\/\/institucional.ufrrj.br\/codep\/files\/2024\/07\/WhatsApp-Image-2024-07-15-at-09.46.45-1-225x300.jpeg 225w, https:\/\/institucional.ufrrj.br\/codep\/files\/2024\/07\/WhatsApp-Image-2024-07-15-at-09.46.45-1-768x1024.jpeg 768w, https:\/\/institucional.ufrrj.br\/codep\/files\/2024\/07\/WhatsApp-Image-2024-07-15-at-09.46.45-1.jpeg 960w\" sizes=\"auto, (max-width: 225px) 100vw, 225px\" \/><\/p>\n<h5 style=\"text-align: center\"><strong>Rodrigo Figueiredo Malta Silva<br \/>\n<\/strong><\/h5>\n<h6 style=\"text-align: center\">Assistente em Administra\u00e7\u00e3o<\/h6>\n<p>Graduado em Sistemas de Informa\u00e7\u00e3o e especializado em Gest\u00e3o de Pessoas e Lideran\u00e7a. Possui experi\u00eancia na \u00e1rea de Administra\u00e7\u00e3o.<\/p>\n<p><strong>E-mail de contato: <\/strong><a href=\"mailto:afastamento@ufrrj.br\">afastamento@ufrrj.br<\/a>\u00a0e <a href=\"mailto:codep@ufrrj.br\">codep@ufrrj.br<\/a><\/p>\n<p><img loading=\"lazy\" decoding=\"async\" class=\"size-medium wp-image-6421 aligncenter\" src=\"https:\/\/institucional.ufrrj.br\/codep\/files\/2024\/07\/WhatsApp-Image-2024-07-15-at-09.46.43-225x300.jpeg\" alt=\"\" width=\"225\" height=\"300\" srcset=\"https:\/\/institucional.ufrrj.br\/codep\/files\/2024\/07\/WhatsApp-Image-2024-07-15-at-09.46.43-225x300.jpeg 225w, https:\/\/institucional.ufrrj.br\/codep\/files\/2024\/07\/WhatsApp-Image-2024-07-15-at-09.46.43-768x1024.jpeg 768w, https:\/\/institucional.ufrrj.br\/codep\/files\/2024\/07\/WhatsApp-Image-2024-07-15-at-09.46.43.jpeg 960w\" sizes=\"auto, (max-width: 225px) 100vw, 225px\" \/><\/p>\n<h5 style=\"text-align: center\"><strong>Larissa Gralha Abreu<\/strong><\/h5>\n<h6 style=\"text-align: center\">Estagi\u00e1ria em Comunica\u00e7\u00e3o<\/h6>\n<p>Graduanda em Comunica\u00e7\u00e3o Social pela UFRRJ.<\/p>\n<p><strong>E-mail de contato: <\/strong><a href=\"mailto:codep@ufrrj.br\">codep@ufrrj.br<\/a><\/p>\n","protected":false},"excerpt":{"rendered":"<p>Monique Ayupe Bueno Lord\u00eallo Coordenadora de Desenvolvimento de Pessoas &#8211; T\u00e9cnica em Assuntos Educacionais Formada em Ci\u00eancias Sociais pela Universidade <a class=\"read-more\" href=\"https:\/\/institucional.ufrrj.br\/codep\/equipe\/ \" >&#8230; <span class=\"font-italic\">leia mais <i class=\"fas fa-angle-right\"><\/i><\/span><\/a><\/p>\n","protected":false},"author":634,"featured_media":0,"parent":0,"menu_order":0,"comment_status":"closed","ping_status":"closed","template":"","meta":{"_acf_changed":false,"footnotes":""},"class_list":["post-36","page","type-page","status-publish","hentry"],"yoast_head":"<!-- This site is optimized with the Yoast SEO plugin v27.2 - https:\/\/yoast.com\/product\/yoast-seo-wordpress\/ -->\n<title>Equipe - Coordena\u00e7\u00e3o de Desenvolvimento de Pessoas<\/title>\n<meta name=\"robots\" content=\"index, follow, max-snippet:-1, max-image-preview:large, max-video-preview:-1\" \/>\n<link rel=\"canonical\" href=\"https:\/\/institucional.ufrrj.br\/codep\/equipe\/\" \/>\n<meta property=\"og:locale\" content=\"pt_BR\" \/>\n<meta property=\"og:type\" content=\"article\" \/>\n<meta property=\"og:title\" content=\"Equipe - Coordena\u00e7\u00e3o de Desenvolvimento de Pessoas\" \/>\n<meta property=\"og:description\" content=\"Monique Ayupe Bueno Lord\u00eallo Coordenadora de Desenvolvimento de Pessoas &#8211; T\u00e9cnica em Assuntos Educacionais Formada em Ci\u00eancias Sociais pela Universidade ... leia mais\" \/>\n<meta property=\"og:url\" content=\"https:\/\/institucional.ufrrj.br\/codep\/equipe\/\" \/>\n<meta property=\"og:site_name\" content=\"Coordena\u00e7\u00e3o de Desenvolvimento de Pessoas\" \/>\n<meta property=\"article:modified_time\" content=\"2026-01-22T15:21:45+00:00\" \/>\n<meta property=\"og:image\" content=\"https:\/\/institucional.ufrrj.br\/codep\/files\/2024\/07\/WhatsApp-Image-2024-07-15-at-09.46.46.jpeg\" \/>\n\t<meta property=\"og:image:width\" content=\"960\" \/>\n\t<meta property=\"og:image:height\" content=\"1280\" \/>\n\t<meta property=\"og:image:type\" content=\"image\/jpeg\" \/>\n<meta name=\"twitter:card\" content=\"summary_large_image\" \/>\n<meta name=\"twitter:label1\" content=\"Est. tempo de leitura\" \/>\n\t<meta name=\"twitter:data1\" content=\"3 minutos\" \/>\n<script type=\"application\/ld+json\" class=\"yoast-schema-graph\">{\"@context\":\"https:\/\/schema.org\",\"@graph\":[{\"@type\":\"WebPage\",\"@id\":\"https:\/\/institucional.ufrrj.br\/codep\/equipe\/\",\"url\":\"https:\/\/institucional.ufrrj.br\/codep\/equipe\/\",\"name\":\"Equipe - Coordena\u00e7\u00e3o de Desenvolvimento de Pessoas\",\"isPartOf\":{\"@id\":\"https:\/\/institucional.ufrrj.br\/codep\/#website\"},\"primaryImageOfPage\":{\"@id\":\"https:\/\/institucional.ufrrj.br\/codep\/equipe\/#primaryimage\"},\"image\":{\"@id\":\"https:\/\/institucional.ufrrj.br\/codep\/equipe\/#primaryimage\"},\"thumbnailUrl\":\"https:\/\/institucional.ufrrj.br\/codep\/files\/2024\/07\/WhatsApp-Image-2024-07-15-at-09.46.46-225x300.jpeg\",\"datePublished\":\"2017-10-23T12:25:45+00:00\",\"dateModified\":\"2026-01-22T15:21:45+00:00\",\"breadcrumb\":{\"@id\":\"https:\/\/institucional.ufrrj.br\/codep\/equipe\/#breadcrumb\"},\"inLanguage\":\"pt-BR\",\"potentialAction\":[{\"@type\":\"ReadAction\",\"target\":[\"https:\/\/institucional.ufrrj.br\/codep\/equipe\/\"]}]},{\"@type\":\"ImageObject\",\"inLanguage\":\"pt-BR\",\"@id\":\"https:\/\/institucional.ufrrj.br\/codep\/equipe\/#primaryimage\",\"url\":\"https:\/\/institucional.ufrrj.br\/codep\/files\/2024\/07\/WhatsApp-Image-2024-07-15-at-09.46.46.jpeg\",\"contentUrl\":\"https:\/\/institucional.ufrrj.br\/codep\/files\/2024\/07\/WhatsApp-Image-2024-07-15-at-09.46.46.jpeg\",\"width\":960,\"height\":1280},{\"@type\":\"BreadcrumbList\",\"@id\":\"https:\/\/institucional.ufrrj.br\/codep\/equipe\/#breadcrumb\",\"itemListElement\":[{\"@type\":\"ListItem\",\"position\":1,\"name\":\"In\u00edcio\",\"item\":\"https:\/\/institucional.ufrrj.br\/codep\/\"},{\"@type\":\"ListItem\",\"position\":2,\"name\":\"Equipe\"}]},{\"@type\":\"WebSite\",\"@id\":\"https:\/\/institucional.ufrrj.br\/codep\/#website\",\"url\":\"https:\/\/institucional.ufrrj.br\/codep\/\",\"name\":\"Coordena\u00e7\u00e3o de Desenvolvimento de Pessoas\",\"description\":\"S\u00f3 mais um site institucional.ufrrj.br\",\"potentialAction\":[{\"@type\":\"SearchAction\",\"target\":{\"@type\":\"EntryPoint\",\"urlTemplate\":\"https:\/\/institucional.ufrrj.br\/codep\/?s={search_term_string}\"},\"query-input\":{\"@type\":\"PropertyValueSpecification\",\"valueRequired\":true,\"valueName\":\"search_term_string\"}}],\"inLanguage\":\"pt-BR\"}]}<\/script>\n<!-- \/ Yoast SEO plugin. -->","yoast_head_json":{"title":"Equipe - Coordena\u00e7\u00e3o de Desenvolvimento de Pessoas","robots":{"index":"index","follow":"follow","max-snippet":"max-snippet:-1","max-image-preview":"max-image-preview:large","max-video-preview":"max-video-preview:-1"},"canonical":"https:\/\/institucional.ufrrj.br\/codep\/equipe\/","og_locale":"pt_BR","og_type":"article","og_title":"Equipe - Coordena\u00e7\u00e3o de Desenvolvimento de Pessoas","og_description":"Monique Ayupe Bueno Lord\u00eallo Coordenadora de Desenvolvimento de Pessoas &#8211; T\u00e9cnica em Assuntos Educacionais Formada em Ci\u00eancias Sociais pela Universidade ... leia mais","og_url":"https:\/\/institucional.ufrrj.br\/codep\/equipe\/","og_site_name":"Coordena\u00e7\u00e3o de Desenvolvimento de Pessoas","article_modified_time":"2026-01-22T15:21:45+00:00","og_image":[{"width":960,"height":1280,"url":"https:\/\/institucional.ufrrj.br\/codep\/files\/2024\/07\/WhatsApp-Image-2024-07-15-at-09.46.46.jpeg","type":"image\/jpeg"}],"twitter_card":"summary_large_image","twitter_misc":{"Est. tempo de leitura":"3 minutos"},"schema":{"@context":"https:\/\/schema.org","@graph":[{"@type":"WebPage","@id":"https:\/\/institucional.ufrrj.br\/codep\/equipe\/","url":"https:\/\/institucional.ufrrj.br\/codep\/equipe\/","name":"Equipe - Coordena\u00e7\u00e3o de Desenvolvimento de Pessoas","isPartOf":{"@id":"https:\/\/institucional.ufrrj.br\/codep\/#website"},"primaryImageOfPage":{"@id":"https:\/\/institucional.ufrrj.br\/codep\/equipe\/#primaryimage"},"image":{"@id":"https:\/\/institucional.ufrrj.br\/codep\/equipe\/#primaryimage"},"thumbnailUrl":"https:\/\/institucional.ufrrj.br\/codep\/files\/2024\/07\/WhatsApp-Image-2024-07-15-at-09.46.46-225x300.jpeg","datePublished":"2017-10-23T12:25:45+00:00","dateModified":"2026-01-22T15:21:45+00:00","breadcrumb":{"@id":"https:\/\/institucional.ufrrj.br\/codep\/equipe\/#breadcrumb"},"inLanguage":"pt-BR","potentialAction":[{"@type":"ReadAction","target":["https:\/\/institucional.ufrrj.br\/codep\/equipe\/"]}]},{"@type":"ImageObject","inLanguage":"pt-BR","@id":"https:\/\/institucional.ufrrj.br\/codep\/equipe\/#primaryimage","url":"https:\/\/institucional.ufrrj.br\/codep\/files\/2024\/07\/WhatsApp-Image-2024-07-15-at-09.46.46.jpeg","contentUrl":"https:\/\/institucional.ufrrj.br\/codep\/files\/2024\/07\/WhatsApp-Image-2024-07-15-at-09.46.46.jpeg","width":960,"height":1280},{"@type":"BreadcrumbList","@id":"https:\/\/institucional.ufrrj.br\/codep\/equipe\/#breadcrumb","itemListElement":[{"@type":"ListItem","position":1,"name":"In\u00edcio","item":"https:\/\/institucional.ufrrj.br\/codep\/"},{"@type":"ListItem","position":2,"name":"Equipe"}]},{"@type":"WebSite","@id":"https:\/\/institucional.ufrrj.br\/codep\/#website","url":"https:\/\/institucional.ufrrj.br\/codep\/","name":"Coordena\u00e7\u00e3o de Desenvolvimento de Pessoas","description":"S\u00f3 mais um site institucional.ufrrj.br","potentialAction":[{"@type":"SearchAction","target":{"@type":"EntryPoint","urlTemplate":"https:\/\/institucional.ufrrj.br\/codep\/?s={search_term_string}"},"query-input":{"@type":"PropertyValueSpecification","valueRequired":true,"valueName":"search_term_string"}}],"inLanguage":"pt-BR"}]}},"acf":[],"_links":{"self":[{"href":"https:\/\/institucional.ufrrj.br\/codep\/wp-json\/wp\/v2\/pages\/36","targetHints":{"allow":["GET"]}}],"collection":[{"href":"https:\/\/institucional.ufrrj.br\/codep\/wp-json\/wp\/v2\/pages"}],"about":[{"href":"https:\/\/institucional.ufrrj.br\/codep\/wp-json\/wp\/v2\/types\/page"}],"author":[{"embeddable":true,"href":"https:\/\/institucional.ufrrj.br\/codep\/wp-json\/wp\/v2\/users\/634"}],"replies":[{"embeddable":true,"href":"https:\/\/institucional.ufrrj.br\/codep\/wp-json\/wp\/v2\/comments?post=36"}],"version-history":[{"count":1,"href":"https:\/\/institucional.ufrrj.br\/codep\/wp-json\/wp\/v2\/pages\/36\/revisions"}],"predecessor-version":[{"id":8175,"href":"https:\/\/institucional.ufrrj.br\/codep\/wp-json\/wp\/v2\/pages\/36\/revisions\/8175"}],"wp:attachment":[{"href":"https:\/\/institucional.ufrrj.br\/codep\/wp-json\/wp\/v2\/media?parent=36"}],"curies":[{"name":"wp","href":"https:\/\/api.w.org\/{rel}","templated":true}]}}